{"id":2048,"date":"2024-05-21T18:14:33","date_gmt":"2024-05-21T16:14:33","guid":{"rendered":"https:\/\/art-bijoux.com\/?post_type=product&#038;p=2048"},"modified":"2024-12-31T13:27:40","modified_gmt":"2024-12-31T12:27:40","slug":"pendentif-carre-en-verre-peint-avec-breloque-papillon-en-pierre","status":"publish","type":"product","link":"https:\/\/art-bijoux.com\/en\/boutique\/pendentif-carre-en-verre-peint-avec-breloque-papillon-en-pierre\/","title":{"rendered":"Pendentif Carr\u00e9 en Verre Peint avec Breloque Papillon en pierre"},"content":{"rendered":"<figure id=\"attachment_283\" aria-describedby=\"caption-attachment-283\" style=\"width: 300px\" class=\"wp-caption alignleft\"><img fetchpriority=\"high\" decoding=\"async\" class=\"size-medium wp-image-283\" src=\"https:\/\/art-bijoux.com\/wp-content\/uploads\/2024\/04\/Papillon-pierre-triangle-2-300x300.webp\" alt=\"Pendentif carr\u00e9 en verre peint avec une breloque en forme de papillon en pierre. Une breloque dor\u00e9e soud\u00e9e \u00e0 l'arri\u00e8re. Mont\u00e9 en Tiffany.\" width=\"300\" height=\"300\" \/><figcaption id=\"caption-attachment-283\" class=\"wp-caption-text\">Pendentif carr\u00e9 en verre peint avec une breloque en forme de papillon en pierre. Une breloque dor\u00e9e soud\u00e9e \u00e0 l&#8217;arri\u00e8re. Mont\u00e9 en Tiffany.<\/figcaption><\/figure>\n<p>Ce pendentif carr\u00e9 en verre peint combine \u00e9l\u00e9gance et modernit\u00e9, le verre et la pierre, le dur et le fragile. Il est accentu\u00e9 par une charmante breloque papillon en pierre naturelle.<\/p>\n<p><strong>Caract\u00e9ristiques :<\/strong><\/p>\n<ul>\n<li><strong>Forme :<\/strong> Carr\u00e9<\/li>\n<li><strong>Mat\u00e9riau principal :<\/strong> Verre<\/li>\n<li><strong>D\u00e9coration :<\/strong> Peinture vitrifi\u00e9e\n<ul>\n<li><strong>Couleurs :<\/strong> Orange et vert, peints selon une diagonale<\/li>\n<\/ul>\n<\/li>\n<li><strong>Technique : <\/strong>Fusing<strong><br \/>\n<\/strong><\/p>\n<ul>\n<li><strong>Montage :<\/strong> Tiffany<\/li>\n<li><strong>Finitions :<\/strong> Meul\u00e9, serti de cuivre, soud\u00e9 \u00e0 l&#8217;\u00e9tain<\/li>\n<li><strong>Patine :<\/strong> Gris mat<\/li>\n<\/ul>\n<\/li>\n<li><strong>B\u00e9li\u00e8re :<\/strong>\n<ul>\n<li><strong>Mat\u00e9riau :<\/strong> M\u00e9tal dor\u00e9<\/li>\n<li><strong>Position :<\/strong> Soud\u00e9e au dos<\/li>\n<\/ul>\n<\/li>\n<li><strong>Breloque :<\/strong> Papillon\n<ul>\n<li><strong>Mat\u00e9riau :<\/strong> M\u00e9tal argent\u00e9 avec ailes en pierre<\/li>\n<li><strong>Fixation :<\/strong> Deux anneaux argent\u00e9s<\/li>\n<li><strong>Dimensions<\/strong> : largeur : 4cm, hauteur : 4,5cm<\/li>\n<\/ul>\n<\/li>\n<\/ul>\n<p>Le pendentif carr\u00e9 en verre peint pr\u00e9sente un design vibrant avec des couleurs orange et vert dispos\u00e9es en diagonale. La peinture, vitrifi\u00e9e par la cuisson, ajoute une profondeur et une brillance uniques \u00e0 la pi\u00e8ce. La technique Tiffany assure une finition impeccable, avec des bords meul\u00e9s, sertis de cuivre et soud\u00e9s \u00e0 l&#8217;\u00e9tain, prot\u00e9g\u00e9s par une patine gris mat.<\/p>\n<p>Une petite b\u00e9li\u00e8re dor\u00e9e, discr\u00e8tement soud\u00e9e au dos, permet de le suspendre \u00e0 une cha\u00eene ou un lacet. Accroch\u00e9 par deux anneaux argent\u00e9s, une breloque en forme de papillon ajoute une touche de d\u00e9licatesse et de charme. Les ailes de la breloque, faites de pierres color\u00e9es, compl\u00e8tent harmonieusement les teintes du pendentif, cr\u00e9ant ainsi une pi\u00e8ce \u00e9l\u00e9gante et unique, parfaite pour ajouter une touche artistique \u00e0 toute tenue.<\/p>\n<p>&nbsp;<\/p>\n","protected":false},"excerpt":{"rendered":"<p>Pendentif carr\u00e9 en verre peint avec une breloque en forme de papillon en pierre. Une breloque dor\u00e9e soud\u00e9e \u00e0 l&#8217;arri\u00e8re. Mont\u00e9 en Tiffany.<\/p>\n","protected":false},"featured_media":282,"comment_status":"open","ping_status":"closed","template":"","meta":[],"product_brand":[],"product_cat":[176,182,28],"product_tag":[29,49,26,27],"class_list":{"0":"post-2048","1":"product","2":"type-product","3":"status-publish","4":"has-post-thumbnail","6":"product_cat-breloque-bijou-verre","7":"product_cat-pendentif-fusing","8":"product_cat-pendentif-tiffany","9":"product_tag-breloque-metal-pierre","10":"product_tag-fusing-verre","11":"product_tag-pendentif-verre","12":"product_tag-tiffany-verre","13":"pa_bijou-pendentif","14":"pa_breloque-papillon-en-pierre","16":"first","17":"instock","18":"purchasable","19":"product-type-simple"},"_links":{"self":[{"href":"https:\/\/art-bijoux.com\/en\/wp-json\/wp\/v2\/product\/2048","targetHints":{"allow":["GET"]}}],"collection":[{"href":"https:\/\/art-bijoux.com\/en\/wp-json\/wp\/v2\/product"}],"about":[{"href":"https:\/\/art-bijoux.com\/en\/wp-json\/wp\/v2\/types\/product"}],"replies":[{"embeddable":true,"href":"https:\/\/art-bijoux.com\/en\/wp-json\/wp\/v2\/comments?post=2048"}],"version-history":[{"count":0,"href":"https:\/\/art-bijoux.com\/en\/wp-json\/wp\/v2\/product\/2048\/revisions"}],"wp:featuredmedia":[{"embeddable":true,"href":"https:\/\/art-bijoux.com\/en\/wp-json\/wp\/v2\/media\/282"}],"wp:attachment":[{"href":"https:\/\/art-bijoux.com\/en\/wp-json\/wp\/v2\/media?parent=2048"}],"wp:term":[{"taxonomy":"product_brand","embeddable":true,"href":"https:\/\/art-bijoux.com\/en\/wp-json\/wp\/v2\/product_brand?post=2048"},{"taxonomy":"product_cat","embeddable":true,"href":"https:\/\/art-bijoux.com\/en\/wp-json\/wp\/v2\/product_cat?post=2048"},{"taxonomy":"product_tag","embeddable":true,"href":"https:\/\/art-bijoux.com\/en\/wp-json\/wp\/v2\/product_tag?post=2048"}],"curies":[{"name":"wp","href":"https:\/\/api.w.org\/{rel}","templated":true}]}}