{"id":2049,"date":"2024-05-21T18:33:33","date_gmt":"2024-05-21T16:33:33","guid":{"rendered":"https:\/\/art-bijoux.com\/?post_type=product&#038;p=2049"},"modified":"2024-06-06T13:41:15","modified_gmt":"2024-06-06T11:41:15","slug":"pendentif-rectangulaire-en-verre-moutarde-avec-eclats-verts-et-breloque-pomme-de-pin","status":"publish","type":"product","link":"https:\/\/art-bijoux.com\/en\/boutique\/pendentif-rectangulaire-en-verre-moutarde-avec-eclats-verts-et-breloque-pomme-de-pin\/","title":{"rendered":"Pendentif Rectangulaire en Verre Moutarde avec \u00c9clats Verts et Breloque Pomme de Pin"},"content":{"rendered":"<figure id=\"attachment_284\" aria-describedby=\"caption-attachment-284\" style=\"width: 257px\" class=\"wp-caption alignleft\"><img fetchpriority=\"high\" decoding=\"async\" class=\"size-medium wp-image-284\" src=\"https:\/\/art-bijoux.com\/wp-content\/uploads\/2024\/04\/Pomme-pin_beige_vert-257x300.webp\" alt=\"Pendentif en verre marron clair avec deux formes vertes fondues \u00e0 la surface. Mont\u00e9 en Tiffany avec une b\u00e9li\u00e8re argent\u00e9e, une petite pomme de pin y est suspendue\" width=\"257\" height=\"300\" srcset=\"https:\/\/art-bijoux.com\/wp-content\/uploads\/2024\/04\/Pomme-pin_beige_vert-257x300.webp 257w, https:\/\/art-bijoux.com\/wp-content\/uploads\/2024\/04\/Pomme-pin_beige_vert-600x701.webp 600w, https:\/\/art-bijoux.com\/wp-content\/uploads\/2024\/04\/Pomme-pin_beige_vert-877x1024.webp 877w, https:\/\/art-bijoux.com\/wp-content\/uploads\/2024\/04\/Pomme-pin_beige_vert-768x897.webp 768w, https:\/\/art-bijoux.com\/wp-content\/uploads\/2024\/04\/Pomme-pin_beige_vert-1315x1536.webp 1315w, https:\/\/art-bijoux.com\/wp-content\/uploads\/2024\/04\/Pomme-pin_beige_vert.webp 1650w\" sizes=\"(max-width: 257px) 100vw, 257px\" \/><figcaption id=\"caption-attachment-284\" class=\"wp-caption-text\">Pendentif en verre marron clair avec deux formes vertes fondues \u00e0 la surface. Mont\u00e9 en Tiffany avec une b\u00e9li\u00e8re argent\u00e9e, une petite pomme de pin y est suspendue<\/figcaption><\/figure>\n<div class=\"flex flex-grow flex-col max-w-full\">\n<div class=\"min-h-[20px] text-message flex flex-col items-start whitespace-pre-wrap break-words [.text-message+&amp;]:mt-5 juice:w-full juice:items-end overflow-x-auto gap-2\" dir=\"auto\" data-message-author-role=\"assistant\" data-message-id=\"a0b7b9c0-f7e3-4853-9768-57ae9c42f5ba\">\n<div class=\"flex w-full flex-col gap-1 juice:empty:hidden juice:first:pt-[3px]\">\n<div class=\"markdown prose w-full break-words dark:prose-invert light\">\n<p>Ce pendentif rectangulaire en verre moutarde, agr\u00e9ment\u00e9 d&#8217;\u00e9clats verts fondus, incarne un m\u00e9lange de rusticit\u00e9 et d&#8217;abstraction.<\/p>\n<p><strong>Caract\u00e9ristiques :<\/strong><\/p>\n<ul>\n<li><strong>Forme :<\/strong> Rectangulaire<\/li>\n<li><strong>Mat\u00e9riau principal :<\/strong> Verre<\/li>\n<li><strong>Dimensions<\/strong> : 3cm et 5,2 cm<\/li>\n<li><strong>Couleurs :<\/strong>\n<ul>\n<li><strong>Fond :<\/strong> Moutarde<\/li>\n<li><strong>\u00c9clats :<\/strong> Verts<\/li>\n<\/ul>\n<\/li>\n<li><strong>Technique :<\/strong>\n<ul>\n<li><strong>Montage :<\/strong> Tiffany<\/li>\n<li><strong>Finitions :<\/strong> Meul\u00e9, serti de cuivre, soud\u00e9 \u00e0 l&#8217;\u00e9tain<\/li>\n<li><strong>Patine :<\/strong> Cuivr\u00e9e<\/li>\n<\/ul>\n<\/li>\n<li><strong>B\u00e9li\u00e8re :<\/strong>\n<ul>\n<li><strong>Mat\u00e9riau :<\/strong> M\u00e9tal argent\u00e9<\/li>\n<li><strong>Position :<\/strong> Soud\u00e9e \u00e0 l&#8217;arri\u00e8re<\/li>\n<\/ul>\n<\/li>\n<li><strong>Breloque :<\/strong> Pomme de pin\n<ul>\n<li><strong>Mat\u00e9riau :<\/strong> M\u00e9tal argent\u00e9<\/li>\n<li><strong>Fixation :<\/strong> Suspendue \u00e0 des anneaux argent\u00e9s, comme si elle reposait sur de la terre et des feuilles abstraites.<\/li>\n<\/ul>\n<\/li>\n<\/ul>\n<p>Ce pendentif rectangulaire en verre de couleur moutarde est embelli par des \u00e9clats verts fondus \u00e0 la surface, cr\u00e9ant une allure \u00e0 la fois naturelle et artistique. La technique Tiffany assure une finition soign\u00e9e, avec des bords soigneusement meul\u00e9s, sertis de cuivre et soud\u00e9s \u00e0 l&#8217;\u00e9tain, le tout rehauss\u00e9 par une patine cuivr\u00e9e qui ajoute une chaleur subtile \u00e0 la pi\u00e8ce.<\/p>\n<p>Une b\u00e9li\u00e8re en m\u00e9tal argent\u00e9, soud\u00e9e \u00e0 l&#8217;arri\u00e8re, permet de suspendre le pendentif \u00e0 une cha\u00eene ou un lacet. Une breloque en forme de pomme de pin, \u00e9galement en m\u00e9tal argent\u00e9, est d\u00e9licatement suspendue \u00e0 des anneaux argent\u00e9s, cr\u00e9ant une impression de pomme de pin pos\u00e9e sur de la terre et des feuilles abstraites.<\/p>\n<p>Ce pendentif est id\u00e9al pour ceux qui appr\u00e9cient les bijoux qui \u00e9voquent la nature tout en \u00e9tant raffin\u00e9s et uniques.<\/p>\n<\/div>\n<\/div>\n<\/div>\n<\/div>\n<div class=\"mt-1 flex gap-3 empty:hidden juice:-ml-3\">\n<div class=\"items-center justify-start rounded-xl p-1 flex\">\n<div class=\"flex items-center\"><button class=\"rounded-lg text-token-text-secondary hover:bg-token-main-surface-secondary\"><\/button><button class=\"rounded-lg text-token-text-secondary hover:bg-token-main-surface-secondary\"><\/button><\/p>\n<div class=\"flex\"><\/div>\n<div class=\"flex items-center pb-0.5 juice:pb-0\"><\/div>\n<\/div>\n<\/div>\n<\/div>\n<p>&nbsp;<\/p>\n","protected":false},"excerpt":{"rendered":"<p>Pendentif en verre marron clair avec deux formes vertes fondues \u00e0 la surface. Mont\u00e9 en Tiffany avec une b\u00e9li\u00e8re argent\u00e9e, une petite pomme de pin y est suspendue<\/p>\n","protected":false},"featured_media":284,"comment_status":"open","ping_status":"closed","template":"","meta":[],"product_brand":[],"product_cat":[176,182,28],"product_tag":[36,29,49,26,27],"class_list":{"0":"post-2049","1":"product","2":"type-product","3":"status-publish","4":"has-post-thumbnail","6":"product_cat-breloque-bijou-verre","7":"product_cat-pendentif-fusing","8":"product_cat-pendentif-tiffany","9":"product_tag-verre-abstrait","10":"product_tag-breloque-metal-pierre","11":"product_tag-fusing-verre","12":"product_tag-pendentif-verre","13":"product_tag-tiffany-verre","14":"pa_bijou-pendentif","15":"pa_breloque-pomme-de-pin","17":"first","18":"instock","19":"purchasable","20":"product-type-simple"},"_links":{"self":[{"href":"https:\/\/art-bijoux.com\/en\/wp-json\/wp\/v2\/product\/2049","targetHints":{"allow":["GET"]}}],"collection":[{"href":"https:\/\/art-bijoux.com\/en\/wp-json\/wp\/v2\/product"}],"about":[{"href":"https:\/\/art-bijoux.com\/en\/wp-json\/wp\/v2\/types\/product"}],"replies":[{"embeddable":true,"href":"https:\/\/art-bijoux.com\/en\/wp-json\/wp\/v2\/comments?post=2049"}],"version-history":[{"count":0,"href":"https:\/\/art-bijoux.com\/en\/wp-json\/wp\/v2\/product\/2049\/revisions"}],"wp:featuredmedia":[{"embeddable":true,"href":"https:\/\/art-bijoux.com\/en\/wp-json\/wp\/v2\/media\/284"}],"wp:attachment":[{"href":"https:\/\/art-bijoux.com\/en\/wp-json\/wp\/v2\/media?parent=2049"}],"wp:term":[{"taxonomy":"product_brand","embeddable":true,"href":"https:\/\/art-bijoux.com\/en\/wp-json\/wp\/v2\/product_brand?post=2049"},{"taxonomy":"product_cat","embeddable":true,"href":"https:\/\/art-bijoux.com\/en\/wp-json\/wp\/v2\/product_cat?post=2049"},{"taxonomy":"product_tag","embeddable":true,"href":"https:\/\/art-bijoux.com\/en\/wp-json\/wp\/v2\/product_tag?post=2049"}],"curies":[{"name":"wp","href":"https:\/\/api.w.org\/{rel}","templated":true}]}}