{"id":2050,"date":"2024-05-21T18:50:35","date_gmt":"2024-05-21T16:50:35","guid":{"rendered":"https:\/\/art-bijoux.com\/?post_type=product&#038;p=2050"},"modified":"2024-06-06T13:41:05","modified_gmt":"2024-06-06T11:41:05","slug":"pendentif-en-verre-dichroique-vert-monte-en-tiffany-avec-une-breloque-truelle","status":"publish","type":"product","link":"https:\/\/art-bijoux.com\/en\/boutique\/pendentif-en-verre-dichroique-vert-monte-en-tiffany-avec-une-breloque-truelle\/","title":{"rendered":"Pendentif en Verre Dichro\u00efque vert, mont\u00e9 en Tiffany, avec une Breloque Truelle"},"content":{"rendered":"<figure id=\"attachment_281\" aria-describedby=\"caption-attachment-281\" style=\"width: 188px\" class=\"wp-caption alignleft\"><img fetchpriority=\"high\" decoding=\"async\" class=\"size-medium wp-image-281\" src=\"https:\/\/art-bijoux.com\/wp-content\/uploads\/2024\/04\/ovale-mordore-pelle-188x300.webp\" alt=\"Pendentif en verre dichro\u00efque vert, avec une breloque dor\u00e9e en forme de truelle, mont\u00e9 en Tiffany\" width=\"188\" height=\"300\" srcset=\"https:\/\/art-bijoux.com\/wp-content\/uploads\/2024\/04\/ovale-mordore-pelle-188x300.webp 188w, https:\/\/art-bijoux.com\/wp-content\/uploads\/2024\/04\/ovale-mordore-pelle-600x960.webp 600w, https:\/\/art-bijoux.com\/wp-content\/uploads\/2024\/04\/ovale-mordore-pelle-640x1024.webp 640w, https:\/\/art-bijoux.com\/wp-content\/uploads\/2024\/04\/ovale-mordore-pelle-768x1229.webp 768w, https:\/\/art-bijoux.com\/wp-content\/uploads\/2024\/04\/ovale-mordore-pelle-960x1536.webp 960w, https:\/\/art-bijoux.com\/wp-content\/uploads\/2024\/04\/ovale-mordore-pelle.webp 1200w\" sizes=\"(max-width: 188px) 100vw, 188px\" \/><figcaption id=\"caption-attachment-281\" class=\"wp-caption-text\">Pendentif en verre dichro\u00efque vert, avec une breloque dor\u00e9e en forme de truelle, mont\u00e9 en Tiffany<\/figcaption><\/figure>\n<p>Ce pendentif rectangulaire aux angles arrondis est une pi\u00e8ce spectaculaire et unique, sp\u00e9cialement con\u00e7ue pour c\u00e9l\u00e9brer les professionnels du b\u00e2timent, les carreleurs, les pl\u00e2triers et les bricoleurs.<\/p>\n<p><strong>Caract\u00e9ristiques :<\/strong><\/p>\n<ul>\n<li>Forme : Rectangulaire avec angles arrondis<\/li>\n<li>Mat\u00e9riau principal : Verre dichro\u00efque bleu\/vert, verso rouge<\/li>\n<li>Breloque : Forme de truelle en m\u00e9tal dor\u00e9\n<ul>\n<li>Attach\u00e9e avec des anneaux en m\u00e9tal<\/li>\n<\/ul>\n<\/li>\n<li>Technique : Fusing mont\u00e9 en Tiffany, patine grise mat<\/li>\n<li>Dimensions : Largeur : 2,6cm, hauteur : 4,6cm<\/li>\n<\/ul>\n<p>Ce pendentif allie \u00e9l\u00e9gance et hommage aux artisans. Le verre dichro\u00efque bleu-vert cr\u00e9e un effet visuel brillant et dynamique, tandis que la breloque en forme de truelle, suspendue par des anneaux, conf\u00e8re un caract\u00e8re unique et professionnel au bijou.<\/p>\n<p>Un anneau est soud\u00e9 \u00e0 l&#8217;arri\u00e8re, permettant une suspension solide et s\u00e9curis\u00e9e, renfor\u00e7ant l&#8217;unicit\u00e9 et la solidit\u00e9 de la pi\u00e8ce. Ce pendentif est le cadeau id\u00e9al pour ceux qui travaillent de leurs mains, offrant une reconnaissance \u00e9l\u00e9gante et personnalis\u00e9e de leur savoir-faire et de leur passion.<\/p>\n<p>&nbsp;<\/p>\n","protected":false},"excerpt":{"rendered":"<p>Pendentif en verre dichro\u00efque vert, avec une breloque dor\u00e9e en forme de truelle, mont\u00e9 en Tiffany<\/p>\n","protected":false},"featured_media":281,"comment_status":"open","ping_status":"closed","template":"","meta":[],"product_brand":[],"product_cat":[176,182,187],"product_tag":[29,49,26,27],"class_list":{"0":"post-2050","1":"product","2":"type-product","3":"status-publish","4":"has-post-thumbnail","6":"product_cat-breloque-bijou-verre","7":"product_cat-pendentif-fusing","8":"product_cat-bijoux-homme","9":"product_tag-breloque-metal-pierre","10":"product_tag-fusing-verre","11":"product_tag-pendentif-verre","12":"product_tag-tiffany-verre","13":"pa_bijou-pendentif","15":"first","16":"instock","17":"purchasable","18":"product-type-simple"},"yoast_head":"<!-- This site is optimized with the Yoast SEO plugin v27.4 - https:\/\/yoast.com\/product\/yoast-seo-wordpress\/ -->\n<title>Pendentif en Verre Dichro\u00efque vert, mont\u00e9 en Tiffany, avec une Breloque Truelle - art-bijoux<\/title>\n<meta name=\"description\" content=\"Pendentif en verre dichro\u00efque vert, avec une breloque dor\u00e9e en forme de truelle, mont\u00e9 en Tiffany\" \/>\n<meta name=\"robots\" content=\"index, follow, max-snippet:-1, max-image-preview:large, max-video-preview:-1\" \/>\n<link rel=\"canonical\" href=\"https:\/\/art-bijoux.com\/en\/boutique\/pendentif-en-verre-dichroique-vert-monte-en-tiffany-avec-une-breloque-truelle\/\" \/>\n<meta property=\"og:locale\" content=\"en_US\" \/>\n<meta property=\"og:type\" content=\"article\" \/>\n<meta property=\"og:title\" content=\"Pendentif en Verre Dichro\u00efque vert, mont\u00e9 en Tiffany, avec une Breloque Truelle - art-bijoux\" \/>\n<meta property=\"og:description\" content=\"Pendentif en verre dichro\u00efque vert, avec une breloque dor\u00e9e en forme de truelle, mont\u00e9 en Tiffany\" \/>\n<meta property=\"og:url\" content=\"https:\/\/art-bijoux.com\/en\/boutique\/pendentif-en-verre-dichroique-vert-monte-en-tiffany-avec-une-breloque-truelle\/\" \/>\n<meta property=\"og:site_name\" content=\"art-bijoux\" \/>\n<meta property=\"article:modified_time\" content=\"2024-06-06T11:41:05+00:00\" \/>\n<meta property=\"og:image\" content=\"https:\/\/art-bijoux.com\/wp-content\/uploads\/2024\/04\/ovale-mordore-pelle.webp\" \/>\n\t<meta property=\"og:image:width\" content=\"1200\" \/>\n\t<meta property=\"og:image:height\" content=\"1920\" \/>\n\t<meta property=\"og:image:type\" content=\"image\/webp\" \/>\n<meta name=\"twitter:card\" content=\"summary_large_image\" \/>\n<meta name=\"twitter:label1\" content=\"Est. reading time\" \/>\n\t<meta name=\"twitter:data1\" content=\"2 minutes\" \/>\n<script type=\"application\/ld+json\" class=\"yoast-schema-graph\">{\"@context\":\"https:\\\/\\\/schema.org\",\"@graph\":[{\"@type\":\"WebPage\",\"@id\":\"https:\\\/\\\/art-bijoux.com\\\/en\\\/boutique\\\/pendentif-en-verre-dichroique-vert-monte-en-tiffany-avec-une-breloque-truelle\\\/\",\"url\":\"https:\\\/\\\/art-bijoux.com\\\/en\\\/boutique\\\/pendentif-en-verre-dichroique-vert-monte-en-tiffany-avec-une-breloque-truelle\\\/\",\"name\":\"Pendentif en Verre Dichro\u00efque vert, mont\u00e9 en Tiffany, avec une Breloque Truelle - art-bijoux\",\"isPartOf\":{\"@id\":\"https:\\\/\\\/art-bijoux.com\\\/en\\\/#website\"},\"primaryImageOfPage\":{\"@id\":\"https:\\\/\\\/art-bijoux.com\\\/en\\\/boutique\\\/pendentif-en-verre-dichroique-vert-monte-en-tiffany-avec-une-breloque-truelle\\\/#primaryimage\"},\"image\":{\"@id\":\"https:\\\/\\\/art-bijoux.com\\\/en\\\/boutique\\\/pendentif-en-verre-dichroique-vert-monte-en-tiffany-avec-une-breloque-truelle\\\/#primaryimage\"},\"thumbnailUrl\":\"https:\\\/\\\/art-bijoux.com\\\/wp-content\\\/uploads\\\/2024\\\/04\\\/ovale-mordore-pelle.webp\",\"datePublished\":\"2024-05-21T16:50:35+00:00\",\"dateModified\":\"2024-06-06T11:41:05+00:00\",\"description\":\"Pendentif en verre dichro\u00efque vert, avec une breloque dor\u00e9e en forme de truelle, mont\u00e9 en Tiffany\",\"breadcrumb\":{\"@id\":\"https:\\\/\\\/art-bijoux.com\\\/en\\\/boutique\\\/pendentif-en-verre-dichroique-vert-monte-en-tiffany-avec-une-breloque-truelle\\\/#breadcrumb\"},\"inLanguage\":\"en-US\",\"potentialAction\":[{\"@type\":\"ReadAction\",\"target\":[\"https:\\\/\\\/art-bijoux.com\\\/en\\\/boutique\\\/pendentif-en-verre-dichroique-vert-monte-en-tiffany-avec-une-breloque-truelle\\\/\"]}]},{\"@type\":\"ImageObject\",\"inLanguage\":\"en-US\",\"@id\":\"https:\\\/\\\/art-bijoux.com\\\/en\\\/boutique\\\/pendentif-en-verre-dichroique-vert-monte-en-tiffany-avec-une-breloque-truelle\\\/#primaryimage\",\"url\":\"https:\\\/\\\/art-bijoux.com\\\/wp-content\\\/uploads\\\/2024\\\/04\\\/ovale-mordore-pelle.webp\",\"contentUrl\":\"https:\\\/\\\/art-bijoux.com\\\/wp-content\\\/uploads\\\/2024\\\/04\\\/ovale-mordore-pelle.webp\",\"width\":1200,\"height\":1920,\"caption\":\"Pendentif en verre dichro\u00efque vert, avec une breloque dor\u00e9e en forme de truelle, mont\u00e9 en Tiffany\"},{\"@type\":\"BreadcrumbList\",\"@id\":\"https:\\\/\\\/art-bijoux.com\\\/en\\\/boutique\\\/pendentif-en-verre-dichroique-vert-monte-en-tiffany-avec-une-breloque-truelle\\\/#breadcrumb\",\"itemListElement\":[{\"@type\":\"ListItem\",\"position\":1,\"name\":\"Accueil\",\"item\":\"https:\\\/\\\/art-bijoux.com\\\/en\\\/home\\\/\"},{\"@type\":\"ListItem\",\"position\":2,\"name\":\"Shop\",\"item\":\"https:\\\/\\\/art-bijoux.com\\\/en\\\/shop\\\/\"},{\"@type\":\"ListItem\",\"position\":3,\"name\":\"Pendentif en Verre Dichro\u00efque vert, mont\u00e9 en Tiffany, avec une Breloque Truelle\"}]},{\"@type\":\"WebSite\",\"@id\":\"https:\\\/\\\/art-bijoux.com\\\/en\\\/#website\",\"url\":\"https:\\\/\\\/art-bijoux.com\\\/en\\\/\",\"name\":\"art-bijoux\",\"description\":\"Osez porter \\\/ offrir un vitrail unique \u00e0 prix abordable\",\"publisher\":{\"@id\":\"https:\\\/\\\/art-bijoux.com\\\/en\\\/#organization\"},\"potentialAction\":[{\"@type\":\"SearchAction\",\"target\":{\"@type\":\"EntryPoint\",\"urlTemplate\":\"https:\\\/\\\/art-bijoux.com\\\/en\\\/?s={search_term_string}\"},\"query-input\":{\"@type\":\"PropertyValueSpecification\",\"valueRequired\":true,\"valueName\":\"search_term_string\"}}],\"inLanguage\":\"en-US\"},{\"@type\":\"Organization\",\"@id\":\"https:\\\/\\\/art-bijoux.com\\\/en\\\/#organization\",\"name\":\"art-bijoux\",\"url\":\"https:\\\/\\\/art-bijoux.com\\\/en\\\/\",\"logo\":{\"@type\":\"ImageObject\",\"inLanguage\":\"en-US\",\"@id\":\"https:\\\/\\\/art-bijoux.com\\\/en\\\/#\\\/schema\\\/logo\\\/image\\\/\",\"url\":\"https:\\\/\\\/art-bijoux.com\\\/wp-content\\\/uploads\\\/2024\\\/06\\\/Art-Bijoux-Logo-Small.png\",\"contentUrl\":\"https:\\\/\\\/art-bijoux.com\\\/wp-content\\\/uploads\\\/2024\\\/06\\\/Art-Bijoux-Logo-Small.png\",\"width\":722,\"height\":137,\"caption\":\"art-bijoux\"},\"image\":{\"@id\":\"https:\\\/\\\/art-bijoux.com\\\/en\\\/#\\\/schema\\\/logo\\\/image\\\/\"}}]}<\/script>\n<!-- \/ Yoast SEO plugin. -->","yoast_head_json":{"title":"Pendentif en Verre Dichro\u00efque vert, mont\u00e9 en Tiffany, avec une Breloque Truelle - art-bijoux","description":"Pendentif en verre dichro\u00efque vert, avec une breloque dor\u00e9e en forme de truelle, mont\u00e9 en Tiffany","robots":{"index":"index","follow":"follow","max-snippet":"max-snippet:-1","max-image-preview":"max-image-preview:large","max-video-preview":"max-video-preview:-1"},"canonical":"https:\/\/art-bijoux.com\/en\/boutique\/pendentif-en-verre-dichroique-vert-monte-en-tiffany-avec-une-breloque-truelle\/","og_locale":"en_US","og_type":"article","og_title":"Pendentif en Verre Dichro\u00efque vert, mont\u00e9 en Tiffany, avec une Breloque Truelle - art-bijoux","og_description":"Pendentif en verre dichro\u00efque vert, avec une breloque dor\u00e9e en forme de truelle, mont\u00e9 en Tiffany","og_url":"https:\/\/art-bijoux.com\/en\/boutique\/pendentif-en-verre-dichroique-vert-monte-en-tiffany-avec-une-breloque-truelle\/","og_site_name":"art-bijoux","article_modified_time":"2024-06-06T11:41:05+00:00","og_image":[{"width":1200,"height":1920,"url":"https:\/\/art-bijoux.com\/wp-content\/uploads\/2024\/04\/ovale-mordore-pelle.webp","type":"image\/webp"}],"twitter_card":"summary_large_image","twitter_misc":{"Est. reading time":"2 minutes"},"schema":{"@context":"https:\/\/schema.org","@graph":[{"@type":"WebPage","@id":"https:\/\/art-bijoux.com\/en\/boutique\/pendentif-en-verre-dichroique-vert-monte-en-tiffany-avec-une-breloque-truelle\/","url":"https:\/\/art-bijoux.com\/en\/boutique\/pendentif-en-verre-dichroique-vert-monte-en-tiffany-avec-une-breloque-truelle\/","name":"Pendentif en Verre Dichro\u00efque vert, mont\u00e9 en Tiffany, avec une Breloque Truelle - art-bijoux","isPartOf":{"@id":"https:\/\/art-bijoux.com\/en\/#website"},"primaryImageOfPage":{"@id":"https:\/\/art-bijoux.com\/en\/boutique\/pendentif-en-verre-dichroique-vert-monte-en-tiffany-avec-une-breloque-truelle\/#primaryimage"},"image":{"@id":"https:\/\/art-bijoux.com\/en\/boutique\/pendentif-en-verre-dichroique-vert-monte-en-tiffany-avec-une-breloque-truelle\/#primaryimage"},"thumbnailUrl":"https:\/\/art-bijoux.com\/wp-content\/uploads\/2024\/04\/ovale-mordore-pelle.webp","datePublished":"2024-05-21T16:50:35+00:00","dateModified":"2024-06-06T11:41:05+00:00","description":"Pendentif en verre dichro\u00efque vert, avec une breloque dor\u00e9e en forme de truelle, mont\u00e9 en Tiffany","breadcrumb":{"@id":"https:\/\/art-bijoux.com\/en\/boutique\/pendentif-en-verre-dichroique-vert-monte-en-tiffany-avec-une-breloque-truelle\/#breadcrumb"},"inLanguage":"en-US","potentialAction":[{"@type":"ReadAction","target":["https:\/\/art-bijoux.com\/en\/boutique\/pendentif-en-verre-dichroique-vert-monte-en-tiffany-avec-une-breloque-truelle\/"]}]},{"@type":"ImageObject","inLanguage":"en-US","@id":"https:\/\/art-bijoux.com\/en\/boutique\/pendentif-en-verre-dichroique-vert-monte-en-tiffany-avec-une-breloque-truelle\/#primaryimage","url":"https:\/\/art-bijoux.com\/wp-content\/uploads\/2024\/04\/ovale-mordore-pelle.webp","contentUrl":"https:\/\/art-bijoux.com\/wp-content\/uploads\/2024\/04\/ovale-mordore-pelle.webp","width":1200,"height":1920,"caption":"Pendentif en verre dichro\u00efque vert, avec une breloque dor\u00e9e en forme de truelle, mont\u00e9 en Tiffany"},{"@type":"BreadcrumbList","@id":"https:\/\/art-bijoux.com\/en\/boutique\/pendentif-en-verre-dichroique-vert-monte-en-tiffany-avec-une-breloque-truelle\/#breadcrumb","itemListElement":[{"@type":"ListItem","position":1,"name":"Accueil","item":"https:\/\/art-bijoux.com\/en\/home\/"},{"@type":"ListItem","position":2,"name":"Shop","item":"https:\/\/art-bijoux.com\/en\/shop\/"},{"@type":"ListItem","position":3,"name":"Pendentif en Verre Dichro\u00efque vert, mont\u00e9 en Tiffany, avec une Breloque Truelle"}]},{"@type":"WebSite","@id":"https:\/\/art-bijoux.com\/en\/#website","url":"https:\/\/art-bijoux.com\/en\/","name":"art-bijoux","description":"Osez porter \/ offrir un vitrail unique \u00e0 prix abordable","publisher":{"@id":"https:\/\/art-bijoux.com\/en\/#organization"},"potentialAction":[{"@type":"SearchAction","target":{"@type":"EntryPoint","urlTemplate":"https:\/\/art-bijoux.com\/en\/?s={search_term_string}"},"query-input":{"@type":"PropertyValueSpecification","valueRequired":true,"valueName":"search_term_string"}}],"inLanguage":"en-US"},{"@type":"Organization","@id":"https:\/\/art-bijoux.com\/en\/#organization","name":"art-bijoux","url":"https:\/\/art-bijoux.com\/en\/","logo":{"@type":"ImageObject","inLanguage":"en-US","@id":"https:\/\/art-bijoux.com\/en\/#\/schema\/logo\/image\/","url":"https:\/\/art-bijoux.com\/wp-content\/uploads\/2024\/06\/Art-Bijoux-Logo-Small.png","contentUrl":"https:\/\/art-bijoux.com\/wp-content\/uploads\/2024\/06\/Art-Bijoux-Logo-Small.png","width":722,"height":137,"caption":"art-bijoux"},"image":{"@id":"https:\/\/art-bijoux.com\/en\/#\/schema\/logo\/image\/"}}]}},"_links":{"self":[{"href":"https:\/\/art-bijoux.com\/en\/wp-json\/wp\/v2\/product\/2050","targetHints":{"allow":["GET"]}}],"collection":[{"href":"https:\/\/art-bijoux.com\/en\/wp-json\/wp\/v2\/product"}],"about":[{"href":"https:\/\/art-bijoux.com\/en\/wp-json\/wp\/v2\/types\/product"}],"replies":[{"embeddable":true,"href":"https:\/\/art-bijoux.com\/en\/wp-json\/wp\/v2\/comments?post=2050"}],"version-history":[{"count":0,"href":"https:\/\/art-bijoux.com\/en\/wp-json\/wp\/v2\/product\/2050\/revisions"}],"wp:featuredmedia":[{"embeddable":true,"href":"https:\/\/art-bijoux.com\/en\/wp-json\/wp\/v2\/media\/281"}],"wp:attachment":[{"href":"https:\/\/art-bijoux.com\/en\/wp-json\/wp\/v2\/media?parent=2050"}],"wp:term":[{"taxonomy":"product_brand","embeddable":true,"href":"https:\/\/art-bijoux.com\/en\/wp-json\/wp\/v2\/product_brand?post=2050"},{"taxonomy":"product_cat","embeddable":true,"href":"https:\/\/art-bijoux.com\/en\/wp-json\/wp\/v2\/product_cat?post=2050"},{"taxonomy":"product_tag","embeddable":true,"href":"https:\/\/art-bijoux.com\/en\/wp-json\/wp\/v2\/product_tag?post=2050"}],"curies":[{"name":"wp","href":"https:\/\/api.w.org\/{rel}","templated":true}]}}