{"id":2051,"date":"2024-05-21T19:04:13","date_gmt":"2024-05-21T17:04:13","guid":{"rendered":"https:\/\/art-bijoux.com\/?post_type=product&#038;p=2051"},"modified":"2024-07-01T11:04:58","modified_gmt":"2024-07-01T09:04:58","slug":"pendentif-verre-orange-avec-eclats-noir-et-gris-et-breloque-ballon-de-foot","status":"publish","type":"product","link":"https:\/\/art-bijoux.com\/en\/boutique\/pendentif-verre-orange-avec-eclats-noir-et-gris-et-breloque-ballon-de-foot\/","title":{"rendered":"Pendentif verre orange avec \u00e9clats noir et gris et Breloque Ballon de foot"},"content":{"rendered":"<figure id=\"attachment_280\" aria-describedby=\"caption-attachment-280\" style=\"width: 285px\" class=\"wp-caption alignleft\"><img fetchpriority=\"high\" decoding=\"async\" class=\"size-medium wp-image-280\" src=\"https:\/\/art-bijoux.com\/wp-content\/uploads\/2024\/04\/orange-carres-ballon-285x300.webp\" alt=\"Pendentif en verre orange, avec des \u00e9clats noir et gris fondus. Une breloque en ballon de foot est suspendue \u00e0 un anneau\" width=\"285\" height=\"300\" srcset=\"https:\/\/art-bijoux.com\/wp-content\/uploads\/2024\/04\/orange-carres-ballon-285x300.webp 285w, https:\/\/art-bijoux.com\/wp-content\/uploads\/2024\/04\/orange-carres-ballon-600x632.webp 600w, https:\/\/art-bijoux.com\/wp-content\/uploads\/2024\/04\/orange-carres-ballon-973x1024.webp 973w, https:\/\/art-bijoux.com\/wp-content\/uploads\/2024\/04\/orange-carres-ballon-768x808.webp 768w, https:\/\/art-bijoux.com\/wp-content\/uploads\/2024\/04\/orange-carres-ballon-1459x1536.webp 1459w, https:\/\/art-bijoux.com\/wp-content\/uploads\/2024\/04\/orange-carres-ballon.webp 1824w\" sizes=\"(max-width: 285px) 100vw, 285px\" \/><figcaption id=\"caption-attachment-280\" class=\"wp-caption-text\">Pendentif en verre orange, avec des \u00e9clats noir et gris fondus. Une breloque en ballon de foot est suspendue \u00e0 un anneau<\/figcaption><\/figure>\n<p>Ce pendentif au charme unique, issu d&#8217;une cuisson imparfaite, arbore une forme irr\u00e9guli\u00e8re qui lui conf\u00e8re un caract\u00e8re distinctif.<\/p>\n<p><strong>Caract\u00e9ristiques :<\/strong><\/p>\n<ul>\n<li><strong>Forme :<\/strong> Irr\u00e9guli\u00e8re<\/li>\n<li><strong>Mat\u00e9riau principal :<\/strong> Verre<\/li>\n<li><strong>Couleurs :<\/strong>\n<ul>\n<li><strong>Fond :<\/strong> Orange, verso blanc irr\u00e9gulier<\/li>\n<li><strong>\u00c9clats :<\/strong> Noir et gris<\/li>\n<\/ul>\n<\/li>\n<li><strong>Finitions :<\/strong>\n<ul>\n<li><strong>Bords :<\/strong> Trois bords meul\u00e9s avec des traces transparentes visibles<\/li>\n<\/ul>\n<\/li>\n<li><strong>Per\u00e7age :<\/strong> Un orifice en haut<\/li>\n<li><strong>Dimensions<\/strong> : largeur : 4cm, hauteur : 5,1cm, \u00e9paisseur : 0,5cm<\/li>\n<li><strong>Anneau :<\/strong>\n<ul>\n<li><strong>Mat\u00e9riau :<\/strong> Argent\u00e9<\/li>\n<li><strong>Utilisation :<\/strong> Permet de suspendre la breloque<\/li>\n<\/ul>\n<\/li>\n<li><strong>Breloque :<\/strong> Ballon de foot\n<ul>\n<li><strong>Mat\u00e9riau :<\/strong> M\u00e9tal argent\u00e9<\/li>\n<\/ul>\n<\/li>\n<\/ul>\n<p>Ce pendentif irr\u00e9gulier en verre orange est un v\u00e9ritable t\u00e9moignage de l&#8217;art du recyclage et de la r\u00e9cup\u00e9ration. N\u00e9 d&#8217;une cuisson imparfaite, il arbore des \u00e9clats noir et gris fondus \u00e0 la surface, cr\u00e9ant un contraste saisissant et artistique. Les bords ont \u00e9t\u00e9 soigneusement meul\u00e9s, laissant des traces transparentes visibles, donnant l&#8217;impression qu&#8217;il a \u00e9t\u00e9 beaucoup port\u00e9 dans un stade et est us\u00e9, ajoutant \u00e0 l&#8217;authenticit\u00e9 et \u00e0 l&#8217;originalit\u00e9 de la pi\u00e8ce.<\/p>\n<p>Un orifice perc\u00e9 en haut permet de passer un anneau argent\u00e9, auquel est suspendue une breloque en forme de ballon de foot. Ce pendentif est parfait pour les inconditionnels du football, combinant leur passion pour le sport avec un bijou unique et fait main.<\/p>\n<p>Id\u00e9al pour ceux qui appr\u00e9cient les pi\u00e8ces uniques et \u00e9cologiques, ce pendentif allie cr\u00e9ativit\u00e9 et recyclage, tout en c\u00e9l\u00e9brant le sport pr\u00e9f\u00e9r\u00e9 de millions de personnes \u00e0 travers le monde.<\/p>\n<p>&nbsp;<\/p>\n","protected":false},"excerpt":{"rendered":"<p>Pendentif en verre orange, avec des \u00e9clats noir et gris fondus. Une breloque en ballon de foot est suspendue \u00e0 un anneau<\/p>\n","protected":false},"featured_media":280,"comment_status":"open","ping_status":"closed","template":"","meta":[],"product_brand":[],"product_cat":[176,28,187],"product_tag":[36,29,49,26],"class_list":{"0":"post-2051","1":"product","2":"type-product","3":"status-publish","4":"has-post-thumbnail","6":"product_cat-breloque-bijou-verre","7":"product_cat-pendentif-tiffany","8":"product_cat-bijoux-homme","9":"product_tag-verre-abstrait","10":"product_tag-breloque-metal-pierre","11":"product_tag-fusing-verre","12":"product_tag-pendentif-verre","13":"pa_bijou-pendentif","14":"pa_breloque-ballon-foot","16":"first","17":"instock","18":"purchasable","19":"product-type-simple"},"_links":{"self":[{"href":"https:\/\/art-bijoux.com\/en\/wp-json\/wp\/v2\/product\/2051","targetHints":{"allow":["GET"]}}],"collection":[{"href":"https:\/\/art-bijoux.com\/en\/wp-json\/wp\/v2\/product"}],"about":[{"href":"https:\/\/art-bijoux.com\/en\/wp-json\/wp\/v2\/types\/product"}],"replies":[{"embeddable":true,"href":"https:\/\/art-bijoux.com\/en\/wp-json\/wp\/v2\/comments?post=2051"}],"version-history":[{"count":0,"href":"https:\/\/art-bijoux.com\/en\/wp-json\/wp\/v2\/product\/2051\/revisions"}],"wp:featuredmedia":[{"embeddable":true,"href":"https:\/\/art-bijoux.com\/en\/wp-json\/wp\/v2\/media\/280"}],"wp:attachment":[{"href":"https:\/\/art-bijoux.com\/en\/wp-json\/wp\/v2\/media?parent=2051"}],"wp:term":[{"taxonomy":"product_brand","embeddable":true,"href":"https:\/\/art-bijoux.com\/en\/wp-json\/wp\/v2\/product_brand?post=2051"},{"taxonomy":"product_cat","embeddable":true,"href":"https:\/\/art-bijoux.com\/en\/wp-json\/wp\/v2\/product_cat?post=2051"},{"taxonomy":"product_tag","embeddable":true,"href":"https:\/\/art-bijoux.com\/en\/wp-json\/wp\/v2\/product_tag?post=2051"}],"curies":[{"name":"wp","href":"https:\/\/api.w.org\/{rel}","templated":true}]}}