{"id":2055,"date":"2024-05-22T17:57:20","date_gmt":"2024-05-22T15:57:20","guid":{"rendered":"https:\/\/art-bijoux.com\/?post_type=product&#038;p=2055"},"modified":"2024-12-31T14:49:24","modified_gmt":"2024-12-31T13:49:24","slug":"pendentif-carre-en-verre-antique-avec-un-connecteur-metallique","status":"publish","type":"product","link":"https:\/\/art-bijoux.com\/en\/boutique\/pendentif-carre-en-verre-antique-avec-un-connecteur-metallique\/","title":{"rendered":"Pendentif Carr\u00e9 en verre antique avec un Connecteur m\u00e9tallique"},"content":{"rendered":"<figure id=\"attachment_1878\" aria-describedby=\"caption-attachment-1878\" style=\"width: 300px\" class=\"wp-caption alignleft\"><img fetchpriority=\"high\" decoding=\"async\" class=\"size-medium wp-image-1878\" src=\"https:\/\/art-bijoux.com\/wp-content\/uploads\/2024\/05\/Carre-antique-4-300x282.webp\" alt=\"Pendentif carr\u00e9 en verre antique souffl\u00e9 \u00e0 la bouche. Mont\u00e9 en Tiffany avec 2 b\u00e9li\u00e8res argent\u00e9es soud\u00e9es aux angles sup\u00e9rieurs\" width=\"300\" height=\"282\" srcset=\"https:\/\/art-bijoux.com\/wp-content\/uploads\/2024\/05\/Carre-antique-4-300x282.webp 300w, https:\/\/art-bijoux.com\/wp-content\/uploads\/2024\/05\/Carre-antique-4-768x722.webp 768w, https:\/\/art-bijoux.com\/wp-content\/uploads\/2024\/05\/Carre-antique-4-600x564.webp 600w, https:\/\/art-bijoux.com\/wp-content\/uploads\/2024\/05\/Carre-antique-4.webp 800w\" sizes=\"(max-width: 300px) 100vw, 300px\" \/><figcaption id=\"caption-attachment-1878\" class=\"wp-caption-text\">Pendentif carr\u00e9 en verre antique souffl\u00e9 \u00e0 la bouche. Mont\u00e9 en Tiffany avec 2 b\u00e9li\u00e8res argent\u00e9es soud\u00e9es aux angles sup\u00e9rieurs<\/figcaption><\/figure>\n<p>Ce pendentif en verre antique souffl\u00e9 \u00e0 la bouche est un hommage \u00e0 l&#8217;art traditionnel du verre et \u00e0 la technique Tiffany.<\/p>\n<p><strong>Caract\u00e9ristiques :<\/strong><\/p>\n<ul>\n<li><strong>Forme :<\/strong> Carr\u00e9<\/li>\n<li><strong>Mat\u00e9riau principal :<\/strong> Verre antique souffl\u00e9 \u00e0 la bouche<\/li>\n<li><strong>Dimensions<\/strong> :\u00a0 largeur : 4,8cm, hauteur : 5cm\n<ul>\n<li><strong>D\u00e9tails :<\/strong> Petites bulles visibles, t\u00e9moignant du souffle du verrier<\/li>\n<\/ul>\n<\/li>\n<li><strong>Connecteur :<\/strong>\n<ul>\n<li><strong>Mat\u00e9riau :<\/strong> M\u00e9tallique<\/li>\n<li><strong>Motifs :<\/strong> Formes de roue et de c\u0153urs<\/li>\n<li><strong>Fixation :<\/strong> Deux b\u00e9li\u00e8res soud\u00e9es aux angles<\/li>\n<\/ul>\n<\/li>\n<li><strong>Montage :<\/strong> Technique Tiffany\n<ul>\n<li><strong>Bords :<\/strong> Meul\u00e9s, sertis au cuivre et soud\u00e9s \u00e0 l&#8217;\u00e9tain<\/li>\n<li><strong>Patine :<\/strong> Nuances de cuivre<\/li>\n<\/ul>\n<\/li>\n<li><strong>B\u00e9li\u00e8res :<\/strong>\n<ul>\n<li><strong>Quantit\u00e9 :<\/strong> 2 b\u00e9li\u00e8res<\/li>\n<li><strong>Position :<\/strong> Angles sup\u00e9rieurs<\/li>\n<li><strong>Mat\u00e9riau :<\/strong> M\u00e9tal argent\u00e9<\/li>\n<li><strong>Utilisation :<\/strong> Permettent de passer un collier<\/li>\n<\/ul>\n<\/li>\n<\/ul>\n<p>Ce pendentif carr\u00e9 en verre antique est une pi\u00e8ce d&#8217;exception, cr\u00e9\u00e9e \u00e0 partir de verre souffl\u00e9 \u00e0 la bouche. Les petites bulles visibles \u00e0 la surface sont les traces d\u00e9licates du souffle du verrier, rendant chaque pendentif absolument unique. Les bords du verre ont \u00e9t\u00e9 minutieusement meul\u00e9s, puis sertis de cuivre et soud\u00e9s \u00e0 l&#8217;\u00e9tain, selon la m\u00e9thode traditionnelle de Tiffany, connue pour sa durabilit\u00e9 et son \u00e9l\u00e9gance.<\/p>\n<p>Un connecteur m\u00e9tallique orn\u00e9 de motifs en forme de roue et de c\u0153urs est soud\u00e9 aux angles du pendentif, ajoutant une touche de raffinement et d&#8217;originalit\u00e9. Les deux b\u00e9li\u00e8res argent\u00e9s soud\u00e9s aux angles sup\u00e9rieurs permettent de facilement attacher le pendentif \u00e0 un collier, offrant ainsi une touche de sophistication \u00e0 toute tenue.<\/p>\n<p>La patine en nuances de cuivre accentue les d\u00e9tails du connecteur et met en valeur la beaut\u00e9 du verre antique, cr\u00e9ant un bijou qui est \u00e0 la fois un hommage aux techniques traditionnelles et une pi\u00e8ce contemporaine d&#8217;une beaut\u00e9 intemporelle. Ce pendentif est id\u00e9al pour ceux qui appr\u00e9cient les pi\u00e8ces artisanales et uniques, avec une histoire et un caract\u00e8re propres.<\/p>\n<p>&nbsp;<\/p>\n","protected":false},"excerpt":{"rendered":"<p>Pendentif carr\u00e9 en verre antique souffl\u00e9 \u00e0 la bouche. Mont\u00e9 en Tiffany avec 2 b\u00e9li\u00e8res argent\u00e9es soud\u00e9es aux angles sup\u00e9rieurs<\/p>\n","protected":false},"featured_media":1878,"comment_status":"open","ping_status":"closed","template":"","meta":[],"product_brand":[],"product_cat":[188,28],"product_tag":[26,27],"class_list":{"0":"post-2055","1":"product","2":"type-product","3":"status-publish","4":"has-post-thumbnail","6":"product_cat-bijou-pendentif-collier-connecteur","7":"product_cat-pendentif-tiffany","8":"product_tag-pendentif-verre","9":"product_tag-tiffany-verre","10":"pa_bijou-pendentif","12":"first","13":"outofstock","14":"purchasable","15":"product-type-simple"},"_links":{"self":[{"href":"https:\/\/art-bijoux.com\/en\/wp-json\/wp\/v2\/product\/2055","targetHints":{"allow":["GET"]}}],"collection":[{"href":"https:\/\/art-bijoux.com\/en\/wp-json\/wp\/v2\/product"}],"about":[{"href":"https:\/\/art-bijoux.com\/en\/wp-json\/wp\/v2\/types\/product"}],"replies":[{"embeddable":true,"href":"https:\/\/art-bijoux.com\/en\/wp-json\/wp\/v2\/comments?post=2055"}],"version-history":[{"count":0,"href":"https:\/\/art-bijoux.com\/en\/wp-json\/wp\/v2\/product\/2055\/revisions"}],"wp:featuredmedia":[{"embeddable":true,"href":"https:\/\/art-bijoux.com\/en\/wp-json\/wp\/v2\/media\/1878"}],"wp:attachment":[{"href":"https:\/\/art-bijoux.com\/en\/wp-json\/wp\/v2\/media?parent=2055"}],"wp:term":[{"taxonomy":"product_brand","embeddable":true,"href":"https:\/\/art-bijoux.com\/en\/wp-json\/wp\/v2\/product_brand?post=2055"},{"taxonomy":"product_cat","embeddable":true,"href":"https:\/\/art-bijoux.com\/en\/wp-json\/wp\/v2\/product_cat?post=2055"},{"taxonomy":"product_tag","embeddable":true,"href":"https:\/\/art-bijoux.com\/en\/wp-json\/wp\/v2\/product_tag?post=2055"}],"curies":[{"name":"wp","href":"https:\/\/api.w.org\/{rel}","templated":true}]}}