{"id":2060,"date":"2024-05-22T18:52:03","date_gmt":"2024-05-22T16:52:03","guid":{"rendered":"https:\/\/art-bijoux.com\/?post_type=product&#038;p=2060"},"modified":"2024-06-05T20:35:57","modified_gmt":"2024-06-05T18:35:57","slug":"clip-foulard-en-soie-marbree-et-metal-dore","status":"publish","type":"product","link":"https:\/\/art-bijoux.com\/en\/boutique\/clip-foulard-en-soie-marbree-et-metal-dore\/","title":{"rendered":"Clip Foulard en Soie Marbr\u00e9e et M\u00e9tal dor\u00e9"},"content":{"rendered":"<figure id=\"attachment_1862\" aria-describedby=\"caption-attachment-1862\" style=\"width: 300px\" class=\"wp-caption alignleft\"><img fetchpriority=\"high\" decoding=\"async\" class=\"size-medium wp-image-1862\" src=\"https:\/\/art-bijoux.com\/wp-content\/uploads\/2024\/05\/clip-foulard-6-petales-profil-300x279.webp\" alt=\"Clip \u00e0 foulard en soie marbr\u00e9e avec une monture en m\u00e9tal dor\u00e9\" width=\"300\" height=\"279\" srcset=\"https:\/\/art-bijoux.com\/wp-content\/uploads\/2024\/05\/clip-foulard-6-petales-profil-300x279.webp 300w, https:\/\/art-bijoux.com\/wp-content\/uploads\/2024\/05\/clip-foulard-6-petales-profil-1024x951.webp 1024w, https:\/\/art-bijoux.com\/wp-content\/uploads\/2024\/05\/clip-foulard-6-petales-profil-768x714.webp 768w, https:\/\/art-bijoux.com\/wp-content\/uploads\/2024\/05\/clip-foulard-6-petales-profil-1536x1427.webp 1536w, https:\/\/art-bijoux.com\/wp-content\/uploads\/2024\/05\/clip-foulard-6-petales-profil-600x558.webp 600w, https:\/\/art-bijoux.com\/wp-content\/uploads\/2024\/05\/clip-foulard-6-petales-profil.webp 1920w\" sizes=\"(max-width: 300px) 100vw, 300px\" \/><figcaption id=\"caption-attachment-1862\" class=\"wp-caption-text\">Clip \u00e0 foulard en soie marbr\u00e9e avec une monture en m\u00e9tal dor\u00e9<\/figcaption><\/figure>\n<p>Ce clip \u00e0 foulard est \u00e0 la fois pratique et \u00e9l\u00e9gant, con\u00e7u pour fixer votre foulard sans l&#8217;ab\u00eemer, tout en ajoutant une touche de sophistication \u00e0 votre tenue.<\/p>\n<p><strong>Caract\u00e9ristiques :<\/strong><\/p>\n<ul>\n<li><strong>Type :<\/strong> Clip \u00e0 foulard<\/li>\n<li><strong>Dimensions<\/strong> : Diam\u00e8tre : 4cm<\/li>\n<li><strong>Mat\u00e9riau de la monture :<\/strong> M\u00e9tal dor\u00e9\n<ul>\n<li><strong>Design :<\/strong> Forme de fleur \u00e0 6 p\u00e9tales<\/li>\n<\/ul>\n<\/li>\n<li><strong>C\u0153ur du clip :<\/strong>\n<ul>\n<li><strong>Mat\u00e9riau :<\/strong> Twill de soie<\/li>\n<li><strong>D\u00e9tails :<\/strong> Marbr\u00e9<\/li>\n<\/ul>\n<\/li>\n<\/ul>\n<p>Ce clip \u00e0 foulard est une solution \u00e9l\u00e9gante et pratique pour maintenir votre foulard en place sans risque de l&#8217;ab\u00eemer. La monture en m\u00e9tal dor\u00e9 est d\u00e9licatement fa\u00e7onn\u00e9e en forme de fleur \u00e0 six p\u00e9tales, offrant une esth\u00e9tique raffin\u00e9e dans des tons pastels.<\/p>\n<p>Le c\u0153ur de la fleur est constitu\u00e9 de twill de soie marbr\u00e9, ajoutant une touche de luxe et de texture unique \u00e0 l&#8217;ensemble. Le motif marbr\u00e9 de la soie apporte des nuances subtiles et \u00e9l\u00e9gantes qui rehaussent la beaut\u00e9 du clip.<\/p>\n<p>Ce bijou est parfait pour les amateurs de foulards qui cherchent une mani\u00e8re chic et fonctionnelle de les porter. Le design intemporel et la qualit\u00e9 des mat\u00e9riaux font de ce clip \u00e0 foulard un accessoire indispensable pour toute garde-robe \u00e9l\u00e9gante.<\/p>\n<p>&nbsp;<\/p>\n","protected":false},"excerpt":{"rendered":"<p>Clip \u00e0 foulard en soie marbr\u00e9e avec une monture en m\u00e9tal dor\u00e9<\/p>\n","protected":false},"featured_media":1861,"comment_status":"open","ping_status":"closed","template":"","meta":[],"product_brand":[],"product_cat":[175],"product_tag":[44],"class_list":{"0":"post-2060","1":"product","2":"type-product","3":"status-publish","4":"has-post-thumbnail","6":"product_cat-bijou-metal-soie","7":"product_tag-soie-marbree","8":"pa_bijou-clip-a-foulard","9":"pa_bijou-soie","11":"first","12":"instock","13":"purchasable","14":"product-type-simple"},"_links":{"self":[{"href":"https:\/\/art-bijoux.com\/en\/wp-json\/wp\/v2\/product\/2060","targetHints":{"allow":["GET"]}}],"collection":[{"href":"https:\/\/art-bijoux.com\/en\/wp-json\/wp\/v2\/product"}],"about":[{"href":"https:\/\/art-bijoux.com\/en\/wp-json\/wp\/v2\/types\/product"}],"replies":[{"embeddable":true,"href":"https:\/\/art-bijoux.com\/en\/wp-json\/wp\/v2\/comments?post=2060"}],"version-history":[{"count":0,"href":"https:\/\/art-bijoux.com\/en\/wp-json\/wp\/v2\/product\/2060\/revisions"}],"wp:featuredmedia":[{"embeddable":true,"href":"https:\/\/art-bijoux.com\/en\/wp-json\/wp\/v2\/media\/1861"}],"wp:attachment":[{"href":"https:\/\/art-bijoux.com\/en\/wp-json\/wp\/v2\/media?parent=2060"}],"wp:term":[{"taxonomy":"product_brand","embeddable":true,"href":"https:\/\/art-bijoux.com\/en\/wp-json\/wp\/v2\/product_brand?post=2060"},{"taxonomy":"product_cat","embeddable":true,"href":"https:\/\/art-bijoux.com\/en\/wp-json\/wp\/v2\/product_cat?post=2060"},{"taxonomy":"product_tag","embeddable":true,"href":"https:\/\/art-bijoux.com\/en\/wp-json\/wp\/v2\/product_tag?post=2060"}],"curies":[{"name":"wp","href":"https:\/\/api.w.org\/{rel}","templated":true}]}}