{"id":2061,"date":"2024-05-22T19:00:56","date_gmt":"2024-05-22T17:00:56","guid":{"rendered":"https:\/\/art-bijoux.com\/?post_type=product&#038;p=2061"},"modified":"2024-06-05T20:35:44","modified_gmt":"2024-06-05T18:35:44","slug":"clip-a-foulard-medaillon-en-soie-marbree-avec-une-monture-en-metal-dore","status":"publish","type":"product","link":"https:\/\/art-bijoux.com\/en\/boutique\/clip-a-foulard-medaillon-en-soie-marbree-avec-une-monture-en-metal-dore\/","title":{"rendered":"Clip \u00e0 Foulard M\u00e9daillon en Soie Marbr\u00e9e avec une Monture en M\u00e9tal dor\u00e9"},"content":{"rendered":"<figure id=\"attachment_1856\" aria-describedby=\"caption-attachment-1856\" style=\"width: 300px\" class=\"wp-caption alignleft\"><img fetchpriority=\"high\" decoding=\"async\" class=\"size-medium wp-image-1856\" src=\"https:\/\/art-bijoux.com\/wp-content\/uploads\/2024\/05\/clip-foulard-entrelacs-300x284.webp\" alt=\"Clip \u00e0 foulard en soie marbr\u00e9e avec une monture en m\u00e9tal dor\u00e9\" width=\"300\" height=\"284\" srcset=\"https:\/\/art-bijoux.com\/wp-content\/uploads\/2024\/05\/clip-foulard-entrelacs-300x284.webp 300w, https:\/\/art-bijoux.com\/wp-content\/uploads\/2024\/05\/clip-foulard-entrelacs-1024x971.webp 1024w, https:\/\/art-bijoux.com\/wp-content\/uploads\/2024\/05\/clip-foulard-entrelacs-768x728.webp 768w, https:\/\/art-bijoux.com\/wp-content\/uploads\/2024\/05\/clip-foulard-entrelacs-1536x1456.webp 1536w, https:\/\/art-bijoux.com\/wp-content\/uploads\/2024\/05\/clip-foulard-entrelacs-600x569.webp 600w, https:\/\/art-bijoux.com\/wp-content\/uploads\/2024\/05\/clip-foulard-entrelacs.webp 1920w\" sizes=\"(max-width: 300px) 100vw, 300px\" \/><figcaption id=\"caption-attachment-1856\" class=\"wp-caption-text\">Clip \u00e0 foulard en soie marbr\u00e9e avec une monture en m\u00e9tal dor\u00e9<\/figcaption><\/figure>\n<div class=\"flex flex-grow flex-col max-w-full\">\n<div class=\"min-h-[20px] text-message flex flex-col items-start whitespace-pre-wrap break-words [.text-message+&amp;]:mt-5 juice:w-full juice:items-end overflow-x-auto gap-2\" dir=\"auto\" data-message-author-role=\"assistant\" data-message-id=\"d173315c-887f-4bdb-97a1-18df4878fbf4\">\n<div class=\"flex w-full flex-col gap-1 juice:empty:hidden juice:first:pt-[3px]\">\n<div class=\"markdown prose w-full break-words dark:prose-invert light\">\n<p>Ce clip \u00e0 foulard est \u00e0 la fois pratique et \u00e9l\u00e9gant, con\u00e7u pour fixer votre foulard sans l&#8217;ab\u00eemer gr\u00e2ce \u00e0 un large anneau articul\u00e9 par une charni\u00e8re \u00e0 l&#8217;arri\u00e8re, tout en ajoutant une touche de sophistication \u00e0 votre tenue.<\/p>\n<p><strong>Caract\u00e9ristiques :<\/strong><\/p>\n<ul>\n<li><strong>Type :<\/strong> Clip \u00e0 foulard<\/li>\n<li><strong>Mat\u00e9riau de la monture :<\/strong> M\u00e9tal dor\u00e9\n<ul>\n<li><strong>Design :<\/strong> Forme de m\u00e9daillon<\/li>\n<\/ul>\n<\/li>\n<li><strong>C\u0153ur du clip :<\/strong>\n<ul>\n<li><strong>Mat\u00e9riau :<\/strong> Twill de soie<\/li>\n<li><strong>D\u00e9tails :<\/strong> Marbr\u00e9<\/li>\n<\/ul>\n<\/li>\n<\/ul>\n<p>Ce clip \u00e0 foulard est une solution \u00e9l\u00e9gante et pratique pour maintenir votre foulard en place sans risque de l&#8217;ab\u00eemer. La monture en m\u00e9tal dor\u00e9 est d\u00e9licatement fa\u00e7onn\u00e9e en forme de m\u00e9daillon encadr\u00e9 d&#8217;un entrelac, offrant une esth\u00e9tique raffin\u00e9e et f\u00e9minine.<\/p>\n<p>Le centre du m\u00e9daillon est constitu\u00e9 de twill de soie marbr\u00e9, ajoutant une touche de luxe et de texture unique \u00e0 l&#8217;ensemble. Le motif marbr\u00e9 de la soie apporte des nuances subtiles et \u00e9l\u00e9gantes qui rehaussent la beaut\u00e9 du clip.<\/p>\n<p>Ce bijou est parfait pour les amateurs de foulards qui cherchent une mani\u00e8re chic et fonctionnelle de les porter. Le design intemporel et la qualit\u00e9 des mat\u00e9riaux font de ce clip \u00e0 foulard un accessoire indispensable pour toute garde-robe \u00e9l\u00e9gante. Les couleurs pastels s&#8217;assortiront \u00e0 pratiquement toutes les couleurs de vos foulards et \u00e9charpes.<\/p>\n<\/div>\n<\/div>\n<\/div>\n<\/div>\n<div class=\"mt-1 flex gap-3 empty:hidden juice:-ml-3\">\n<div class=\"items-center justify-start rounded-xl p-1 flex\">\n<div class=\"flex items-center\"><button class=\"rounded-lg text-token-text-secondary hover:bg-token-main-surface-secondary\"><\/button><button class=\"rounded-lg text-token-text-secondary hover:bg-token-main-surface-secondary\"><\/button><\/p>\n<div class=\"flex\"><\/div>\n<div class=\"flex items-center pb-0.5 juice:pb-0\"><\/div>\n<\/div>\n<\/div>\n<\/div>\n<p>&nbsp;<\/p>\n","protected":false},"excerpt":{"rendered":"<p>Clip \u00e0 foulard en forme de m\u00e9daillon avec un centre en soie marbr\u00e9e<\/p>\n","protected":false},"featured_media":1856,"comment_status":"open","ping_status":"closed","template":"","meta":[],"product_brand":[],"product_cat":[175],"product_tag":[192,44],"class_list":{"0":"post-2061","1":"product","2":"type-product","3":"status-publish","4":"has-post-thumbnail","6":"product_cat-bijou-metal-soie","7":"product_tag-clip-foulard","8":"product_tag-soie-marbree","9":"pa_bijou-clip-a-foulard","11":"first","12":"instock","13":"purchasable","14":"product-type-simple"},"_links":{"self":[{"href":"https:\/\/art-bijoux.com\/en\/wp-json\/wp\/v2\/product\/2061","targetHints":{"allow":["GET"]}}],"collection":[{"href":"https:\/\/art-bijoux.com\/en\/wp-json\/wp\/v2\/product"}],"about":[{"href":"https:\/\/art-bijoux.com\/en\/wp-json\/wp\/v2\/types\/product"}],"replies":[{"embeddable":true,"href":"https:\/\/art-bijoux.com\/en\/wp-json\/wp\/v2\/comments?post=2061"}],"version-history":[{"count":0,"href":"https:\/\/art-bijoux.com\/en\/wp-json\/wp\/v2\/product\/2061\/revisions"}],"wp:featuredmedia":[{"embeddable":true,"href":"https:\/\/art-bijoux.com\/en\/wp-json\/wp\/v2\/media\/1856"}],"wp:attachment":[{"href":"https:\/\/art-bijoux.com\/en\/wp-json\/wp\/v2\/media?parent=2061"}],"wp:term":[{"taxonomy":"product_brand","embeddable":true,"href":"https:\/\/art-bijoux.com\/en\/wp-json\/wp\/v2\/product_brand?post=2061"},{"taxonomy":"product_cat","embeddable":true,"href":"https:\/\/art-bijoux.com\/en\/wp-json\/wp\/v2\/product_cat?post=2061"},{"taxonomy":"product_tag","embeddable":true,"href":"https:\/\/art-bijoux.com\/en\/wp-json\/wp\/v2\/product_tag?post=2061"}],"curies":[{"name":"wp","href":"https:\/\/api.w.org\/{rel}","templated":true}]}}