{"id":2064,"date":"2024-05-22T19:18:07","date_gmt":"2024-05-22T17:18:07","guid":{"rendered":"https:\/\/art-bijoux.com\/?post_type=product&#038;p=2064"},"modified":"2024-06-06T13:43:01","modified_gmt":"2024-06-06T11:43:01","slug":"broche-en-twill-de-soie-avec-une-monture-argentee-ornee-de-fleurs","status":"publish","type":"product","link":"https:\/\/art-bijoux.com\/en\/boutique\/broche-en-twill-de-soie-avec-une-monture-argentee-ornee-de-fleurs\/","title":{"rendered":"Broche en Twill de Soie avec une Monture Argent\u00e9e orn\u00e9e de Fleurs"},"content":{"rendered":"<figure id=\"attachment_1859\" aria-describedby=\"caption-attachment-1859\" style=\"width: 300px\" class=\"wp-caption alignleft\"><img decoding=\"async\" class=\"size-medium wp-image-1859\" src=\"https:\/\/art-bijoux.com\/wp-content\/uploads\/2024\/05\/broche-oblongue-300x145.webp\" alt=\"Broche oblongue en soie marbr\u00e9e avec un centre en twill de soie marbr\u00e9e et une monture en m\u00e9tal argent\u00e9 avec un trilob\u00e9 \u00e0 chaque extr\u00e9mit\u00e9\" width=\"300\" height=\"145\" srcset=\"https:\/\/art-bijoux.com\/wp-content\/uploads\/2024\/05\/broche-oblongue-300x145.webp 300w, https:\/\/art-bijoux.com\/wp-content\/uploads\/2024\/05\/broche-oblongue-1024x496.webp 1024w, https:\/\/art-bijoux.com\/wp-content\/uploads\/2024\/05\/broche-oblongue-768x372.webp 768w, https:\/\/art-bijoux.com\/wp-content\/uploads\/2024\/05\/broche-oblongue-1536x744.webp 1536w, https:\/\/art-bijoux.com\/wp-content\/uploads\/2024\/05\/broche-oblongue-600x291.webp 600w, https:\/\/art-bijoux.com\/wp-content\/uploads\/2024\/05\/broche-oblongue.webp 1920w\" sizes=\"(max-width: 300px) 100vw, 300px\" \/><figcaption id=\"caption-attachment-1859\" class=\"wp-caption-text\">Broche oblongue en soie marbr\u00e9e avec un centre en twill de soie marbr\u00e9e et une monture en m\u00e9tal argent\u00e9 avec un trilob\u00e9 \u00e0 chaque extr\u00e9mit\u00e9<\/figcaption><\/figure>\n<p>Cette broche \u00e9l\u00e9gante allie le raffinement du twill de soie marbr\u00e9e \u00e0 la sophistication d&#8217;une monture en m\u00e9tal argent\u00e9, agr\u00e9ment\u00e9e d&#8217;un trilob\u00e9 au c\u0153ur en brillant blanc. Une \u00e9pingle s\u00e9curis\u00e9e permet de fixer ce bijou sur un v\u00eatement ou un accessoire, ajoutant une touche de style et de luxe.<\/p>\n<p><strong>Caract\u00e9ristiques :<\/strong> <strong><br \/>\n<\/strong><\/p>\n<ul>\n<li><strong>Type :<\/strong> Broche<\/li>\n<li><strong>Dimensions<\/strong> : largeur : 6cm<strong>, <\/strong>hauteur : 2,5cm<\/li>\n<li><strong>Mat\u00e9riau de la monture :<\/strong> M\u00e9tal argent\u00e9\n<ul>\n<li><strong>D\u00e9tails :<\/strong> trilob\u00e9 \u00e0 chaque extr\u00e9mit\u00e9<\/li>\n<\/ul>\n<\/li>\n<li><strong>Centre de la broche :<\/strong>\n<ul>\n<li><strong>Mat\u00e9riau :<\/strong> Twill de soie<\/li>\n<li><strong>D\u00e9tails :<\/strong> Marbr\u00e9<\/li>\n<\/ul>\n<\/li>\n<li><strong>Fixation :<\/strong> \u00c9pingle avec s\u00e9curit\u00e9<\/li>\n<\/ul>\n<p>Cette broche se distingue par son \u00e9l\u00e9gance et son design raffin\u00e9. Le twill de soie marbr\u00e9e au centre apporte une texture douce et des nuances subtiles, faisant de chaque pi\u00e8ce une cr\u00e9ation unique. La monture en m\u00e9tal argent\u00e9, orn\u00e9e de 2 trilob\u00e9s argent\u00e9s avec un c\u0153ur en brillant, encadre la soie avec une touche de glamour intemporel.<\/p>\n<p>La broche est \u00e9quip\u00e9e d&#8217;une \u00e9pingle avec un dispositif de s\u00e9curit\u00e9, garantissant une fixation stable et s\u00e9curis\u00e9e sur divers supports, que ce soit un v\u00eatement, un sac ou un accessoire. Cette fonctionnalit\u00e9 pratique assure que la broche reste en place tout au long de la journ\u00e9e, sans risque de perdre cet accessoire pr\u00e9cieux.<\/p>\n<p>Parfaite pour ajouter une note de sophistication \u00e0 n&#8217;importe quelle tenue, cette broche en twill de soie marbr\u00e9e est un bijou polyvalent et chic. Que ce soit pour une occasion sp\u00e9ciale ou pour rehausser une tenue quotidienne, elle saura attirer les regards et compl\u00e9ter votre style avec \u00e9l\u00e9gance.<\/p>\n","protected":false},"excerpt":{"rendered":"<p>Broche oblongue en soie marbr\u00e9e avec un centre en twill de soie marbr\u00e9e et une monture en m\u00e9tal argent\u00e9 avec un trilob\u00e9 \u00e0 chaque extr\u00e9mit\u00e9<\/p>\n","protected":false},"featured_media":1859,"comment_status":"open","ping_status":"closed","template":"","meta":[],"product_brand":[],"product_cat":[175,193],"product_tag":[37,44],"class_list":{"0":"post-2064","1":"product","2":"type-product","3":"status-publish","4":"has-post-thumbnail","6":"product_cat-bijou-metal-soie","7":"product_cat-broche-en-soie-et-metal","8":"product_tag-broche-verre-soie","9":"product_tag-soie-marbree","10":"pa_bijou-broche","11":"pa_bijou-soie","13":"first","14":"instock","15":"purchasable","16":"product-type-simple"},"_links":{"self":[{"href":"https:\/\/art-bijoux.com\/en\/wp-json\/wp\/v2\/product\/2064","targetHints":{"allow":["GET"]}}],"collection":[{"href":"https:\/\/art-bijoux.com\/en\/wp-json\/wp\/v2\/product"}],"about":[{"href":"https:\/\/art-bijoux.com\/en\/wp-json\/wp\/v2\/types\/product"}],"replies":[{"embeddable":true,"href":"https:\/\/art-bijoux.com\/en\/wp-json\/wp\/v2\/comments?post=2064"}],"version-history":[{"count":1,"href":"https:\/\/art-bijoux.com\/en\/wp-json\/wp\/v2\/product\/2064\/revisions"}],"predecessor-version":[{"id":2065,"href":"https:\/\/art-bijoux.com\/en\/wp-json\/wp\/v2\/product\/2064\/revisions\/2065"}],"wp:featuredmedia":[{"embeddable":true,"href":"https:\/\/art-bijoux.com\/en\/wp-json\/wp\/v2\/media\/1859"}],"wp:attachment":[{"href":"https:\/\/art-bijoux.com\/en\/wp-json\/wp\/v2\/media?parent=2064"}],"wp:term":[{"taxonomy":"product_brand","embeddable":true,"href":"https:\/\/art-bijoux.com\/en\/wp-json\/wp\/v2\/product_brand?post=2064"},{"taxonomy":"product_cat","embeddable":true,"href":"https:\/\/art-bijoux.com\/en\/wp-json\/wp\/v2\/product_cat?post=2064"},{"taxonomy":"product_tag","embeddable":true,"href":"https:\/\/art-bijoux.com\/en\/wp-json\/wp\/v2\/product_tag?post=2064"}],"curies":[{"name":"wp","href":"https:\/\/api.w.org\/{rel}","templated":true}]}}