{"id":2066,"date":"2024-05-22T19:33:01","date_gmt":"2024-05-22T17:33:01","guid":{"rendered":"https:\/\/art-bijoux.com\/?post_type=product&#038;p=2066"},"modified":"2024-06-06T13:42:52","modified_gmt":"2024-06-06T11:42:52","slug":"2066","status":"publish","type":"product","link":"https:\/\/art-bijoux.com\/en\/boutique\/2066\/","title":{"rendered":"Broche en Demi-cercle en Twill de Soie avec une monture dor\u00e9e"},"content":{"rendered":"<figure id=\"attachment_1858\" aria-describedby=\"caption-attachment-1858\" style=\"width: 300px\" class=\"wp-caption alignleft\"><img fetchpriority=\"high\" decoding=\"async\" class=\"size-medium wp-image-1858\" src=\"https:\/\/art-bijoux.com\/wp-content\/uploads\/2024\/05\/broche-demi-cercle-300x169.webp\" alt=\"Broche en demi-cercle en soie marbr\u00e9e avec une monture dor\u00e9e\" width=\"300\" height=\"169\" srcset=\"https:\/\/art-bijoux.com\/wp-content\/uploads\/2024\/05\/broche-demi-cercle-300x169.webp 300w, https:\/\/art-bijoux.com\/wp-content\/uploads\/2024\/05\/broche-demi-cercle-1024x575.webp 1024w, https:\/\/art-bijoux.com\/wp-content\/uploads\/2024\/05\/broche-demi-cercle-768x432.webp 768w, https:\/\/art-bijoux.com\/wp-content\/uploads\/2024\/05\/broche-demi-cercle-1536x863.webp 1536w, https:\/\/art-bijoux.com\/wp-content\/uploads\/2024\/05\/broche-demi-cercle-600x337.webp 600w, https:\/\/art-bijoux.com\/wp-content\/uploads\/2024\/05\/broche-demi-cercle.webp 1920w\" sizes=\"(max-width: 300px) 100vw, 300px\" \/><figcaption id=\"caption-attachment-1858\" class=\"wp-caption-text\">Broche en demi-cercle en soie marbr\u00e9e avec une monture dor\u00e9e<\/figcaption><\/figure>\n<p>Cette broche \u00e9l\u00e9gante allie le raffinement du twill de soie marbr\u00e9e \u00e0 la sophistication d&#8217;une monture simple en m\u00e9tal dor\u00e9. Une \u00e9pingle s\u00e9curis\u00e9e permet de fixer ce bijou sur un v\u00eatement ou un accessoire, ajoutant une touche de style et de luxe.<\/p>\n<p><strong>Caract\u00e9ristiques :<\/strong><\/p>\n<ul>\n<li><strong>Type :<\/strong> Broche<\/li>\n<li><strong>Dimensions<\/strong> : hauteur : 6,6, Largeur : 3,4cm<\/li>\n<li><strong>Mat\u00e9riau de la monture :<\/strong> M\u00e9tal dor\u00e9\n<ul>\n<li><strong>D\u00e9tails :<\/strong> Filet<\/li>\n<\/ul>\n<\/li>\n<li><strong>C\u0153ur de la broche :<\/strong>\n<ul>\n<li><strong>Mat\u00e9riau :<\/strong> Twill de soie<\/li>\n<li><strong>D\u00e9tails :<\/strong> Marbr\u00e9<\/li>\n<\/ul>\n<\/li>\n<li><strong>Fixation :<\/strong> \u00c9pingle avec s\u00e9curit\u00e9<\/li>\n<\/ul>\n<p>Cette broche se distingue par son \u00e9l\u00e9gance et son design raffin\u00e9. Le twill de soie marbr\u00e9e au centre apporte une texture douce et des nuances subtiles, faisant de chaque pi\u00e8ce une cr\u00e9ation unique. La monture en m\u00e9tal dor\u00e9, orn\u00e9e d&#8217;une baguette d\u00e9licate, encadre la soie avec une touche de glamour intemporel.<\/p>\n<p>La broche est \u00e9quip\u00e9e d&#8217;une \u00e9pingle avec un dispositif de s\u00e9curit\u00e9, garantissant une fixation stable et s\u00e9curis\u00e9e sur divers supports, que ce soit un v\u00eatement, un sac ou un accessoire. Cette fonctionnalit\u00e9 pratique assure que la broche reste en place tout au long de la journ\u00e9e, sans risque de perdre cet accessoire pr\u00e9cieux.<\/p>\n<p>Parfaite pour ajouter une note de sophistication \u00e0 n&#8217;importe quelle tenue, cette broche en twill de soie marbr\u00e9e est un bijou polyvalent et chic. Que ce soit pour une occasion sp\u00e9ciale ou pour rehausser une tenue quotidienne, elle saura attirer les regards et compl\u00e9ter votre style avec \u00e9l\u00e9gance.<\/p>\n<p>&nbsp;<\/p>\n","protected":false},"excerpt":{"rendered":"<p>Broche en demi-cercle en soie marbr\u00e9e avec une monture dor\u00e9e<\/p>\n","protected":false},"featured_media":1858,"comment_status":"open","ping_status":"closed","template":"","meta":[],"product_brand":[],"product_cat":[193],"product_tag":[37,44],"class_list":{"0":"post-2066","1":"product","2":"type-product","3":"status-publish","4":"has-post-thumbnail","6":"product_cat-broche-en-soie-et-metal","7":"product_tag-broche-verre-soie","8":"product_tag-soie-marbree","9":"pa_bijou-broche","10":"pa_bijou-soie","12":"first","13":"instock","14":"purchasable","15":"product-type-simple"},"_links":{"self":[{"href":"https:\/\/art-bijoux.com\/en\/wp-json\/wp\/v2\/product\/2066","targetHints":{"allow":["GET"]}}],"collection":[{"href":"https:\/\/art-bijoux.com\/en\/wp-json\/wp\/v2\/product"}],"about":[{"href":"https:\/\/art-bijoux.com\/en\/wp-json\/wp\/v2\/types\/product"}],"replies":[{"embeddable":true,"href":"https:\/\/art-bijoux.com\/en\/wp-json\/wp\/v2\/comments?post=2066"}],"version-history":[{"count":0,"href":"https:\/\/art-bijoux.com\/en\/wp-json\/wp\/v2\/product\/2066\/revisions"}],"wp:featuredmedia":[{"embeddable":true,"href":"https:\/\/art-bijoux.com\/en\/wp-json\/wp\/v2\/media\/1858"}],"wp:attachment":[{"href":"https:\/\/art-bijoux.com\/en\/wp-json\/wp\/v2\/media?parent=2066"}],"wp:term":[{"taxonomy":"product_brand","embeddable":true,"href":"https:\/\/art-bijoux.com\/en\/wp-json\/wp\/v2\/product_brand?post=2066"},{"taxonomy":"product_cat","embeddable":true,"href":"https:\/\/art-bijoux.com\/en\/wp-json\/wp\/v2\/product_cat?post=2066"},{"taxonomy":"product_tag","embeddable":true,"href":"https:\/\/art-bijoux.com\/en\/wp-json\/wp\/v2\/product_tag?post=2066"}],"curies":[{"name":"wp","href":"https:\/\/api.w.org\/{rel}","templated":true}]}}