{"id":2067,"date":"2024-05-22T19:39:05","date_gmt":"2024-05-22T17:39:05","guid":{"rendered":"https:\/\/art-bijoux.com\/?post_type=product&#038;p=2067"},"modified":"2024-06-05T20:34:48","modified_gmt":"2024-06-05T18:34:48","slug":"boucles-doreille-en-losange-en-twill-de-soie-avec-monture-doree","status":"publish","type":"product","link":"https:\/\/art-bijoux.com\/en\/boutique\/boucles-doreille-en-losange-en-twill-de-soie-avec-monture-doree\/","title":{"rendered":"Boucles d&#8217;oreille en losange en Twill de Soie avec Monture Dor\u00e9e"},"content":{"rendered":"<figure id=\"attachment_1857\" aria-describedby=\"caption-attachment-1857\" style=\"width: 300px\" class=\"wp-caption alignleft\"><img fetchpriority=\"high\" decoding=\"async\" class=\"size-medium wp-image-1857\" src=\"https:\/\/art-bijoux.com\/wp-content\/uploads\/2024\/05\/boucles-marbrees-jaune-vert-300x177.webp\" alt=\"Boucles d'oreilles carr\u00e9es en soie marbr\u00e9e avec un encadrement en m\u00e9tal dor\u00e9. Une fixation permet de les fixer pour des oreilles perc\u00e9es.\" width=\"300\" height=\"177\" srcset=\"https:\/\/art-bijoux.com\/wp-content\/uploads\/2024\/05\/boucles-marbrees-jaune-vert-300x177.webp 300w, https:\/\/art-bijoux.com\/wp-content\/uploads\/2024\/05\/boucles-marbrees-jaune-vert-1024x603.webp 1024w, https:\/\/art-bijoux.com\/wp-content\/uploads\/2024\/05\/boucles-marbrees-jaune-vert-768x452.webp 768w, https:\/\/art-bijoux.com\/wp-content\/uploads\/2024\/05\/boucles-marbrees-jaune-vert-1536x905.webp 1536w, https:\/\/art-bijoux.com\/wp-content\/uploads\/2024\/05\/boucles-marbrees-jaune-vert-600x353.webp 600w, https:\/\/art-bijoux.com\/wp-content\/uploads\/2024\/05\/boucles-marbrees-jaune-vert.webp 1920w\" sizes=\"(max-width: 300px) 100vw, 300px\" \/><figcaption id=\"caption-attachment-1857\" class=\"wp-caption-text\">Boucles d&#8217;oreilles en losange, en soie marbr\u00e9e avec un encadrement en m\u00e9tal dor\u00e9. Une fixation permet de les fixer pour des oreilles perc\u00e9es.<\/figcaption><\/figure>\n<p>Cette paire de boucles d&#8217;oreilles \u00e9l\u00e9gantes se distingue par leur forme en losange et l&#8217;utilisation raffin\u00e9e de la soie marbr\u00e9e. La monture discr\u00e8te en m\u00e9tal dor\u00e9 apporte une touche de sophistication, tandis qu&#8217;une fixation s\u00e9curis\u00e9e assure un port confortable pour les oreilles perc\u00e9es.<\/p>\n<p><strong>Caract\u00e9ristiques :<\/strong><\/p>\n<ul>\n<li><strong>Type :<\/strong> Boucles d&#8217;oreilles<\/li>\n<li><strong>Dimensions : <\/strong>Largeur : 3,8cm, hauteur : 4,2cm<\/li>\n<li><strong>Forme :<\/strong> Losange<\/li>\n<li><strong>Mat\u00e9riau principal :<\/strong> Soie marbr\u00e9e<\/li>\n<li><strong>Monture :<\/strong> M\u00e9tal dor\u00e9<\/li>\n<li><strong>Fixation :<\/strong> Pour oreilles perc\u00e9es, avec dispositif de s\u00e9curit\u00e9<\/li>\n<\/ul>\n<p>Ces boucles d&#8217;oreilles allient le charme intemporel de la soie marbr\u00e9e \u00e0 un design moderne et g\u00e9om\u00e9trique. Chaque losange de soie marbr\u00e9e pr\u00e9sente des motifs uniques, ajoutant une note d&#8217;originalit\u00e9 et d&#8217;\u00e9l\u00e9gance \u00e0 chaque pi\u00e8ce.<\/p>\n<p>La monture en m\u00e9tal dor\u00e9 est discr\u00e8te mais \u00e9l\u00e9gante, mettant en valeur la beaut\u00e9 de la soie sans la dominer. Cette combinaison de mat\u00e9riaux et de design assure que les boucles d&#8217;oreilles sont l\u00e9g\u00e8res et confortables \u00e0 porter tout au long de la journ\u00e9e.<\/p>\n<p>La fixation s\u00e9curis\u00e9e pour oreilles perc\u00e9es garantit que les boucles d&#8217;oreilles restent bien en place, offrant une tranquillit\u00e9 d&#8217;esprit et un confort optimal. Elles sont parfaites pour toutes les occasions, qu&#8217;il s&#8217;agisse d&#8217;un \u00e9v\u00e9nement formel ou d&#8217;une sortie d\u00e9contract\u00e9e.<\/p>\n<p>Ces boucles d&#8217;oreilles en soie marbr\u00e9e et m\u00e9tal dor\u00e9 sont une addition raffin\u00e9e \u00e0 toute collection de bijoux, apportant une touche de luxe discret et de sophistication \u00e0 n&#8217;importe quelle tenue.<\/p>\n<p>&nbsp;<\/p>\n","protected":false},"excerpt":{"rendered":"<p>Boucles d&#8217;oreilles carr\u00e9es en soie marbr\u00e9e avec un encadrement en m\u00e9tal dor\u00e9. Une fixation permet de les fixer pour des oreilles perc\u00e9es.<\/p>\n","protected":false},"featured_media":1857,"comment_status":"open","ping_status":"closed","template":"","meta":[],"product_brand":[],"product_cat":[175],"product_tag":[84,44],"class_list":{"0":"post-2067","1":"product","2":"type-product","3":"status-publish","4":"has-post-thumbnail","6":"product_cat-bijou-metal-soie","7":"product_tag-boucle-oreille","8":"product_tag-soie-marbree","9":"pa_bijou-boucle-oreille","10":"pa_bijou-soie","12":"first","13":"instock","14":"purchasable","15":"product-type-simple"},"_links":{"self":[{"href":"https:\/\/art-bijoux.com\/en\/wp-json\/wp\/v2\/product\/2067","targetHints":{"allow":["GET"]}}],"collection":[{"href":"https:\/\/art-bijoux.com\/en\/wp-json\/wp\/v2\/product"}],"about":[{"href":"https:\/\/art-bijoux.com\/en\/wp-json\/wp\/v2\/types\/product"}],"replies":[{"embeddable":true,"href":"https:\/\/art-bijoux.com\/en\/wp-json\/wp\/v2\/comments?post=2067"}],"version-history":[{"count":1,"href":"https:\/\/art-bijoux.com\/en\/wp-json\/wp\/v2\/product\/2067\/revisions"}],"predecessor-version":[{"id":2068,"href":"https:\/\/art-bijoux.com\/en\/wp-json\/wp\/v2\/product\/2067\/revisions\/2068"}],"wp:featuredmedia":[{"embeddable":true,"href":"https:\/\/art-bijoux.com\/en\/wp-json\/wp\/v2\/media\/1857"}],"wp:attachment":[{"href":"https:\/\/art-bijoux.com\/en\/wp-json\/wp\/v2\/media?parent=2067"}],"wp:term":[{"taxonomy":"product_brand","embeddable":true,"href":"https:\/\/art-bijoux.com\/en\/wp-json\/wp\/v2\/product_brand?post=2067"},{"taxonomy":"product_cat","embeddable":true,"href":"https:\/\/art-bijoux.com\/en\/wp-json\/wp\/v2\/product_cat?post=2067"},{"taxonomy":"product_tag","embeddable":true,"href":"https:\/\/art-bijoux.com\/en\/wp-json\/wp\/v2\/product_tag?post=2067"}],"curies":[{"name":"wp","href":"https:\/\/api.w.org\/{rel}","templated":true}]}}