{"id":2071,"date":"2024-05-23T11:45:42","date_gmt":"2024-05-23T09:45:42","guid":{"rendered":"https:\/\/art-bijoux.com\/?post_type=product&#038;p=2071"},"modified":"2024-05-23T12:40:35","modified_gmt":"2024-05-23T10:40:35","slug":"bijou-pendentif-homme-vert-breloque-metre-ruban","status":"publish","type":"product","link":"https:\/\/art-bijoux.com\/en\/boutique\/bijou-pendentif-homme-vert-breloque-metre-ruban\/","title":{"rendered":"Pendentif Fusing Vert Fonc\u00e9 avec \u00c9clats Gris et Orange et Breloque M\u00e8tre Ruban"},"content":{"rendered":"<figure id=\"attachment_277\" aria-describedby=\"caption-attachment-277\" style=\"width: 300px\" class=\"wp-caption alignleft\"><img fetchpriority=\"high\" decoding=\"async\" class=\"size-medium wp-image-277\" src=\"https:\/\/art-bijoux.com\/wp-content\/uploads\/2024\/04\/metre-ruban-noir-300x282.webp\" alt=\"Pendentif fusing vert fonc\u00e9 avec des \u00e9clats gris et orange fondus, cr\u00e9ant une bulle entre les deux. Mont\u00e9 en Tiffany, un anneau fix\u00e9 lors de la fonte a permis d'accrocher une breloque en m\u00e9tal argent\u00e9 en forme de m\u00e8tre ruban\" width=\"300\" height=\"282\" srcset=\"https:\/\/art-bijoux.com\/wp-content\/uploads\/2024\/04\/metre-ruban-noir-300x282.webp 300w, https:\/\/art-bijoux.com\/wp-content\/uploads\/2024\/04\/metre-ruban-noir-600x564.webp 600w, https:\/\/art-bijoux.com\/wp-content\/uploads\/2024\/04\/metre-ruban-noir-1024x962.webp 1024w, https:\/\/art-bijoux.com\/wp-content\/uploads\/2024\/04\/metre-ruban-noir-768x722.webp 768w, https:\/\/art-bijoux.com\/wp-content\/uploads\/2024\/04\/metre-ruban-noir-1536x1444.webp 1536w, https:\/\/art-bijoux.com\/wp-content\/uploads\/2024\/04\/metre-ruban-noir.webp 1927w\" sizes=\"(max-width: 300px) 100vw, 300px\" \/><figcaption id=\"caption-attachment-277\" class=\"wp-caption-text\">Pendentif fusing vert fonc\u00e9 avec des \u00e9clats gris et orange fondus, cr\u00e9ant une bulle entre les deux. Mont\u00e9 en Tiffany, un anneau fix\u00e9 lors de la fonte a permis d&#8217;accrocher une breloque en m\u00e9tal argent\u00e9 en forme de m\u00e8tre ruban<\/figcaption><\/figure>\n<p>Ce pendentif unique en verre fusing vert fonc\u00e9 se distingue par ses \u00e9clats gris et orange fondus dans le verre, cr\u00e9ant une bulle intrigante entre les deux couleurs, encore plus myst\u00e9rieuse parce qu&#8217;elle est cach\u00e9e par la breloque. Parfait pour les amateurs de bricolage, les professionnels du b\u00e2timent, les couturi\u00e8res, les tailleurs ou ceux qui recherchent l&#8217;originalit\u00e9.<\/p>\n<p><strong>Caract\u00e9ristiques :<\/strong><\/p>\n<ul>\n<li><strong>Type :<\/strong> Pendentif<\/li>\n<li><strong>Mat\u00e9riau principal :<\/strong> Verre fondu<\/li>\n<li><strong>Couleur principale :<\/strong> Vert fonc\u00e9<\/li>\n<li><strong>Dimensions<\/strong> : Largeur : 3,3cm, hauteur : 4,3cm<\/li>\n<li><strong>D\u00e9tails :<\/strong> \u00c9clats gris et orange fondus, cr\u00e9ant une bulle<\/li>\n<li><strong>Montage :<\/strong> Technique Tiffany, bords meul\u00e9s, serti au cuivre, soud\u00e9 \u00e0 l&#8217;\u00e9tain<\/li>\n<li><strong>Patine :<\/strong> Tons cuivr\u00e9s<\/li>\n<li><strong>Fixation :<\/strong> Anneau fix\u00e9 lors de la fonte entre 2 couches de verre<\/li>\n<li><strong>Breloque :<\/strong> M\u00e9tal argent\u00e9 en forme de m\u00e8tre ruban<\/li>\n<\/ul>\n<p>Ce pendentif en verre fusing vert fonc\u00e9 capte l&#8217;attention avec ses \u00e9clats gris et orange fondus qui forment une bulle unique, ajoutant de la profondeur et de l&#8217;int\u00e9r\u00eat visuel \u00e0 la pi\u00e8ce. Le montage en Tiffany, avec les bords soigneusement meul\u00e9s et sertis de cuivre, puis soud\u00e9s \u00e0 l&#8217;\u00e9tain, ajoute une finition artisanale raffin\u00e9e. La patine dans des tons cuivr\u00e9s rehausse l&#8217;\u00e9clat du verre et conf\u00e8re au pendentif une allure vintage et \u00e9l\u00e9gante.<\/p>\n<p>Un anneau, fix\u00e9 lors de la fonte, permet d&#8217;accrocher une breloque en m\u00e9tal argent\u00e9 en forme de m\u00e8tre ruban, ajoutant une touche d&#8217;originalit\u00e9 et de charme. Cette breloque rend ce pendentif particuli\u00e8rement adapt\u00e9 pour les amateurs de bricolage, les professionnels du b\u00e2timent, les couturi\u00e8res, les tailleurs, ou toute personne appr\u00e9ciant les objets uniques et faits main.<\/p>\n<p>Avec sa combinaison de mat\u00e9riaux de qualit\u00e9 et son design soigneusement pens\u00e9, ce pendentif est une pi\u00e8ce de bijouterie exceptionnelle qui peut \u00eatre port\u00e9e fi\u00e8rement pour ajouter une touche d&#8217;originalit\u00e9 \u00e0 n&#8217;importe quelle tenue.<\/p>\n<p>&nbsp;<\/p>\n","protected":false},"excerpt":{"rendered":"<p>Pendentif fusing vert fonc\u00e9 avec des \u00e9clats gris et orange fondus, cr\u00e9ant une bulle entre les deux. Mont\u00e9 en Tiffany, un anneau fix\u00e9 lors de la fonte a permis d&#8217;accrocher une breloque en m\u00e9tal argent\u00e9 en forme de m\u00e8tre ruban<\/p>\n","protected":false},"featured_media":277,"comment_status":"open","ping_status":"closed","template":"","meta":[],"product_brand":[],"product_cat":[176,182,186,28,187],"product_tag":[36,29,49,194,65,26,27],"class_list":{"0":"post-2071","1":"product","2":"type-product","3":"status-publish","4":"has-post-thumbnail","6":"product_cat-breloque-bijou-verre","7":"product_cat-pendentif-fusing","8":"product_cat-bijou-pendentif-fusing-tiffany","9":"product_cat-pendentif-tiffany","10":"product_cat-bijoux-homme","11":"product_tag-verre-abstrait","12":"product_tag-breloque-metal-pierre","13":"product_tag-fusing-verre","14":"product_tag-metier-breloque-metal","15":"product_tag-millefiori-verre","16":"product_tag-pendentif-verre","17":"product_tag-tiffany-verre","18":"pa_bijou-pendentif","19":"pa_breloque-outils","21":"first","22":"instock","23":"purchasable","24":"product-type-simple"},"_links":{"self":[{"href":"https:\/\/art-bijoux.com\/en\/wp-json\/wp\/v2\/product\/2071","targetHints":{"allow":["GET"]}}],"collection":[{"href":"https:\/\/art-bijoux.com\/en\/wp-json\/wp\/v2\/product"}],"about":[{"href":"https:\/\/art-bijoux.com\/en\/wp-json\/wp\/v2\/types\/product"}],"replies":[{"embeddable":true,"href":"https:\/\/art-bijoux.com\/en\/wp-json\/wp\/v2\/comments?post=2071"}],"version-history":[{"count":0,"href":"https:\/\/art-bijoux.com\/en\/wp-json\/wp\/v2\/product\/2071\/revisions"}],"wp:featuredmedia":[{"embeddable":true,"href":"https:\/\/art-bijoux.com\/en\/wp-json\/wp\/v2\/media\/277"}],"wp:attachment":[{"href":"https:\/\/art-bijoux.com\/en\/wp-json\/wp\/v2\/media?parent=2071"}],"wp:term":[{"taxonomy":"product_brand","embeddable":true,"href":"https:\/\/art-bijoux.com\/en\/wp-json\/wp\/v2\/product_brand?post=2071"},{"taxonomy":"product_cat","embeddable":true,"href":"https:\/\/art-bijoux.com\/en\/wp-json\/wp\/v2\/product_cat?post=2071"},{"taxonomy":"product_tag","embeddable":true,"href":"https:\/\/art-bijoux.com\/en\/wp-json\/wp\/v2\/product_tag?post=2071"}],"curies":[{"name":"wp","href":"https:\/\/api.w.org\/{rel}","templated":true}]}}