{"id":2074,"date":"2024-05-23T13:07:59","date_gmt":"2024-05-23T11:07:59","guid":{"rendered":"https:\/\/art-bijoux.com\/?post_type=product&#038;p=2074"},"modified":"2025-06-15T16:26:15","modified_gmt":"2025-06-15T14:26:15","slug":"bijou-pendentif-verre-transparent-fusing","status":"publish","type":"product","link":"https:\/\/art-bijoux.com\/en\/boutique\/bijou-pendentif-verre-transparent-fusing\/","title":{"rendered":"Bijou en Verre Transparent avec un \u00e9clat blanc et un Bleu"},"content":{"rendered":"<figure id=\"attachment_274\" aria-describedby=\"caption-attachment-274\" style=\"width: 300px\" class=\"wp-caption alignleft\"><img fetchpriority=\"high\" decoding=\"async\" class=\"size-medium wp-image-274\" src=\"https:\/\/art-bijoux.com\/wp-content\/uploads\/2024\/04\/gros-triangle-blanc-croissant-bleu-300x284.webp\" alt=\"Pendentif en verre transparent sur lequel un \u00e9clat blanc et un bleu sont fondus. Une b\u00e9li\u00e8re en m\u00e9tal argent\u00e9e est coll\u00e9e \u00e0 l'arri\u00e8re\" width=\"300\" height=\"284\" srcset=\"https:\/\/art-bijoux.com\/wp-content\/uploads\/2024\/04\/gros-triangle-blanc-croissant-bleu-300x284.webp 300w, https:\/\/art-bijoux.com\/wp-content\/uploads\/2024\/04\/gros-triangle-blanc-croissant-bleu-600x568.webp 600w, https:\/\/art-bijoux.com\/wp-content\/uploads\/2024\/04\/gros-triangle-blanc-croissant-bleu-1024x969.webp 1024w, https:\/\/art-bijoux.com\/wp-content\/uploads\/2024\/04\/gros-triangle-blanc-croissant-bleu-768x727.webp 768w, https:\/\/art-bijoux.com\/wp-content\/uploads\/2024\/04\/gros-triangle-blanc-croissant-bleu-1536x1453.webp 1536w, https:\/\/art-bijoux.com\/wp-content\/uploads\/2024\/04\/gros-triangle-blanc-croissant-bleu.webp 2029w\" sizes=\"(max-width: 300px) 100vw, 300px\" \/><figcaption id=\"caption-attachment-274\" class=\"wp-caption-text\">Pendentif en verre transparent sur lequel un \u00e9clat blanc et un bleu sont fondus. Une b\u00e9li\u00e8re en m\u00e9tal argent\u00e9e est coll\u00e9e \u00e0 l&#8217;arri\u00e8re<\/figcaption><\/figure>\n<p>Ce pendentif unique, parall\u00e9l\u00e9pip\u00e9dique est r\u00e9alis\u00e9 en verre l\u00e9ger et transparent, offrant une vue subtile des v\u00eatements port\u00e9s en dessous et la b\u00e9li\u00e8re coll\u00e9e \u00e0 l&#8217;arri\u00e8re, cr\u00e9ant un effet de superposition unique. Deux \u00e9clats, r\u00e9cup\u00e9r\u00e9s des chutes de verre d&#8217;un grand vitrail, un blanc et un bleu turquoise, ont \u00e9t\u00e9 habilement fondus dans le pendentif. Les \u00e9clats sont de tailles et couleurs vari\u00e9es : un blanc plus gros, un bleu en forme de virgule, formant un motif g\u00e9om\u00e9trique attrayant.<\/p>\n<p>Une b\u00e9li\u00e8re argent\u00e9e, coll\u00e9e \u00e0 l&#8217;arri\u00e8re, permet de porter ce bijou avec une cha\u00eene ou un lacet, ajoutant une touche d&#8217;\u00e9l\u00e9gance discr\u00e8te \u00e0 votre look.<\/p>\n<p><strong>Caract\u00e9ristiques :<\/strong><\/p>\n<ul>\n<li>Forme : Parall\u00e9l\u00e9pip\u00e9dique<\/li>\n<li>Mat\u00e9riau principal : Verre l\u00e9ger et transparent<\/li>\n<li>D\u00e9corations : Deux \u00e9clats fondus ( bleu et blanc)<\/li>\n<li>Technique : Fusing<\/li>\n<li>B\u00e9li\u00e8re : M\u00e9tal argent\u00e9, coll\u00e9e \u00e0 l&#8217;arri\u00e8re<\/li>\n<li><strong>Dimensions<\/strong> : largeur : 3,9cm, hauteur : 3,9cm<\/li>\n<\/ul>\n<p>Ce pendentif parall\u00e9l\u00e9pip\u00e9dique, avec ses \u00e9clats triangulaires color\u00e9s et son design transparent, est une pi\u00e8ce unique qui met en valeur l&#8217;art de la r\u00e9cup\u00e9ration et du recyclage des mat\u00e9riaux de verrerie. Parfait pour ceux qui appr\u00e9cient les bijoux artisanaux et \u00e9cologiques, il apporte une touche moderne et \u00e9l\u00e9gante \u00e0 toute tenue.<\/p>\n<p>&nbsp;<\/p>\n","protected":false},"excerpt":{"rendered":"<p>Pendentif en verre transparent sur lequel un \u00e9clat blanc et un bleu sont fondus. Une b\u00e9li\u00e8re en m\u00e9tal argent\u00e9e est coll\u00e9e \u00e0 l&#8217;arri\u00e8re<\/p>\n","protected":false},"featured_media":274,"comment_status":"open","ping_status":"closed","template":"","meta":[],"product_brand":[],"product_cat":[182],"product_tag":[36,49,26],"class_list":{"0":"post-2074","1":"product","2":"type-product","3":"status-publish","4":"has-post-thumbnail","6":"product_cat-pendentif-fusing","7":"product_tag-verre-abstrait","8":"product_tag-fusing-verre","9":"product_tag-pendentif-verre","10":"pa_bijou-pendentif","12":"first","13":"outofstock","14":"purchasable","15":"product-type-simple"},"yoast_head":"<!-- This site is optimized with the Yoast SEO plugin v27.4 - https:\/\/yoast.com\/product\/yoast-seo-wordpress\/ -->\n<title>Bijou en Verre Transparent avec un \u00e9clat blanc et un Bleu - art-bijoux<\/title>\n<meta name=\"description\" content=\"Pendentif en verre transparent sur lequel un \u00e9clat blanc et un bleu sont fondus. Une b\u00e9li\u00e8re en m\u00e9tal argent\u00e9e est coll\u00e9e \u00e0 l&#039;arri\u00e8re\" \/>\n<meta name=\"robots\" content=\"index, follow, max-snippet:-1, max-image-preview:large, max-video-preview:-1\" \/>\n<link rel=\"canonical\" href=\"https:\/\/art-bijoux.com\/en\/boutique\/bijou-pendentif-verre-transparent-fusing\/\" \/>\n<meta property=\"og:locale\" content=\"en_US\" \/>\n<meta property=\"og:type\" content=\"article\" \/>\n<meta property=\"og:title\" content=\"Bijou en Verre Transparent avec un \u00e9clat blanc et un Bleu - art-bijoux\" \/>\n<meta property=\"og:description\" content=\"Pendentif en verre transparent sur lequel un \u00e9clat blanc et un bleu sont fondus. Une b\u00e9li\u00e8re en m\u00e9tal argent\u00e9e est coll\u00e9e \u00e0 l&#039;arri\u00e8re\" \/>\n<meta property=\"og:url\" content=\"https:\/\/art-bijoux.com\/en\/boutique\/bijou-pendentif-verre-transparent-fusing\/\" \/>\n<meta property=\"og:site_name\" content=\"art-bijoux\" \/>\n<meta property=\"article:modified_time\" content=\"2025-06-15T14:26:15+00:00\" \/>\n<meta property=\"og:image\" content=\"https:\/\/art-bijoux.com\/wp-content\/uploads\/2024\/04\/gros-triangle-blanc-croissant-bleu.webp\" \/>\n\t<meta property=\"og:image:width\" content=\"2029\" \/>\n\t<meta property=\"og:image:height\" content=\"1920\" \/>\n\t<meta property=\"og:image:type\" content=\"image\/webp\" \/>\n<meta name=\"twitter:card\" content=\"summary_large_image\" \/>\n<meta name=\"twitter:label1\" content=\"Est. reading time\" \/>\n\t<meta name=\"twitter:data1\" content=\"2 minutes\" \/>\n<script type=\"application\/ld+json\" class=\"yoast-schema-graph\">{\"@context\":\"https:\\\/\\\/schema.org\",\"@graph\":[{\"@type\":\"WebPage\",\"@id\":\"https:\\\/\\\/art-bijoux.com\\\/en\\\/boutique\\\/bijou-pendentif-verre-transparent-fusing\\\/\",\"url\":\"https:\\\/\\\/art-bijoux.com\\\/en\\\/boutique\\\/bijou-pendentif-verre-transparent-fusing\\\/\",\"name\":\"Bijou en Verre Transparent avec un \u00e9clat blanc et un Bleu - art-bijoux\",\"isPartOf\":{\"@id\":\"https:\\\/\\\/art-bijoux.com\\\/en\\\/#website\"},\"primaryImageOfPage\":{\"@id\":\"https:\\\/\\\/art-bijoux.com\\\/en\\\/boutique\\\/bijou-pendentif-verre-transparent-fusing\\\/#primaryimage\"},\"image\":{\"@id\":\"https:\\\/\\\/art-bijoux.com\\\/en\\\/boutique\\\/bijou-pendentif-verre-transparent-fusing\\\/#primaryimage\"},\"thumbnailUrl\":\"https:\\\/\\\/art-bijoux.com\\\/wp-content\\\/uploads\\\/2024\\\/04\\\/gros-triangle-blanc-croissant-bleu.webp\",\"datePublished\":\"2024-05-23T11:07:59+00:00\",\"dateModified\":\"2025-06-15T14:26:15+00:00\",\"description\":\"Pendentif en verre transparent sur lequel un \u00e9clat blanc et un bleu sont fondus. Une b\u00e9li\u00e8re en m\u00e9tal argent\u00e9e est coll\u00e9e \u00e0 l'arri\u00e8re\",\"breadcrumb\":{\"@id\":\"https:\\\/\\\/art-bijoux.com\\\/en\\\/boutique\\\/bijou-pendentif-verre-transparent-fusing\\\/#breadcrumb\"},\"inLanguage\":\"en-US\",\"potentialAction\":[{\"@type\":\"ReadAction\",\"target\":[\"https:\\\/\\\/art-bijoux.com\\\/en\\\/boutique\\\/bijou-pendentif-verre-transparent-fusing\\\/\"]}]},{\"@type\":\"ImageObject\",\"inLanguage\":\"en-US\",\"@id\":\"https:\\\/\\\/art-bijoux.com\\\/en\\\/boutique\\\/bijou-pendentif-verre-transparent-fusing\\\/#primaryimage\",\"url\":\"https:\\\/\\\/art-bijoux.com\\\/wp-content\\\/uploads\\\/2024\\\/04\\\/gros-triangle-blanc-croissant-bleu.webp\",\"contentUrl\":\"https:\\\/\\\/art-bijoux.com\\\/wp-content\\\/uploads\\\/2024\\\/04\\\/gros-triangle-blanc-croissant-bleu.webp\",\"width\":2029,\"height\":1920,\"caption\":\"Pendentif en verre transparent sur lequel un \u00e9clat blanc et un bleu sont fondus. Une b\u00e9li\u00e8re en m\u00e9tal argent\u00e9e est coll\u00e9e \u00e0 l'arri\u00e8re\"},{\"@type\":\"BreadcrumbList\",\"@id\":\"https:\\\/\\\/art-bijoux.com\\\/en\\\/boutique\\\/bijou-pendentif-verre-transparent-fusing\\\/#breadcrumb\",\"itemListElement\":[{\"@type\":\"ListItem\",\"position\":1,\"name\":\"Accueil\",\"item\":\"https:\\\/\\\/art-bijoux.com\\\/en\\\/home\\\/\"},{\"@type\":\"ListItem\",\"position\":2,\"name\":\"Shop\",\"item\":\"https:\\\/\\\/art-bijoux.com\\\/en\\\/shop\\\/\"},{\"@type\":\"ListItem\",\"position\":3,\"name\":\"Bijou en Verre Transparent avec un \u00e9clat blanc et un Bleu\"}]},{\"@type\":\"WebSite\",\"@id\":\"https:\\\/\\\/art-bijoux.com\\\/en\\\/#website\",\"url\":\"https:\\\/\\\/art-bijoux.com\\\/en\\\/\",\"name\":\"art-bijoux\",\"description\":\"Osez porter \\\/ offrir un vitrail unique \u00e0 prix abordable\",\"publisher\":{\"@id\":\"https:\\\/\\\/art-bijoux.com\\\/en\\\/#organization\"},\"potentialAction\":[{\"@type\":\"SearchAction\",\"target\":{\"@type\":\"EntryPoint\",\"urlTemplate\":\"https:\\\/\\\/art-bijoux.com\\\/en\\\/?s={search_term_string}\"},\"query-input\":{\"@type\":\"PropertyValueSpecification\",\"valueRequired\":true,\"valueName\":\"search_term_string\"}}],\"inLanguage\":\"en-US\"},{\"@type\":\"Organization\",\"@id\":\"https:\\\/\\\/art-bijoux.com\\\/en\\\/#organization\",\"name\":\"art-bijoux\",\"url\":\"https:\\\/\\\/art-bijoux.com\\\/en\\\/\",\"logo\":{\"@type\":\"ImageObject\",\"inLanguage\":\"en-US\",\"@id\":\"https:\\\/\\\/art-bijoux.com\\\/en\\\/#\\\/schema\\\/logo\\\/image\\\/\",\"url\":\"https:\\\/\\\/art-bijoux.com\\\/wp-content\\\/uploads\\\/2024\\\/06\\\/Art-Bijoux-Logo-Small.png\",\"contentUrl\":\"https:\\\/\\\/art-bijoux.com\\\/wp-content\\\/uploads\\\/2024\\\/06\\\/Art-Bijoux-Logo-Small.png\",\"width\":722,\"height\":137,\"caption\":\"art-bijoux\"},\"image\":{\"@id\":\"https:\\\/\\\/art-bijoux.com\\\/en\\\/#\\\/schema\\\/logo\\\/image\\\/\"}}]}<\/script>\n<!-- \/ Yoast SEO plugin. -->","yoast_head_json":{"title":"Bijou en Verre Transparent avec un \u00e9clat blanc et un Bleu - art-bijoux","description":"Pendentif en verre transparent sur lequel un \u00e9clat blanc et un bleu sont fondus. Une b\u00e9li\u00e8re en m\u00e9tal argent\u00e9e est coll\u00e9e \u00e0 l'arri\u00e8re","robots":{"index":"index","follow":"follow","max-snippet":"max-snippet:-1","max-image-preview":"max-image-preview:large","max-video-preview":"max-video-preview:-1"},"canonical":"https:\/\/art-bijoux.com\/en\/boutique\/bijou-pendentif-verre-transparent-fusing\/","og_locale":"en_US","og_type":"article","og_title":"Bijou en Verre Transparent avec un \u00e9clat blanc et un Bleu - art-bijoux","og_description":"Pendentif en verre transparent sur lequel un \u00e9clat blanc et un bleu sont fondus. Une b\u00e9li\u00e8re en m\u00e9tal argent\u00e9e est coll\u00e9e \u00e0 l'arri\u00e8re","og_url":"https:\/\/art-bijoux.com\/en\/boutique\/bijou-pendentif-verre-transparent-fusing\/","og_site_name":"art-bijoux","article_modified_time":"2025-06-15T14:26:15+00:00","og_image":[{"width":2029,"height":1920,"url":"https:\/\/art-bijoux.com\/wp-content\/uploads\/2024\/04\/gros-triangle-blanc-croissant-bleu.webp","type":"image\/webp"}],"twitter_card":"summary_large_image","twitter_misc":{"Est. reading time":"2 minutes"},"schema":{"@context":"https:\/\/schema.org","@graph":[{"@type":"WebPage","@id":"https:\/\/art-bijoux.com\/en\/boutique\/bijou-pendentif-verre-transparent-fusing\/","url":"https:\/\/art-bijoux.com\/en\/boutique\/bijou-pendentif-verre-transparent-fusing\/","name":"Bijou en Verre Transparent avec un \u00e9clat blanc et un Bleu - art-bijoux","isPartOf":{"@id":"https:\/\/art-bijoux.com\/en\/#website"},"primaryImageOfPage":{"@id":"https:\/\/art-bijoux.com\/en\/boutique\/bijou-pendentif-verre-transparent-fusing\/#primaryimage"},"image":{"@id":"https:\/\/art-bijoux.com\/en\/boutique\/bijou-pendentif-verre-transparent-fusing\/#primaryimage"},"thumbnailUrl":"https:\/\/art-bijoux.com\/wp-content\/uploads\/2024\/04\/gros-triangle-blanc-croissant-bleu.webp","datePublished":"2024-05-23T11:07:59+00:00","dateModified":"2025-06-15T14:26:15+00:00","description":"Pendentif en verre transparent sur lequel un \u00e9clat blanc et un bleu sont fondus. Une b\u00e9li\u00e8re en m\u00e9tal argent\u00e9e est coll\u00e9e \u00e0 l'arri\u00e8re","breadcrumb":{"@id":"https:\/\/art-bijoux.com\/en\/boutique\/bijou-pendentif-verre-transparent-fusing\/#breadcrumb"},"inLanguage":"en-US","potentialAction":[{"@type":"ReadAction","target":["https:\/\/art-bijoux.com\/en\/boutique\/bijou-pendentif-verre-transparent-fusing\/"]}]},{"@type":"ImageObject","inLanguage":"en-US","@id":"https:\/\/art-bijoux.com\/en\/boutique\/bijou-pendentif-verre-transparent-fusing\/#primaryimage","url":"https:\/\/art-bijoux.com\/wp-content\/uploads\/2024\/04\/gros-triangle-blanc-croissant-bleu.webp","contentUrl":"https:\/\/art-bijoux.com\/wp-content\/uploads\/2024\/04\/gros-triangle-blanc-croissant-bleu.webp","width":2029,"height":1920,"caption":"Pendentif en verre transparent sur lequel un \u00e9clat blanc et un bleu sont fondus. Une b\u00e9li\u00e8re en m\u00e9tal argent\u00e9e est coll\u00e9e \u00e0 l'arri\u00e8re"},{"@type":"BreadcrumbList","@id":"https:\/\/art-bijoux.com\/en\/boutique\/bijou-pendentif-verre-transparent-fusing\/#breadcrumb","itemListElement":[{"@type":"ListItem","position":1,"name":"Accueil","item":"https:\/\/art-bijoux.com\/en\/home\/"},{"@type":"ListItem","position":2,"name":"Shop","item":"https:\/\/art-bijoux.com\/en\/shop\/"},{"@type":"ListItem","position":3,"name":"Bijou en Verre Transparent avec un \u00e9clat blanc et un Bleu"}]},{"@type":"WebSite","@id":"https:\/\/art-bijoux.com\/en\/#website","url":"https:\/\/art-bijoux.com\/en\/","name":"art-bijoux","description":"Osez porter \/ offrir un vitrail unique \u00e0 prix abordable","publisher":{"@id":"https:\/\/art-bijoux.com\/en\/#organization"},"potentialAction":[{"@type":"SearchAction","target":{"@type":"EntryPoint","urlTemplate":"https:\/\/art-bijoux.com\/en\/?s={search_term_string}"},"query-input":{"@type":"PropertyValueSpecification","valueRequired":true,"valueName":"search_term_string"}}],"inLanguage":"en-US"},{"@type":"Organization","@id":"https:\/\/art-bijoux.com\/en\/#organization","name":"art-bijoux","url":"https:\/\/art-bijoux.com\/en\/","logo":{"@type":"ImageObject","inLanguage":"en-US","@id":"https:\/\/art-bijoux.com\/en\/#\/schema\/logo\/image\/","url":"https:\/\/art-bijoux.com\/wp-content\/uploads\/2024\/06\/Art-Bijoux-Logo-Small.png","contentUrl":"https:\/\/art-bijoux.com\/wp-content\/uploads\/2024\/06\/Art-Bijoux-Logo-Small.png","width":722,"height":137,"caption":"art-bijoux"},"image":{"@id":"https:\/\/art-bijoux.com\/en\/#\/schema\/logo\/image\/"}}]}},"_links":{"self":[{"href":"https:\/\/art-bijoux.com\/en\/wp-json\/wp\/v2\/product\/2074","targetHints":{"allow":["GET"]}}],"collection":[{"href":"https:\/\/art-bijoux.com\/en\/wp-json\/wp\/v2\/product"}],"about":[{"href":"https:\/\/art-bijoux.com\/en\/wp-json\/wp\/v2\/types\/product"}],"replies":[{"embeddable":true,"href":"https:\/\/art-bijoux.com\/en\/wp-json\/wp\/v2\/comments?post=2074"}],"version-history":[{"count":0,"href":"https:\/\/art-bijoux.com\/en\/wp-json\/wp\/v2\/product\/2074\/revisions"}],"wp:featuredmedia":[{"embeddable":true,"href":"https:\/\/art-bijoux.com\/en\/wp-json\/wp\/v2\/media\/274"}],"wp:attachment":[{"href":"https:\/\/art-bijoux.com\/en\/wp-json\/wp\/v2\/media?parent=2074"}],"wp:term":[{"taxonomy":"product_brand","embeddable":true,"href":"https:\/\/art-bijoux.com\/en\/wp-json\/wp\/v2\/product_brand?post=2074"},{"taxonomy":"product_cat","embeddable":true,"href":"https:\/\/art-bijoux.com\/en\/wp-json\/wp\/v2\/product_cat?post=2074"},{"taxonomy":"product_tag","embeddable":true,"href":"https:\/\/art-bijoux.com\/en\/wp-json\/wp\/v2\/product_tag?post=2074"}],"curies":[{"name":"wp","href":"https:\/\/api.w.org\/{rel}","templated":true}]}}