{"id":2075,"date":"2024-05-23T13:20:17","date_gmt":"2024-05-23T11:20:17","guid":{"rendered":"https:\/\/art-bijoux.com\/?post_type=product&#038;p=2075"},"modified":"2025-03-26T10:49:17","modified_gmt":"2025-03-26T09:49:17","slug":"pendentif-quadrilatere-en-verre-transparent-avec-un-eclat-bleu","status":"publish","type":"product","link":"https:\/\/art-bijoux.com\/en\/boutique\/pendentif-quadrilatere-en-verre-transparent-avec-un-eclat-bleu\/","title":{"rendered":"Pendentif Quadrilat\u00e8re en Verre Transparent avec un \u00e9clat Bleu"},"content":{"rendered":"<figure id=\"attachment_273\" aria-describedby=\"caption-attachment-273\" style=\"width: 219px\" class=\"wp-caption alignleft\"><img fetchpriority=\"high\" decoding=\"async\" class=\"size-medium wp-image-273\" src=\"https:\/\/art-bijoux.com\/wp-content\/uploads\/2024\/04\/gros-trapeze-bleu-219x300.webp\" alt=\"Pendentif en verre transparent avec un important \u00e9clat bleu fondu \u00e0 la surface. Une b\u00e9li\u00e8re coll\u00e9e \u00e0 l'arri\u00e8re.\" width=\"219\" height=\"300\" srcset=\"https:\/\/art-bijoux.com\/wp-content\/uploads\/2024\/04\/gros-trapeze-bleu-219x300.webp 219w, https:\/\/art-bijoux.com\/wp-content\/uploads\/2024\/04\/gros-trapeze-bleu-600x822.webp 600w, https:\/\/art-bijoux.com\/wp-content\/uploads\/2024\/04\/gros-trapeze-bleu-747x1024.webp 747w, https:\/\/art-bijoux.com\/wp-content\/uploads\/2024\/04\/gros-trapeze-bleu-768x1053.webp 768w, https:\/\/art-bijoux.com\/wp-content\/uploads\/2024\/04\/gros-trapeze-bleu-1121x1536.webp 1121w, https:\/\/art-bijoux.com\/wp-content\/uploads\/2024\/04\/gros-trapeze-bleu.webp 1401w\" sizes=\"(max-width: 219px) 100vw, 219px\" \/><figcaption id=\"caption-attachment-273\" class=\"wp-caption-text\">Pendentif en verre transparent avec un important \u00e9clat bleu fondu \u00e0 la surface. Une b\u00e9li\u00e8re coll\u00e9e \u00e0 l&#8217;arri\u00e8re.<\/figcaption><\/figure>\n<p>Ce pendentif parall\u00e9l\u00e9pip\u00e9dique est r\u00e9alis\u00e9 en verre l\u00e9ger et transparent, offrant une vue subtile des v\u00eatements port\u00e9s en dessous, cr\u00e9ant un effet de superposition unique. Un \u00e9clats bleu de France, cons\u00e9quent, occupant presque toute la surface, a \u00e9t\u00e9 r\u00e9cup\u00e9r\u00e9 parmi les chutes de verre d&#8217;un grand vitrail &#8220;Cheval lusitanien&#8221;. Il a \u00e9t\u00e9 habilement fondu dans le pendentif, formant un motif g\u00e9om\u00e9trique attrayant.<\/p>\n<p>Une b\u00e9li\u00e8re argent\u00e9e, coll\u00e9e \u00e0 l&#8217;arri\u00e8re, permet de porter ce bijou avec une cha\u00eene ou un lacet, ajoutant une touche d&#8217;\u00e9l\u00e9gance discr\u00e8te \u00e0 votre look.<\/p>\n<p><strong>Caract\u00e9ristiques :<\/strong><\/p>\n<ul>\n<li>Forme : Rectangulaire<\/li>\n<li>Mat\u00e9riau principal : Verre l\u00e9ger et transparent<\/li>\n<li>D\u00e9corations : Trois \u00e9clats triangulaires fondus (rouge, bleu, et transparent)<\/li>\n<li>Technique : Fusing<\/li>\n<li>B\u00e9li\u00e8re : M\u00e9tal argent\u00e9, coll\u00e9e \u00e0 l&#8217;arri\u00e8re<\/li>\n<li>Dimensions : largeur : 3cm, hauteur : 4,2cm<\/li>\n<\/ul>\n<p>Ce pendentif rectangulaire, avec son \u00e9clat bleu profond et son design transparent, est une pi\u00e8ce unique qui met en valeur l&#8217;art de la r\u00e9cup\u00e9ration et du recyclage des mat\u00e9riaux de verrerie. Parfait pour ceux qui appr\u00e9cient les bijoux artisanaux et \u00e9cologiques, il apporte une touche moderne et \u00e9l\u00e9gante \u00e0 toute tenue.<\/p>\n<p>L&#8217;\u00e9clat a \u00e9t\u00e9 r\u00e9cup\u00e9r\u00e9 dans les chute du fond des 2 vitraux d\u00e9di\u00e9s aux chevaux lusitaniens :<\/p>\n<figure id=\"attachment_126\" aria-describedby=\"caption-attachment-126\" style=\"width: 225px\" class=\"wp-caption alignleft\"><img decoding=\"async\" class=\"size-medium wp-image-126\" src=\"https:\/\/art-bijoux.com\/wp-content\/uploads\/2024\/04\/Vitrail-Cheval-lusithanien-gris-gros-plan-225x300.webp\" alt=\"Cheval lusitanien gris peint \u00e0 la grisaille\" width=\"225\" height=\"300\" srcset=\"https:\/\/art-bijoux.com\/wp-content\/uploads\/2024\/04\/Vitrail-Cheval-lusithanien-gris-gros-plan-225x300.webp 225w, https:\/\/art-bijoux.com\/wp-content\/uploads\/2024\/04\/Vitrail-Cheval-lusithanien-gris-gros-plan-600x799.webp 600w, https:\/\/art-bijoux.com\/wp-content\/uploads\/2024\/04\/Vitrail-Cheval-lusithanien-gris-gros-plan-300x400.webp 300w, https:\/\/art-bijoux.com\/wp-content\/uploads\/2024\/04\/Vitrail-Cheval-lusithanien-gris-gros-plan-769x1024.webp 769w, https:\/\/art-bijoux.com\/wp-content\/uploads\/2024\/04\/Vitrail-Cheval-lusithanien-gris-gros-plan-768x1023.webp 768w, https:\/\/art-bijoux.com\/wp-content\/uploads\/2024\/04\/Vitrail-Cheval-lusithanien-gris-gros-plan-1153x1536.webp 1153w, https:\/\/art-bijoux.com\/wp-content\/uploads\/2024\/04\/Vitrail-Cheval-lusithanien-gris-gros-plan.webp 1441w\" sizes=\"(max-width: 225px) 100vw, 225px\" \/><figcaption id=\"caption-attachment-126\" class=\"wp-caption-text\">Cheval lusitanien gris peint \u00e0 la grisaille<\/figcaption><\/figure>\n<p>&nbsp;<\/p>\n<p>&nbsp;<\/p>\n","protected":false},"excerpt":{"rendered":"<p>Pendentif en verre transparent avec un important \u00e9clat bleu fondu \u00e0 la surface. Une b\u00e9li\u00e8re coll\u00e9e \u00e0 l&#8217;arri\u00e8re.<\/p>\n","protected":false},"featured_media":273,"comment_status":"open","ping_status":"closed","template":"","meta":[],"product_brand":[],"product_cat":[28],"product_tag":[36,49,26],"class_list":{"0":"post-2075","1":"product","2":"type-product","3":"status-publish","4":"has-post-thumbnail","6":"product_cat-pendentif-tiffany","7":"product_tag-verre-abstrait","8":"product_tag-fusing-verre","9":"product_tag-pendentif-verre","10":"pa_bijou-pendentif","12":"first","13":"outofstock","14":"purchasable","15":"product-type-simple"},"_links":{"self":[{"href":"https:\/\/art-bijoux.com\/en\/wp-json\/wp\/v2\/product\/2075","targetHints":{"allow":["GET"]}}],"collection":[{"href":"https:\/\/art-bijoux.com\/en\/wp-json\/wp\/v2\/product"}],"about":[{"href":"https:\/\/art-bijoux.com\/en\/wp-json\/wp\/v2\/types\/product"}],"replies":[{"embeddable":true,"href":"https:\/\/art-bijoux.com\/en\/wp-json\/wp\/v2\/comments?post=2075"}],"version-history":[{"count":0,"href":"https:\/\/art-bijoux.com\/en\/wp-json\/wp\/v2\/product\/2075\/revisions"}],"wp:featuredmedia":[{"embeddable":true,"href":"https:\/\/art-bijoux.com\/en\/wp-json\/wp\/v2\/media\/273"}],"wp:attachment":[{"href":"https:\/\/art-bijoux.com\/en\/wp-json\/wp\/v2\/media?parent=2075"}],"wp:term":[{"taxonomy":"product_brand","embeddable":true,"href":"https:\/\/art-bijoux.com\/en\/wp-json\/wp\/v2\/product_brand?post=2075"},{"taxonomy":"product_cat","embeddable":true,"href":"https:\/\/art-bijoux.com\/en\/wp-json\/wp\/v2\/product_cat?post=2075"},{"taxonomy":"product_tag","embeddable":true,"href":"https:\/\/art-bijoux.com\/en\/wp-json\/wp\/v2\/product_tag?post=2075"}],"curies":[{"name":"wp","href":"https:\/\/api.w.org\/{rel}","templated":true}]}}