{"id":2078,"date":"2024-05-23T13:45:26","date_gmt":"2024-05-23T11:45:26","guid":{"rendered":"https:\/\/art-bijoux.com\/?post_type=product&#038;p=2078"},"modified":"2024-05-23T13:46:21","modified_gmt":"2024-05-23T11:46:21","slug":"bijou-pendentif-verre-transparent-bleu-rouge-fusing-tiffany","status":"publish","type":"product","link":"https:\/\/art-bijoux.com\/en\/boutique\/bijou-pendentif-verre-transparent-bleu-rouge-fusing-tiffany\/","title":{"rendered":"Pendentif Losange en Verres transparent, Bleu et Rouge fondu, Mont\u00e9 en Tiffany"},"content":{"rendered":"<figure id=\"attachment_269\" aria-describedby=\"caption-attachment-269\" style=\"width: 183px\" class=\"wp-caption alignleft\"><img fetchpriority=\"high\" decoding=\"async\" class=\"size-medium wp-image-269\" src=\"https:\/\/art-bijoux.com\/wp-content\/uploads\/2024\/04\/fondu-losange-rouge-bleu-183x300.webp\" alt=\"Pendentif en forme de losange irr\u00e9gulier, en verre transparent, avec une lame rouge encadr\u00e9e de 2 \u00e9clats bleus fondus \u00e0 la surface, mont\u00e9 en Tiffany\" width=\"183\" height=\"300\" srcset=\"https:\/\/art-bijoux.com\/wp-content\/uploads\/2024\/04\/fondu-losange-rouge-bleu-183x300.webp 183w, https:\/\/art-bijoux.com\/wp-content\/uploads\/2024\/04\/fondu-losange-rouge-bleu-600x986.webp 600w, https:\/\/art-bijoux.com\/wp-content\/uploads\/2024\/04\/fondu-losange-rouge-bleu-623x1024.webp 623w, https:\/\/art-bijoux.com\/wp-content\/uploads\/2024\/04\/fondu-losange-rouge-bleu-768x1262.webp 768w, https:\/\/art-bijoux.com\/wp-content\/uploads\/2024\/04\/fondu-losange-rouge-bleu-934x1536.webp 934w, https:\/\/art-bijoux.com\/wp-content\/uploads\/2024\/04\/fondu-losange-rouge-bleu.webp 1168w\" sizes=\"(max-width: 183px) 100vw, 183px\" \/><figcaption id=\"caption-attachment-269\" class=\"wp-caption-text\">Pendentif en forme de losange irr\u00e9gulier, en verre transparent, avec une lame rouge encadr\u00e9e de 2 \u00e9clats bleus fondus \u00e0 la surface, mont\u00e9 en Tiffany<\/figcaption><\/figure>\n<p>Ce pendentif unique arbore une forme de losange irr\u00e9gulier aux bords galb\u00e9s, fabriqu\u00e9 en verre transparent de 5 mm d&#8217;\u00e9paisseur. Sur la surface, deux \u00e9clats de verre bleu encadrent harmonieusement une lame rouge, cr\u00e9ant un contraste moderne et captivant.<\/p>\n<p><strong>Caract\u00e9ristiques :<\/strong><\/p>\n<ul>\n<li><strong>Type :<\/strong> Pendentif<\/li>\n<li><strong>Forme :<\/strong> Losange irr\u00e9gulier aux bords galb\u00e9s<\/li>\n<li><strong>Dimensions :<\/strong> Largeur : 2,4cm, hauteur : 5,4cm, \u00e9paisseur : 0,5 cm<\/li>\n<li><strong>Mat\u00e9riau principal :<\/strong> Verre transparent de 5 mm d&#8217;\u00e9paisseur<\/li>\n<li><strong>D\u00e9tails :<\/strong> Deux \u00e9clats de verre bleu et une lame rouge fondus sur la surface<\/li>\n<li><strong>Montage :<\/strong> Technique Tiffany\n<ul>\n<li><strong>Bords :<\/strong> Meul\u00e9s, sertis au cuivre, soud\u00e9s \u00e0 l\u2019\u00e9tain<\/li>\n<li><strong>Patine :<\/strong> Nuances cuivr\u00e9es chaleureuses, donnant un aspect ancien<\/li>\n<\/ul>\n<\/li>\n<li><strong>B\u00e9li\u00e8re :<\/strong> M\u00e9tal cuivr\u00e9, solidement soud\u00e9e \u00e0 l&#8217;arri\u00e8re<\/li>\n<li><strong>Suspension :<\/strong> Permet de passer une cha\u00eene ou un lacet<\/li>\n<\/ul>\n<p>Ce pendentif se distingue par la combinaison de modernit\u00e9 et de tradition, avec des \u00e9clats de verre bleu et une lame rouge fondus sur une base de verre transparent. La technique Tiffany a \u00e9t\u00e9 utilis\u00e9e pour monter cette pi\u00e8ce, garantissant des finitions de haute qualit\u00e9. Les bords ont \u00e9t\u00e9 soigneusement meul\u00e9s, sertis au cuivre et soud\u00e9s \u00e0 l&#8217;\u00e9tain, puis patin\u00e9s dans des nuances cuivr\u00e9es qui conf\u00e8rent \u00e0 l&#8217;ensemble un aspect ancien et chaleureux.<\/p>\n<p>La petite b\u00e9li\u00e8re cuivr\u00e9e, solidement soud\u00e9e \u00e0 l&#8217;arri\u00e8re, permet de suspendre le pendentif \u00e0 une cha\u00eene ou \u00e0 un lacet, offrant une grande polyvalence de port. Ce bijou allie l&#8217;esth\u00e9tique moderne de la fusion \u00e0 la riche tradition du vitrail, faisant de lui une pi\u00e8ce \u00e0 la fois contemporaine et intemporelle.<\/p>\n<p>&nbsp;<\/p>\n","protected":false},"excerpt":{"rendered":"<p>Pendentif en forme de losange irr\u00e9gulier, en verre transparent, avec une lame rouge encadr\u00e9e de 2 \u00e9clats bleus fondus \u00e0 la surface, mont\u00e9 en Tiffany<\/p>\n","protected":false},"featured_media":269,"comment_status":"open","ping_status":"closed","template":"","meta":[],"product_brand":[],"product_cat":[182,186,28],"product_tag":[36,49,26,27],"class_list":{"0":"post-2078","1":"product","2":"type-product","3":"status-publish","4":"has-post-thumbnail","6":"product_cat-pendentif-fusing","7":"product_cat-bijou-pendentif-fusing-tiffany","8":"product_cat-pendentif-tiffany","9":"product_tag-verre-abstrait","10":"product_tag-fusing-verre","11":"product_tag-pendentif-verre","12":"product_tag-tiffany-verre","13":"pa_bijou-pendentif","15":"first","16":"instock","17":"purchasable","18":"product-type-simple"},"_links":{"self":[{"href":"https:\/\/art-bijoux.com\/en\/wp-json\/wp\/v2\/product\/2078","targetHints":{"allow":["GET"]}}],"collection":[{"href":"https:\/\/art-bijoux.com\/en\/wp-json\/wp\/v2\/product"}],"about":[{"href":"https:\/\/art-bijoux.com\/en\/wp-json\/wp\/v2\/types\/product"}],"replies":[{"embeddable":true,"href":"https:\/\/art-bijoux.com\/en\/wp-json\/wp\/v2\/comments?post=2078"}],"version-history":[{"count":0,"href":"https:\/\/art-bijoux.com\/en\/wp-json\/wp\/v2\/product\/2078\/revisions"}],"wp:featuredmedia":[{"embeddable":true,"href":"https:\/\/art-bijoux.com\/en\/wp-json\/wp\/v2\/media\/269"}],"wp:attachment":[{"href":"https:\/\/art-bijoux.com\/en\/wp-json\/wp\/v2\/media?parent=2078"}],"wp:term":[{"taxonomy":"product_brand","embeddable":true,"href":"https:\/\/art-bijoux.com\/en\/wp-json\/wp\/v2\/product_brand?post=2078"},{"taxonomy":"product_cat","embeddable":true,"href":"https:\/\/art-bijoux.com\/en\/wp-json\/wp\/v2\/product_cat?post=2078"},{"taxonomy":"product_tag","embeddable":true,"href":"https:\/\/art-bijoux.com\/en\/wp-json\/wp\/v2\/product_tag?post=2078"}],"curies":[{"name":"wp","href":"https:\/\/api.w.org\/{rel}","templated":true}]}}