{"id":2079,"date":"2024-05-23T14:00:20","date_gmt":"2024-05-23T12:00:20","guid":{"rendered":"https:\/\/art-bijoux.com\/?post_type=product&#038;p=2079"},"modified":"2026-03-12T16:41:25","modified_gmt":"2026-03-12T15:41:25","slug":"pendentif-verre-transparent-vert-rose-fusin-tiffany","status":"publish","type":"product","link":"https:\/\/art-bijoux.com\/en\/boutique\/pendentif-verre-transparent-vert-rose-fusin-tiffany\/","title":{"rendered":"Pendentif Unique en Verre avec \u00c9clats Rose et Vert P\u00e2le, Mont\u00e9 en Tiffany"},"content":{"rendered":"<figure id=\"attachment_268\" aria-describedby=\"caption-attachment-268\" style=\"width: 215px\" class=\"wp-caption alignleft\"><img fetchpriority=\"high\" decoding=\"async\" class=\"size-medium wp-image-268\" src=\"https:\/\/art-bijoux.com\/wp-content\/uploads\/2024\/04\/fondu-bleu-rose-215x300.webp\" alt=\"Pendentif de forme irr\u00e9guli\u00e8re en verre transparent, avec un \u00e9clat rose et un verre p\u00e2le fondus, occupant toute la surface, mont\u00e9 en Tiffany\" width=\"215\" height=\"300\" srcset=\"https:\/\/art-bijoux.com\/wp-content\/uploads\/2024\/04\/fondu-bleu-rose-215x300.webp 215w, https:\/\/art-bijoux.com\/wp-content\/uploads\/2024\/04\/fondu-bleu-rose-600x838.webp 600w, https:\/\/art-bijoux.com\/wp-content\/uploads\/2024\/04\/fondu-bleu-rose-733x1024.webp 733w, https:\/\/art-bijoux.com\/wp-content\/uploads\/2024\/04\/fondu-bleu-rose-768x1073.webp 768w, https:\/\/art-bijoux.com\/wp-content\/uploads\/2024\/04\/fondu-bleu-rose-1099x1536.webp 1099w, https:\/\/art-bijoux.com\/wp-content\/uploads\/2024\/04\/fondu-bleu-rose.webp 1374w\" sizes=\"(max-width: 215px) 100vw, 215px\" \/><figcaption id=\"caption-attachment-268\" class=\"wp-caption-text\">Pendentif de forme irr\u00e9guli\u00e8re en verre transparent, avec un \u00e9clat rose et un verre p\u00e2le fondus, occupant toute la surface, mont\u00e9 en Tiffany<\/figcaption><\/figure>\n<p>Ce pendentif est destin\u00e9 aux personnes r\u00e9silientes qui affichent les marques de leur histoire avec fiert\u00e9 : c&#8217;est une pi\u00e8ce unique et inimitable, n\u00e9 de la casse d&#8217;un vitrail lors de la cuisson, portant encore les marques de son histoire. Sa forme irr\u00e9guli\u00e8re, mi-cercle, mi-carr\u00e9, est accentu\u00e9e par des \u00e9raflures \u00e0 l&#8217;arri\u00e8re et \u00e0 la surface, semblables \u00e0 des cicatrices, qui ajoutent une touche de caract\u00e8re.<\/p>\n<p><strong>Caract\u00e9ristiques :<\/strong><\/p>\n<ul>\n<li><strong>Type :<\/strong> Pendentif<\/li>\n<li><strong>Forme :<\/strong> Irr\u00e9guli\u00e8re, mi-cercle, mi-carr\u00e9<\/li>\n<li><strong>Mat\u00e9riau principal :<\/strong> Verre avec des \u00e9raflures t\u00e9moignant de sa casse, mais tr\u00e8s solide<\/li>\n<li><strong>D\u00e9tails :<\/strong> Deux \u00e9clats de verre, rose et vert p\u00e2le, occupant toute la surface<\/li>\n<li><strong>Montage :<\/strong> Technique Tiffany\n<ul>\n<li><strong>Bords :<\/strong> Meul\u00e9s, sertis au cuivre, soud\u00e9s \u00e0 l\u2019\u00e9tain<\/li>\n<li><strong>Patine :<\/strong> Nuances cuivr\u00e9es et gris mat, cr\u00e9ant un contraste visuel<\/li>\n<\/ul>\n<\/li>\n<li><strong>B\u00e9li\u00e8re :<\/strong> Solide, soud\u00e9e \u00e0 l&#8217;arri\u00e8re<\/li>\n<\/ul>\n<p>Ce pendentif se distingue par son histoire et son caract\u00e8re unique. N\u00e9 d&#8217;un accident de cuisson, il porte fi\u00e8rement les cicatrices de sa cr\u00e9ation avec des \u00e9raflures \u00e0 l&#8217;arri\u00e8re et \u00e0 la surface. Sa forme irr\u00e9guli\u00e8re, alliant les courbes d&#8217;un demi-cercle \u00e0 la rigueur d&#8217;un carr\u00e9, est magnifi\u00e9e par les \u00e9clats de verre rose et vert p\u00e2le transparents qui couvrent toute la surface.<\/p>\n<p>Mont\u00e9 selon la technique Tiffany, ce bijou pr\u00e9sente des bords soigneusement meul\u00e9s, sertis au cuivre et soud\u00e9s \u00e0 l&#8217;\u00e9tain, puis patin\u00e9s dans des nuances cuivr\u00e9es et gris mat. Cette combinaison de techniques et de finitions cr\u00e9e un contraste visuel saisissant, rehaussant l&#8217;esth\u00e9tique brute et authentique du pendentif.<\/p>\n<p>Une b\u00e9li\u00e8re solide, soud\u00e9e \u00e0 l&#8217;arri\u00e8re, permet de suspendre le pendentif \u00e0 une cha\u00eene ou \u00e0 un lacet, offrant une grande polyvalence et robustesse. Ce pendentif, avec ses imperfections et son histoire, est un v\u00e9ritable t\u00e9moignage de l&#8217;art de transformer les accidents en \u0153uvres d&#8217;art uniques et pr\u00e9cieuses.<\/p>\n<p>3,1 4,1<\/p>\n","protected":false},"excerpt":{"rendered":"<p>Pendentif de forme irr\u00e9guli\u00e8re en verre transparent, avec un \u00e9clat rose et un verre p\u00e2le fondus, occupant toute la surface, mont\u00e9 en Tiffany<\/p>\n","protected":false},"featured_media":268,"comment_status":"open","ping_status":"closed","template":"","meta":[],"product_brand":[],"product_cat":[182,186,28],"product_tag":[36,49,27],"class_list":{"0":"post-2079","1":"product","2":"type-product","3":"status-publish","4":"has-post-thumbnail","6":"product_cat-pendentif-fusing","7":"product_cat-bijou-pendentif-fusing-tiffany","8":"product_cat-pendentif-tiffany","9":"product_tag-verre-abstrait","10":"product_tag-fusing-verre","11":"product_tag-tiffany-verre","12":"pa_bijou-pendentif","14":"first","15":"outofstock","16":"purchasable","17":"product-type-simple"},"_links":{"self":[{"href":"https:\/\/art-bijoux.com\/en\/wp-json\/wp\/v2\/product\/2079","targetHints":{"allow":["GET"]}}],"collection":[{"href":"https:\/\/art-bijoux.com\/en\/wp-json\/wp\/v2\/product"}],"about":[{"href":"https:\/\/art-bijoux.com\/en\/wp-json\/wp\/v2\/types\/product"}],"replies":[{"embeddable":true,"href":"https:\/\/art-bijoux.com\/en\/wp-json\/wp\/v2\/comments?post=2079"}],"version-history":[{"count":1,"href":"https:\/\/art-bijoux.com\/en\/wp-json\/wp\/v2\/product\/2079\/revisions"}],"predecessor-version":[{"id":6353,"href":"https:\/\/art-bijoux.com\/en\/wp-json\/wp\/v2\/product\/2079\/revisions\/6353"}],"wp:featuredmedia":[{"embeddable":true,"href":"https:\/\/art-bijoux.com\/en\/wp-json\/wp\/v2\/media\/268"}],"wp:attachment":[{"href":"https:\/\/art-bijoux.com\/en\/wp-json\/wp\/v2\/media?parent=2079"}],"wp:term":[{"taxonomy":"product_brand","embeddable":true,"href":"https:\/\/art-bijoux.com\/en\/wp-json\/wp\/v2\/product_brand?post=2079"},{"taxonomy":"product_cat","embeddable":true,"href":"https:\/\/art-bijoux.com\/en\/wp-json\/wp\/v2\/product_cat?post=2079"},{"taxonomy":"product_tag","embeddable":true,"href":"https:\/\/art-bijoux.com\/en\/wp-json\/wp\/v2\/product_tag?post=2079"}],"curies":[{"name":"wp","href":"https:\/\/api.w.org\/{rel}","templated":true}]}}