{"id":2082,"date":"2024-05-23T17:22:01","date_gmt":"2024-05-23T15:22:01","guid":{"rendered":"https:\/\/art-bijoux.com\/?post_type=product&#038;p=2082"},"modified":"2024-07-01T11:04:58","modified_gmt":"2024-07-01T09:04:58","slug":"bijou-pendentif-ovale-verre-fusing-tiffany","status":"publish","type":"product","link":"https:\/\/art-bijoux.com\/en\/boutique\/bijou-pendentif-ovale-verre-fusing-tiffany\/","title":{"rendered":"Pendentif Ovale en Verre Transparent avec Quatre \u00e9clats Orange"},"content":{"rendered":"<figure id=\"attachment_265\" aria-describedby=\"caption-attachment-265\" style=\"width: 182px\" class=\"wp-caption alignleft\"><img fetchpriority=\"high\" decoding=\"async\" class=\"size-medium wp-image-265\" src=\"https:\/\/art-bijoux.com\/wp-content\/uploads\/2024\/04\/epais-4-orange-182x300.webp\" alt=\"Pendentif ovale en longueur, en verre transparent avec un long \u00e9clat clair entour\u00e9 de 4 rectangles oranges. Mont\u00e9 en Tiffany\" width=\"182\" height=\"300\" srcset=\"https:\/\/art-bijoux.com\/wp-content\/uploads\/2024\/04\/epais-4-orange-182x300.webp 182w, https:\/\/art-bijoux.com\/wp-content\/uploads\/2024\/04\/epais-4-orange-600x989.webp 600w, https:\/\/art-bijoux.com\/wp-content\/uploads\/2024\/04\/epais-4-orange-621x1024.webp 621w, https:\/\/art-bijoux.com\/wp-content\/uploads\/2024\/04\/epais-4-orange-768x1266.webp 768w, https:\/\/art-bijoux.com\/wp-content\/uploads\/2024\/04\/epais-4-orange-932x1536.webp 932w, https:\/\/art-bijoux.com\/wp-content\/uploads\/2024\/04\/epais-4-orange.webp 1165w\" sizes=\"(max-width: 182px) 100vw, 182px\" \/><figcaption id=\"caption-attachment-265\" class=\"wp-caption-text\">Pendentif ovale en longueur, en verre transparent avec un long \u00e9clat clair entour\u00e9 de 4 rectangles oranges. Mont\u00e9 en Tiffany<\/figcaption><\/figure>\n<p>Ce pendentif ovale, tout en longueur, \u00e9voque d\u00e9licatement une carapace de tortue gr\u00e2ce \u00e0 son design unique en verre transparent. Un long \u00e9clat clair, entour\u00e9 de quatre rectangles oranges, cr\u00e9e une composition visuelle rappelant les motifs naturels de cet animal.<\/p>\n<p><strong>Caract\u00e9ristiques :<\/strong><\/p>\n<ul>\n<li><strong>Type :<\/strong> Pendentif<\/li>\n<li><strong>Forme :<\/strong> Ovale, en longueur<\/li>\n<li><strong>Mat\u00e9riau principal :<\/strong> Verre transparent<\/li>\n<li><strong>Dimensions :<\/strong> Largeur : 1,9cm, hauteur : 3,5cm<\/li>\n<li><strong>D\u00e9tails :<\/strong> Un long \u00e9clat clair entour\u00e9 de quatre rectangles oranges, rappelant une carapace de tortue<\/li>\n<li><strong>Montage :<\/strong> Technique Tiffany\n<ul>\n<li><strong>Bords :<\/strong> Meul\u00e9s, sertis au cuivre, soud\u00e9s \u00e0 l\u2019\u00e9tain<\/li>\n<li><strong>Patine :<\/strong> Nuances cuivr\u00e9es<\/li>\n<\/ul>\n<\/li>\n<li><strong>B\u00e9li\u00e8re :<\/strong> Petite b\u00e9li\u00e8re en m\u00e9tal cuivr\u00e9, soud\u00e9e \u00e0 l&#8217;arri\u00e8re<\/li>\n<li><strong>Anneau :<\/strong> Permettant de passer une cha\u00eene ou un lacet<\/li>\n<\/ul>\n<p>Ce pendentif ovale, en longueur, est un exemple parfait de la mani\u00e8re dont l&#8217;art du verre peut capturer et r\u00e9interpr\u00e9ter les motifs de la nature. Le verre transparent laisse transpara\u00eetre les couleurs et les textures des v\u00eatements en arri\u00e8re-plan, tandis que le long \u00e9clat clair, entour\u00e9 de quatre rectangles oranges, cr\u00e9e un motif rappelant la carapace d&#8217;une tortue.<\/p>\n<p>Mont\u00e9 selon la technique Tiffany, chaque bord a \u00e9t\u00e9 soigneusement meul\u00e9, serti au cuivre et soud\u00e9 \u00e0 l\u2019\u00e9tain. La patine cuivr\u00e9e ajoute une touche de chaleur et d&#8217;\u00e9l\u00e9gance, contrastant subtilement avec la transparence du verre.<\/p>\n<p>Une petite b\u00e9li\u00e8re en cuivre, solidement soud\u00e9e \u00e0 l&#8217;arri\u00e8re, permet d&#8217;accrocher le pendentif \u00e0 une cha\u00eene ou \u00e0 un lacet gr\u00e2ce \u00e0 un anneau pratique. Ce bijou unique, avec son design organique et ses finitions soign\u00e9es, est id\u00e9al pour ceux qui appr\u00e9cient les pi\u00e8ces de caract\u00e8re et les inspirations naturelles.<\/p>\n<p>&nbsp;<\/p>\n<p>&nbsp;<\/p>\n","protected":false},"excerpt":{"rendered":"<p>Pendentif ovale en longueur, en verre transparent avec un long \u00e9clat clair entour\u00e9 de 4 rectangles oranges. Mont\u00e9 en Tiffany<\/p>\n","protected":false},"featured_media":265,"comment_status":"open","ping_status":"closed","template":"","meta":[],"product_brand":[],"product_cat":[182,186,28],"product_tag":[36,49,26,27],"class_list":{"0":"post-2082","1":"product","2":"type-product","3":"status-publish","4":"has-post-thumbnail","6":"product_cat-pendentif-fusing","7":"product_cat-bijou-pendentif-fusing-tiffany","8":"product_cat-pendentif-tiffany","9":"product_tag-verre-abstrait","10":"product_tag-fusing-verre","11":"product_tag-pendentif-verre","12":"product_tag-tiffany-verre","13":"pa_bijou-pendentif","15":"first","16":"instock","17":"purchasable","18":"product-type-simple"},"_links":{"self":[{"href":"https:\/\/art-bijoux.com\/en\/wp-json\/wp\/v2\/product\/2082","targetHints":{"allow":["GET"]}}],"collection":[{"href":"https:\/\/art-bijoux.com\/en\/wp-json\/wp\/v2\/product"}],"about":[{"href":"https:\/\/art-bijoux.com\/en\/wp-json\/wp\/v2\/types\/product"}],"replies":[{"embeddable":true,"href":"https:\/\/art-bijoux.com\/en\/wp-json\/wp\/v2\/comments?post=2082"}],"version-history":[{"count":0,"href":"https:\/\/art-bijoux.com\/en\/wp-json\/wp\/v2\/product\/2082\/revisions"}],"wp:featuredmedia":[{"embeddable":true,"href":"https:\/\/art-bijoux.com\/en\/wp-json\/wp\/v2\/media\/265"}],"wp:attachment":[{"href":"https:\/\/art-bijoux.com\/en\/wp-json\/wp\/v2\/media?parent=2082"}],"wp:term":[{"taxonomy":"product_brand","embeddable":true,"href":"https:\/\/art-bijoux.com\/en\/wp-json\/wp\/v2\/product_brand?post=2082"},{"taxonomy":"product_cat","embeddable":true,"href":"https:\/\/art-bijoux.com\/en\/wp-json\/wp\/v2\/product_cat?post=2082"},{"taxonomy":"product_tag","embeddable":true,"href":"https:\/\/art-bijoux.com\/en\/wp-json\/wp\/v2\/product_tag?post=2082"}],"curies":[{"name":"wp","href":"https:\/\/api.w.org\/{rel}","templated":true}]}}