{"id":2083,"date":"2024-05-23T17:41:10","date_gmt":"2024-05-23T15:41:10","guid":{"rendered":"https:\/\/art-bijoux.com\/?post_type=product&#038;p=2083"},"modified":"2024-06-06T13:40:50","modified_gmt":"2024-06-06T11:40:50","slug":"bijou-pendentif-verre-orange-tiffany-fusin-breloque-engrenage","status":"publish","type":"product","link":"https:\/\/art-bijoux.com\/en\/boutique\/bijou-pendentif-verre-orange-tiffany-fusin-breloque-engrenage\/","title":{"rendered":"Pendentif Carr\u00e9 en Verre Orange avec des \u00c9clats Noir Fondus et une Breloque Engrenage"},"content":{"rendered":"<figure id=\"attachment_264\" aria-describedby=\"caption-attachment-264\" style=\"width: 281px\" class=\"wp-caption alignleft\"><img fetchpriority=\"high\" decoding=\"async\" class=\"size-medium wp-image-264\" src=\"https:\/\/art-bijoux.com\/wp-content\/uploads\/2024\/04\/Engrenage-orange-281x300.webp\" alt=\"Grand pendentif carr\u00e9 orange avec des \u00e9clats noir. Un grand engrenage a \u00e9t\u00e9 suspendu \u00e0 un anneau fix\u00e9 entre deux plaques de verre\" width=\"281\" height=\"300\" srcset=\"https:\/\/art-bijoux.com\/wp-content\/uploads\/2024\/04\/Engrenage-orange-281x300.webp 281w, https:\/\/art-bijoux.com\/wp-content\/uploads\/2024\/04\/Engrenage-orange-600x640.webp 600w, https:\/\/art-bijoux.com\/wp-content\/uploads\/2024\/04\/Engrenage-orange-960x1024.webp 960w, https:\/\/art-bijoux.com\/wp-content\/uploads\/2024\/04\/Engrenage-orange-768x819.webp 768w, https:\/\/art-bijoux.com\/wp-content\/uploads\/2024\/04\/Engrenage-orange-1440x1536.webp 1440w, https:\/\/art-bijoux.com\/wp-content\/uploads\/2024\/04\/Engrenage-orange.webp 1804w\" sizes=\"(max-width: 281px) 100vw, 281px\" \/><figcaption id=\"caption-attachment-264\" class=\"wp-caption-text\">Grand pendentif carr\u00e9 orange avec des \u00e9clats noir. Un grand engrenage a \u00e9t\u00e9 suspendu \u00e0 un anneau fix\u00e9 entre deux plaques de verre<\/figcaption><\/figure>\n<p>&nbsp;<\/p>\n<div class=\"flex flex-grow flex-col max-w-full\">\n<div class=\"min-h-[20px] text-message flex flex-col items-start whitespace-pre-wrap break-words [.text-message+&amp;]:mt-5 juice:w-full juice:items-end overflow-x-auto gap-2\" dir=\"auto\" data-message-author-role=\"assistant\" data-message-id=\"fd5b3749-f4dd-4770-80f1-6b454783f16e\">\n<div class=\"flex w-full flex-col gap-1 juice:empty:hidden juice:first:pt-[3px]\">\n<div class=\"markdown prose w-full break-words dark:prose-invert light\">\n<p>Ce pendentif carr\u00e9 irr\u00e9gulier en verre orange est une pi\u00e8ce artistique unique, parfaite pour les amateurs de m\u00e9canique et les conducteurs de machine. Les \u00e9clats noirs, grands et infimes, comme s&#8217;ils avaient \u00e9t\u00e9 broy\u00e9s par une machine, sont d\u00e9licatement fondus entre une couche de verre orange et une de verre transparent, cr\u00e9ant une fascinante bulle d&#8217;air irr\u00e9guli\u00e8re.<\/p>\n<p><strong>Caract\u00e9ristiques :<\/strong><\/p>\n<ul>\n<li><strong>Type :<\/strong> Pendentif<\/li>\n<li><strong>Forme :<\/strong> Grand carr\u00e9 irr\u00e9gulier<\/li>\n<li><strong>Mat\u00e9riau principal :<\/strong> Verre orange et transparent<\/li>\n<li><strong>Dimensions :<\/strong> Largeur : 4,9cm, hauteur : 6,3cm<\/li>\n<li><strong>D\u00e9tails :<\/strong> \u00c9clats noirs fondus entre les couches de verre, cr\u00e9ant une bulle d&#8217;air<\/li>\n<li><strong>Arri\u00e8re :<\/strong> Marques blanches visibles (l&#8217;anti-adh\u00e9rent des plaques du four s&#8217;y est d\u00e9pos\u00e9), avec la plaque orange l\u00e9g\u00e8rement plus petite que la transparente<\/li>\n<li><strong>Montage :<\/strong> Technique Tiffany\n<ul>\n<li><strong>Bords :<\/strong> Meul\u00e9s, sertis au cuivre, soud\u00e9s \u00e0 l\u2019\u00e9tain<\/li>\n<li><strong>Patine :<\/strong> Gris clair<\/li>\n<\/ul>\n<\/li>\n<li><strong>Anneau :<\/strong> Fix\u00e9 entre les deux plaques de verre, l\u00e9g\u00e8rement d\u00e9centr\u00e9<\/li>\n<li><strong>Breloque :<\/strong> Grande breloque en forme d&#8217;engrenage<\/li>\n<li><strong>Id\u00e9al pour :<\/strong> M\u00e9caniciens et conducteurs de machine<\/li>\n<\/ul>\n<p>Ce pendentif carr\u00e9 irr\u00e9gulier est une v\u00e9ritable \u0153uvre d&#8217;art. Les \u00e9clats noirs, de tailles vari\u00e9es, semblent flotter entre les couches de verre orange et transparent, cr\u00e9ant un effet de bulle d&#8217;air qui capte et joue avec la lumi\u00e8re. L&#8217;arri\u00e8re du pendentif r\u00e9v\u00e8le des marques blanches distinctives, ajoutant une touche de caract\u00e8re et d&#8217;authenticit\u00e9. La plaque de verre orange est l\u00e9g\u00e8rement plus petite que la transparente, ce qui permet \u00e0 cette derni\u00e8re de d\u00e9passer en bas, ajoutant une dimension unique au design.<\/p>\n<p>Mont\u00e9 selon la technique Tiffany, chaque bord du pendentif a \u00e9t\u00e9 soigneusement meul\u00e9, serti au cuivre et soud\u00e9 \u00e0 l\u2019\u00e9tain. La patine gris clair conf\u00e8re une finition \u00e9l\u00e9gante et moderne. Un anneau, solidement fix\u00e9 entre les deux plaques de verre, permet de suspendre une grande breloque en forme d&#8217;engrenage au bout d&#8217;une courte cha\u00eenette,<\/p>\n<p>Ce bijou, avec son m\u00e9lange de modernit\u00e9 et de techniques traditionnelles, est id\u00e9al pour ceux qui ont une passion pour la m\u00e9canique et les machines. Il incarne \u00e0 la fois la beaut\u00e9 brute et la pr\u00e9cision technique, faisant de ce pendentif un choix parfait pour les m\u00e9caniciens, les conducteurs de machine et les amateurs de design industriel.<\/p>\n<\/div>\n<\/div>\n<\/div>\n<\/div>\n<div class=\"mt-1 flex gap-3 empty:hidden juice:-ml-3\">\n<div class=\"items-center justify-start rounded-xl p-1 flex\">\n<div class=\"flex items-center\"><button class=\"rounded-lg text-token-text-secondary hover:bg-token-main-surface-secondary\"><\/button><button class=\"rounded-lg text-token-text-secondary hover:bg-token-main-surface-secondary\"><\/button><\/p>\n<div class=\"flex\"><\/div>\n<div class=\"flex items-center pb-0.5 juice:pb-0\">\n<div class=\"[&amp;_svg]:h-full [&amp;_svg]:w-full icon-md h-4 w-4\"><\/div>\n<\/div>\n<\/div>\n<\/div>\n<\/div>\n","protected":false},"excerpt":{"rendered":"<p>Grand pendentif carr\u00e9 orange avec des \u00e9clats noir. Un grand engrenage a \u00e9t\u00e9 suspendu \u00e0 un anneau fix\u00e9 entre deux plaques de verre<\/p>\n","protected":false},"featured_media":264,"comment_status":"open","ping_status":"closed","template":"","meta":[],"product_brand":[],"product_cat":[176,182,186,28,187],"product_tag":[36,29,49,194,183,26,27],"class_list":{"0":"post-2083","1":"product","2":"type-product","3":"status-publish","4":"has-post-thumbnail","6":"product_cat-breloque-bijou-verre","7":"product_cat-pendentif-fusing","8":"product_cat-bijou-pendentif-fusing-tiffany","9":"product_cat-pendentif-tiffany","10":"product_cat-bijoux-homme","11":"product_tag-verre-abstrait","12":"product_tag-breloque-metal-pierre","13":"product_tag-fusing-verre","14":"product_tag-metier-breloque-metal","15":"product_tag-outil-breloque-metal","16":"product_tag-pendentif-verre","17":"product_tag-tiffany-verre","18":"pa_bijou-pendentif","19":"pa_breloque-engrenage","21":"first","22":"instock","23":"purchasable","24":"product-type-simple"},"_links":{"self":[{"href":"https:\/\/art-bijoux.com\/en\/wp-json\/wp\/v2\/product\/2083","targetHints":{"allow":["GET"]}}],"collection":[{"href":"https:\/\/art-bijoux.com\/en\/wp-json\/wp\/v2\/product"}],"about":[{"href":"https:\/\/art-bijoux.com\/en\/wp-json\/wp\/v2\/types\/product"}],"replies":[{"embeddable":true,"href":"https:\/\/art-bijoux.com\/en\/wp-json\/wp\/v2\/comments?post=2083"}],"version-history":[{"count":0,"href":"https:\/\/art-bijoux.com\/en\/wp-json\/wp\/v2\/product\/2083\/revisions"}],"wp:featuredmedia":[{"embeddable":true,"href":"https:\/\/art-bijoux.com\/en\/wp-json\/wp\/v2\/media\/264"}],"wp:attachment":[{"href":"https:\/\/art-bijoux.com\/en\/wp-json\/wp\/v2\/media?parent=2083"}],"wp:term":[{"taxonomy":"product_brand","embeddable":true,"href":"https:\/\/art-bijoux.com\/en\/wp-json\/wp\/v2\/product_brand?post=2083"},{"taxonomy":"product_cat","embeddable":true,"href":"https:\/\/art-bijoux.com\/en\/wp-json\/wp\/v2\/product_cat?post=2083"},{"taxonomy":"product_tag","embeddable":true,"href":"https:\/\/art-bijoux.com\/en\/wp-json\/wp\/v2\/product_tag?post=2083"}],"curies":[{"name":"wp","href":"https:\/\/api.w.org\/{rel}","templated":true}]}}