{"id":2088,"date":"2024-05-23T19:34:35","date_gmt":"2024-05-23T17:34:35","guid":{"rendered":"https:\/\/art-bijoux.com\/?post_type=product&#038;p=2088"},"modified":"2024-12-20T21:03:38","modified_gmt":"2024-12-20T20:03:38","slug":"pendentif-verre-transparent-avec-carre-rouge-et-rectangles-blancs-fondus","status":"publish","type":"product","link":"https:\/\/art-bijoux.com\/en\/boutique\/pendentif-verre-transparent-avec-carre-rouge-et-rectangles-blancs-fondus\/","title":{"rendered":"Pendentif Verre Transparent avec carr\u00e9 rouge et Rectangles blancs fondus"},"content":{"rendered":"<figure id=\"attachment_254\" aria-describedby=\"caption-attachment-254\" style=\"width: 267px\" class=\"wp-caption alignleft\"><img fetchpriority=\"high\" decoding=\"async\" class=\"size-medium wp-image-254\" src=\"https:\/\/art-bijoux.com\/wp-content\/uploads\/2024\/04\/deux-rectangles-blancs-sous-un-carre-rouge-267x300.webp\" alt=\"Pendentif en verre transparent avec 1 \u00e9clat rouge et 2 blancs. Une b\u00e9li\u00e8re coll\u00e9e.\" width=\"267\" height=\"300\" srcset=\"https:\/\/art-bijoux.com\/wp-content\/uploads\/2024\/04\/deux-rectangles-blancs-sous-un-carre-rouge-267x300.webp 267w, https:\/\/art-bijoux.com\/wp-content\/uploads\/2024\/04\/deux-rectangles-blancs-sous-un-carre-rouge-600x675.webp 600w, https:\/\/art-bijoux.com\/wp-content\/uploads\/2024\/04\/deux-rectangles-blancs-sous-un-carre-rouge-910x1024.webp 910w, https:\/\/art-bijoux.com\/wp-content\/uploads\/2024\/04\/deux-rectangles-blancs-sous-un-carre-rouge-768x864.webp 768w, https:\/\/art-bijoux.com\/wp-content\/uploads\/2024\/04\/deux-rectangles-blancs-sous-un-carre-rouge-1365x1536.webp 1365w, https:\/\/art-bijoux.com\/wp-content\/uploads\/2024\/04\/deux-rectangles-blancs-sous-un-carre-rouge-1820x2048.webp 1820w, https:\/\/art-bijoux.com\/wp-content\/uploads\/2024\/04\/deux-rectangles-blancs-sous-un-carre-rouge.webp 1920w\" sizes=\"(max-width: 267px) 100vw, 267px\" \/><figcaption id=\"caption-attachment-254\" class=\"wp-caption-text\">Pendentif en verre transparent avec 1 \u00e9clat rouge et 2 blancs. Une b\u00e9li\u00e8re coll\u00e9e.<\/figcaption><\/figure>\n<p>Ce pendentif rectangulaire est r\u00e9alis\u00e9 en verre l\u00e9ger et transparent, offrant une vue subtile des v\u00eatements port\u00e9s en dessous, cr\u00e9ant un effet de superposition unique. Trois \u00e9clats , r\u00e9cup\u00e9r\u00e9s des chutes de verre d&#8217;un grand vitrail, ont \u00e9t\u00e9 habilement fondus dans le pendentif. Les \u00e9clats sont de tailles et couleurs vari\u00e9es : un rouge carr\u00e9 et deux blancs rectangulaires, formant un motif g\u00e9om\u00e9trique attrayant.<\/p>\n<p>Une b\u00e9li\u00e8re argent\u00e9e, coll\u00e9e \u00e0 l&#8217;arri\u00e8re, permet de porter ce bijou avec une cha\u00eene ou un lacet, ajoutant une touche d&#8217;\u00e9l\u00e9gance discr\u00e8te \u00e0 votre look.<\/p>\n<p><strong>Caract\u00e9ristiques :<\/strong><\/p>\n<ul>\n<li>Forme : Rectangulaire<\/li>\n<li>Mat\u00e9riau principal : Verre l\u00e9ger et transparent<\/li>\n<li>Dimensions : largeur : 2,8cm, hauteur : 3,8cm<\/li>\n<li>D\u00e9corations : Trois \u00e9clats de formes g\u00e9om\u00e9triques fondus (rouge et blancs)<\/li>\n<li>Technique : Fusing<\/li>\n<li>B\u00e9li\u00e8re : M\u00e9tal argent\u00e9, coll\u00e9e \u00e0 l&#8217;arri\u00e8re<\/li>\n<\/ul>\n<p>Ce pendentif rectangulaire, avec ses \u00e9clats triangulaires color\u00e9s et son design transparent, est une pi\u00e8ce unique qui met en valeur l&#8217;art de la r\u00e9cup\u00e9ration et du recyclage des mat\u00e9riaux de verrerie. Parfait pour ceux qui appr\u00e9cient les bijoux artisanaux et \u00e9cologiques, il apporte une touche moderne et \u00e9l\u00e9gante \u00e0 toute tenue.<\/p>\n","protected":false},"excerpt":{"rendered":"<p>Pendentif en verre transparent avec 1 \u00e9clat rouge et 2 blancs. Une b\u00e9li\u00e8re coll\u00e9e.<\/p>\n","protected":false},"featured_media":254,"comment_status":"open","ping_status":"closed","template":"","meta":[],"product_brand":[],"product_cat":[182,186,28],"product_tag":[36,49,26],"class_list":{"0":"post-2088","1":"product","2":"type-product","3":"status-publish","4":"has-post-thumbnail","6":"product_cat-pendentif-fusing","7":"product_cat-bijou-pendentif-fusing-tiffany","8":"product_cat-pendentif-tiffany","9":"product_tag-verre-abstrait","10":"product_tag-fusing-verre","11":"product_tag-pendentif-verre","12":"pa_bijou-pendentif","14":"first","15":"outofstock","16":"purchasable","17":"product-type-simple"},"_links":{"self":[{"href":"https:\/\/art-bijoux.com\/en\/wp-json\/wp\/v2\/product\/2088","targetHints":{"allow":["GET"]}}],"collection":[{"href":"https:\/\/art-bijoux.com\/en\/wp-json\/wp\/v2\/product"}],"about":[{"href":"https:\/\/art-bijoux.com\/en\/wp-json\/wp\/v2\/types\/product"}],"replies":[{"embeddable":true,"href":"https:\/\/art-bijoux.com\/en\/wp-json\/wp\/v2\/comments?post=2088"}],"version-history":[{"count":0,"href":"https:\/\/art-bijoux.com\/en\/wp-json\/wp\/v2\/product\/2088\/revisions"}],"wp:featuredmedia":[{"embeddable":true,"href":"https:\/\/art-bijoux.com\/en\/wp-json\/wp\/v2\/media\/254"}],"wp:attachment":[{"href":"https:\/\/art-bijoux.com\/en\/wp-json\/wp\/v2\/media?parent=2088"}],"wp:term":[{"taxonomy":"product_brand","embeddable":true,"href":"https:\/\/art-bijoux.com\/en\/wp-json\/wp\/v2\/product_brand?post=2088"},{"taxonomy":"product_cat","embeddable":true,"href":"https:\/\/art-bijoux.com\/en\/wp-json\/wp\/v2\/product_cat?post=2088"},{"taxonomy":"product_tag","embeddable":true,"href":"https:\/\/art-bijoux.com\/en\/wp-json\/wp\/v2\/product_tag?post=2088"}],"curies":[{"name":"wp","href":"https:\/\/api.w.org\/{rel}","templated":true}]}}