{"id":2089,"date":"2024-05-23T19:50:35","date_gmt":"2024-05-23T17:50:35","guid":{"rendered":"https:\/\/art-bijoux.com\/?post_type=product&#038;p=2089"},"modified":"2024-12-31T11:19:31","modified_gmt":"2024-12-31T10:19:31","slug":"bijou-pendentif-ogive-bleu-nuit-croix-tiffany-fusing","status":"publish","type":"product","link":"https:\/\/art-bijoux.com\/en\/boutique\/bijou-pendentif-ogive-bleu-nuit-croix-tiffany-fusing\/","title":{"rendered":"Pendentif en Forme de Baie d&#8217;\u00c9glise Bleu Nuit avec une breloque en Croix"},"content":{"rendered":"<figure id=\"attachment_251\" aria-describedby=\"caption-attachment-251\" style=\"width: 260px\" class=\"wp-caption alignleft\"><img fetchpriority=\"high\" decoding=\"async\" class=\"size-medium wp-image-251\" src=\"https:\/\/art-bijoux.com\/wp-content\/uploads\/2024\/04\/Croix-ogive-bleue-260x300.webp\" alt=\"Pendentif en forme de baie d'\u00e9glise bleu avec des \u00e9clats gris et blancs. Un \u00e9clat blanc et un gris ont \u00e9t\u00e9 fondus entre deux couches de verre, une transparente et une bleu nuit. Mont\u00e9 en Tiffany, une breloque en forme de croix a \u00e9t\u00e9 accroch\u00e9e \u00e0 la b\u00e9li\u00e8re soud\u00e9e \u00e0 l'arri\u00e8re.\" width=\"260\" height=\"300\" srcset=\"https:\/\/art-bijoux.com\/wp-content\/uploads\/2024\/04\/Croix-ogive-bleue-260x300.webp 260w, https:\/\/art-bijoux.com\/wp-content\/uploads\/2024\/04\/Croix-ogive-bleue-600x692.webp 600w, https:\/\/art-bijoux.com\/wp-content\/uploads\/2024\/04\/Croix-ogive-bleue-887x1024.webp 887w, https:\/\/art-bijoux.com\/wp-content\/uploads\/2024\/04\/Croix-ogive-bleue-768x886.webp 768w, https:\/\/art-bijoux.com\/wp-content\/uploads\/2024\/04\/Croix-ogive-bleue-1331x1536.webp 1331w, https:\/\/art-bijoux.com\/wp-content\/uploads\/2024\/04\/Croix-ogive-bleue.webp 1664w\" sizes=\"(max-width: 260px) 100vw, 260px\" \/><figcaption id=\"caption-attachment-251\" class=\"wp-caption-text\">Pendentif en forme de baie d&#8217;\u00e9glise bleu avec des \u00e9clats gris et blancs. Un \u00e9clat blanc et un gris ont \u00e9t\u00e9 fondus entre deux couches de verre, une transparente et une bleu nuit. Mont\u00e9 en Tiffany, une breloque en forme de croix a \u00e9t\u00e9 accroch\u00e9e \u00e0 la b\u00e9li\u00e8re soud\u00e9e \u00e0 l&#8217;arri\u00e8re.<\/figcaption><\/figure>\n<p>&nbsp;<\/p>\n<p>Ce pendentif unique en forme de baie d&#8217;\u00e9glise en verre bleu nuit est une v\u00e9ritable \u0153uvre d&#8217;art, rappelant la beaut\u00e9 et la complexit\u00e9 des vitraux d&#8217;\u00e9glise. Les \u00e9clats blanc et gris, fondus entre deux couches de verre (une transparente et une bleu nuit), ajoutent une dimension suppl\u00e9mentaire \u00e0 ce pendentif exceptionnel.<\/p>\n<p><strong>Caract\u00e9ristiques :<\/strong><\/p>\n<ul>\n<li><strong>Type :<\/strong> Pendentif<\/li>\n<li><strong>Forme :<\/strong> Ogive<\/li>\n<li><strong>Mat\u00e9riau principal :<\/strong> Verre (bleu nuit et transparent)<\/li>\n<li><strong>D\u00e9tails :<\/strong> \u00c9clats blanc et gris fondus<\/li>\n<li><strong>Finitions :<\/strong>\n<ul>\n<li><strong>Fissures et Bulle d&#8217;air :<\/strong> Pr\u00e9sentes mais n&#8217;affectant pas la solidit\u00e9<\/li>\n<li><strong>Dimensions :<\/strong> Largeur : 2,8cm, hauteur : 4,6cm, \u00e9paisseur : 1,1 cm<\/li>\n<\/ul>\n<\/li>\n<li><strong>Montage :<\/strong> Technique Tiffany\n<ul>\n<li><strong>Bords :<\/strong> Meul\u00e9s, sertis au cuivre, soud\u00e9s \u00e0 l\u2019\u00e9tain<\/li>\n<li><strong>Patine :<\/strong> Nuances gris clair<\/li>\n<\/ul>\n<\/li>\n<li><strong>B\u00e9li\u00e8re :<\/strong> Solidement soud\u00e9e \u00e0 l&#8217;arri\u00e8re<\/li>\n<li><strong>Breloque :<\/strong> Croix aux bouts des branches cisel\u00e9es, accroch\u00e9e par deux anneaux en m\u00e9tal argent\u00e9<\/li>\n<\/ul>\n<p>Ce pendentif captivant est con\u00e7u pour \u00e9voquer les vitraux d&#8217;\u00e9glise, avec ses \u00e9clats de verre blanc et gris fondus dans un fond bleu nuit profond. La fusion de ces couleurs cr\u00e9e un effet visuel saisissant, renforc\u00e9 par les fissures et la bulle d&#8217;air qui se sont form\u00e9es lors de la cuisson. Ces \u00e9l\u00e9ments ajoutent du caract\u00e8re au pendentif sans compromettre sa solidit\u00e9, gr\u00e2ce \u00e0 son \u00e9paisseur d&#8217;un centim\u00e8tre.<\/p>\n<p>Le pendentif est mont\u00e9 selon la technique Tiffany, un processus m\u00e9ticuleux qui implique de meuler les bords, de les sertir au cuivre, de les souder \u00e0 l&#8217;\u00e9tain et de les patiner dans des nuances cuivr\u00e9es. Cette finition artisanale ajoute une touche de sophistication et de durabilit\u00e9 au bijou.<\/p>\n<p>Pour parfaire le design, une breloque en forme de croix aux bouts des branches finement cisel\u00e9es est suspendue par deux anneaux argent\u00e9s \u00e0 la b\u00e9li\u00e8re, solidement soud\u00e9e \u00e0 l&#8217;arri\u00e8re du pendentif. Ce d\u00e9tail suppl\u00e9mentaire rend le bijou id\u00e9al pour ceux qui appr\u00e9cient les symboles religieux et les pi\u00e8ces uniques aux d\u00e9tails soign\u00e9s.<\/p>\n<p>Ce pendentif en forme de baie d&#8217;\u00e9glise bleu nuit est non seulement une pi\u00e8ce de bijouterie \u00e9l\u00e9gante mais aussi un hommage aux techniques artisanales traditionnelles et \u00e0 l&#8217;art du vitrail. Il est parfait pour les amateurs de pi\u00e8ces uniques et les personnes cherchant \u00e0 ajouter une touche de spiritualit\u00e9 et de raffinement \u00e0 leur collection de bijoux.<\/p>\n","protected":false},"excerpt":{"rendered":"<p>Pendentif en forme de baie d&#8217;\u00e9glise bleu avec des \u00e9clats gris et blancs. Un \u00e9clat blanc et un gris ont \u00e9t\u00e9 fondus entre deux couches de verre, une transparente et une bleu nuit. Mont\u00e9 en Tiffany, une breloque en forme de croix a \u00e9t\u00e9 accroch\u00e9e \u00e0 la b\u00e9li\u00e8re soud\u00e9e \u00e0 l&#8217;arri\u00e8re.<\/p>\n","protected":false},"featured_media":251,"comment_status":"open","ping_status":"closed","template":"","meta":[],"product_brand":[],"product_cat":[176,182,186,28],"product_tag":[29,49,26,34,27],"class_list":{"0":"post-2089","1":"product","2":"type-product","3":"status-publish","4":"has-post-thumbnail","6":"product_cat-breloque-bijou-verre","7":"product_cat-pendentif-fusing","8":"product_cat-bijou-pendentif-fusing-tiffany","9":"product_cat-pendentif-tiffany","10":"product_tag-breloque-metal-pierre","11":"product_tag-fusing-verre","12":"product_tag-pendentif-verre","13":"product_tag-spiritualite-croix-anges","14":"product_tag-tiffany-verre","15":"pa_bijou-pendentif","16":"pa_breloque-croix","18":"first","19":"instock","20":"purchasable","21":"product-type-simple"},"_links":{"self":[{"href":"https:\/\/art-bijoux.com\/en\/wp-json\/wp\/v2\/product\/2089","targetHints":{"allow":["GET"]}}],"collection":[{"href":"https:\/\/art-bijoux.com\/en\/wp-json\/wp\/v2\/product"}],"about":[{"href":"https:\/\/art-bijoux.com\/en\/wp-json\/wp\/v2\/types\/product"}],"replies":[{"embeddable":true,"href":"https:\/\/art-bijoux.com\/en\/wp-json\/wp\/v2\/comments?post=2089"}],"version-history":[{"count":0,"href":"https:\/\/art-bijoux.com\/en\/wp-json\/wp\/v2\/product\/2089\/revisions"}],"wp:featuredmedia":[{"embeddable":true,"href":"https:\/\/art-bijoux.com\/en\/wp-json\/wp\/v2\/media\/251"}],"wp:attachment":[{"href":"https:\/\/art-bijoux.com\/en\/wp-json\/wp\/v2\/media?parent=2089"}],"wp:term":[{"taxonomy":"product_brand","embeddable":true,"href":"https:\/\/art-bijoux.com\/en\/wp-json\/wp\/v2\/product_brand?post=2089"},{"taxonomy":"product_cat","embeddable":true,"href":"https:\/\/art-bijoux.com\/en\/wp-json\/wp\/v2\/product_cat?post=2089"},{"taxonomy":"product_tag","embeddable":true,"href":"https:\/\/art-bijoux.com\/en\/wp-json\/wp\/v2\/product_tag?post=2089"}],"curies":[{"name":"wp","href":"https:\/\/api.w.org\/{rel}","templated":true}]}}