{"id":2090,"date":"2024-05-23T20:11:40","date_gmt":"2024-05-23T18:11:40","guid":{"rendered":"https:\/\/art-bijoux.com\/?post_type=product&#038;p=2090"},"modified":"2024-06-06T13:39:13","modified_gmt":"2024-06-06T11:39:13","slug":"bijou-carre-verre-bleu-rouge-breloque-clef-a-molette","status":"publish","type":"product","link":"https:\/\/art-bijoux.com\/en\/boutique\/bijou-carre-verre-bleu-rouge-breloque-clef-a-molette\/","title":{"rendered":"Grand Pendentif Carr\u00e9 en Verre Bleu avec des \u00e9clats Rouge fondus, des \u00e9br\u00e9chures et une breloque Clef \u00e0 Molette"},"content":{"rendered":"<figure id=\"attachment_248\" aria-describedby=\"caption-attachment-248\" style=\"width: 300px\" class=\"wp-caption alignleft\"><img fetchpriority=\"high\" decoding=\"async\" class=\"size-medium wp-image-248\" src=\"https:\/\/art-bijoux.com\/wp-content\/uploads\/2024\/04\/Clef-molette-bleu-casse-300x285.webp\" alt=\"Pendentif carr\u00e9 en verre \u00e9br\u00e9ch\u00e9 bleu, avec une breloque en forme de clef \u00e0 molette\" width=\"300\" height=\"285\" srcset=\"https:\/\/art-bijoux.com\/wp-content\/uploads\/2024\/04\/Clef-molette-bleu-casse-300x285.webp 300w, https:\/\/art-bijoux.com\/wp-content\/uploads\/2024\/04\/Clef-molette-bleu-casse-600x570.webp 600w, https:\/\/art-bijoux.com\/wp-content\/uploads\/2024\/04\/Clef-molette-bleu-casse-1024x972.webp 1024w, https:\/\/art-bijoux.com\/wp-content\/uploads\/2024\/04\/Clef-molette-bleu-casse-768x729.webp 768w, https:\/\/art-bijoux.com\/wp-content\/uploads\/2024\/04\/Clef-molette-bleu-casse-1536x1459.webp 1536w, https:\/\/art-bijoux.com\/wp-content\/uploads\/2024\/04\/Clef-molette-bleu-casse.webp 1924w\" sizes=\"(max-width: 300px) 100vw, 300px\" \/><figcaption id=\"caption-attachment-248\" class=\"wp-caption-text\">Pendentif carr\u00e9 en verre \u00e9br\u00e9ch\u00e9 bleu, avec une breloque en forme de clef \u00e0 molette<\/figcaption><\/figure>\n<p>Ce pendentif carr\u00e9 irr\u00e9gulier en verre bleu est une pi\u00e8ce artistique unique, la plus originale de cette collection. Elle est parfaite pour les amateurs de m\u00e9canique, les plombiers et les bricoleurs. Les \u00e9clats rouges, sem\u00e9s au hasard, sont fondus \u00e0 la surface du verre, qui avait \u00e9clat\u00e9 \u00e0 la cuisson, mais qui est demeur\u00e9 particuli\u00e8rement solide, cr\u00e9ant des trous et des brisures irr\u00e9guli\u00e8res et impr\u00e9vues, comme si le verre avait \u00e9t\u00e9 cass\u00e9 intentionnellement. J&#8217;ai meul\u00e9 les bords des fissures afin qu&#8217;il n&#8217;y ait pas de risque de coupure.<\/p>\n<p><strong>Caract\u00e9ristiques :<\/strong><\/p>\n<ul>\n<li><strong>Type :<\/strong> Pendentif<\/li>\n<li><strong>Forme :<\/strong> Grand carr\u00e9 irr\u00e9gulier<\/li>\n<li><strong>Mat\u00e9riau principal :<\/strong> Verre bleu opaque<\/li>\n<li><strong>Dimensions :<\/strong> largeur : 5,3cm, hauteur : 6,1cm<\/li>\n<li><strong>D\u00e9tails :<\/strong> \u00c9clats rouges fondus \u00e0 la surface<\/li>\n<li><strong>Arri\u00e8re :<\/strong> L\u00e9g\u00e8rement rugueux<\/li>\n<li><strong>Montage :<\/strong> Technique Tiffany\n<ul>\n<li><strong>Bords :<\/strong> Meul\u00e9s, sertis au cuivre, soud\u00e9s \u00e0 l\u2019\u00e9tain<\/li>\n<li><strong>Patine :<\/strong> Gris clair<\/li>\n<\/ul>\n<\/li>\n<li><strong>B\u00e9li\u00e8re :<\/strong> Soud\u00e9e \u00e0 l&#8217;arri\u00e8re<\/li>\n<li><strong>Breloque :<\/strong> Grande breloque en m\u00e9tal argent\u00e9 en forme de clef \u00e0 molette<\/li>\n<li><strong>Id\u00e9al pour :<\/strong> M\u00e9caniciens, plombiers, bricoleurs et conducteurs de machine<\/li>\n<\/ul>\n<p>Ce pendentif carr\u00e9 irr\u00e9gulier est une v\u00e9ritable \u0153uvre d&#8217;art. Les \u00e9clats rouge, de tailles vari\u00e9es, semblent pos\u00e9s comme des \u00e9clats de vitre cass\u00e9s, cr\u00e9ant un de chantier en cours et de mouvement. L&#8217;arri\u00e8re du pendentif est tr\u00e8s l\u00e9g\u00e8rement rugueux, ajoutant une touche de caract\u00e8re et d&#8217;authenticit\u00e9.<\/p>\n<p>Mont\u00e9 selon la technique Tiffany, chaque bord du pendentif a \u00e9t\u00e9 soigneusement meul\u00e9, serti au cuivre et soud\u00e9 \u00e0 l\u2019\u00e9tain. La patine gris clair conf\u00e8re une finition \u00e9l\u00e9gante et moderne. Une b\u00e9li\u00e8re, solidement soud\u00e9e \u00e0 l&#8217;arri\u00e8re, permet de suspendre une grande breloque en forme de clef \u00e0 molette, comme si elle avait trou\u00e9 elle m\u00eame le verre.<\/p>\n<p>Ce bijou, avec son m\u00e9lange de modernit\u00e9 et de techniques traditionnelles, est id\u00e9al pour ceux qui ont une passion pour la m\u00e9canique, la plomberie et le bricolage. Il incarne \u00e0 la fois la beaut\u00e9 brute et la pr\u00e9cision technique, faisant de ce pendentif un choix parfait pour les m\u00e9caniciens, les conducteurs de machine et les amateurs de design industriel.<\/p>\n<figure id=\"attachment_249\" aria-describedby=\"caption-attachment-249\" style=\"width: 300px\" class=\"wp-caption alignleft\"><img decoding=\"async\" class=\"size-medium wp-image-249\" src=\"https:\/\/art-bijoux.com\/wp-content\/uploads\/2024\/04\/Clef-molette-bleu-casse-fond-300x248.webp\" alt=\"Pendentif carr\u00e9 bleu avec des \u00e9clats rouges, des fissures et une breloque clef \u00e0 molette\" width=\"300\" height=\"248\" srcset=\"https:\/\/art-bijoux.com\/wp-content\/uploads\/2024\/04\/Clef-molette-bleu-casse-fond-300x248.webp 300w, https:\/\/art-bijoux.com\/wp-content\/uploads\/2024\/04\/Clef-molette-bleu-casse-fond-600x496.webp 600w, https:\/\/art-bijoux.com\/wp-content\/uploads\/2024\/04\/Clef-molette-bleu-casse-fond-1024x846.webp 1024w, https:\/\/art-bijoux.com\/wp-content\/uploads\/2024\/04\/Clef-molette-bleu-casse-fond-768x634.webp 768w, https:\/\/art-bijoux.com\/wp-content\/uploads\/2024\/04\/Clef-molette-bleu-casse-fond-1536x1269.webp 1536w, https:\/\/art-bijoux.com\/wp-content\/uploads\/2024\/04\/Clef-molette-bleu-casse-fond.webp 1924w\" sizes=\"(max-width: 300px) 100vw, 300px\" \/><figcaption id=\"caption-attachment-249\" class=\"wp-caption-text\">Pendentif carr\u00e9 bleu avec des \u00e9clats rouges, des fissures et une breloque clef \u00e0 molette<\/figcaption><\/figure>\n","protected":false},"excerpt":{"rendered":"<p>Pendentif carr\u00e9 en verre \u00e9br\u00e9ch\u00e9 bleu, avec une breloque en forme de clef \u00e0 molette<\/p>\n","protected":false},"featured_media":248,"comment_status":"open","ping_status":"closed","template":"","meta":[],"product_brand":[],"product_cat":[176,182,186,28,187],"product_tag":[36,29,49,194,183,26,27],"class_list":{"0":"post-2090","1":"product","2":"type-product","3":"status-publish","4":"has-post-thumbnail","6":"product_cat-breloque-bijou-verre","7":"product_cat-pendentif-fusing","8":"product_cat-bijou-pendentif-fusing-tiffany","9":"product_cat-pendentif-tiffany","10":"product_cat-bijoux-homme","11":"product_tag-verre-abstrait","12":"product_tag-breloque-metal-pierre","13":"product_tag-fusing-verre","14":"product_tag-metier-breloque-metal","15":"product_tag-outil-breloque-metal","16":"product_tag-pendentif-verre","17":"product_tag-tiffany-verre","18":"pa_bijou-pendentif","19":"pa_breloque-outils","21":"first","22":"instock","23":"purchasable","24":"product-type-simple"},"_links":{"self":[{"href":"https:\/\/art-bijoux.com\/en\/wp-json\/wp\/v2\/product\/2090","targetHints":{"allow":["GET"]}}],"collection":[{"href":"https:\/\/art-bijoux.com\/en\/wp-json\/wp\/v2\/product"}],"about":[{"href":"https:\/\/art-bijoux.com\/en\/wp-json\/wp\/v2\/types\/product"}],"replies":[{"embeddable":true,"href":"https:\/\/art-bijoux.com\/en\/wp-json\/wp\/v2\/comments?post=2090"}],"version-history":[{"count":0,"href":"https:\/\/art-bijoux.com\/en\/wp-json\/wp\/v2\/product\/2090\/revisions"}],"wp:featuredmedia":[{"embeddable":true,"href":"https:\/\/art-bijoux.com\/en\/wp-json\/wp\/v2\/media\/248"}],"wp:attachment":[{"href":"https:\/\/art-bijoux.com\/en\/wp-json\/wp\/v2\/media?parent=2090"}],"wp:term":[{"taxonomy":"product_brand","embeddable":true,"href":"https:\/\/art-bijoux.com\/en\/wp-json\/wp\/v2\/product_brand?post=2090"},{"taxonomy":"product_cat","embeddable":true,"href":"https:\/\/art-bijoux.com\/en\/wp-json\/wp\/v2\/product_cat?post=2090"},{"taxonomy":"product_tag","embeddable":true,"href":"https:\/\/art-bijoux.com\/en\/wp-json\/wp\/v2\/product_tag?post=2090"}],"curies":[{"name":"wp","href":"https:\/\/api.w.org\/{rel}","templated":true}]}}