{"id":2139,"date":"2024-05-26T12:52:11","date_gmt":"2024-05-26T10:52:11","guid":{"rendered":"https:\/\/art-bijoux.com\/?post_type=product&#038;p=2139"},"modified":"2024-12-12T19:51:56","modified_gmt":"2024-12-12T18:51:56","slug":"2139-pendentif-carre-verre-transparen-bleu-rouge","status":"publish","type":"product","link":"https:\/\/art-bijoux.com\/en\/boutique\/2139-pendentif-carre-verre-transparen-bleu-rouge\/","title":{"rendered":"Pendentif Carr\u00e9 en Verre Transparent avec un \u00c9clat bleu et un rouge"},"content":{"rendered":"<figure id=\"attachment_237\" aria-describedby=\"caption-attachment-237\" style=\"width: 253px\" class=\"wp-caption alignleft\"><img fetchpriority=\"high\" decoding=\"async\" class=\"size-medium wp-image-237\" src=\"https:\/\/art-bijoux.com\/wp-content\/uploads\/2024\/04\/bleu-5-cotes-rouge-6-253x300.webp\" alt=\"Pendentif carr\u00e9 en verre transparent avec un \u00e9clat bleu et un rouge fondus\" width=\"253\" height=\"300\" srcset=\"https:\/\/art-bijoux.com\/wp-content\/uploads\/2024\/04\/bleu-5-cotes-rouge-6-253x300.webp 253w, https:\/\/art-bijoux.com\/wp-content\/uploads\/2024\/04\/bleu-5-cotes-rouge-6-600x711.webp 600w, https:\/\/art-bijoux.com\/wp-content\/uploads\/2024\/04\/bleu-5-cotes-rouge-6-864x1024.webp 864w, https:\/\/art-bijoux.com\/wp-content\/uploads\/2024\/04\/bleu-5-cotes-rouge-6-768x910.webp 768w, https:\/\/art-bijoux.com\/wp-content\/uploads\/2024\/04\/bleu-5-cotes-rouge-6-1296x1536.webp 1296w, https:\/\/art-bijoux.com\/wp-content\/uploads\/2024\/04\/bleu-5-cotes-rouge-6.webp 1620w\" sizes=\"(max-width: 253px) 100vw, 253px\" \/><figcaption id=\"caption-attachment-237\" class=\"wp-caption-text\">Pendentif carr\u00e9 en verre transparent avec un \u00e9clat bleu et un rouge fondus<\/figcaption><\/figure>\n<p>Ce pendentif en forme de carr\u00e9 irr\u00e9gulier est r\u00e9alis\u00e9 en verre l\u00e9ger et transparent, offrant une vue subtile des v\u00eatements port\u00e9s en dessous, cr\u00e9ant un effet de superposition unique. Deux \u00e9clats, r\u00e9cup\u00e9r\u00e9s des chutes de verre d&#8217;un grand vitrail, ont \u00e9t\u00e9 habilement fondus dans le pendentif. Les \u00e9clats occupent une grande partie de la surface : un rouge et un bleu, formant un motif g\u00e9om\u00e9trique attrayant.<\/p>\n<p>Une b\u00e9li\u00e8re argent\u00e9e, coll\u00e9e \u00e0 l&#8217;arri\u00e8re dont le montage est visible en transparence, permet de porter ce bijou avec une cha\u00eene ou un lacet, ajoutant une touche d&#8217;\u00e9l\u00e9gance discr\u00e8te \u00e0 votre look.<\/p>\n<p><strong>Caract\u00e9ristiques :<\/strong><\/p>\n<ul>\n<li>Forme : Rectangulaire<\/li>\n<li>Mat\u00e9riau principal : Verre l\u00e9ger et transparent<\/li>\n<li>Dimensions ; Largeur : 3,1cm, hauteur : 4,3cm<\/li>\n<li>D\u00e9corations : Deux \u00e9clats fondus (rouge et bleu)<\/li>\n<li>Technique : Fusing<\/li>\n<li>B\u00e9li\u00e8re : M\u00e9tal argent\u00e9, coll\u00e9e \u00e0 l&#8217;arri\u00e8re<\/li>\n<\/ul>\n<p>Ce pendentif carr\u00e9, avec ses \u00e9clats color\u00e9s et son design transparent, est une pi\u00e8ce unique qui met en valeur l&#8217;art de la r\u00e9cup\u00e9ration et du recyclage des mat\u00e9riaux de verrerie. Parfait pour ceux qui appr\u00e9cient les bijoux artisanaux et \u00e9cologiques, il apporte une touche moderne et \u00e9l\u00e9gante \u00e0 toute tenue.<\/p>\n","protected":false},"excerpt":{"rendered":"<p>Pendentif carr\u00e9 en verre transparent avec un \u00e9clat bleu et un rouge fondus<\/p>\n","protected":false},"featured_media":237,"comment_status":"open","ping_status":"closed","template":"","meta":[],"product_brand":[],"product_cat":[182],"product_tag":[36,49,26],"class_list":{"0":"post-2139","1":"product","2":"type-product","3":"status-publish","4":"has-post-thumbnail","6":"product_cat-pendentif-fusing","7":"product_tag-verre-abstrait","8":"product_tag-fusing-verre","9":"product_tag-pendentif-verre","11":"first","12":"outofstock","13":"purchasable","14":"product-type-simple"},"_links":{"self":[{"href":"https:\/\/art-bijoux.com\/en\/wp-json\/wp\/v2\/product\/2139","targetHints":{"allow":["GET"]}}],"collection":[{"href":"https:\/\/art-bijoux.com\/en\/wp-json\/wp\/v2\/product"}],"about":[{"href":"https:\/\/art-bijoux.com\/en\/wp-json\/wp\/v2\/types\/product"}],"replies":[{"embeddable":true,"href":"https:\/\/art-bijoux.com\/en\/wp-json\/wp\/v2\/comments?post=2139"}],"version-history":[{"count":0,"href":"https:\/\/art-bijoux.com\/en\/wp-json\/wp\/v2\/product\/2139\/revisions"}],"wp:featuredmedia":[{"embeddable":true,"href":"https:\/\/art-bijoux.com\/en\/wp-json\/wp\/v2\/media\/237"}],"wp:attachment":[{"href":"https:\/\/art-bijoux.com\/en\/wp-json\/wp\/v2\/media?parent=2139"}],"wp:term":[{"taxonomy":"product_brand","embeddable":true,"href":"https:\/\/art-bijoux.com\/en\/wp-json\/wp\/v2\/product_brand?post=2139"},{"taxonomy":"product_cat","embeddable":true,"href":"https:\/\/art-bijoux.com\/en\/wp-json\/wp\/v2\/product_cat?post=2139"},{"taxonomy":"product_tag","embeddable":true,"href":"https:\/\/art-bijoux.com\/en\/wp-json\/wp\/v2\/product_tag?post=2139"}],"curies":[{"name":"wp","href":"https:\/\/api.w.org\/{rel}","templated":true}]}}