{"id":2165,"date":"2024-05-27T13:10:05","date_gmt":"2024-05-27T11:10:05","guid":{"rendered":"https:\/\/art-bijoux.com\/?post_type=product&#038;p=2165"},"modified":"2024-12-12T19:51:08","modified_gmt":"2024-12-12T18:51:08","slug":"2165-bijou-pendentif-verre-transparent-orange-bleu-multicolore","status":"publish","type":"product","link":"https:\/\/art-bijoux.com\/en\/boutique\/2165-bijou-pendentif-verre-transparent-orange-bleu-multicolore\/","title":{"rendered":"Pendentif en Verre Transparent recouvert d&#8217;\u00e9clats Orange, Bleu et multicolore"},"content":{"rendered":"<figure id=\"attachment_231\" aria-describedby=\"caption-attachment-231\" style=\"width: 300px\" class=\"wp-caption alignleft\"><img fetchpriority=\"high\" decoding=\"async\" class=\"size-medium wp-image-231\" src=\"https:\/\/art-bijoux.com\/wp-content\/uploads\/2024\/04\/4-eclats-serres-orange-bleu-300x279.webp\" alt=\"Pendentif carr\u00e9 en verre transparent recouvert d'\u00e9clats orange, bleu et multicolore\" width=\"300\" height=\"279\" srcset=\"https:\/\/art-bijoux.com\/wp-content\/uploads\/2024\/04\/4-eclats-serres-orange-bleu-300x279.webp 300w, https:\/\/art-bijoux.com\/wp-content\/uploads\/2024\/04\/4-eclats-serres-orange-bleu-600x557.webp 600w, https:\/\/art-bijoux.com\/wp-content\/uploads\/2024\/04\/4-eclats-serres-orange-bleu-1024x951.webp 1024w, https:\/\/art-bijoux.com\/wp-content\/uploads\/2024\/04\/4-eclats-serres-orange-bleu-768x713.webp 768w, https:\/\/art-bijoux.com\/wp-content\/uploads\/2024\/04\/4-eclats-serres-orange-bleu-1536x1426.webp 1536w, https:\/\/art-bijoux.com\/wp-content\/uploads\/2024\/04\/4-eclats-serres-orange-bleu.webp 1920w\" sizes=\"(max-width: 300px) 100vw, 300px\" \/><figcaption id=\"caption-attachment-231\" class=\"wp-caption-text\">Pendentif carr\u00e9 en verre transparent recouvert d&#8217;\u00e9clats orange, bleu et multicolore<\/figcaption><\/figure>\n<p>Ce pendentif en forme de carr\u00e9 rendu irr\u00e9gulier par la fusion est r\u00e9alis\u00e9 en verre \u00e9pais de 6 millim\u00e8tres d&#8217;\u00e9paisseur, transparent, offrant une vue discr\u00e8te des v\u00eatements port\u00e9s en dessous, cr\u00e9ant un effet de superposition unique. Deux fragments orange, un important \u00e9clats bleu et un multicolore, r\u00e9cup\u00e9r\u00e9s des chutes de verre d&#8217;un grand vitrail, ont \u00e9t\u00e9 habilement fondus dans le pendentif. Les \u00e9clats sont de tailles et couleurs vari\u00e9es, formant un motif g\u00e9om\u00e9trique attrayant.<\/p>\n<p>Une b\u00e9li\u00e8re argent\u00e9e, coll\u00e9e \u00e0 l&#8217;arri\u00e8re, permet de porter ce bijou avec une cha\u00eene ou un lacet, ajoutant une touche d&#8217;\u00e9l\u00e9gance discr\u00e8te \u00e0 votre look.<\/p>\n<p><strong>Caract\u00e9ristiques :<\/strong><\/p>\n<ul>\n<li>Forme : Rectangulaire<\/li>\n<li>Mat\u00e9riau principal : Verre \u00e9pais et transparent<\/li>\n<li>D\u00e9corations : Deux \u00e9clats orange, un bleu et un multicolore, fondus<\/li>\n<li>Technique : Fusing<\/li>\n<li>B\u00e9li\u00e8re : M\u00e9tal argent\u00e9, coll\u00e9e \u00e0 l&#8217;arri\u00e8re<\/li>\n<li>Dimensions : Largeur : 3,6cm, hauteur: 4,3cm<\/li>\n<\/ul>\n<p>Ce pendentif en forme de carr\u00e9 irr\u00e9gulier, avec ses \u00e9clats color\u00e9s et son design transparent, est une pi\u00e8ce unique qui met en valeur l&#8217;art de la r\u00e9cup\u00e9ration et du recyclage des mat\u00e9riaux de verrerie. Parfait pour ceux qui appr\u00e9cient les bijoux artisanaux et \u00e9cologiques, il apporte une touche moderne et \u00e9l\u00e9gante \u00e0 toute tenue.<\/p>\n<p>&nbsp;<\/p>\n<p>&nbsp;<\/p>\n","protected":false},"excerpt":{"rendered":"<p>Pendentif carr\u00e9 en verre transparent recouvert d&#8217;\u00e9clats orange, bleu et multicolore<\/p>\n","protected":false},"featured_media":231,"comment_status":"open","ping_status":"closed","template":"","meta":[],"product_brand":[],"product_cat":[182],"product_tag":[36,49,26],"class_list":{"0":"post-2165","1":"product","2":"type-product","3":"status-publish","4":"has-post-thumbnail","6":"product_cat-pendentif-fusing","7":"product_tag-verre-abstrait","8":"product_tag-fusing-verre","9":"product_tag-pendentif-verre","10":"pa_bijou-pendentif","12":"first","13":"outofstock","14":"purchasable","15":"product-type-simple"},"yoast_head":"<!-- This site is optimized with the Yoast SEO plugin v27.4 - https:\/\/yoast.com\/product\/yoast-seo-wordpress\/ -->\n<title>Pendentif en Verre Transparent recouvert d&#039;\u00e9clats Orange, Bleu et multicolore - art-bijoux<\/title>\n<meta name=\"description\" content=\"Pendentif carr\u00e9 en verre transparent recouvert d&#039;\u00e9clats orange, bleu et multicolore. Une b\u00e9li\u00e8re en m\u00e9tal argent\u00e9 coll\u00e9e \u00e0 l&#039;arri\u00e8re.\" \/>\n<meta name=\"robots\" content=\"index, follow, max-snippet:-1, max-image-preview:large, max-video-preview:-1\" \/>\n<link rel=\"canonical\" href=\"https:\/\/art-bijoux.com\/en\/boutique\/2165-bijou-pendentif-verre-transparent-orange-bleu-multicolore\/\" \/>\n<meta property=\"og:locale\" content=\"en_US\" \/>\n<meta property=\"og:type\" content=\"article\" \/>\n<meta property=\"og:title\" content=\"Pendentif en Verre Transparent recouvert d&#039;\u00e9clats Orange, Bleu et multicolore - art-bijoux\" \/>\n<meta property=\"og:description\" content=\"Pendentif carr\u00e9 en verre transparent recouvert d&#039;\u00e9clats orange, bleu et multicolore. Une b\u00e9li\u00e8re en m\u00e9tal argent\u00e9 coll\u00e9e \u00e0 l&#039;arri\u00e8re.\" \/>\n<meta property=\"og:url\" content=\"https:\/\/art-bijoux.com\/en\/boutique\/2165-bijou-pendentif-verre-transparent-orange-bleu-multicolore\/\" \/>\n<meta property=\"og:site_name\" content=\"art-bijoux\" \/>\n<meta property=\"article:modified_time\" content=\"2024-12-12T18:51:08+00:00\" \/>\n<meta property=\"og:image\" content=\"https:\/\/art-bijoux.com\/wp-content\/uploads\/2024\/04\/4-eclats-serres-orange-bleu.webp\" \/>\n\t<meta property=\"og:image:width\" content=\"1920\" \/>\n\t<meta property=\"og:image:height\" content=\"1783\" \/>\n\t<meta property=\"og:image:type\" content=\"image\/webp\" \/>\n<meta name=\"twitter:card\" content=\"summary_large_image\" \/>\n<meta name=\"twitter:label1\" content=\"Est. reading time\" \/>\n\t<meta name=\"twitter:data1\" content=\"2 minutes\" \/>\n<script type=\"application\/ld+json\" class=\"yoast-schema-graph\">{\"@context\":\"https:\\\/\\\/schema.org\",\"@graph\":[{\"@type\":\"WebPage\",\"@id\":\"https:\\\/\\\/art-bijoux.com\\\/en\\\/boutique\\\/2165-bijou-pendentif-verre-transparent-orange-bleu-multicolore\\\/\",\"url\":\"https:\\\/\\\/art-bijoux.com\\\/en\\\/boutique\\\/2165-bijou-pendentif-verre-transparent-orange-bleu-multicolore\\\/\",\"name\":\"Pendentif en Verre Transparent recouvert d'\u00e9clats Orange, Bleu et multicolore - art-bijoux\",\"isPartOf\":{\"@id\":\"https:\\\/\\\/art-bijoux.com\\\/en\\\/#website\"},\"primaryImageOfPage\":{\"@id\":\"https:\\\/\\\/art-bijoux.com\\\/en\\\/boutique\\\/2165-bijou-pendentif-verre-transparent-orange-bleu-multicolore\\\/#primaryimage\"},\"image\":{\"@id\":\"https:\\\/\\\/art-bijoux.com\\\/en\\\/boutique\\\/2165-bijou-pendentif-verre-transparent-orange-bleu-multicolore\\\/#primaryimage\"},\"thumbnailUrl\":\"https:\\\/\\\/art-bijoux.com\\\/wp-content\\\/uploads\\\/2024\\\/04\\\/4-eclats-serres-orange-bleu.webp\",\"datePublished\":\"2024-05-27T11:10:05+00:00\",\"dateModified\":\"2024-12-12T18:51:08+00:00\",\"description\":\"Pendentif carr\u00e9 en verre transparent recouvert d'\u00e9clats orange, bleu et multicolore. Une b\u00e9li\u00e8re en m\u00e9tal argent\u00e9 coll\u00e9e \u00e0 l'arri\u00e8re.\",\"breadcrumb\":{\"@id\":\"https:\\\/\\\/art-bijoux.com\\\/en\\\/boutique\\\/2165-bijou-pendentif-verre-transparent-orange-bleu-multicolore\\\/#breadcrumb\"},\"inLanguage\":\"en-US\",\"potentialAction\":[{\"@type\":\"ReadAction\",\"target\":[\"https:\\\/\\\/art-bijoux.com\\\/en\\\/boutique\\\/2165-bijou-pendentif-verre-transparent-orange-bleu-multicolore\\\/\"]}]},{\"@type\":\"ImageObject\",\"inLanguage\":\"en-US\",\"@id\":\"https:\\\/\\\/art-bijoux.com\\\/en\\\/boutique\\\/2165-bijou-pendentif-verre-transparent-orange-bleu-multicolore\\\/#primaryimage\",\"url\":\"https:\\\/\\\/art-bijoux.com\\\/wp-content\\\/uploads\\\/2024\\\/04\\\/4-eclats-serres-orange-bleu.webp\",\"contentUrl\":\"https:\\\/\\\/art-bijoux.com\\\/wp-content\\\/uploads\\\/2024\\\/04\\\/4-eclats-serres-orange-bleu.webp\",\"width\":1920,\"height\":1783,\"caption\":\"Pendentif carr\u00e9 en verre transparent recouvert d'\u00e9clats orange, bleu et multicolore\"},{\"@type\":\"BreadcrumbList\",\"@id\":\"https:\\\/\\\/art-bijoux.com\\\/en\\\/boutique\\\/2165-bijou-pendentif-verre-transparent-orange-bleu-multicolore\\\/#breadcrumb\",\"itemListElement\":[{\"@type\":\"ListItem\",\"position\":1,\"name\":\"Accueil\",\"item\":\"https:\\\/\\\/art-bijoux.com\\\/en\\\/home\\\/\"},{\"@type\":\"ListItem\",\"position\":2,\"name\":\"Shop\",\"item\":\"https:\\\/\\\/art-bijoux.com\\\/en\\\/shop\\\/\"},{\"@type\":\"ListItem\",\"position\":3,\"name\":\"Pendentif en Verre Transparent recouvert d&#8217;\u00e9clats Orange, Bleu et multicolore\"}]},{\"@type\":\"WebSite\",\"@id\":\"https:\\\/\\\/art-bijoux.com\\\/en\\\/#website\",\"url\":\"https:\\\/\\\/art-bijoux.com\\\/en\\\/\",\"name\":\"art-bijoux\",\"description\":\"Osez porter \\\/ offrir un vitrail unique \u00e0 prix abordable\",\"publisher\":{\"@id\":\"https:\\\/\\\/art-bijoux.com\\\/en\\\/#organization\"},\"potentialAction\":[{\"@type\":\"SearchAction\",\"target\":{\"@type\":\"EntryPoint\",\"urlTemplate\":\"https:\\\/\\\/art-bijoux.com\\\/en\\\/?s={search_term_string}\"},\"query-input\":{\"@type\":\"PropertyValueSpecification\",\"valueRequired\":true,\"valueName\":\"search_term_string\"}}],\"inLanguage\":\"en-US\"},{\"@type\":\"Organization\",\"@id\":\"https:\\\/\\\/art-bijoux.com\\\/en\\\/#organization\",\"name\":\"art-bijoux\",\"url\":\"https:\\\/\\\/art-bijoux.com\\\/en\\\/\",\"logo\":{\"@type\":\"ImageObject\",\"inLanguage\":\"en-US\",\"@id\":\"https:\\\/\\\/art-bijoux.com\\\/en\\\/#\\\/schema\\\/logo\\\/image\\\/\",\"url\":\"https:\\\/\\\/art-bijoux.com\\\/wp-content\\\/uploads\\\/2024\\\/06\\\/Art-Bijoux-Logo-Small.png\",\"contentUrl\":\"https:\\\/\\\/art-bijoux.com\\\/wp-content\\\/uploads\\\/2024\\\/06\\\/Art-Bijoux-Logo-Small.png\",\"width\":722,\"height\":137,\"caption\":\"art-bijoux\"},\"image\":{\"@id\":\"https:\\\/\\\/art-bijoux.com\\\/en\\\/#\\\/schema\\\/logo\\\/image\\\/\"}}]}<\/script>\n<!-- \/ Yoast SEO plugin. -->","yoast_head_json":{"title":"Pendentif en Verre Transparent recouvert d'\u00e9clats Orange, Bleu et multicolore - art-bijoux","description":"Pendentif carr\u00e9 en verre transparent recouvert d'\u00e9clats orange, bleu et multicolore. Une b\u00e9li\u00e8re en m\u00e9tal argent\u00e9 coll\u00e9e \u00e0 l'arri\u00e8re.","robots":{"index":"index","follow":"follow","max-snippet":"max-snippet:-1","max-image-preview":"max-image-preview:large","max-video-preview":"max-video-preview:-1"},"canonical":"https:\/\/art-bijoux.com\/en\/boutique\/2165-bijou-pendentif-verre-transparent-orange-bleu-multicolore\/","og_locale":"en_US","og_type":"article","og_title":"Pendentif en Verre Transparent recouvert d'\u00e9clats Orange, Bleu et multicolore - art-bijoux","og_description":"Pendentif carr\u00e9 en verre transparent recouvert d'\u00e9clats orange, bleu et multicolore. Une b\u00e9li\u00e8re en m\u00e9tal argent\u00e9 coll\u00e9e \u00e0 l'arri\u00e8re.","og_url":"https:\/\/art-bijoux.com\/en\/boutique\/2165-bijou-pendentif-verre-transparent-orange-bleu-multicolore\/","og_site_name":"art-bijoux","article_modified_time":"2024-12-12T18:51:08+00:00","og_image":[{"width":1920,"height":1783,"url":"https:\/\/art-bijoux.com\/wp-content\/uploads\/2024\/04\/4-eclats-serres-orange-bleu.webp","type":"image\/webp"}],"twitter_card":"summary_large_image","twitter_misc":{"Est. reading time":"2 minutes"},"schema":{"@context":"https:\/\/schema.org","@graph":[{"@type":"WebPage","@id":"https:\/\/art-bijoux.com\/en\/boutique\/2165-bijou-pendentif-verre-transparent-orange-bleu-multicolore\/","url":"https:\/\/art-bijoux.com\/en\/boutique\/2165-bijou-pendentif-verre-transparent-orange-bleu-multicolore\/","name":"Pendentif en Verre Transparent recouvert d'\u00e9clats Orange, Bleu et multicolore - art-bijoux","isPartOf":{"@id":"https:\/\/art-bijoux.com\/en\/#website"},"primaryImageOfPage":{"@id":"https:\/\/art-bijoux.com\/en\/boutique\/2165-bijou-pendentif-verre-transparent-orange-bleu-multicolore\/#primaryimage"},"image":{"@id":"https:\/\/art-bijoux.com\/en\/boutique\/2165-bijou-pendentif-verre-transparent-orange-bleu-multicolore\/#primaryimage"},"thumbnailUrl":"https:\/\/art-bijoux.com\/wp-content\/uploads\/2024\/04\/4-eclats-serres-orange-bleu.webp","datePublished":"2024-05-27T11:10:05+00:00","dateModified":"2024-12-12T18:51:08+00:00","description":"Pendentif carr\u00e9 en verre transparent recouvert d'\u00e9clats orange, bleu et multicolore. Une b\u00e9li\u00e8re en m\u00e9tal argent\u00e9 coll\u00e9e \u00e0 l'arri\u00e8re.","breadcrumb":{"@id":"https:\/\/art-bijoux.com\/en\/boutique\/2165-bijou-pendentif-verre-transparent-orange-bleu-multicolore\/#breadcrumb"},"inLanguage":"en-US","potentialAction":[{"@type":"ReadAction","target":["https:\/\/art-bijoux.com\/en\/boutique\/2165-bijou-pendentif-verre-transparent-orange-bleu-multicolore\/"]}]},{"@type":"ImageObject","inLanguage":"en-US","@id":"https:\/\/art-bijoux.com\/en\/boutique\/2165-bijou-pendentif-verre-transparent-orange-bleu-multicolore\/#primaryimage","url":"https:\/\/art-bijoux.com\/wp-content\/uploads\/2024\/04\/4-eclats-serres-orange-bleu.webp","contentUrl":"https:\/\/art-bijoux.com\/wp-content\/uploads\/2024\/04\/4-eclats-serres-orange-bleu.webp","width":1920,"height":1783,"caption":"Pendentif carr\u00e9 en verre transparent recouvert d'\u00e9clats orange, bleu et multicolore"},{"@type":"BreadcrumbList","@id":"https:\/\/art-bijoux.com\/en\/boutique\/2165-bijou-pendentif-verre-transparent-orange-bleu-multicolore\/#breadcrumb","itemListElement":[{"@type":"ListItem","position":1,"name":"Accueil","item":"https:\/\/art-bijoux.com\/en\/home\/"},{"@type":"ListItem","position":2,"name":"Shop","item":"https:\/\/art-bijoux.com\/en\/shop\/"},{"@type":"ListItem","position":3,"name":"Pendentif en Verre Transparent recouvert d&#8217;\u00e9clats Orange, Bleu et multicolore"}]},{"@type":"WebSite","@id":"https:\/\/art-bijoux.com\/en\/#website","url":"https:\/\/art-bijoux.com\/en\/","name":"art-bijoux","description":"Osez porter \/ offrir un vitrail unique \u00e0 prix abordable","publisher":{"@id":"https:\/\/art-bijoux.com\/en\/#organization"},"potentialAction":[{"@type":"SearchAction","target":{"@type":"EntryPoint","urlTemplate":"https:\/\/art-bijoux.com\/en\/?s={search_term_string}"},"query-input":{"@type":"PropertyValueSpecification","valueRequired":true,"valueName":"search_term_string"}}],"inLanguage":"en-US"},{"@type":"Organization","@id":"https:\/\/art-bijoux.com\/en\/#organization","name":"art-bijoux","url":"https:\/\/art-bijoux.com\/en\/","logo":{"@type":"ImageObject","inLanguage":"en-US","@id":"https:\/\/art-bijoux.com\/en\/#\/schema\/logo\/image\/","url":"https:\/\/art-bijoux.com\/wp-content\/uploads\/2024\/06\/Art-Bijoux-Logo-Small.png","contentUrl":"https:\/\/art-bijoux.com\/wp-content\/uploads\/2024\/06\/Art-Bijoux-Logo-Small.png","width":722,"height":137,"caption":"art-bijoux"},"image":{"@id":"https:\/\/art-bijoux.com\/en\/#\/schema\/logo\/image\/"}}]}},"_links":{"self":[{"href":"https:\/\/art-bijoux.com\/en\/wp-json\/wp\/v2\/product\/2165","targetHints":{"allow":["GET"]}}],"collection":[{"href":"https:\/\/art-bijoux.com\/en\/wp-json\/wp\/v2\/product"}],"about":[{"href":"https:\/\/art-bijoux.com\/en\/wp-json\/wp\/v2\/types\/product"}],"replies":[{"embeddable":true,"href":"https:\/\/art-bijoux.com\/en\/wp-json\/wp\/v2\/comments?post=2165"}],"version-history":[{"count":0,"href":"https:\/\/art-bijoux.com\/en\/wp-json\/wp\/v2\/product\/2165\/revisions"}],"wp:featuredmedia":[{"embeddable":true,"href":"https:\/\/art-bijoux.com\/en\/wp-json\/wp\/v2\/media\/231"}],"wp:attachment":[{"href":"https:\/\/art-bijoux.com\/en\/wp-json\/wp\/v2\/media?parent=2165"}],"wp:term":[{"taxonomy":"product_brand","embeddable":true,"href":"https:\/\/art-bijoux.com\/en\/wp-json\/wp\/v2\/product_brand?post=2165"},{"taxonomy":"product_cat","embeddable":true,"href":"https:\/\/art-bijoux.com\/en\/wp-json\/wp\/v2\/product_cat?post=2165"},{"taxonomy":"product_tag","embeddable":true,"href":"https:\/\/art-bijoux.com\/en\/wp-json\/wp\/v2\/product_tag?post=2165"}],"curies":[{"name":"wp","href":"https:\/\/api.w.org\/{rel}","templated":true}]}}