{"id":2166,"date":"2024-05-27T13:20:32","date_gmt":"2024-05-27T11:20:32","guid":{"rendered":"https:\/\/art-bijoux.com\/?post_type=product&#038;p=2166"},"modified":"2024-12-11T11:09:03","modified_gmt":"2024-12-11T10:09:03","slug":"2166-bijou-pendentif-verre-transparent-eclats-orange-bleu","status":"publish","type":"product","link":"https:\/\/art-bijoux.com\/en\/boutique\/2166-bijou-pendentif-verre-transparent-eclats-orange-bleu\/","title":{"rendered":"Pendentif en Verre Transparent avec Trois \u00c9clats Orange et un Bleu"},"content":{"rendered":"<figure id=\"attachment_229\" aria-describedby=\"caption-attachment-229\" style=\"width: 276px\" class=\"wp-caption alignleft\"><img fetchpriority=\"high\" decoding=\"async\" class=\"size-medium wp-image-229\" src=\"https:\/\/art-bijoux.com\/wp-content\/uploads\/2024\/04\/3-losanges-jaunes-un-bleu-276x300.webp\" alt=\"Pendentif en verre transparent avec un \u00e9clat bleu et 3 oranges, fondus \u00e0 la surface. Une b\u00e9li\u00e8re coll\u00e9e \u00e0 l'arri\u00e8re\" width=\"276\" height=\"300\" srcset=\"https:\/\/art-bijoux.com\/wp-content\/uploads\/2024\/04\/3-losanges-jaunes-un-bleu-276x300.webp 276w, https:\/\/art-bijoux.com\/wp-content\/uploads\/2024\/04\/3-losanges-jaunes-un-bleu-600x651.webp 600w, https:\/\/art-bijoux.com\/wp-content\/uploads\/2024\/04\/3-losanges-jaunes-un-bleu-943x1024.webp 943w, https:\/\/art-bijoux.com\/wp-content\/uploads\/2024\/04\/3-losanges-jaunes-un-bleu-768x834.webp 768w, https:\/\/art-bijoux.com\/wp-content\/uploads\/2024\/04\/3-losanges-jaunes-un-bleu-1415x1536.webp 1415w, https:\/\/art-bijoux.com\/wp-content\/uploads\/2024\/04\/3-losanges-jaunes-un-bleu.webp 1769w\" sizes=\"(max-width: 276px) 100vw, 276px\" \/><figcaption id=\"caption-attachment-229\" class=\"wp-caption-text\">Pendentif en verre transparent avec un \u00e9clat bleu et 3 oranges, fondus \u00e0 la surface. Une b\u00e9li\u00e8re coll\u00e9e \u00e0 l&#8217;arri\u00e8re<\/figcaption><\/figure>\n<p>Ce pendentif carr\u00e9 est r\u00e9alis\u00e9 en verre transparent, offrant une vue subtile des v\u00eatements port\u00e9s en dessous, cr\u00e9ant un effet de superposition unique. Trois \u00e9clats triangulaires orange et un bleu turquoise, r\u00e9cup\u00e9r\u00e9s des chutes de verre d&#8217;un grand vitrail, ont \u00e9t\u00e9 habilement fondus en relief dans le pendentif. Les fragments sont de tailles et couleurs vari\u00e9es : un bleu plus gros, Trois orange en triangle irr\u00e9gulier, formant un motif g\u00e9om\u00e9trique attrayant.<\/p>\n<p>Une b\u00e9li\u00e8re argent\u00e9e, coll\u00e9e \u00e0 l&#8217;arri\u00e8re, permet de porter ce bijou avec une cha\u00eene ou un lacet, ajoutant une touche d&#8217;\u00e9l\u00e9gance discr\u00e8te \u00e0 votre look.<\/p>\n<p><strong>Caract\u00e9ristiques :<\/strong><\/p>\n<ul>\n<li>Forme : Rectangulaire<\/li>\n<li>Mat\u00e9riau principal : Verre transparent<\/li>\n<li>D\u00e9corations : Trois \u00e9clats triangulaires orange fondus et un bleu<\/li>\n<li>Technique : Fusing<\/li>\n<li>B\u00e9li\u00e8re : M\u00e9tal argent\u00e9, coll\u00e9e \u00e0 l&#8217;arri\u00e8re<\/li>\n<li>Dimensions : largeur : 3,7cm, hauteur : 4,6cm<\/li>\n<\/ul>\n<p>Ce pendentif carr\u00e9, avec ses \u00e9clats color\u00e9s et son design transparent, est une pi\u00e8ce unique qui met en valeur l&#8217;art de la r\u00e9cup\u00e9ration et du recyclage des mat\u00e9riaux de verrerie. Parfait pour ceux qui appr\u00e9cient les bijoux artisanaux et \u00e9cologiques, il apporte une touche moderne et \u00e9l\u00e9gante \u00e0 toute tenue.<\/p>\n<p>&nbsp;<\/p>\n","protected":false},"excerpt":{"rendered":"<p>Pendentif en verre transparent avec un \u00e9clat bleu et 3 oranges, fondus \u00e0 la surface. Une b\u00e9li\u00e8re coll\u00e9e \u00e0 l&#8217;arri\u00e8re<\/p>\n","protected":false},"featured_media":229,"comment_status":"open","ping_status":"closed","template":"","meta":[],"product_brand":[],"product_cat":[182],"product_tag":[36,49,26],"class_list":{"0":"post-2166","1":"product","2":"type-product","3":"status-publish","4":"has-post-thumbnail","6":"product_cat-pendentif-fusing","7":"product_tag-verre-abstrait","8":"product_tag-fusing-verre","9":"product_tag-pendentif-verre","10":"pa_bijou-pendentif","12":"first","13":"outofstock","14":"purchasable","15":"product-type-simple"},"_links":{"self":[{"href":"https:\/\/art-bijoux.com\/en\/wp-json\/wp\/v2\/product\/2166","targetHints":{"allow":["GET"]}}],"collection":[{"href":"https:\/\/art-bijoux.com\/en\/wp-json\/wp\/v2\/product"}],"about":[{"href":"https:\/\/art-bijoux.com\/en\/wp-json\/wp\/v2\/types\/product"}],"replies":[{"embeddable":true,"href":"https:\/\/art-bijoux.com\/en\/wp-json\/wp\/v2\/comments?post=2166"}],"version-history":[{"count":0,"href":"https:\/\/art-bijoux.com\/en\/wp-json\/wp\/v2\/product\/2166\/revisions"}],"wp:featuredmedia":[{"embeddable":true,"href":"https:\/\/art-bijoux.com\/en\/wp-json\/wp\/v2\/media\/229"}],"wp:attachment":[{"href":"https:\/\/art-bijoux.com\/en\/wp-json\/wp\/v2\/media?parent=2166"}],"wp:term":[{"taxonomy":"product_brand","embeddable":true,"href":"https:\/\/art-bijoux.com\/en\/wp-json\/wp\/v2\/product_brand?post=2166"},{"taxonomy":"product_cat","embeddable":true,"href":"https:\/\/art-bijoux.com\/en\/wp-json\/wp\/v2\/product_cat?post=2166"},{"taxonomy":"product_tag","embeddable":true,"href":"https:\/\/art-bijoux.com\/en\/wp-json\/wp\/v2\/product_tag?post=2166"}],"curies":[{"name":"wp","href":"https:\/\/api.w.org\/{rel}","templated":true}]}}