{"id":2167,"date":"2024-05-27T13:53:20","date_gmt":"2024-05-27T11:53:20","guid":{"rendered":"https:\/\/art-bijoux.com\/?post_type=product&#038;p=2167"},"modified":"2024-12-12T19:50:25","modified_gmt":"2024-12-12T18:50:25","slug":"2167-bijou-pendentif-carre-verre-transparent-fragments-bleu-gris-beige","status":"publish","type":"product","link":"https:\/\/art-bijoux.com\/en\/boutique\/2167-bijou-pendentif-carre-verre-transparent-fragments-bleu-gris-beige\/","title":{"rendered":"Pendentif Grand Carr\u00e9 en Verre Transparent avec des \u00c9clats bleu, gris et beige"},"content":{"rendered":"<figure id=\"attachment_230\" aria-describedby=\"caption-attachment-230\" style=\"width: 295px\" class=\"wp-caption alignleft\"><img fetchpriority=\"high\" decoding=\"async\" class=\"size-medium wp-image-230\" src=\"https:\/\/art-bijoux.com\/wp-content\/uploads\/2024\/04\/4-eclats-bleus-un-blanc-un-gris-295x300.webp\" alt=\"Grand pendentif carr\u00e9 en verre transparent avec des \u00e9clats bleu, gris et beige. Une b\u00e9li\u00e8re coll\u00e9e \u00e0 l'arri\u00e8re.\" width=\"295\" height=\"300\" srcset=\"https:\/\/art-bijoux.com\/wp-content\/uploads\/2024\/04\/4-eclats-bleus-un-blanc-un-gris-295x300.webp 295w, https:\/\/art-bijoux.com\/wp-content\/uploads\/2024\/04\/4-eclats-bleus-un-blanc-un-gris-600x610.webp 600w, https:\/\/art-bijoux.com\/wp-content\/uploads\/2024\/04\/4-eclats-bleus-un-blanc-un-gris-1007x1024.webp 1007w, https:\/\/art-bijoux.com\/wp-content\/uploads\/2024\/04\/4-eclats-bleus-un-blanc-un-gris-768x781.webp 768w, https:\/\/art-bijoux.com\/wp-content\/uploads\/2024\/04\/4-eclats-bleus-un-blanc-un-gris-1511x1536.webp 1511w, https:\/\/art-bijoux.com\/wp-content\/uploads\/2024\/04\/4-eclats-bleus-un-blanc-un-gris.webp 1889w\" sizes=\"(max-width: 295px) 100vw, 295px\" \/><figcaption id=\"caption-attachment-230\" class=\"wp-caption-text\">Grand pendentif carr\u00e9 en verre transparent avec des \u00e9clats bleu, gris et beige. Une b\u00e9li\u00e8re coll\u00e9e \u00e0 l&#8217;arri\u00e8re.<\/figcaption><\/figure>\n<p>Ce grand pendentif carr\u00e9 est r\u00e9alis\u00e9 en verre transparent, offrant une vue subtile des v\u00eatements port\u00e9s en dessous, cr\u00e9ant un effet de superposition unique. Quatre \u00e9clats bleu, r\u00e9cup\u00e9r\u00e9s des chutes de verre du vitrail &#8220;Chevaux lusitaniens&#8221;, ont \u00e9t\u00e9 habilement fondus dans le pendentif, ainsi qu&#8217;un beige et un gris. Les \u00e9clats sont de tailles et couleurs vari\u00e9es, formant un motif g\u00e9om\u00e9trique attrayant.<\/p>\n<p>Une b\u00e9li\u00e8re argent\u00e9e, coll\u00e9e \u00e0 l&#8217;arri\u00e8re, permet de porter ce bijou avec une cha\u00eene ou un lacet, ajoutant une touche d&#8217;\u00e9l\u00e9gance discr\u00e8te \u00e0 votre look.<\/p>\n<p><strong>Caract\u00e9ristiques :<\/strong><\/p>\n<ul>\n<li>Forme : Carr\u00e9<\/li>\n<li>Mat\u00e9riau principal : Verre transparent<\/li>\n<li>D\u00e9corations : Quatre \u00e9clats bleu fondus, un beige clair et un gris<\/li>\n<li>Technique : Fusing<\/li>\n<li>B\u00e9li\u00e8re : M\u00e9tal argent\u00e9, coll\u00e9e \u00e0 l&#8217;arri\u00e8re<\/li>\n<li>Dimensions : largeur : 4,6cm, hauteur : 5,7cm<\/li>\n<\/ul>\n<p>Ce grand pendentif carr\u00e9, avec ses \u00e9clats color\u00e9s et son design transparent, est une pi\u00e8ce unique qui met en valeur l&#8217;art de la r\u00e9cup\u00e9ration et du recyclage des mat\u00e9riaux de verrerie. Parfait pour ceux qui appr\u00e9cient les bijoux artisanaux et \u00e9cologiques, il apporte une touche moderne et \u00e9l\u00e9gante \u00e0 toute tenue.<\/p>\n<p>Quand vous le portez, pensez au magnifique vitrail repr\u00e9sentant des chevaux lusitaniens dont les \u00e9clats bleus sont issus :<\/p>\n<figure id=\"attachment_126\" aria-describedby=\"caption-attachment-126\" style=\"width: 225px\" class=\"wp-caption alignleft\"><img decoding=\"async\" class=\"size-medium wp-image-126\" src=\"https:\/\/art-bijoux.com\/wp-content\/uploads\/2024\/04\/Vitrail-Cheval-lusithanien-gris-gros-plan-225x300.webp\" alt=\"Cheval lusitanien gris peint \u00e0 la grisaille\" width=\"225\" height=\"300\" srcset=\"https:\/\/art-bijoux.com\/wp-content\/uploads\/2024\/04\/Vitrail-Cheval-lusithanien-gris-gros-plan-225x300.webp 225w, https:\/\/art-bijoux.com\/wp-content\/uploads\/2024\/04\/Vitrail-Cheval-lusithanien-gris-gros-plan-600x799.webp 600w, https:\/\/art-bijoux.com\/wp-content\/uploads\/2024\/04\/Vitrail-Cheval-lusithanien-gris-gros-plan-300x400.webp 300w, https:\/\/art-bijoux.com\/wp-content\/uploads\/2024\/04\/Vitrail-Cheval-lusithanien-gris-gros-plan-769x1024.webp 769w, https:\/\/art-bijoux.com\/wp-content\/uploads\/2024\/04\/Vitrail-Cheval-lusithanien-gris-gros-plan-768x1023.webp 768w, https:\/\/art-bijoux.com\/wp-content\/uploads\/2024\/04\/Vitrail-Cheval-lusithanien-gris-gros-plan-1153x1536.webp 1153w, https:\/\/art-bijoux.com\/wp-content\/uploads\/2024\/04\/Vitrail-Cheval-lusithanien-gris-gros-plan.webp 1441w\" sizes=\"(max-width: 225px) 100vw, 225px\" \/><figcaption id=\"caption-attachment-126\" class=\"wp-caption-text\">Cheval lusitanien gris peint \u00e0 la grisaille<\/figcaption><\/figure>\n<p>&nbsp;<\/p>\n<p>&nbsp;<\/p>\n<p>&nbsp;<\/p>\n","protected":false},"excerpt":{"rendered":"<p>Grand pendentif carr\u00e9 en verre transparent avec des \u00e9clats bleu, gris et beige. Une b\u00e9li\u00e8re coll\u00e9e \u00e0 l&#8217;arri\u00e8re.<\/p>\n","protected":false},"featured_media":230,"comment_status":"open","ping_status":"closed","template":"","meta":[],"product_brand":[],"product_cat":[182],"product_tag":[36,49,26],"class_list":{"0":"post-2167","1":"product","2":"type-product","3":"status-publish","4":"has-post-thumbnail","6":"product_cat-pendentif-fusing","7":"product_tag-verre-abstrait","8":"product_tag-fusing-verre","9":"product_tag-pendentif-verre","10":"pa_bijou-pendentif","12":"first","13":"outofstock","14":"purchasable","15":"product-type-simple"},"yoast_head":"<!-- This site is optimized with the Yoast SEO plugin v27.4 - https:\/\/yoast.com\/product\/yoast-seo-wordpress\/ -->\n<title>Pendentif Grand Carr\u00e9 en Verre Transparent avec des \u00c9clats bleu, gris et beige - art-bijoux<\/title>\n<meta name=\"description\" content=\"Grand pendentif carr\u00e9 en verre transparent avec 4 fragments bleu, un gris et un beige. Une b\u00e9li\u00e8re argent\u00e9e coll\u00e9e \u00e0 l&#039;arri\u00e8re.\" \/>\n<meta name=\"robots\" content=\"index, follow, max-snippet:-1, max-image-preview:large, max-video-preview:-1\" \/>\n<link rel=\"canonical\" href=\"https:\/\/art-bijoux.com\/en\/boutique\/2167-bijou-pendentif-carre-verre-transparent-fragments-bleu-gris-beige\/\" \/>\n<meta property=\"og:locale\" content=\"en_US\" \/>\n<meta property=\"og:type\" content=\"article\" \/>\n<meta property=\"og:title\" content=\"Pendentif Grand Carr\u00e9 en Verre Transparent avec des \u00c9clats bleu, gris et beige - art-bijoux\" \/>\n<meta property=\"og:description\" content=\"Grand pendentif carr\u00e9 en verre transparent avec 4 fragments bleu, un gris et un beige. Une b\u00e9li\u00e8re argent\u00e9e coll\u00e9e \u00e0 l&#039;arri\u00e8re.\" \/>\n<meta property=\"og:url\" content=\"https:\/\/art-bijoux.com\/en\/boutique\/2167-bijou-pendentif-carre-verre-transparent-fragments-bleu-gris-beige\/\" \/>\n<meta property=\"og:site_name\" content=\"art-bijoux\" \/>\n<meta property=\"article:modified_time\" content=\"2024-12-12T18:50:25+00:00\" \/>\n<meta property=\"og:image\" content=\"https:\/\/art-bijoux.com\/wp-content\/uploads\/2024\/04\/4-eclats-bleus-un-blanc-un-gris.webp\" \/>\n\t<meta property=\"og:image:width\" content=\"1889\" \/>\n\t<meta property=\"og:image:height\" content=\"1920\" \/>\n\t<meta property=\"og:image:type\" content=\"image\/webp\" \/>\n<meta name=\"twitter:card\" content=\"summary_large_image\" \/>\n<meta name=\"twitter:label1\" content=\"Est. reading time\" \/>\n\t<meta name=\"twitter:data1\" content=\"2 minutes\" \/>\n<script type=\"application\/ld+json\" class=\"yoast-schema-graph\">{\"@context\":\"https:\\\/\\\/schema.org\",\"@graph\":[{\"@type\":\"WebPage\",\"@id\":\"https:\\\/\\\/art-bijoux.com\\\/en\\\/boutique\\\/2167-bijou-pendentif-carre-verre-transparent-fragments-bleu-gris-beige\\\/\",\"url\":\"https:\\\/\\\/art-bijoux.com\\\/en\\\/boutique\\\/2167-bijou-pendentif-carre-verre-transparent-fragments-bleu-gris-beige\\\/\",\"name\":\"Pendentif Grand Carr\u00e9 en Verre Transparent avec des \u00c9clats bleu, gris et beige - art-bijoux\",\"isPartOf\":{\"@id\":\"https:\\\/\\\/art-bijoux.com\\\/en\\\/#website\"},\"primaryImageOfPage\":{\"@id\":\"https:\\\/\\\/art-bijoux.com\\\/en\\\/boutique\\\/2167-bijou-pendentif-carre-verre-transparent-fragments-bleu-gris-beige\\\/#primaryimage\"},\"image\":{\"@id\":\"https:\\\/\\\/art-bijoux.com\\\/en\\\/boutique\\\/2167-bijou-pendentif-carre-verre-transparent-fragments-bleu-gris-beige\\\/#primaryimage\"},\"thumbnailUrl\":\"https:\\\/\\\/art-bijoux.com\\\/wp-content\\\/uploads\\\/2024\\\/04\\\/4-eclats-bleus-un-blanc-un-gris.webp\",\"datePublished\":\"2024-05-27T11:53:20+00:00\",\"dateModified\":\"2024-12-12T18:50:25+00:00\",\"description\":\"Grand pendentif carr\u00e9 en verre transparent avec 4 fragments bleu, un gris et un beige. Une b\u00e9li\u00e8re argent\u00e9e coll\u00e9e \u00e0 l'arri\u00e8re.\",\"breadcrumb\":{\"@id\":\"https:\\\/\\\/art-bijoux.com\\\/en\\\/boutique\\\/2167-bijou-pendentif-carre-verre-transparent-fragments-bleu-gris-beige\\\/#breadcrumb\"},\"inLanguage\":\"en-US\",\"potentialAction\":[{\"@type\":\"ReadAction\",\"target\":[\"https:\\\/\\\/art-bijoux.com\\\/en\\\/boutique\\\/2167-bijou-pendentif-carre-verre-transparent-fragments-bleu-gris-beige\\\/\"]}]},{\"@type\":\"ImageObject\",\"inLanguage\":\"en-US\",\"@id\":\"https:\\\/\\\/art-bijoux.com\\\/en\\\/boutique\\\/2167-bijou-pendentif-carre-verre-transparent-fragments-bleu-gris-beige\\\/#primaryimage\",\"url\":\"https:\\\/\\\/art-bijoux.com\\\/wp-content\\\/uploads\\\/2024\\\/04\\\/4-eclats-bleus-un-blanc-un-gris.webp\",\"contentUrl\":\"https:\\\/\\\/art-bijoux.com\\\/wp-content\\\/uploads\\\/2024\\\/04\\\/4-eclats-bleus-un-blanc-un-gris.webp\",\"width\":1889,\"height\":1920,\"caption\":\"Grand pendentif carr\u00e9 en verre transparent avec des \u00e9clats bleu, gris et beige. Une b\u00e9li\u00e8re coll\u00e9e \u00e0 l'arri\u00e8re.\"},{\"@type\":\"BreadcrumbList\",\"@id\":\"https:\\\/\\\/art-bijoux.com\\\/en\\\/boutique\\\/2167-bijou-pendentif-carre-verre-transparent-fragments-bleu-gris-beige\\\/#breadcrumb\",\"itemListElement\":[{\"@type\":\"ListItem\",\"position\":1,\"name\":\"Accueil\",\"item\":\"https:\\\/\\\/art-bijoux.com\\\/en\\\/home\\\/\"},{\"@type\":\"ListItem\",\"position\":2,\"name\":\"Shop\",\"item\":\"https:\\\/\\\/art-bijoux.com\\\/en\\\/shop\\\/\"},{\"@type\":\"ListItem\",\"position\":3,\"name\":\"Pendentif Grand Carr\u00e9 en Verre Transparent avec des \u00c9clats bleu, gris et beige\"}]},{\"@type\":\"WebSite\",\"@id\":\"https:\\\/\\\/art-bijoux.com\\\/en\\\/#website\",\"url\":\"https:\\\/\\\/art-bijoux.com\\\/en\\\/\",\"name\":\"art-bijoux\",\"description\":\"Osez porter \\\/ offrir un vitrail unique \u00e0 prix abordable\",\"publisher\":{\"@id\":\"https:\\\/\\\/art-bijoux.com\\\/en\\\/#organization\"},\"potentialAction\":[{\"@type\":\"SearchAction\",\"target\":{\"@type\":\"EntryPoint\",\"urlTemplate\":\"https:\\\/\\\/art-bijoux.com\\\/en\\\/?s={search_term_string}\"},\"query-input\":{\"@type\":\"PropertyValueSpecification\",\"valueRequired\":true,\"valueName\":\"search_term_string\"}}],\"inLanguage\":\"en-US\"},{\"@type\":\"Organization\",\"@id\":\"https:\\\/\\\/art-bijoux.com\\\/en\\\/#organization\",\"name\":\"art-bijoux\",\"url\":\"https:\\\/\\\/art-bijoux.com\\\/en\\\/\",\"logo\":{\"@type\":\"ImageObject\",\"inLanguage\":\"en-US\",\"@id\":\"https:\\\/\\\/art-bijoux.com\\\/en\\\/#\\\/schema\\\/logo\\\/image\\\/\",\"url\":\"https:\\\/\\\/art-bijoux.com\\\/wp-content\\\/uploads\\\/2024\\\/06\\\/Art-Bijoux-Logo-Small.png\",\"contentUrl\":\"https:\\\/\\\/art-bijoux.com\\\/wp-content\\\/uploads\\\/2024\\\/06\\\/Art-Bijoux-Logo-Small.png\",\"width\":722,\"height\":137,\"caption\":\"art-bijoux\"},\"image\":{\"@id\":\"https:\\\/\\\/art-bijoux.com\\\/en\\\/#\\\/schema\\\/logo\\\/image\\\/\"}}]}<\/script>\n<!-- \/ Yoast SEO plugin. -->","yoast_head_json":{"title":"Pendentif Grand Carr\u00e9 en Verre Transparent avec des \u00c9clats bleu, gris et beige - art-bijoux","description":"Grand pendentif carr\u00e9 en verre transparent avec 4 fragments bleu, un gris et un beige. Une b\u00e9li\u00e8re argent\u00e9e coll\u00e9e \u00e0 l'arri\u00e8re.","robots":{"index":"index","follow":"follow","max-snippet":"max-snippet:-1","max-image-preview":"max-image-preview:large","max-video-preview":"max-video-preview:-1"},"canonical":"https:\/\/art-bijoux.com\/en\/boutique\/2167-bijou-pendentif-carre-verre-transparent-fragments-bleu-gris-beige\/","og_locale":"en_US","og_type":"article","og_title":"Pendentif Grand Carr\u00e9 en Verre Transparent avec des \u00c9clats bleu, gris et beige - art-bijoux","og_description":"Grand pendentif carr\u00e9 en verre transparent avec 4 fragments bleu, un gris et un beige. Une b\u00e9li\u00e8re argent\u00e9e coll\u00e9e \u00e0 l'arri\u00e8re.","og_url":"https:\/\/art-bijoux.com\/en\/boutique\/2167-bijou-pendentif-carre-verre-transparent-fragments-bleu-gris-beige\/","og_site_name":"art-bijoux","article_modified_time":"2024-12-12T18:50:25+00:00","og_image":[{"width":1889,"height":1920,"url":"https:\/\/art-bijoux.com\/wp-content\/uploads\/2024\/04\/4-eclats-bleus-un-blanc-un-gris.webp","type":"image\/webp"}],"twitter_card":"summary_large_image","twitter_misc":{"Est. reading time":"2 minutes"},"schema":{"@context":"https:\/\/schema.org","@graph":[{"@type":"WebPage","@id":"https:\/\/art-bijoux.com\/en\/boutique\/2167-bijou-pendentif-carre-verre-transparent-fragments-bleu-gris-beige\/","url":"https:\/\/art-bijoux.com\/en\/boutique\/2167-bijou-pendentif-carre-verre-transparent-fragments-bleu-gris-beige\/","name":"Pendentif Grand Carr\u00e9 en Verre Transparent avec des \u00c9clats bleu, gris et beige - art-bijoux","isPartOf":{"@id":"https:\/\/art-bijoux.com\/en\/#website"},"primaryImageOfPage":{"@id":"https:\/\/art-bijoux.com\/en\/boutique\/2167-bijou-pendentif-carre-verre-transparent-fragments-bleu-gris-beige\/#primaryimage"},"image":{"@id":"https:\/\/art-bijoux.com\/en\/boutique\/2167-bijou-pendentif-carre-verre-transparent-fragments-bleu-gris-beige\/#primaryimage"},"thumbnailUrl":"https:\/\/art-bijoux.com\/wp-content\/uploads\/2024\/04\/4-eclats-bleus-un-blanc-un-gris.webp","datePublished":"2024-05-27T11:53:20+00:00","dateModified":"2024-12-12T18:50:25+00:00","description":"Grand pendentif carr\u00e9 en verre transparent avec 4 fragments bleu, un gris et un beige. Une b\u00e9li\u00e8re argent\u00e9e coll\u00e9e \u00e0 l'arri\u00e8re.","breadcrumb":{"@id":"https:\/\/art-bijoux.com\/en\/boutique\/2167-bijou-pendentif-carre-verre-transparent-fragments-bleu-gris-beige\/#breadcrumb"},"inLanguage":"en-US","potentialAction":[{"@type":"ReadAction","target":["https:\/\/art-bijoux.com\/en\/boutique\/2167-bijou-pendentif-carre-verre-transparent-fragments-bleu-gris-beige\/"]}]},{"@type":"ImageObject","inLanguage":"en-US","@id":"https:\/\/art-bijoux.com\/en\/boutique\/2167-bijou-pendentif-carre-verre-transparent-fragments-bleu-gris-beige\/#primaryimage","url":"https:\/\/art-bijoux.com\/wp-content\/uploads\/2024\/04\/4-eclats-bleus-un-blanc-un-gris.webp","contentUrl":"https:\/\/art-bijoux.com\/wp-content\/uploads\/2024\/04\/4-eclats-bleus-un-blanc-un-gris.webp","width":1889,"height":1920,"caption":"Grand pendentif carr\u00e9 en verre transparent avec des \u00e9clats bleu, gris et beige. Une b\u00e9li\u00e8re coll\u00e9e \u00e0 l'arri\u00e8re."},{"@type":"BreadcrumbList","@id":"https:\/\/art-bijoux.com\/en\/boutique\/2167-bijou-pendentif-carre-verre-transparent-fragments-bleu-gris-beige\/#breadcrumb","itemListElement":[{"@type":"ListItem","position":1,"name":"Accueil","item":"https:\/\/art-bijoux.com\/en\/home\/"},{"@type":"ListItem","position":2,"name":"Shop","item":"https:\/\/art-bijoux.com\/en\/shop\/"},{"@type":"ListItem","position":3,"name":"Pendentif Grand Carr\u00e9 en Verre Transparent avec des \u00c9clats bleu, gris et beige"}]},{"@type":"WebSite","@id":"https:\/\/art-bijoux.com\/en\/#website","url":"https:\/\/art-bijoux.com\/en\/","name":"art-bijoux","description":"Osez porter \/ offrir un vitrail unique \u00e0 prix abordable","publisher":{"@id":"https:\/\/art-bijoux.com\/en\/#organization"},"potentialAction":[{"@type":"SearchAction","target":{"@type":"EntryPoint","urlTemplate":"https:\/\/art-bijoux.com\/en\/?s={search_term_string}"},"query-input":{"@type":"PropertyValueSpecification","valueRequired":true,"valueName":"search_term_string"}}],"inLanguage":"en-US"},{"@type":"Organization","@id":"https:\/\/art-bijoux.com\/en\/#organization","name":"art-bijoux","url":"https:\/\/art-bijoux.com\/en\/","logo":{"@type":"ImageObject","inLanguage":"en-US","@id":"https:\/\/art-bijoux.com\/en\/#\/schema\/logo\/image\/","url":"https:\/\/art-bijoux.com\/wp-content\/uploads\/2024\/06\/Art-Bijoux-Logo-Small.png","contentUrl":"https:\/\/art-bijoux.com\/wp-content\/uploads\/2024\/06\/Art-Bijoux-Logo-Small.png","width":722,"height":137,"caption":"art-bijoux"},"image":{"@id":"https:\/\/art-bijoux.com\/en\/#\/schema\/logo\/image\/"}}]}},"_links":{"self":[{"href":"https:\/\/art-bijoux.com\/en\/wp-json\/wp\/v2\/product\/2167","targetHints":{"allow":["GET"]}}],"collection":[{"href":"https:\/\/art-bijoux.com\/en\/wp-json\/wp\/v2\/product"}],"about":[{"href":"https:\/\/art-bijoux.com\/en\/wp-json\/wp\/v2\/types\/product"}],"replies":[{"embeddable":true,"href":"https:\/\/art-bijoux.com\/en\/wp-json\/wp\/v2\/comments?post=2167"}],"version-history":[{"count":0,"href":"https:\/\/art-bijoux.com\/en\/wp-json\/wp\/v2\/product\/2167\/revisions"}],"wp:featuredmedia":[{"embeddable":true,"href":"https:\/\/art-bijoux.com\/en\/wp-json\/wp\/v2\/media\/230"}],"wp:attachment":[{"href":"https:\/\/art-bijoux.com\/en\/wp-json\/wp\/v2\/media?parent=2167"}],"wp:term":[{"taxonomy":"product_brand","embeddable":true,"href":"https:\/\/art-bijoux.com\/en\/wp-json\/wp\/v2\/product_brand?post=2167"},{"taxonomy":"product_cat","embeddable":true,"href":"https:\/\/art-bijoux.com\/en\/wp-json\/wp\/v2\/product_cat?post=2167"},{"taxonomy":"product_tag","embeddable":true,"href":"https:\/\/art-bijoux.com\/en\/wp-json\/wp\/v2\/product_tag?post=2167"}],"curies":[{"name":"wp","href":"https:\/\/api.w.org\/{rel}","templated":true}]}}