{"id":2172,"date":"2024-05-27T20:07:45","date_gmt":"2024-05-27T18:07:45","guid":{"rendered":"https:\/\/art-bijoux.com\/?post_type=product&#038;p=2172"},"modified":"2024-12-16T18:16:37","modified_gmt":"2024-12-16T17:16:37","slug":"pendentif-verre-transparent-ecusson-fragments-bleu-rouge-orange","status":"publish","type":"product","link":"https:\/\/art-bijoux.com\/en\/boutique\/pendentif-verre-transparent-ecusson-fragments-bleu-rouge-orange\/","title":{"rendered":"Pendentif en forme d\u2019\u00c9cusson en Verre Transparent avec des Fragments bleu, orange et rouge"},"content":{"rendered":"<figure id=\"attachment_225\" aria-describedby=\"caption-attachment-225\" style=\"width: 247px\" class=\"wp-caption alignleft\"><img fetchpriority=\"high\" decoding=\"async\" class=\"size-medium wp-image-225\" src=\"https:\/\/art-bijoux.com\/wp-content\/uploads\/2024\/04\/3-eclats-bleu-orange-rouge-247x300.webp\" alt=\"Pendentif en forme d'\u00e9cusson en verre transparent. Un fragment bleu, un \u00e9clat orange et un rouges fondus en relief \u00e0 la surface. Mont\u00e9 en Tiffany, une b\u00e9li\u00e8re soud\u00e9e au dos.\" width=\"247\" height=\"300\" srcset=\"https:\/\/art-bijoux.com\/wp-content\/uploads\/2024\/04\/3-eclats-bleu-orange-rouge-247x300.webp 247w, https:\/\/art-bijoux.com\/wp-content\/uploads\/2024\/04\/3-eclats-bleu-orange-rouge-600x728.webp 600w, https:\/\/art-bijoux.com\/wp-content\/uploads\/2024\/04\/3-eclats-bleu-orange-rouge-844x1024.webp 844w, https:\/\/art-bijoux.com\/wp-content\/uploads\/2024\/04\/3-eclats-bleu-orange-rouge-768x932.webp 768w, https:\/\/art-bijoux.com\/wp-content\/uploads\/2024\/04\/3-eclats-bleu-orange-rouge-1266x1536.webp 1266w, https:\/\/art-bijoux.com\/wp-content\/uploads\/2024\/04\/3-eclats-bleu-orange-rouge.webp 1586w\" sizes=\"(max-width: 247px) 100vw, 247px\" \/><figcaption id=\"caption-attachment-225\" class=\"wp-caption-text\">Pendentif en forme d&#8217;\u00e9cusson en verre transparent. Un fragment bleu, un \u00e9clat orange et un rouge fondus en relief \u00e0 la surface. Mont\u00e9 en Tiffany, une b\u00e9li\u00e8re soud\u00e9e au dos.<\/figcaption><\/figure>\n<p>Ce pendentif en forme d&#8217;\u00e9cusson est une fusion parfaite de modernit\u00e9 et de tradition, offrant un bijou unique et artisanal.<\/p>\n<p><strong>Caract\u00e9ristiques :<\/strong><\/p>\n<ul>\n<li>Forme : \u00e9cusson<\/li>\n<li>Mat\u00e9riau principal : Verre transparent<\/li>\n<li>D\u00e9coration : Fragments de verre orange, bleu et rouge fondus en relief \u00e0 la surface du verre transparent<\/li>\n<li>Technique : Fusing et montage selon la technique Tiffany<\/li>\n<\/ul>\n<ul>\n<li style=\"list-style-type: none;\">\n<ul>\n<li>Bords meul\u00e9s<\/li>\n<li>Sertis de cuivre<\/li>\n<li>Soud\u00e9s \u00e0 l&#8217;\u00e9tain<\/li>\n<li>Patine cuivr\u00e9e<\/li>\n<\/ul>\n<\/li>\n<\/ul>\n<ul>\n<li>B\u00e9li\u00e8re : Argent\u00e9e, soud\u00e9e \u00e0 l&#8217;arri\u00e8re<\/li>\n<li>Finition : Traces de meulage visibles \u00e0 l&#8217;arri\u00e8re, ajoutant une touche artisanale et authentique<\/li>\n<li>Dimensions : Largeur : 2,7cm, hauteur : 3,9cm<\/li>\n<\/ul>\n<p>Ce pendentif incarne la rencontre entre la modernit\u00e9 et la tradition. Le verre transparent, parsem\u00e9 d&#8217;\u00e9clats color\u00e9s, cr\u00e9e un effet visuel captivant, tandis que le montage Tiffany traditionnel apporte une touche d&#8217;authenticit\u00e9 et d&#8217;\u00e9l\u00e9gance. Les traces de meulage visibles \u00e0 l&#8217;arri\u00e8re t\u00e9moignent du travail minutieux et fait main, ajoutant une valeur unique \u00e0 ce bijou.<\/p>\n<p>Ce pendentif est id\u00e9al pour ceux qui appr\u00e9cient l&#8217;artisanat et souhaitent porter une pi\u00e8ce de bijouterie \u00e0 la fois contemporaine et riche en histoire.<\/p>\n<p>&nbsp;<\/p>\n","protected":false},"excerpt":{"rendered":"<p>Pendentif en forme d&#8217;\u00e9cusson en verre transparent. Un fragment bleu, un \u00e9clat orange et un rouge fondus en relief \u00e0 la surface. Mont\u00e9 en Tiffany, une b\u00e9li\u00e8re soud\u00e9e au dos.<\/p>\n","protected":false},"featured_media":225,"comment_status":"open","ping_status":"closed","template":"","meta":[],"product_brand":[],"product_cat":[182,186,28],"product_tag":[36,49,26,27],"class_list":{"0":"post-2172","1":"product","2":"type-product","3":"status-publish","4":"has-post-thumbnail","6":"product_cat-pendentif-fusing","7":"product_cat-bijou-pendentif-fusing-tiffany","8":"product_cat-pendentif-tiffany","9":"product_tag-verre-abstrait","10":"product_tag-fusing-verre","11":"product_tag-pendentif-verre","12":"product_tag-tiffany-verre","13":"pa_bijou-pendentif","15":"first","16":"instock","17":"sale","18":"purchasable","19":"product-type-simple"},"_links":{"self":[{"href":"https:\/\/art-bijoux.com\/en\/wp-json\/wp\/v2\/product\/2172","targetHints":{"allow":["GET"]}}],"collection":[{"href":"https:\/\/art-bijoux.com\/en\/wp-json\/wp\/v2\/product"}],"about":[{"href":"https:\/\/art-bijoux.com\/en\/wp-json\/wp\/v2\/types\/product"}],"replies":[{"embeddable":true,"href":"https:\/\/art-bijoux.com\/en\/wp-json\/wp\/v2\/comments?post=2172"}],"version-history":[{"count":1,"href":"https:\/\/art-bijoux.com\/en\/wp-json\/wp\/v2\/product\/2172\/revisions"}],"predecessor-version":[{"id":2175,"href":"https:\/\/art-bijoux.com\/en\/wp-json\/wp\/v2\/product\/2172\/revisions\/2175"}],"wp:featuredmedia":[{"embeddable":true,"href":"https:\/\/art-bijoux.com\/en\/wp-json\/wp\/v2\/media\/225"}],"wp:attachment":[{"href":"https:\/\/art-bijoux.com\/en\/wp-json\/wp\/v2\/media?parent=2172"}],"wp:term":[{"taxonomy":"product_brand","embeddable":true,"href":"https:\/\/art-bijoux.com\/en\/wp-json\/wp\/v2\/product_brand?post=2172"},{"taxonomy":"product_cat","embeddable":true,"href":"https:\/\/art-bijoux.com\/en\/wp-json\/wp\/v2\/product_cat?post=2172"},{"taxonomy":"product_tag","embeddable":true,"href":"https:\/\/art-bijoux.com\/en\/wp-json\/wp\/v2\/product_tag?post=2172"}],"curies":[{"name":"wp","href":"https:\/\/api.w.org\/{rel}","templated":true}]}}