{"id":2237,"date":"2024-05-28T14:32:49","date_gmt":"2024-05-28T12:32:49","guid":{"rendered":"https:\/\/art-bijoux.com\/?post_type=product&#038;p=2237"},"modified":"2025-03-26T10:48:31","modified_gmt":"2025-03-26T09:48:31","slug":"pendentif-triangle-tronque-en-verre-transparent-avec-des-fragments-jaune-et-bleu","status":"publish","type":"product","link":"https:\/\/art-bijoux.com\/en\/boutique\/pendentif-triangle-tronque-en-verre-transparent-avec-des-fragments-jaune-et-bleu\/","title":{"rendered":"Pendentif Triangle Tronqu\u00e9 en Verre Transparent avec des Fragments Jaune et bleu"},"content":{"rendered":"<figure id=\"attachment_219\" aria-describedby=\"caption-attachment-219\" style=\"width: 290px\" class=\"wp-caption alignleft\"><img fetchpriority=\"high\" decoding=\"async\" class=\"size-medium wp-image-219\" src=\"https:\/\/art-bijoux.com\/wp-content\/uploads\/2024\/04\/2-rectangles-jaunes-un-losange-bleu-fond-triangle-290x300.webp\" alt=\"Triangle en verre transparent avec deux fragments jaune et un bleu. Une b\u00e9li\u00e8re coll\u00e9e \u00e0 l'arri\u00e8re.\" width=\"290\" height=\"300\" srcset=\"https:\/\/art-bijoux.com\/wp-content\/uploads\/2024\/04\/2-rectangles-jaunes-un-losange-bleu-fond-triangle-290x300.webp 290w, https:\/\/art-bijoux.com\/wp-content\/uploads\/2024\/04\/2-rectangles-jaunes-un-losange-bleu-fond-triangle-600x621.webp 600w, https:\/\/art-bijoux.com\/wp-content\/uploads\/2024\/04\/2-rectangles-jaunes-un-losange-bleu-fond-triangle-989x1024.webp 989w, https:\/\/art-bijoux.com\/wp-content\/uploads\/2024\/04\/2-rectangles-jaunes-un-losange-bleu-fond-triangle-768x795.webp 768w, https:\/\/art-bijoux.com\/wp-content\/uploads\/2024\/04\/2-rectangles-jaunes-un-losange-bleu-fond-triangle-1484x1536.webp 1484w, https:\/\/art-bijoux.com\/wp-content\/uploads\/2024\/04\/2-rectangles-jaunes-un-losange-bleu-fond-triangle-1979x2048.webp 1979w\" sizes=\"(max-width: 290px) 100vw, 290px\" \/><figcaption id=\"caption-attachment-219\" class=\"wp-caption-text\">Triangle en verre transparent avec deux fragments jaune et un bleu. Une b\u00e9li\u00e8re coll\u00e9e \u00e0 l&#8217;arri\u00e8re.<\/figcaption><\/figure>\n<p>Ce pendentif triangulaire avec le haut tronqu\u00e9 est r\u00e9alis\u00e9 en verre l\u00e9ger et transparent, offrant une vue subtile des v\u00eatements port\u00e9s en dessous, cr\u00e9ant un effet de superposition unique. Trois \u00e9clats rectangulaires, deux jaune et un bleu, r\u00e9cup\u00e9r\u00e9s des chutes de verre d&#8217;un grand vitrail, ont \u00e9t\u00e9 habilement fondus \u00e0 la surface du pendentif. Les \u00e9clats, de tailles et de couleurs vari\u00e9es, forment un motif g\u00e9om\u00e9trique attrayant.<\/p>\n<p>Une b\u00e9li\u00e8re argent\u00e9e, coll\u00e9e \u00e0 l&#8217;arri\u00e8re, permet de porter ce bijou avec une cha\u00eene ou un lacet, ajoutant une touche d&#8217;\u00e9l\u00e9gance discr\u00e8te \u00e0 votre look.<\/p>\n<p><strong>Caract\u00e9ristiques :<\/strong><\/p>\n<ul>\n<li>Forme : Triangulaire, le haut tronqu\u00e9<\/li>\n<li>Mat\u00e9riau principal : Verre transparent<\/li>\n<li>D\u00e9corations : Trois \u00e9clats carr\u00e9s fondus en relief \u00e0 la surface (bleu et jaune)<\/li>\n<li>Technique : Fusing<\/li>\n<li>B\u00e9li\u00e8re : M\u00e9tal argent\u00e9, coll\u00e9e \u00e0 l&#8217;arri\u00e8re<\/li>\n<li>Dimensions : largeur : 3,8cm, hauteur : 3,7cm<\/li>\n<\/ul>\n<p>Ce pendentif rectangulaire, avec ses \u00e9clats triangulaires color\u00e9s et son design transparent, est une pi\u00e8ce unique qui met en valeur l&#8217;art de la r\u00e9cup\u00e9ration et du recyclage des mat\u00e9riaux de verrerie. Parfait pour ceux qui appr\u00e9cient les bijoux artisanaux et \u00e9cologiques, il apporte une touche moderne et \u00e9l\u00e9gante \u00e0 toute tenue.<\/p>\n<p>&nbsp;<\/p>\n<p>Offrez-vous \u00e9galement ce pendentif aux m\u00eames caract\u00e9ristiques :<\/p>\n<figure id=\"attachment_298\" aria-describedby=\"caption-attachment-298\" style=\"width: 300px\" class=\"wp-caption alignleft\"><img decoding=\"async\" class=\"size-medium wp-image-298\" src=\"https:\/\/art-bijoux.com\/wp-content\/uploads\/2024\/04\/triangle-blleu-rouge-300x250.webp\" alt=\"Pendentif en forme de triangle au sommet tronqu\u00e9 en verre transparent avec un \u00e9clat bleu et un rouge fondus\" width=\"300\" height=\"250\" srcset=\"https:\/\/art-bijoux.com\/wp-content\/uploads\/2024\/04\/triangle-blleu-rouge-300x250.webp 300w, https:\/\/art-bijoux.com\/wp-content\/uploads\/2024\/04\/triangle-blleu-rouge-600x499.webp 600w, https:\/\/art-bijoux.com\/wp-content\/uploads\/2024\/04\/triangle-blleu-rouge-1024x852.webp 1024w, https:\/\/art-bijoux.com\/wp-content\/uploads\/2024\/04\/triangle-blleu-rouge-768x639.webp 768w, https:\/\/art-bijoux.com\/wp-content\/uploads\/2024\/04\/triangle-blleu-rouge-1536x1278.webp 1536w, https:\/\/art-bijoux.com\/wp-content\/uploads\/2024\/04\/triangle-blleu-rouge.webp 1920w\" sizes=\"(max-width: 300px) 100vw, 300px\" \/><figcaption id=\"caption-attachment-298\" class=\"wp-caption-text\">Pendentif en forme de triangle au sommet tronqu\u00e9 en verre transparent avec un \u00e9clat bleu et un rouge fondus<\/figcaption><\/figure>\n","protected":false},"excerpt":{"rendered":"<p>Triangle en verre transparent avec deux fragments jaune et un bleu. Une b\u00e9li\u00e8re coll\u00e9e \u00e0 l&#8217;arri\u00e8re.<\/p>\n","protected":false},"featured_media":219,"comment_status":"open","ping_status":"closed","template":"","meta":[],"product_brand":[],"product_cat":[182],"product_tag":[36,49,26],"class_list":{"0":"post-2237","1":"product","2":"type-product","3":"status-publish","4":"has-post-thumbnail","6":"product_cat-pendentif-fusing","7":"product_tag-verre-abstrait","8":"product_tag-fusing-verre","9":"product_tag-pendentif-verre","10":"pa_bijou-pendentif","12":"first","13":"outofstock","14":"purchasable","15":"product-type-simple"},"yoast_head":"<!-- This site is optimized with the Yoast SEO plugin v27.4 - https:\/\/yoast.com\/product\/yoast-seo-wordpress\/ -->\n<title>Pendentif Triangle Tronqu\u00e9 en Verre Transparent avec des Fragments Jaune et bleu - art-bijoux<\/title>\n<meta name=\"description\" content=\"Triangle tronqu\u00e9 en verre transparent avec deux fragments jaune et un bleu fondus en relief \u00e0 la surface. Une b\u00e9li\u00e8re coll\u00e9e \u00e0 l&#039;arri\u00e8re.\" \/>\n<meta name=\"robots\" content=\"index, follow, max-snippet:-1, max-image-preview:large, max-video-preview:-1\" \/>\n<link rel=\"canonical\" href=\"https:\/\/art-bijoux.com\/en\/boutique\/pendentif-triangle-tronque-en-verre-transparent-avec-des-fragments-jaune-et-bleu\/\" \/>\n<meta property=\"og:locale\" content=\"en_US\" \/>\n<meta property=\"og:type\" content=\"article\" \/>\n<meta property=\"og:title\" content=\"Pendentif Triangle Tronqu\u00e9 en Verre Transparent avec des Fragments Jaune et bleu - art-bijoux\" \/>\n<meta property=\"og:description\" content=\"Triangle tronqu\u00e9 en verre transparent avec deux fragments jaune et un bleu fondus en relief \u00e0 la surface. Une b\u00e9li\u00e8re coll\u00e9e \u00e0 l&#039;arri\u00e8re.\" \/>\n<meta property=\"og:url\" content=\"https:\/\/art-bijoux.com\/en\/boutique\/pendentif-triangle-tronque-en-verre-transparent-avec-des-fragments-jaune-et-bleu\/\" \/>\n<meta property=\"og:site_name\" content=\"art-bijoux\" \/>\n<meta property=\"article:modified_time\" content=\"2025-03-26T09:48:31+00:00\" \/>\n<meta property=\"og:image\" content=\"https:\/\/art-bijoux.com\/wp-content\/uploads\/2024\/04\/2-rectangles-jaunes-un-losange-bleu-fond-triangle.webp\" \/>\n\t<meta property=\"og:image:width\" content=\"2052\" \/>\n\t<meta property=\"og:image:height\" content=\"2124\" \/>\n\t<meta property=\"og:image:type\" content=\"image\/webp\" \/>\n<meta name=\"twitter:card\" content=\"summary_large_image\" \/>\n<meta name=\"twitter:label1\" content=\"Est. reading time\" \/>\n\t<meta name=\"twitter:data1\" content=\"2 minutes\" \/>\n<script type=\"application\/ld+json\" class=\"yoast-schema-graph\">{\"@context\":\"https:\\\/\\\/schema.org\",\"@graph\":[{\"@type\":\"WebPage\",\"@id\":\"https:\\\/\\\/art-bijoux.com\\\/en\\\/boutique\\\/pendentif-triangle-tronque-en-verre-transparent-avec-des-fragments-jaune-et-bleu\\\/\",\"url\":\"https:\\\/\\\/art-bijoux.com\\\/en\\\/boutique\\\/pendentif-triangle-tronque-en-verre-transparent-avec-des-fragments-jaune-et-bleu\\\/\",\"name\":\"Pendentif Triangle Tronqu\u00e9 en Verre Transparent avec des Fragments Jaune et bleu - art-bijoux\",\"isPartOf\":{\"@id\":\"https:\\\/\\\/art-bijoux.com\\\/en\\\/#website\"},\"primaryImageOfPage\":{\"@id\":\"https:\\\/\\\/art-bijoux.com\\\/en\\\/boutique\\\/pendentif-triangle-tronque-en-verre-transparent-avec-des-fragments-jaune-et-bleu\\\/#primaryimage\"},\"image\":{\"@id\":\"https:\\\/\\\/art-bijoux.com\\\/en\\\/boutique\\\/pendentif-triangle-tronque-en-verre-transparent-avec-des-fragments-jaune-et-bleu\\\/#primaryimage\"},\"thumbnailUrl\":\"https:\\\/\\\/art-bijoux.com\\\/wp-content\\\/uploads\\\/2024\\\/04\\\/2-rectangles-jaunes-un-losange-bleu-fond-triangle.webp\",\"datePublished\":\"2024-05-28T12:32:49+00:00\",\"dateModified\":\"2025-03-26T09:48:31+00:00\",\"description\":\"Triangle tronqu\u00e9 en verre transparent avec deux fragments jaune et un bleu fondus en relief \u00e0 la surface. Une b\u00e9li\u00e8re coll\u00e9e \u00e0 l'arri\u00e8re.\",\"breadcrumb\":{\"@id\":\"https:\\\/\\\/art-bijoux.com\\\/en\\\/boutique\\\/pendentif-triangle-tronque-en-verre-transparent-avec-des-fragments-jaune-et-bleu\\\/#breadcrumb\"},\"inLanguage\":\"en-US\",\"potentialAction\":[{\"@type\":\"ReadAction\",\"target\":[\"https:\\\/\\\/art-bijoux.com\\\/en\\\/boutique\\\/pendentif-triangle-tronque-en-verre-transparent-avec-des-fragments-jaune-et-bleu\\\/\"]}]},{\"@type\":\"ImageObject\",\"inLanguage\":\"en-US\",\"@id\":\"https:\\\/\\\/art-bijoux.com\\\/en\\\/boutique\\\/pendentif-triangle-tronque-en-verre-transparent-avec-des-fragments-jaune-et-bleu\\\/#primaryimage\",\"url\":\"https:\\\/\\\/art-bijoux.com\\\/wp-content\\\/uploads\\\/2024\\\/04\\\/2-rectangles-jaunes-un-losange-bleu-fond-triangle.webp\",\"contentUrl\":\"https:\\\/\\\/art-bijoux.com\\\/wp-content\\\/uploads\\\/2024\\\/04\\\/2-rectangles-jaunes-un-losange-bleu-fond-triangle.webp\",\"width\":2052,\"height\":2124,\"caption\":\"Triangle en verre transparent avec deux fragments jaune et un bleu. Une b\u00e9li\u00e8re coll\u00e9e \u00e0 l'arri\u00e8re.\"},{\"@type\":\"BreadcrumbList\",\"@id\":\"https:\\\/\\\/art-bijoux.com\\\/en\\\/boutique\\\/pendentif-triangle-tronque-en-verre-transparent-avec-des-fragments-jaune-et-bleu\\\/#breadcrumb\",\"itemListElement\":[{\"@type\":\"ListItem\",\"position\":1,\"name\":\"Accueil\",\"item\":\"https:\\\/\\\/art-bijoux.com\\\/en\\\/home\\\/\"},{\"@type\":\"ListItem\",\"position\":2,\"name\":\"Shop\",\"item\":\"https:\\\/\\\/art-bijoux.com\\\/en\\\/shop\\\/\"},{\"@type\":\"ListItem\",\"position\":3,\"name\":\"Pendentif Triangle Tronqu\u00e9 en Verre Transparent avec des Fragments Jaune et bleu\"}]},{\"@type\":\"WebSite\",\"@id\":\"https:\\\/\\\/art-bijoux.com\\\/en\\\/#website\",\"url\":\"https:\\\/\\\/art-bijoux.com\\\/en\\\/\",\"name\":\"art-bijoux\",\"description\":\"Osez porter \\\/ offrir un vitrail unique \u00e0 prix abordable\",\"publisher\":{\"@id\":\"https:\\\/\\\/art-bijoux.com\\\/en\\\/#organization\"},\"potentialAction\":[{\"@type\":\"SearchAction\",\"target\":{\"@type\":\"EntryPoint\",\"urlTemplate\":\"https:\\\/\\\/art-bijoux.com\\\/en\\\/?s={search_term_string}\"},\"query-input\":{\"@type\":\"PropertyValueSpecification\",\"valueRequired\":true,\"valueName\":\"search_term_string\"}}],\"inLanguage\":\"en-US\"},{\"@type\":\"Organization\",\"@id\":\"https:\\\/\\\/art-bijoux.com\\\/en\\\/#organization\",\"name\":\"art-bijoux\",\"url\":\"https:\\\/\\\/art-bijoux.com\\\/en\\\/\",\"logo\":{\"@type\":\"ImageObject\",\"inLanguage\":\"en-US\",\"@id\":\"https:\\\/\\\/art-bijoux.com\\\/en\\\/#\\\/schema\\\/logo\\\/image\\\/\",\"url\":\"https:\\\/\\\/art-bijoux.com\\\/wp-content\\\/uploads\\\/2024\\\/06\\\/Art-Bijoux-Logo-Small.png\",\"contentUrl\":\"https:\\\/\\\/art-bijoux.com\\\/wp-content\\\/uploads\\\/2024\\\/06\\\/Art-Bijoux-Logo-Small.png\",\"width\":722,\"height\":137,\"caption\":\"art-bijoux\"},\"image\":{\"@id\":\"https:\\\/\\\/art-bijoux.com\\\/en\\\/#\\\/schema\\\/logo\\\/image\\\/\"}}]}<\/script>\n<!-- \/ Yoast SEO plugin. -->","yoast_head_json":{"title":"Pendentif Triangle Tronqu\u00e9 en Verre Transparent avec des Fragments Jaune et bleu - art-bijoux","description":"Triangle tronqu\u00e9 en verre transparent avec deux fragments jaune et un bleu fondus en relief \u00e0 la surface. Une b\u00e9li\u00e8re coll\u00e9e \u00e0 l'arri\u00e8re.","robots":{"index":"index","follow":"follow","max-snippet":"max-snippet:-1","max-image-preview":"max-image-preview:large","max-video-preview":"max-video-preview:-1"},"canonical":"https:\/\/art-bijoux.com\/en\/boutique\/pendentif-triangle-tronque-en-verre-transparent-avec-des-fragments-jaune-et-bleu\/","og_locale":"en_US","og_type":"article","og_title":"Pendentif Triangle Tronqu\u00e9 en Verre Transparent avec des Fragments Jaune et bleu - art-bijoux","og_description":"Triangle tronqu\u00e9 en verre transparent avec deux fragments jaune et un bleu fondus en relief \u00e0 la surface. Une b\u00e9li\u00e8re coll\u00e9e \u00e0 l'arri\u00e8re.","og_url":"https:\/\/art-bijoux.com\/en\/boutique\/pendentif-triangle-tronque-en-verre-transparent-avec-des-fragments-jaune-et-bleu\/","og_site_name":"art-bijoux","article_modified_time":"2025-03-26T09:48:31+00:00","og_image":[{"width":2052,"height":2124,"url":"https:\/\/art-bijoux.com\/wp-content\/uploads\/2024\/04\/2-rectangles-jaunes-un-losange-bleu-fond-triangle.webp","type":"image\/webp"}],"twitter_card":"summary_large_image","twitter_misc":{"Est. reading time":"2 minutes"},"schema":{"@context":"https:\/\/schema.org","@graph":[{"@type":"WebPage","@id":"https:\/\/art-bijoux.com\/en\/boutique\/pendentif-triangle-tronque-en-verre-transparent-avec-des-fragments-jaune-et-bleu\/","url":"https:\/\/art-bijoux.com\/en\/boutique\/pendentif-triangle-tronque-en-verre-transparent-avec-des-fragments-jaune-et-bleu\/","name":"Pendentif Triangle Tronqu\u00e9 en Verre Transparent avec des Fragments Jaune et bleu - art-bijoux","isPartOf":{"@id":"https:\/\/art-bijoux.com\/en\/#website"},"primaryImageOfPage":{"@id":"https:\/\/art-bijoux.com\/en\/boutique\/pendentif-triangle-tronque-en-verre-transparent-avec-des-fragments-jaune-et-bleu\/#primaryimage"},"image":{"@id":"https:\/\/art-bijoux.com\/en\/boutique\/pendentif-triangle-tronque-en-verre-transparent-avec-des-fragments-jaune-et-bleu\/#primaryimage"},"thumbnailUrl":"https:\/\/art-bijoux.com\/wp-content\/uploads\/2024\/04\/2-rectangles-jaunes-un-losange-bleu-fond-triangle.webp","datePublished":"2024-05-28T12:32:49+00:00","dateModified":"2025-03-26T09:48:31+00:00","description":"Triangle tronqu\u00e9 en verre transparent avec deux fragments jaune et un bleu fondus en relief \u00e0 la surface. Une b\u00e9li\u00e8re coll\u00e9e \u00e0 l'arri\u00e8re.","breadcrumb":{"@id":"https:\/\/art-bijoux.com\/en\/boutique\/pendentif-triangle-tronque-en-verre-transparent-avec-des-fragments-jaune-et-bleu\/#breadcrumb"},"inLanguage":"en-US","potentialAction":[{"@type":"ReadAction","target":["https:\/\/art-bijoux.com\/en\/boutique\/pendentif-triangle-tronque-en-verre-transparent-avec-des-fragments-jaune-et-bleu\/"]}]},{"@type":"ImageObject","inLanguage":"en-US","@id":"https:\/\/art-bijoux.com\/en\/boutique\/pendentif-triangle-tronque-en-verre-transparent-avec-des-fragments-jaune-et-bleu\/#primaryimage","url":"https:\/\/art-bijoux.com\/wp-content\/uploads\/2024\/04\/2-rectangles-jaunes-un-losange-bleu-fond-triangle.webp","contentUrl":"https:\/\/art-bijoux.com\/wp-content\/uploads\/2024\/04\/2-rectangles-jaunes-un-losange-bleu-fond-triangle.webp","width":2052,"height":2124,"caption":"Triangle en verre transparent avec deux fragments jaune et un bleu. Une b\u00e9li\u00e8re coll\u00e9e \u00e0 l'arri\u00e8re."},{"@type":"BreadcrumbList","@id":"https:\/\/art-bijoux.com\/en\/boutique\/pendentif-triangle-tronque-en-verre-transparent-avec-des-fragments-jaune-et-bleu\/#breadcrumb","itemListElement":[{"@type":"ListItem","position":1,"name":"Accueil","item":"https:\/\/art-bijoux.com\/en\/home\/"},{"@type":"ListItem","position":2,"name":"Shop","item":"https:\/\/art-bijoux.com\/en\/shop\/"},{"@type":"ListItem","position":3,"name":"Pendentif Triangle Tronqu\u00e9 en Verre Transparent avec des Fragments Jaune et bleu"}]},{"@type":"WebSite","@id":"https:\/\/art-bijoux.com\/en\/#website","url":"https:\/\/art-bijoux.com\/en\/","name":"art-bijoux","description":"Osez porter \/ offrir un vitrail unique \u00e0 prix abordable","publisher":{"@id":"https:\/\/art-bijoux.com\/en\/#organization"},"potentialAction":[{"@type":"SearchAction","target":{"@type":"EntryPoint","urlTemplate":"https:\/\/art-bijoux.com\/en\/?s={search_term_string}"},"query-input":{"@type":"PropertyValueSpecification","valueRequired":true,"valueName":"search_term_string"}}],"inLanguage":"en-US"},{"@type":"Organization","@id":"https:\/\/art-bijoux.com\/en\/#organization","name":"art-bijoux","url":"https:\/\/art-bijoux.com\/en\/","logo":{"@type":"ImageObject","inLanguage":"en-US","@id":"https:\/\/art-bijoux.com\/en\/#\/schema\/logo\/image\/","url":"https:\/\/art-bijoux.com\/wp-content\/uploads\/2024\/06\/Art-Bijoux-Logo-Small.png","contentUrl":"https:\/\/art-bijoux.com\/wp-content\/uploads\/2024\/06\/Art-Bijoux-Logo-Small.png","width":722,"height":137,"caption":"art-bijoux"},"image":{"@id":"https:\/\/art-bijoux.com\/en\/#\/schema\/logo\/image\/"}}]}},"_links":{"self":[{"href":"https:\/\/art-bijoux.com\/en\/wp-json\/wp\/v2\/product\/2237","targetHints":{"allow":["GET"]}}],"collection":[{"href":"https:\/\/art-bijoux.com\/en\/wp-json\/wp\/v2\/product"}],"about":[{"href":"https:\/\/art-bijoux.com\/en\/wp-json\/wp\/v2\/types\/product"}],"replies":[{"embeddable":true,"href":"https:\/\/art-bijoux.com\/en\/wp-json\/wp\/v2\/comments?post=2237"}],"version-history":[{"count":0,"href":"https:\/\/art-bijoux.com\/en\/wp-json\/wp\/v2\/product\/2237\/revisions"}],"wp:featuredmedia":[{"embeddable":true,"href":"https:\/\/art-bijoux.com\/en\/wp-json\/wp\/v2\/media\/219"}],"wp:attachment":[{"href":"https:\/\/art-bijoux.com\/en\/wp-json\/wp\/v2\/media?parent=2237"}],"wp:term":[{"taxonomy":"product_brand","embeddable":true,"href":"https:\/\/art-bijoux.com\/en\/wp-json\/wp\/v2\/product_brand?post=2237"},{"taxonomy":"product_cat","embeddable":true,"href":"https:\/\/art-bijoux.com\/en\/wp-json\/wp\/v2\/product_cat?post=2237"},{"taxonomy":"product_tag","embeddable":true,"href":"https:\/\/art-bijoux.com\/en\/wp-json\/wp\/v2\/product_tag?post=2237"}],"curies":[{"name":"wp","href":"https:\/\/api.w.org\/{rel}","templated":true}]}}