{"id":2241,"date":"2024-05-28T15:16:13","date_gmt":"2024-05-28T13:16:13","guid":{"rendered":"https:\/\/art-bijoux.com\/?post_type=product&#038;p=2241"},"modified":"2024-12-12T19:49:34","modified_gmt":"2024-12-12T18:49:34","slug":"2241-bijou-pendentif-rectangle-verre-transparent-fragments-bleu","status":"publish","type":"product","link":"https:\/\/art-bijoux.com\/en\/boutique\/2241-bijou-pendentif-rectangle-verre-transparent-fragments-bleu\/","title":{"rendered":"Pendentif en Verre transparent avec deux \u00e9clats belu fondus"},"content":{"rendered":"<figure id=\"attachment_3007\" aria-describedby=\"caption-attachment-3007\" style=\"width: 300px\" class=\"wp-caption alignleft\"><img fetchpriority=\"high\" decoding=\"async\" class=\"size-medium wp-image-3007\" src=\"https:\/\/art-bijoux.com\/wp-content\/uploads\/2024\/05\/Fusing-2-eclats-bleus-sur-transparent-300x300.jpg\" alt=\"Deux \u00e9clats bleu fondus sur un rectangle en verre transparent\" width=\"300\" height=\"300\" srcset=\"https:\/\/art-bijoux.com\/wp-content\/uploads\/2024\/05\/Fusing-2-eclats-bleus-sur-transparent-300x300.jpg 300w, https:\/\/art-bijoux.com\/wp-content\/uploads\/2024\/05\/Fusing-2-eclats-bleus-sur-transparent-150x150.jpg 150w, https:\/\/art-bijoux.com\/wp-content\/uploads\/2024\/05\/Fusing-2-eclats-bleus-sur-transparent-768x768.jpg 768w, https:\/\/art-bijoux.com\/wp-content\/uploads\/2024\/05\/Fusing-2-eclats-bleus-sur-transparent-600x600.jpg 600w, https:\/\/art-bijoux.com\/wp-content\/uploads\/2024\/05\/Fusing-2-eclats-bleus-sur-transparent-100x100.jpg 100w, https:\/\/art-bijoux.com\/wp-content\/uploads\/2024\/05\/Fusing-2-eclats-bleus-sur-transparent.jpg 800w\" sizes=\"(max-width: 300px) 100vw, 300px\" \/><figcaption id=\"caption-attachment-3007\" class=\"wp-caption-text\">Deux \u00e9clats bleu fondus sur un rectangle en verre transparent<\/figcaption><\/figure>\n<p>Ce pendentif rectangulaire est r\u00e9alis\u00e9 en verre transparent, offrant une vue subtile des v\u00eatements port\u00e9s en dessous, cr\u00e9ant un effet de superposition unique. Deux fragments bleu de France, superpos\u00e9s l&#8217;un au dessus de l&#8217;autre, r\u00e9cup\u00e9r\u00e9s des chutes de verre du vitrail repr\u00e9sentant des chevaux lusitaniens, ont \u00e9t\u00e9 habilement fondus dans le pendentif, formant un motif g\u00e9om\u00e9trique attrayant.<\/p>\n<p>Une b\u00e9li\u00e8re argent\u00e9e, coll\u00e9e \u00e0 l&#8217;arri\u00e8re, permet de porter ce bijou avec une cha\u00eene ou un lacet, ajoutant une touche d&#8217;\u00e9l\u00e9gance discr\u00e8te \u00e0 votre look.<\/p>\n<p><strong>Caract\u00e9ristiques :<\/strong><\/p>\n<ul>\n<li>Forme : Rectangulaire<\/li>\n<li>Mat\u00e9riau principal : Verre l\u00e9ger et transparent<\/li>\n<li>Dimensions : Largeur : 2,3, hauteur : 4,4<\/li>\n<li>D\u00e9corations : Deux fragments carr\u00e9s bleu de France \u00e9tir\u00e9s par la fusion<\/li>\n<li>Technique : Fusing<\/li>\n<li>B\u00e9li\u00e8re : M\u00e9tal argent\u00e9, coll\u00e9e \u00e0 l&#8217;arri\u00e8re<\/li>\n<\/ul>\n<p>Ce pendentif rectangulaire, avec ses \u00e9clats carr\u00e9s bleu de France et son design transparent, est une pi\u00e8ce unique qui met en valeur l&#8217;art de la r\u00e9cup\u00e9ration et du recyclage des mat\u00e9riaux de verrerie. Parfait pour ceux qui appr\u00e9cient les bijoux artisanaux et \u00e9cologiques, il apporte une touche moderne et \u00e9l\u00e9gante \u00e0 toute tenue.<\/p>\n","protected":false},"excerpt":{"rendered":"<p>Pendentif rectangulaire en verre transparent avec 2 importants fragments carr\u00e9s fondus en relief \u00e0 la surface. Une b\u00e9li\u00e8re argent\u00e9 coll\u00e9e \u00e0 l&#8217;arri\u00e8re.<\/p>\n","protected":false},"featured_media":3007,"comment_status":"open","ping_status":"closed","template":"","meta":[],"product_brand":[],"product_cat":[182],"product_tag":[36,49,26],"class_list":{"0":"post-2241","1":"product","2":"type-product","3":"status-publish","4":"has-post-thumbnail","6":"product_cat-pendentif-fusing","7":"product_tag-verre-abstrait","8":"product_tag-fusing-verre","9":"product_tag-pendentif-verre","10":"pa_bijou-pendentif","12":"first","13":"outofstock","14":"purchasable","15":"product-type-simple"},"_links":{"self":[{"href":"https:\/\/art-bijoux.com\/en\/wp-json\/wp\/v2\/product\/2241","targetHints":{"allow":["GET"]}}],"collection":[{"href":"https:\/\/art-bijoux.com\/en\/wp-json\/wp\/v2\/product"}],"about":[{"href":"https:\/\/art-bijoux.com\/en\/wp-json\/wp\/v2\/types\/product"}],"replies":[{"embeddable":true,"href":"https:\/\/art-bijoux.com\/en\/wp-json\/wp\/v2\/comments?post=2241"}],"version-history":[{"count":1,"href":"https:\/\/art-bijoux.com\/en\/wp-json\/wp\/v2\/product\/2241\/revisions"}],"predecessor-version":[{"id":3008,"href":"https:\/\/art-bijoux.com\/en\/wp-json\/wp\/v2\/product\/2241\/revisions\/3008"}],"wp:featuredmedia":[{"embeddable":true,"href":"https:\/\/art-bijoux.com\/en\/wp-json\/wp\/v2\/media\/3007"}],"wp:attachment":[{"href":"https:\/\/art-bijoux.com\/en\/wp-json\/wp\/v2\/media?parent=2241"}],"wp:term":[{"taxonomy":"product_brand","embeddable":true,"href":"https:\/\/art-bijoux.com\/en\/wp-json\/wp\/v2\/product_brand?post=2241"},{"taxonomy":"product_cat","embeddable":true,"href":"https:\/\/art-bijoux.com\/en\/wp-json\/wp\/v2\/product_cat?post=2241"},{"taxonomy":"product_tag","embeddable":true,"href":"https:\/\/art-bijoux.com\/en\/wp-json\/wp\/v2\/product_tag?post=2241"}],"curies":[{"name":"wp","href":"https:\/\/api.w.org\/{rel}","templated":true}]}}