{"id":2252,"date":"2024-05-30T13:18:47","date_gmt":"2024-05-30T11:18:47","guid":{"rendered":"https:\/\/art-bijoux.com\/?post_type=product&#038;p=2252"},"modified":"2024-06-06T13:47:45","modified_gmt":"2024-06-06T11:47:45","slug":"carte-postale-en-carton-argente-avec-2-pieces-de-verre-transparent-avec-des-fragments-orange-et-bleu","status":"publish","type":"product","link":"https:\/\/art-bijoux.com\/en\/boutique\/carte-postale-en-carton-argente-avec-2-pieces-de-verre-transparent-avec-des-fragments-orange-et-bleu\/","title":{"rendered":"Carte Postale en Carton Argent\u00e9 avec 2 pi\u00e8ces de Verre Transparent avec des Fragments orange et bleu"},"content":{"rendered":"<figure id=\"attachment_1865\" aria-describedby=\"caption-attachment-1865\" style=\"width: 300px\" class=\"wp-caption alignleft\"><img fetchpriority=\"high\" decoding=\"async\" class=\"size-medium wp-image-1865\" src=\"https:\/\/art-bijoux.com\/wp-content\/uploads\/2024\/05\/2-carres-distendus-300x297.webp\" alt=\"Carte postale argent\u00e9e avec 2 verres transparents avec des \u00e9clats bleu et orange fondus.\" width=\"300\" height=\"297\" srcset=\"https:\/\/art-bijoux.com\/wp-content\/uploads\/2024\/05\/2-carres-distendus-300x297.webp 300w, https:\/\/art-bijoux.com\/wp-content\/uploads\/2024\/05\/2-carres-distendus-1024x1014.webp 1024w, https:\/\/art-bijoux.com\/wp-content\/uploads\/2024\/05\/2-carres-distendus-150x150.webp 150w, https:\/\/art-bijoux.com\/wp-content\/uploads\/2024\/05\/2-carres-distendus-768x761.webp 768w, https:\/\/art-bijoux.com\/wp-content\/uploads\/2024\/05\/2-carres-distendus-1536x1522.webp 1536w, https:\/\/art-bijoux.com\/wp-content\/uploads\/2024\/05\/2-carres-distendus-600x594.webp 600w, https:\/\/art-bijoux.com\/wp-content\/uploads\/2024\/05\/2-carres-distendus-100x100.webp 100w, https:\/\/art-bijoux.com\/wp-content\/uploads\/2024\/05\/2-carres-distendus.webp 1920w\" sizes=\"(max-width: 300px) 100vw, 300px\" \/><figcaption id=\"caption-attachment-1865\" class=\"wp-caption-text\">Carte postale argent\u00e9e avec 2 verres transparents avec des \u00e9clats bleu et orange fondus.<\/figcaption><\/figure>\n<p>Cette carte postale, par son design unique et ses mat\u00e9riaux de qualit\u00e9, se distingue comme un v\u00e9ritable objet d&#8217;art. Que vous l&#8217;envoyiez \u00e0 un \u00eatre cher ou la gardiez pour vous-m\u00eame, elle apportera certainement une touche d&#8217;\u00e9l\u00e9gance et de modernit\u00e9 \u00e0 n&#8217;importe quelle occasion.<\/p>\n<ul>\n<li><strong>Dimensions :<\/strong> Carr\u00e9 de 12 cm\u00b2.<\/li>\n<li><strong>Mat\u00e9riau de base :<\/strong> Carton argent\u00e9.<\/li>\n<li><strong>D\u00e9coration :<\/strong>\n<ul>\n<li><strong>Fragments de verre transparent :<\/strong> Deux fragments coll\u00e9s en diagonale.\n<ul>\n<li><strong>Fragment sup\u00e9rieur :<\/strong> Rectangulaire, avec des \u00e9clats orange et bleus r\u00e9partis en deux rang\u00e9es superpos\u00e9es.<\/li>\n<li><strong>Fragment inf\u00e9rieur :<\/strong> De forme irr\u00e9guli\u00e8re, parsem\u00e9 d&#8217;une myriade d&#8217;\u00e9clats orange et bleus.<\/li>\n<\/ul>\n<\/li>\n<\/ul>\n<\/li>\n<li><strong>Caract\u00e9ristiques suppl\u00e9mentaires :<\/strong>\n<ul>\n<li><strong>Volets :<\/strong> La carte est \u00e0 deux volets, offrant un espace int\u00e9rieur pour un message personnalis\u00e9.<\/li>\n<li><strong>Enveloppe :<\/strong> Assortie au carton argent\u00e9 de la carte.<\/li>\n<\/ul>\n<\/li>\n<\/ul>\n<p><strong>Utilisation :<\/strong><\/p>\n<ul>\n<li><strong>Occasions :<\/strong> Adapt\u00e9e pour toutes les occasions, que ce soit pour un anniversaire, une c\u00e9l\u00e9bration sp\u00e9ciale, ou simplement pour envoyer un message personnel.<\/li>\n<li><strong>D\u00e9coration :<\/strong> Peut \u00eatre encadr\u00e9e comme un tableau, ajoutant une touche artistique \u00e0 n&#8217;importe quel int\u00e9rieur.<\/li>\n<li><strong>Collection :<\/strong> Id\u00e9ale pour les collectionneurs de cartes uniques et faites main.<\/li>\n<\/ul>\n<p><strong>Entretien :<\/strong><\/p>\n<ul>\n<li><strong>Stockage :<\/strong> Conserver \u00e0 plat dans un endroit sec pour \u00e9viter les plis et les d\u00e9formations.<\/li>\n<li><strong>Nettoyage :<\/strong> Si n\u00e9cessaire, nettoyer d\u00e9licatement avec un chiffon sec et doux pour enlever la poussi\u00e8re des fragments de verre.<\/li>\n<\/ul>\n<p>&nbsp;<\/p>\n","protected":false},"excerpt":{"rendered":"<p>Carte postale en carton argent\u00e9e avec 2 verres transparents rectangulaires sur lesquels des \u00e9clats bleu et orange sont fondus.<\/p>\n","protected":false},"featured_media":1865,"comment_status":"open","ping_status":"closed","template":"","meta":[],"product_brand":[],"product_cat":[203],"product_tag":[36,200,49],"class_list":{"0":"post-2252","1":"product","2":"type-product","3":"status-publish","4":"has-post-thumbnail","6":"product_cat-carte-fusing-abstrait","7":"product_tag-verre-abstrait","8":"product_tag-carte-postale-soie-verre","9":"product_tag-fusing-verre","10":"pa_carte-postale-fusing-abstrait","12":"first","13":"instock","14":"purchasable","15":"product-type-simple"},"_links":{"self":[{"href":"https:\/\/art-bijoux.com\/en\/wp-json\/wp\/v2\/product\/2252","targetHints":{"allow":["GET"]}}],"collection":[{"href":"https:\/\/art-bijoux.com\/en\/wp-json\/wp\/v2\/product"}],"about":[{"href":"https:\/\/art-bijoux.com\/en\/wp-json\/wp\/v2\/types\/product"}],"replies":[{"embeddable":true,"href":"https:\/\/art-bijoux.com\/en\/wp-json\/wp\/v2\/comments?post=2252"}],"version-history":[{"count":0,"href":"https:\/\/art-bijoux.com\/en\/wp-json\/wp\/v2\/product\/2252\/revisions"}],"wp:featuredmedia":[{"embeddable":true,"href":"https:\/\/art-bijoux.com\/en\/wp-json\/wp\/v2\/media\/1865"}],"wp:attachment":[{"href":"https:\/\/art-bijoux.com\/en\/wp-json\/wp\/v2\/media?parent=2252"}],"wp:term":[{"taxonomy":"product_brand","embeddable":true,"href":"https:\/\/art-bijoux.com\/en\/wp-json\/wp\/v2\/product_brand?post=2252"},{"taxonomy":"product_cat","embeddable":true,"href":"https:\/\/art-bijoux.com\/en\/wp-json\/wp\/v2\/product_cat?post=2252"},{"taxonomy":"product_tag","embeddable":true,"href":"https:\/\/art-bijoux.com\/en\/wp-json\/wp\/v2\/product_tag?post=2252"}],"curies":[{"name":"wp","href":"https:\/\/api.w.org\/{rel}","templated":true}]}}