{"id":2253,"date":"2024-05-30T14:02:35","date_gmt":"2024-05-30T12:02:35","guid":{"rendered":"https:\/\/art-bijoux.com\/?post_type=product&#038;p=2253"},"modified":"2025-11-04T16:58:00","modified_gmt":"2025-11-04T15:58:00","slug":"carte-carton-orange-verre-bleu-beige","status":"publish","type":"product","link":"https:\/\/art-bijoux.com\/en\/boutique\/carte-carton-orange-verre-bleu-beige\/","title":{"rendered":"Carte Postale en Carton Orange avec un Carr\u00e9 de Fusing Jaune et des Fragments Bleu et Beige"},"content":{"rendered":"<figure id=\"attachment_1871\" aria-describedby=\"caption-attachment-1871\" style=\"width: 213px\" class=\"wp-caption alignleft\"><img fetchpriority=\"high\" decoding=\"async\" class=\"size-medium wp-image-1871\" src=\"https:\/\/art-bijoux.com\/wp-content\/uploads\/2024\/05\/fond-jaune-213x300.webp\" alt=\"Carte rectangulaire en carton orange, \u00e0 2 volets, un carr\u00e9 de verre avec des \u00e9clats bleu et beige ros\u00e9 ont \u00e9t\u00e9 fondus.\" width=\"213\" height=\"300\" srcset=\"https:\/\/art-bijoux.com\/wp-content\/uploads\/2024\/05\/fond-jaune-213x300.webp 213w, https:\/\/art-bijoux.com\/wp-content\/uploads\/2024\/05\/fond-jaune-727x1024.webp 727w, https:\/\/art-bijoux.com\/wp-content\/uploads\/2024\/05\/fond-jaune-768x1081.webp 768w, https:\/\/art-bijoux.com\/wp-content\/uploads\/2024\/05\/fond-jaune-1091x1536.webp 1091w, https:\/\/art-bijoux.com\/wp-content\/uploads\/2024\/05\/fond-jaune-600x845.webp 600w, https:\/\/art-bijoux.com\/wp-content\/uploads\/2024\/05\/fond-jaune.webp 1364w\" sizes=\"(max-width: 213px) 100vw, 213px\" \/><figcaption id=\"caption-attachment-1871\" class=\"wp-caption-text\">Carte rectangulaire en carton orange, \u00e0 2 volets, un carr\u00e9 de verre avec des \u00e9clats bleu et beige ros\u00e9 ont \u00e9t\u00e9 fondus.<\/figcaption><\/figure>\n<p>Cette carte postale rectangulaire, \u00e9l\u00e9gamment confectionn\u00e9e en carton orange, se distingue par sa simplicit\u00e9 raffin\u00e9e et ses d\u00e9tails artistiques. Mesurant 10,4 cm de large sur 14,9 cm de haut, elle offre une base color\u00e9e qui capte imm\u00e9diatement le regard.<\/p>\n<p>En son centre, un carr\u00e9 de verre jaune citron attire l&#8217;attention. La fusion de ce verre a cr\u00e9\u00e9 des bords irr\u00e9guliers, formant un halo d\u00e9licat qui ajoute une dimension suppl\u00e9mentaire \u00e0 la pi\u00e8ce. Sur ce fond lumineux, des \u00e9clats de verre bleu et beige ros\u00e9 ont \u00e9t\u00e9 fondus, cr\u00e9ant un motif al\u00e9atoire et harmonieux. Ces \u00e9clats contrastent joliment avec le jaune citron, apportant une touche de diversit\u00e9 chromatique.<\/p>\n<p>Cette carte, avec ses dimensions g\u00e9n\u00e9reuses et ses couleurs vibrantes, est id\u00e9ale pour toutes les occasions. Que ce soit pour un anniversaire, une f\u00eate, ou simplement pour envoyer un message personnalis\u00e9, elle saura ravir son destinataire. Elle peut \u00e9galement \u00eatre encadr\u00e9e pour devenir un objet de d\u00e9coration unique, ou ajout\u00e9e \u00e0 une collection de cartes faites main.<\/p>\n<p>Avec ses deux volets, elle offre un espace suffisant pour \u00e9crire un message personnel. L&#8217;enveloppe assortie bleu fonc\u00e9 contraste agr\u00e9ablement cet ensemble \u00e9l\u00e9gant, pr\u00eat \u00e0 \u00eatre envoy\u00e9 ou offert.<\/p>\n<p><strong>Entretien :<\/strong> Pour pr\u00e9server cette carte, il est recommand\u00e9 de la conserver \u00e0 plat dans un endroit sec, afin d&#8217;\u00e9viter les plis et les d\u00e9formations. Si n\u00e9cessaire, nettoyer d\u00e9licatement le verre avec un chiffon sec et doux pour enlever toute poussi\u00e8re.<\/p>\n<p>Cette carte postale est plus qu&#8217;un simple support de message, c&#8217;est une \u0153uvre d&#8217;art qui allie modernit\u00e9 et artisanat, pr\u00eate \u00e0 \u00eatre ch\u00e9rie par son destinataire.<\/p>\n","protected":false},"excerpt":{"rendered":"<p>Carte rectangulaire en carton orange, \u00e0 2 volets, un carr\u00e9 de verre avec des \u00e9clats bleu et beige ros\u00e9 ont \u00e9t\u00e9 fondus.<\/p>\n","protected":false},"featured_media":1871,"comment_status":"open","ping_status":"closed","template":"","meta":[],"product_brand":[],"product_cat":[203],"product_tag":[36,200,49],"class_list":{"0":"post-2253","1":"product","2":"type-product","3":"status-publish","4":"has-post-thumbnail","6":"product_cat-carte-fusing-abstrait","7":"product_tag-verre-abstrait","8":"product_tag-carte-postale-soie-verre","9":"product_tag-fusing-verre","10":"pa_carte-postale-fusing-abstrait","12":"first","13":"outofstock","14":"purchasable","15":"product-type-simple"},"_links":{"self":[{"href":"https:\/\/art-bijoux.com\/en\/wp-json\/wp\/v2\/product\/2253","targetHints":{"allow":["GET"]}}],"collection":[{"href":"https:\/\/art-bijoux.com\/en\/wp-json\/wp\/v2\/product"}],"about":[{"href":"https:\/\/art-bijoux.com\/en\/wp-json\/wp\/v2\/types\/product"}],"replies":[{"embeddable":true,"href":"https:\/\/art-bijoux.com\/en\/wp-json\/wp\/v2\/comments?post=2253"}],"version-history":[{"count":1,"href":"https:\/\/art-bijoux.com\/en\/wp-json\/wp\/v2\/product\/2253\/revisions"}],"predecessor-version":[{"id":5818,"href":"https:\/\/art-bijoux.com\/en\/wp-json\/wp\/v2\/product\/2253\/revisions\/5818"}],"wp:featuredmedia":[{"embeddable":true,"href":"https:\/\/art-bijoux.com\/en\/wp-json\/wp\/v2\/media\/1871"}],"wp:attachment":[{"href":"https:\/\/art-bijoux.com\/en\/wp-json\/wp\/v2\/media?parent=2253"}],"wp:term":[{"taxonomy":"product_brand","embeddable":true,"href":"https:\/\/art-bijoux.com\/en\/wp-json\/wp\/v2\/product_brand?post=2253"},{"taxonomy":"product_cat","embeddable":true,"href":"https:\/\/art-bijoux.com\/en\/wp-json\/wp\/v2\/product_cat?post=2253"},{"taxonomy":"product_tag","embeddable":true,"href":"https:\/\/art-bijoux.com\/en\/wp-json\/wp\/v2\/product_tag?post=2253"}],"curies":[{"name":"wp","href":"https:\/\/api.w.org\/{rel}","templated":true}]}}