{"id":2258,"date":"2024-05-30T14:52:04","date_gmt":"2024-05-30T12:52:04","guid":{"rendered":"https:\/\/art-bijoux.com\/?post_type=product&#038;p=2258"},"modified":"2024-06-06T13:46:49","modified_gmt":"2024-06-06T11:46:49","slug":"carte-postale-gris-metallique-carre-verre-transparent-eclats-bleu-orange","status":"publish","type":"product","link":"https:\/\/art-bijoux.com\/en\/boutique\/carte-postale-gris-metallique-carre-verre-transparent-eclats-bleu-orange\/","title":{"rendered":"Carte Postale Gris M\u00e9tallique avec un Verre Transparent avec de Multiples \u00c9clats bleu et un orange"},"content":{"rendered":"<figure id=\"attachment_1874\" aria-describedby=\"caption-attachment-1874\" style=\"width: 300px\" class=\"wp-caption alignleft\"><img fetchpriority=\"high\" decoding=\"async\" class=\"size-medium wp-image-1874\" src=\"https:\/\/art-bijoux.com\/wp-content\/uploads\/2024\/05\/multitude-bleue-un-orange-300x287.webp\" alt=\"Carte postale gris argent\u00e9 avec un carr\u00e9 transparent parsem\u00e9 d'\u00e9clats bleus et d'un orange\" width=\"300\" height=\"287\" srcset=\"https:\/\/art-bijoux.com\/wp-content\/uploads\/2024\/05\/multitude-bleue-un-orange-300x287.webp 300w, https:\/\/art-bijoux.com\/wp-content\/uploads\/2024\/05\/multitude-bleue-un-orange-1024x979.webp 1024w, https:\/\/art-bijoux.com\/wp-content\/uploads\/2024\/05\/multitude-bleue-un-orange-768x734.webp 768w, https:\/\/art-bijoux.com\/wp-content\/uploads\/2024\/05\/multitude-bleue-un-orange-1536x1469.webp 1536w, https:\/\/art-bijoux.com\/wp-content\/uploads\/2024\/05\/multitude-bleue-un-orange-600x574.webp 600w, https:\/\/art-bijoux.com\/wp-content\/uploads\/2024\/05\/multitude-bleue-un-orange.webp 1920w\" sizes=\"(max-width: 300px) 100vw, 300px\" \/><figcaption id=\"caption-attachment-1874\" class=\"wp-caption-text\">Carte postale gris argent\u00e9 avec un carr\u00e9 transparent parsem\u00e9 d&#8217;\u00e9clats bleus et d&#8217;un orange<\/figcaption><\/figure>\n<p>Pour ceux qui, comme ce fragment orange, sortent du lot et n&#8217;ont pas peur de cacher leur diff\u00e9rence. Cette carte postale est l&#8217;une des plus \u00e9l\u00e9gantes de la collection. Mesurant 12 cm sur 12 cm, elle est r\u00e9alis\u00e9e en carton gris argent\u00e9, conf\u00e9rant une allure sophistiqu\u00e9e et moderne.<\/p>\n<p>En haut \u00e0 gauche de la carte, un carr\u00e9 de verre transparent est coll\u00e9, laissant voir la base argent\u00e9e. Ce carr\u00e9 de verre est parsem\u00e9 d&#8217;une multitude d&#8217;\u00e9clats bleus fondus, formant un ensemble harmonieux et visuellement apaisant.<\/p>\n<p>A droite de ces \u00e9clats bleus, un minuscule \u00e9clat orange se distingue, semblant faire face ou mener les \u00e9clats bleus. Cette composition est une v\u00e9ritable ode \u00e0 la diff\u00e9rence et \u00e0 l&#8217;unicit\u00e9, symbolisant la beaut\u00e9 de la diversit\u00e9 dans l&#8217;unit\u00e9.<\/p>\n<p>Avec ses deux volets, cette carte offre un espace g\u00e9n\u00e9reux pour \u00e9crire un message personnel et touchant. L&#8217;enveloppe assortie en carton gris argent\u00e9 compl\u00e8te parfaitement ce chef-d&#8217;\u0153uvre, pr\u00eat \u00e0 \u00eatre envoy\u00e9 pour des occasions sp\u00e9ciales, que ce soit pour c\u00e9l\u00e9brer un \u00e9v\u00e9nement important ou simplement pour exprimer des sentiments sinc\u00e8res.<\/p>\n<p><strong>Entretien :<\/strong> Pour pr\u00e9server l&#8217;aspect impeccable de la carte, il est recommand\u00e9 de la conserver \u00e0 plat, \u00e0 l&#8217;abri de l&#8217;humidit\u00e9 et des plis. Le verre peut \u00eatre nettoy\u00e9 doucement avec un chiffon sec et doux pour \u00e9liminer la poussi\u00e8re sans risquer de rayer la surface.<\/p>\n<p>Cette carte postale n&#8217;est pas seulement un support pour transmettre un message, mais \u00e9galement une pi\u00e8ce d&#8217;art unique qui peut \u00eatre encadr\u00e9e pour \u00eatre mise en valeur ou ajout\u00e9e \u00e0 une collection de cartes artistiques. Parfaite pour les amateurs d&#8217;art, les collectionneurs, ou pour ceux qui souhaitent envoyer un message particuli\u00e8rement m\u00e9morable et \u00e9l\u00e9gant.<\/p>\n","protected":false},"excerpt":{"rendered":"<p>Carte postale gris argent\u00e9 avec un carr\u00e9 transparent parsem\u00e9 d&#8217;\u00e9clats bleus et d&#8217;un orange<\/p>\n","protected":false},"featured_media":1874,"comment_status":"open","ping_status":"closed","template":"","meta":[],"product_brand":[],"product_cat":[203],"product_tag":[36,200,49],"class_list":{"0":"post-2258","1":"product","2":"type-product","3":"status-publish","4":"has-post-thumbnail","6":"product_cat-carte-fusing-abstrait","7":"product_tag-verre-abstrait","8":"product_tag-carte-postale-soie-verre","9":"product_tag-fusing-verre","10":"pa_carte-postale-fusing-abstrait","12":"first","13":"instock","14":"purchasable","15":"product-type-simple"},"yoast_head":"<!-- This site is optimized with the Yoast SEO plugin v27.4 - https:\/\/yoast.com\/product\/yoast-seo-wordpress\/ -->\n<title>Carte Postale Gris M\u00e9tallique avec un Verre Transparent avec de Multiples \u00c9clats bleu et un orange - art-bijoux<\/title>\n<meta name=\"description\" content=\"Carte postale en carton gris argent\u00e9 avec un carr\u00e9 transparent parsem\u00e9 d&#039;\u00e9clats bleus et d&#039;un orange qui attire le regard.\" \/>\n<meta name=\"robots\" content=\"index, follow, max-snippet:-1, max-image-preview:large, max-video-preview:-1\" \/>\n<link rel=\"canonical\" href=\"https:\/\/art-bijoux.com\/en\/boutique\/carte-postale-gris-metallique-carre-verre-transparent-eclats-bleu-orange\/\" \/>\n<meta property=\"og:locale\" content=\"en_US\" \/>\n<meta property=\"og:type\" content=\"article\" \/>\n<meta property=\"og:title\" content=\"Carte Postale Gris M\u00e9tallique avec un Verre Transparent avec de Multiples \u00c9clats bleu et un orange - art-bijoux\" \/>\n<meta property=\"og:description\" content=\"Carte postale en carton gris argent\u00e9 avec un carr\u00e9 transparent parsem\u00e9 d&#039;\u00e9clats bleus et d&#039;un orange qui attire le regard.\" \/>\n<meta property=\"og:url\" content=\"https:\/\/art-bijoux.com\/en\/boutique\/carte-postale-gris-metallique-carre-verre-transparent-eclats-bleu-orange\/\" \/>\n<meta property=\"og:site_name\" content=\"art-bijoux\" \/>\n<meta property=\"article:modified_time\" content=\"2024-06-06T11:46:49+00:00\" \/>\n<meta property=\"og:image\" content=\"https:\/\/art-bijoux.com\/wp-content\/uploads\/2024\/05\/multitude-bleue-un-orange.webp\" \/>\n\t<meta property=\"og:image:width\" content=\"1920\" \/>\n\t<meta property=\"og:image:height\" content=\"1836\" \/>\n\t<meta property=\"og:image:type\" content=\"image\/webp\" \/>\n<meta name=\"twitter:card\" content=\"summary_large_image\" \/>\n<meta name=\"twitter:label1\" content=\"Est. reading time\" \/>\n\t<meta name=\"twitter:data1\" content=\"2 minutes\" \/>\n<script type=\"application\/ld+json\" class=\"yoast-schema-graph\">{\"@context\":\"https:\\\/\\\/schema.org\",\"@graph\":[{\"@type\":\"WebPage\",\"@id\":\"https:\\\/\\\/art-bijoux.com\\\/en\\\/boutique\\\/carte-postale-gris-metallique-carre-verre-transparent-eclats-bleu-orange\\\/\",\"url\":\"https:\\\/\\\/art-bijoux.com\\\/en\\\/boutique\\\/carte-postale-gris-metallique-carre-verre-transparent-eclats-bleu-orange\\\/\",\"name\":\"Carte Postale Gris M\u00e9tallique avec un Verre Transparent avec de Multiples \u00c9clats bleu et un orange - art-bijoux\",\"isPartOf\":{\"@id\":\"https:\\\/\\\/art-bijoux.com\\\/en\\\/#website\"},\"primaryImageOfPage\":{\"@id\":\"https:\\\/\\\/art-bijoux.com\\\/en\\\/boutique\\\/carte-postale-gris-metallique-carre-verre-transparent-eclats-bleu-orange\\\/#primaryimage\"},\"image\":{\"@id\":\"https:\\\/\\\/art-bijoux.com\\\/en\\\/boutique\\\/carte-postale-gris-metallique-carre-verre-transparent-eclats-bleu-orange\\\/#primaryimage\"},\"thumbnailUrl\":\"https:\\\/\\\/art-bijoux.com\\\/wp-content\\\/uploads\\\/2024\\\/05\\\/multitude-bleue-un-orange.webp\",\"datePublished\":\"2024-05-30T12:52:04+00:00\",\"dateModified\":\"2024-06-06T11:46:49+00:00\",\"description\":\"Carte postale en carton gris argent\u00e9 avec un carr\u00e9 transparent parsem\u00e9 d'\u00e9clats bleus et d'un orange qui attire le regard.\",\"breadcrumb\":{\"@id\":\"https:\\\/\\\/art-bijoux.com\\\/en\\\/boutique\\\/carte-postale-gris-metallique-carre-verre-transparent-eclats-bleu-orange\\\/#breadcrumb\"},\"inLanguage\":\"en-US\",\"potentialAction\":[{\"@type\":\"ReadAction\",\"target\":[\"https:\\\/\\\/art-bijoux.com\\\/en\\\/boutique\\\/carte-postale-gris-metallique-carre-verre-transparent-eclats-bleu-orange\\\/\"]}]},{\"@type\":\"ImageObject\",\"inLanguage\":\"en-US\",\"@id\":\"https:\\\/\\\/art-bijoux.com\\\/en\\\/boutique\\\/carte-postale-gris-metallique-carre-verre-transparent-eclats-bleu-orange\\\/#primaryimage\",\"url\":\"https:\\\/\\\/art-bijoux.com\\\/wp-content\\\/uploads\\\/2024\\\/05\\\/multitude-bleue-un-orange.webp\",\"contentUrl\":\"https:\\\/\\\/art-bijoux.com\\\/wp-content\\\/uploads\\\/2024\\\/05\\\/multitude-bleue-un-orange.webp\",\"width\":1920,\"height\":1836,\"caption\":\"Carte postale gris argent\u00e9 avec un carr\u00e9 transparent parsem\u00e9 d'\u00e9clats bleus et d'un orange\"},{\"@type\":\"BreadcrumbList\",\"@id\":\"https:\\\/\\\/art-bijoux.com\\\/en\\\/boutique\\\/carte-postale-gris-metallique-carre-verre-transparent-eclats-bleu-orange\\\/#breadcrumb\",\"itemListElement\":[{\"@type\":\"ListItem\",\"position\":1,\"name\":\"Accueil\",\"item\":\"https:\\\/\\\/art-bijoux.com\\\/en\\\/home\\\/\"},{\"@type\":\"ListItem\",\"position\":2,\"name\":\"Shop\",\"item\":\"https:\\\/\\\/art-bijoux.com\\\/en\\\/shop\\\/\"},{\"@type\":\"ListItem\",\"position\":3,\"name\":\"Carte Postale Gris M\u00e9tallique avec un Verre Transparent avec de Multiples \u00c9clats bleu et un orange\"}]},{\"@type\":\"WebSite\",\"@id\":\"https:\\\/\\\/art-bijoux.com\\\/en\\\/#website\",\"url\":\"https:\\\/\\\/art-bijoux.com\\\/en\\\/\",\"name\":\"art-bijoux\",\"description\":\"Osez porter \\\/ offrir un vitrail unique \u00e0 prix abordable\",\"publisher\":{\"@id\":\"https:\\\/\\\/art-bijoux.com\\\/en\\\/#organization\"},\"potentialAction\":[{\"@type\":\"SearchAction\",\"target\":{\"@type\":\"EntryPoint\",\"urlTemplate\":\"https:\\\/\\\/art-bijoux.com\\\/en\\\/?s={search_term_string}\"},\"query-input\":{\"@type\":\"PropertyValueSpecification\",\"valueRequired\":true,\"valueName\":\"search_term_string\"}}],\"inLanguage\":\"en-US\"},{\"@type\":\"Organization\",\"@id\":\"https:\\\/\\\/art-bijoux.com\\\/en\\\/#organization\",\"name\":\"art-bijoux\",\"url\":\"https:\\\/\\\/art-bijoux.com\\\/en\\\/\",\"logo\":{\"@type\":\"ImageObject\",\"inLanguage\":\"en-US\",\"@id\":\"https:\\\/\\\/art-bijoux.com\\\/en\\\/#\\\/schema\\\/logo\\\/image\\\/\",\"url\":\"https:\\\/\\\/art-bijoux.com\\\/wp-content\\\/uploads\\\/2024\\\/06\\\/Art-Bijoux-Logo-Small.png\",\"contentUrl\":\"https:\\\/\\\/art-bijoux.com\\\/wp-content\\\/uploads\\\/2024\\\/06\\\/Art-Bijoux-Logo-Small.png\",\"width\":722,\"height\":137,\"caption\":\"art-bijoux\"},\"image\":{\"@id\":\"https:\\\/\\\/art-bijoux.com\\\/en\\\/#\\\/schema\\\/logo\\\/image\\\/\"}}]}<\/script>\n<!-- \/ Yoast SEO plugin. -->","yoast_head_json":{"title":"Carte Postale Gris M\u00e9tallique avec un Verre Transparent avec de Multiples \u00c9clats bleu et un orange - art-bijoux","description":"Carte postale en carton gris argent\u00e9 avec un carr\u00e9 transparent parsem\u00e9 d'\u00e9clats bleus et d'un orange qui attire le regard.","robots":{"index":"index","follow":"follow","max-snippet":"max-snippet:-1","max-image-preview":"max-image-preview:large","max-video-preview":"max-video-preview:-1"},"canonical":"https:\/\/art-bijoux.com\/en\/boutique\/carte-postale-gris-metallique-carre-verre-transparent-eclats-bleu-orange\/","og_locale":"en_US","og_type":"article","og_title":"Carte Postale Gris M\u00e9tallique avec un Verre Transparent avec de Multiples \u00c9clats bleu et un orange - art-bijoux","og_description":"Carte postale en carton gris argent\u00e9 avec un carr\u00e9 transparent parsem\u00e9 d'\u00e9clats bleus et d'un orange qui attire le regard.","og_url":"https:\/\/art-bijoux.com\/en\/boutique\/carte-postale-gris-metallique-carre-verre-transparent-eclats-bleu-orange\/","og_site_name":"art-bijoux","article_modified_time":"2024-06-06T11:46:49+00:00","og_image":[{"width":1920,"height":1836,"url":"https:\/\/art-bijoux.com\/wp-content\/uploads\/2024\/05\/multitude-bleue-un-orange.webp","type":"image\/webp"}],"twitter_card":"summary_large_image","twitter_misc":{"Est. reading time":"2 minutes"},"schema":{"@context":"https:\/\/schema.org","@graph":[{"@type":"WebPage","@id":"https:\/\/art-bijoux.com\/en\/boutique\/carte-postale-gris-metallique-carre-verre-transparent-eclats-bleu-orange\/","url":"https:\/\/art-bijoux.com\/en\/boutique\/carte-postale-gris-metallique-carre-verre-transparent-eclats-bleu-orange\/","name":"Carte Postale Gris M\u00e9tallique avec un Verre Transparent avec de Multiples \u00c9clats bleu et un orange - art-bijoux","isPartOf":{"@id":"https:\/\/art-bijoux.com\/en\/#website"},"primaryImageOfPage":{"@id":"https:\/\/art-bijoux.com\/en\/boutique\/carte-postale-gris-metallique-carre-verre-transparent-eclats-bleu-orange\/#primaryimage"},"image":{"@id":"https:\/\/art-bijoux.com\/en\/boutique\/carte-postale-gris-metallique-carre-verre-transparent-eclats-bleu-orange\/#primaryimage"},"thumbnailUrl":"https:\/\/art-bijoux.com\/wp-content\/uploads\/2024\/05\/multitude-bleue-un-orange.webp","datePublished":"2024-05-30T12:52:04+00:00","dateModified":"2024-06-06T11:46:49+00:00","description":"Carte postale en carton gris argent\u00e9 avec un carr\u00e9 transparent parsem\u00e9 d'\u00e9clats bleus et d'un orange qui attire le regard.","breadcrumb":{"@id":"https:\/\/art-bijoux.com\/en\/boutique\/carte-postale-gris-metallique-carre-verre-transparent-eclats-bleu-orange\/#breadcrumb"},"inLanguage":"en-US","potentialAction":[{"@type":"ReadAction","target":["https:\/\/art-bijoux.com\/en\/boutique\/carte-postale-gris-metallique-carre-verre-transparent-eclats-bleu-orange\/"]}]},{"@type":"ImageObject","inLanguage":"en-US","@id":"https:\/\/art-bijoux.com\/en\/boutique\/carte-postale-gris-metallique-carre-verre-transparent-eclats-bleu-orange\/#primaryimage","url":"https:\/\/art-bijoux.com\/wp-content\/uploads\/2024\/05\/multitude-bleue-un-orange.webp","contentUrl":"https:\/\/art-bijoux.com\/wp-content\/uploads\/2024\/05\/multitude-bleue-un-orange.webp","width":1920,"height":1836,"caption":"Carte postale gris argent\u00e9 avec un carr\u00e9 transparent parsem\u00e9 d'\u00e9clats bleus et d'un orange"},{"@type":"BreadcrumbList","@id":"https:\/\/art-bijoux.com\/en\/boutique\/carte-postale-gris-metallique-carre-verre-transparent-eclats-bleu-orange\/#breadcrumb","itemListElement":[{"@type":"ListItem","position":1,"name":"Accueil","item":"https:\/\/art-bijoux.com\/en\/home\/"},{"@type":"ListItem","position":2,"name":"Shop","item":"https:\/\/art-bijoux.com\/en\/shop\/"},{"@type":"ListItem","position":3,"name":"Carte Postale Gris M\u00e9tallique avec un Verre Transparent avec de Multiples \u00c9clats bleu et un orange"}]},{"@type":"WebSite","@id":"https:\/\/art-bijoux.com\/en\/#website","url":"https:\/\/art-bijoux.com\/en\/","name":"art-bijoux","description":"Osez porter \/ offrir un vitrail unique \u00e0 prix abordable","publisher":{"@id":"https:\/\/art-bijoux.com\/en\/#organization"},"potentialAction":[{"@type":"SearchAction","target":{"@type":"EntryPoint","urlTemplate":"https:\/\/art-bijoux.com\/en\/?s={search_term_string}"},"query-input":{"@type":"PropertyValueSpecification","valueRequired":true,"valueName":"search_term_string"}}],"inLanguage":"en-US"},{"@type":"Organization","@id":"https:\/\/art-bijoux.com\/en\/#organization","name":"art-bijoux","url":"https:\/\/art-bijoux.com\/en\/","logo":{"@type":"ImageObject","inLanguage":"en-US","@id":"https:\/\/art-bijoux.com\/en\/#\/schema\/logo\/image\/","url":"https:\/\/art-bijoux.com\/wp-content\/uploads\/2024\/06\/Art-Bijoux-Logo-Small.png","contentUrl":"https:\/\/art-bijoux.com\/wp-content\/uploads\/2024\/06\/Art-Bijoux-Logo-Small.png","width":722,"height":137,"caption":"art-bijoux"},"image":{"@id":"https:\/\/art-bijoux.com\/en\/#\/schema\/logo\/image\/"}}]}},"_links":{"self":[{"href":"https:\/\/art-bijoux.com\/en\/wp-json\/wp\/v2\/product\/2258","targetHints":{"allow":["GET"]}}],"collection":[{"href":"https:\/\/art-bijoux.com\/en\/wp-json\/wp\/v2\/product"}],"about":[{"href":"https:\/\/art-bijoux.com\/en\/wp-json\/wp\/v2\/types\/product"}],"replies":[{"embeddable":true,"href":"https:\/\/art-bijoux.com\/en\/wp-json\/wp\/v2\/comments?post=2258"}],"version-history":[{"count":0,"href":"https:\/\/art-bijoux.com\/en\/wp-json\/wp\/v2\/product\/2258\/revisions"}],"wp:featuredmedia":[{"embeddable":true,"href":"https:\/\/art-bijoux.com\/en\/wp-json\/wp\/v2\/media\/1874"}],"wp:attachment":[{"href":"https:\/\/art-bijoux.com\/en\/wp-json\/wp\/v2\/media?parent=2258"}],"wp:term":[{"taxonomy":"product_brand","embeddable":true,"href":"https:\/\/art-bijoux.com\/en\/wp-json\/wp\/v2\/product_brand?post=2258"},{"taxonomy":"product_cat","embeddable":true,"href":"https:\/\/art-bijoux.com\/en\/wp-json\/wp\/v2\/product_cat?post=2258"},{"taxonomy":"product_tag","embeddable":true,"href":"https:\/\/art-bijoux.com\/en\/wp-json\/wp\/v2\/product_tag?post=2258"}],"curies":[{"name":"wp","href":"https:\/\/api.w.org\/{rel}","templated":true}]}}