{"id":2259,"date":"2024-05-30T17:51:33","date_gmt":"2024-05-30T15:51:33","guid":{"rendered":"https:\/\/art-bijoux.com\/?post_type=product&#038;p=2259"},"modified":"2024-12-08T23:41:16","modified_gmt":"2024-12-08T22:41:16","slug":"carte-postale-bleu-fragments-verre-beige-bleu","status":"publish","type":"product","link":"https:\/\/art-bijoux.com\/en\/boutique\/carte-postale-bleu-fragments-verre-beige-bleu\/","title":{"rendered":"Carte Postale Bleu M\u00e9tallique avec 2 Fragments de Verre Beige et Bleu"},"content":{"rendered":"<figure id=\"attachment_1863\" aria-describedby=\"caption-attachment-1863\" style=\"width: 300px\" class=\"wp-caption alignleft\"><img fetchpriority=\"high\" decoding=\"async\" class=\"size-medium wp-image-1863\" src=\"https:\/\/art-bijoux.com\/wp-content\/uploads\/2024\/05\/1-rectangle-1-trapeze-300x290.webp\" alt=\"Carte postale bleu m\u00e9tallique avec deux fragments de verre transparent. Des fragments beige et bleu sont fondus.\" width=\"300\" height=\"290\" srcset=\"https:\/\/art-bijoux.com\/wp-content\/uploads\/2024\/05\/1-rectangle-1-trapeze-300x290.webp 300w, https:\/\/art-bijoux.com\/wp-content\/uploads\/2024\/05\/1-rectangle-1-trapeze-1024x989.webp 1024w, https:\/\/art-bijoux.com\/wp-content\/uploads\/2024\/05\/1-rectangle-1-trapeze-768x742.webp 768w, https:\/\/art-bijoux.com\/wp-content\/uploads\/2024\/05\/1-rectangle-1-trapeze-1536x1484.webp 1536w, https:\/\/art-bijoux.com\/wp-content\/uploads\/2024\/05\/1-rectangle-1-trapeze-600x580.webp 600w, https:\/\/art-bijoux.com\/wp-content\/uploads\/2024\/05\/1-rectangle-1-trapeze.webp 1920w\" sizes=\"(max-width: 300px) 100vw, 300px\" \/><figcaption id=\"caption-attachment-1863\" class=\"wp-caption-text\">Carte postale bleu m\u00e9tallique avec deux fragments de verre transparent. Des fragments beige et bleu sont fondus.<\/figcaption><\/figure>\n<p>Cette carte postale carr\u00e9e, mesurant 12 cm sur 12 cm, est r\u00e9alis\u00e9e en carton bleu m\u00e9tallique, offrant une base \u00e9l\u00e9gante et moderne. De chaque c\u00f4t\u00e9, deux morceaux de verre transparent, de forme irr\u00e9guli\u00e8re, aux bords dentel\u00e9s par la fusion, sont coll\u00e9s, ajoutant une touche d&#8217;originalit\u00e9 et de dynamisme \u00e0 la carte.<\/p>\n<p>Sur ces deux morceau de verre, r\u00e9cup\u00e9r\u00e9s sur une vitre cass\u00e9e, des \u00e9clats de verre beige-orang\u00e9 et bleu ont \u00e9t\u00e9 fondus. Lors de la fusion, ces \u00e9clats se sont incorpor\u00e9s dans le verre et affleurent \u00e0 la surface, ce qui ajoute de la texture et de la hauteur.<\/p>\n<p>Le carr\u00e9 du haut est un parall\u00e9l\u00e9pip\u00e8de irr\u00e9gulier et celui du bas est un rectangle au haut tronqu\u00e9. Leurs diff\u00e9rences donnent \u00e0 la carte une apparence unique et int\u00e9ressante.<\/p>\n<p>Cette carte, avec ses deux volets, offre suffisamment d&#8217;espace pour \u00e9crire un message personnel. L&#8217;enveloppe en carton gris argent\u00e9 compl\u00e8te ce bel ensemble, pr\u00eat \u00e0 \u00eatre envoy\u00e9 pour toute occasion sp\u00e9ciale.<\/p>\n<p><strong>Entretien :<\/strong> Pour maintenir la carte en bon \u00e9tat, il est conseill\u00e9 de la conserver \u00e0 plat dans un endroit sec, \u00e0 l&#8217;abri de l&#8217;humidit\u00e9 et des plis. Le verre peut \u00eatre nettoy\u00e9 d\u00e9licatement avec un chiffon sec et doux pour enlever la poussi\u00e8re sans rayer la surface.<\/p>\n<p>Cette carte postale n&#8217;est pas seulement un moyen d&#8217;envoyer un message, mais aussi une pi\u00e8ce d&#8217;artisanat unique qui peut \u00eatre encadr\u00e9e pour \u00eatre admir\u00e9e ou ajout\u00e9e \u00e0 une collection de cartes artistiques. Parfait pour les amateurs d&#8217;art, les collectionneurs, ou ceux qui cherchent \u00e0 envoyer un message particuli\u00e8rement m\u00e9morable.<\/p>\n","protected":false},"excerpt":{"rendered":"<p>Carte postale bleu m\u00e9tallique avec deux fragments de verre transparent. Des fragments beige et bleu sont fondus.<\/p>\n","protected":false},"featured_media":1863,"comment_status":"open","ping_status":"closed","template":"","meta":[],"product_brand":[],"product_cat":[203],"product_tag":[36,200,49],"class_list":{"0":"post-2259","1":"product","2":"type-product","3":"status-publish","4":"has-post-thumbnail","6":"product_cat-carte-fusing-abstrait","7":"product_tag-verre-abstrait","8":"product_tag-carte-postale-soie-verre","9":"product_tag-fusing-verre","10":"pa_carte-postale-fusing-abstrait","12":"first","13":"outofstock","14":"sale","15":"purchasable","16":"product-type-simple"},"_links":{"self":[{"href":"https:\/\/art-bijoux.com\/en\/wp-json\/wp\/v2\/product\/2259","targetHints":{"allow":["GET"]}}],"collection":[{"href":"https:\/\/art-bijoux.com\/en\/wp-json\/wp\/v2\/product"}],"about":[{"href":"https:\/\/art-bijoux.com\/en\/wp-json\/wp\/v2\/types\/product"}],"replies":[{"embeddable":true,"href":"https:\/\/art-bijoux.com\/en\/wp-json\/wp\/v2\/comments?post=2259"}],"version-history":[{"count":0,"href":"https:\/\/art-bijoux.com\/en\/wp-json\/wp\/v2\/product\/2259\/revisions"}],"wp:featuredmedia":[{"embeddable":true,"href":"https:\/\/art-bijoux.com\/en\/wp-json\/wp\/v2\/media\/1863"}],"wp:attachment":[{"href":"https:\/\/art-bijoux.com\/en\/wp-json\/wp\/v2\/media?parent=2259"}],"wp:term":[{"taxonomy":"product_brand","embeddable":true,"href":"https:\/\/art-bijoux.com\/en\/wp-json\/wp\/v2\/product_brand?post=2259"},{"taxonomy":"product_cat","embeddable":true,"href":"https:\/\/art-bijoux.com\/en\/wp-json\/wp\/v2\/product_cat?post=2259"},{"taxonomy":"product_tag","embeddable":true,"href":"https:\/\/art-bijoux.com\/en\/wp-json\/wp\/v2\/product_tag?post=2259"}],"curies":[{"name":"wp","href":"https:\/\/api.w.org\/{rel}","templated":true}]}}