{"id":2261,"date":"2024-05-30T18:08:12","date_gmt":"2024-05-30T16:08:12","guid":{"rendered":"https:\/\/art-bijoux.com\/?post_type=product&#038;p=2261"},"modified":"2024-12-20T20:59:39","modified_gmt":"2024-12-20T19:59:39","slug":"2261-carte-postale-bleu-verre-transparent-orange","status":"publish","type":"product","link":"https:\/\/art-bijoux.com\/en\/boutique\/2261-carte-postale-bleu-verre-transparent-orange\/","title":{"rendered":"Carte Postale en Carton Bleu avec 2 Fragments de Verre transparent et un Fusing Orange et Bleu"},"content":{"rendered":"<figure id=\"attachment_1868\" aria-describedby=\"caption-attachment-1868\" style=\"width: 300px\" class=\"wp-caption alignleft\"><img decoding=\"async\" class=\"size-medium wp-image-1868\" src=\"https:\/\/art-bijoux.com\/wp-content\/uploads\/2024\/05\/2-orange-fondus-enveloppe-300x160.webp\" alt=\"Carte postale bleue, avec deux carr\u00e9s en verre transparent sur lesquels des \u00e9clats orange et bleu sont fondus\" width=\"300\" height=\"160\" srcset=\"https:\/\/art-bijoux.com\/wp-content\/uploads\/2024\/05\/2-orange-fondus-enveloppe-300x160.webp 300w, https:\/\/art-bijoux.com\/wp-content\/uploads\/2024\/05\/2-orange-fondus-enveloppe-1024x545.webp 1024w, https:\/\/art-bijoux.com\/wp-content\/uploads\/2024\/05\/2-orange-fondus-enveloppe-768x409.webp 768w, https:\/\/art-bijoux.com\/wp-content\/uploads\/2024\/05\/2-orange-fondus-enveloppe-1536x818.webp 1536w, https:\/\/art-bijoux.com\/wp-content\/uploads\/2024\/05\/2-orange-fondus-enveloppe-600x319.webp 600w, https:\/\/art-bijoux.com\/wp-content\/uploads\/2024\/05\/2-orange-fondus-enveloppe.webp 1920w\" sizes=\"(max-width: 300px) 100vw, 300px\" \/><figcaption id=\"caption-attachment-1868\" class=\"wp-caption-text\">Carte postale bleue, avec deux carr\u00e9s en verre transparent sur lesquels des \u00e9clats orange et bleu sont fondus<\/figcaption><\/figure>\n<p>Cette carte postale carr\u00e9e, \u00e9l\u00e9gamment confectionn\u00e9e en carton bleu m\u00e9tallique, se distingue par l&#8217;unicit\u00e9 de ses d\u00e9tails artistiques. Mesurant 12cm de large sur 12 cm de haut, elle offre une base qui capte imm\u00e9diatement le regard.<\/p>\n<p>En diagonale, deux carr\u00e9s de verre, r\u00e9cup\u00e9r\u00e9s sur une vitre cass\u00e9e, ont \u00e9t\u00e9 coll\u00e9s apr\u00e8s avoir \u00e9t\u00e9 transform\u00e9s par une fusion qui leur a conf\u00e9r\u00e9 leurs bords frip\u00e9s, galb\u00e9s vers l&#8217;int\u00e9rieur, qui ajoutent une dimension suppl\u00e9mentaire \u00e0 la pi\u00e8ce. Sur ce fond semblable \u00e0 un ciel nocturne, des \u00e9clats de verre bleu et orange ont \u00e9t\u00e9 fondus, occupant pratiquement toute la surface et se superposant du haut est de dominante bleu turquoise, et celui du bas, orange avec des \u00e9clats vert transparents superpos\u00e9s. Ces \u00e9clats contrastent joliment avec le bleu du carton, apportant une touche de diversit\u00e9 chromatique.<\/p>\n<p>Cette carte, avec ses dimensions g\u00e9n\u00e9reuses et ses couleurs vibrantes, est id\u00e9ale pour toutes les occasions. Que ce soit pour un anniversaire, une f\u00eate, ou simplement pour envoyer un message personnalis\u00e9, elle saura ravir son destinataire. Elle peut \u00e9galement \u00eatre encadr\u00e9e pour devenir un objet de d\u00e9coration unique, ou ajout\u00e9e \u00e0 une collection de cartes faites main.<\/p>\n<p>Avec ses deux volets, elle offre un espace suffisant pour \u00e9crire un message personnel. L&#8217;enveloppe assortie au carton bleu compl\u00e8te cet ensemble \u00e9l\u00e9gant, pr\u00eat \u00e0 \u00eatre envoy\u00e9 ou offert.<\/p>\n<p><strong>Entretien :<\/strong> Pour pr\u00e9server cette carte, il est recommand\u00e9 de la conserver \u00e0 plat dans un endroit sec, afin d&#8217;\u00e9viter les plis et les d\u00e9formations. Si n\u00e9cessaire, nettoyer d\u00e9licatement le verre avec un chiffon sec et doux pour enlever toute poussi\u00e8re.<\/p>\n<p>Cette carte postale est plus qu&#8217;un simple support de message, c&#8217;est une \u0153uvre d&#8217;art qui allie modernit\u00e9 et artisanat, pr\u00eate \u00e0 \u00eatre ch\u00e9rie par son destinataire.<\/p>\n","protected":false},"excerpt":{"rendered":"<p>Carte postale bleue, avec deux carr\u00e9s en verre transparent sur lesquels des \u00e9clats orange et bleu sont fondus<\/p>\n","protected":false},"featured_media":1868,"comment_status":"open","ping_status":"closed","template":"","meta":[],"product_brand":[],"product_cat":[203],"product_tag":[36,200,49],"class_list":{"0":"post-2261","1":"product","2":"type-product","3":"status-publish","4":"has-post-thumbnail","6":"product_cat-carte-fusing-abstrait","7":"product_tag-verre-abstrait","8":"product_tag-carte-postale-soie-verre","9":"product_tag-fusing-verre","10":"pa_carte-postale-fusing-abstrait","12":"first","13":"outofstock","14":"purchasable","15":"product-type-simple"},"_links":{"self":[{"href":"https:\/\/art-bijoux.com\/en\/wp-json\/wp\/v2\/product\/2261","targetHints":{"allow":["GET"]}}],"collection":[{"href":"https:\/\/art-bijoux.com\/en\/wp-json\/wp\/v2\/product"}],"about":[{"href":"https:\/\/art-bijoux.com\/en\/wp-json\/wp\/v2\/types\/product"}],"replies":[{"embeddable":true,"href":"https:\/\/art-bijoux.com\/en\/wp-json\/wp\/v2\/comments?post=2261"}],"version-history":[{"count":1,"href":"https:\/\/art-bijoux.com\/en\/wp-json\/wp\/v2\/product\/2261\/revisions"}],"predecessor-version":[{"id":2263,"href":"https:\/\/art-bijoux.com\/en\/wp-json\/wp\/v2\/product\/2261\/revisions\/2263"}],"wp:featuredmedia":[{"embeddable":true,"href":"https:\/\/art-bijoux.com\/en\/wp-json\/wp\/v2\/media\/1868"}],"wp:attachment":[{"href":"https:\/\/art-bijoux.com\/en\/wp-json\/wp\/v2\/media?parent=2261"}],"wp:term":[{"taxonomy":"product_brand","embeddable":true,"href":"https:\/\/art-bijoux.com\/en\/wp-json\/wp\/v2\/product_brand?post=2261"},{"taxonomy":"product_cat","embeddable":true,"href":"https:\/\/art-bijoux.com\/en\/wp-json\/wp\/v2\/product_cat?post=2261"},{"taxonomy":"product_tag","embeddable":true,"href":"https:\/\/art-bijoux.com\/en\/wp-json\/wp\/v2\/product_tag?post=2261"}],"curies":[{"name":"wp","href":"https:\/\/api.w.org\/{rel}","templated":true}]}}