{"id":2601,"date":"2024-06-07T14:31:34","date_gmt":"2024-06-07T12:31:34","guid":{"rendered":"https:\/\/art-bijoux.com\/?post_type=product&#038;p=2601"},"modified":"2024-06-07T14:41:15","modified_gmt":"2024-06-07T12:41:15","slug":"branche-et-feuilles-avec-des-feuilles-dorees","status":"publish","type":"product","link":"https:\/\/art-bijoux.com\/en\/boutique\/branche-et-feuilles-avec-des-feuilles-dorees\/","title":{"rendered":"Branche et feuilles avec des feuilles dor\u00e9es"},"content":{"rendered":"<figure id=\"attachment_2602\" aria-describedby=\"caption-attachment-2602\" style=\"width: 300px\" class=\"wp-caption alignleft\"><img fetchpriority=\"high\" decoding=\"async\" class=\"size-medium wp-image-2602\" src=\"https:\/\/art-bijoux.com\/wp-content\/uploads\/2024\/06\/Branche-et-feuilles-dorees-300x300.webp\" alt=\"Branche et feuilles avec une breloque dor\u00e9e\" width=\"300\" height=\"300\" srcset=\"https:\/\/art-bijoux.com\/wp-content\/uploads\/2024\/06\/Branche-et-feuilles-dorees-300x300.webp 300w, https:\/\/art-bijoux.com\/wp-content\/uploads\/2024\/06\/Branche-et-feuilles-dorees-150x150.webp 150w, https:\/\/art-bijoux.com\/wp-content\/uploads\/2024\/06\/Branche-et-feuilles-dorees-768x767.webp 768w, https:\/\/art-bijoux.com\/wp-content\/uploads\/2024\/06\/Branche-et-feuilles-dorees-600x599.webp 600w, https:\/\/art-bijoux.com\/wp-content\/uploads\/2024\/06\/Branche-et-feuilles-dorees-100x100.webp 100w, https:\/\/art-bijoux.com\/wp-content\/uploads\/2024\/06\/Branche-et-feuilles-dorees.webp 800w\" sizes=\"(max-width: 300px) 100vw, 300px\" \/><figcaption id=\"caption-attachment-2602\" class=\"wp-caption-text\">Branche et feuilles avec une breloque dor\u00e9e<\/figcaption><\/figure>\n<p>Explorez la beaut\u00e9 de notre collier repr\u00e9sentant une branche d&#8217;arbre, une pi\u00e8ce remarquable qui \u00e9voque la splendeur et la vitalit\u00e9 de la nature. Chaque bijou est une \u0153uvre d&#8217;art unique, soigneusement con\u00e7ue et fabriqu\u00e9e \u00e0 la main, affirmant notre engagement envers la cr\u00e9ativit\u00e9 et l&#8217;authenticit\u00e9 artisanale.<\/p>\n<p>Au-dessous de la branche d&#8217;arbre en m\u00e9tal dor\u00e9, une feuille verte et deux p\u00e9tales bleus sont d\u00e9licatement soud\u00e9s, ajoutant une touche de couleur et de contraste \u00e0 l&#8217;ensemble. La longueur du collier est accentu\u00e9e par une grande breloque repr\u00e9sentant un feuillage dor\u00e9, qui recouvre la branche d&#8217;arbre tout en laissant le verre appara\u00eetre, cr\u00e9ant un effet visuel saisissant.<\/p>\n<p>Deux larges anneaux dor\u00e9s, soud\u00e9s, permettent de fixer le feuillage et de passer une chaine.<\/p>\n<p>Hauteur : 6 cm, largeur : 14,4 cm, 3 qualit\u00e9s de verre Tiffany et colorescent marron.<\/p>\n<p>&nbsp;<\/p>\n","protected":false},"excerpt":{"rendered":"<p>Un grand collier en Tiffany avec 3 feuilles et une branche, recouvert d&#8217;une breloque en m\u00e9tal dor\u00e9.<\/p>\n","protected":false},"featured_media":2602,"comment_status":"open","ping_status":"closed","template":"","meta":[],"product_brand":[],"product_cat":[176,86],"product_tag":[29,31,27],"class_list":{"0":"post-2601","1":"product","2":"type-product","3":"status-publish","4":"has-post-thumbnail","6":"product_cat-breloque-bijou-verre","7":"product_cat-collier-tiffany","8":"product_tag-breloque-metal-pierre","9":"product_tag-collier-verre-tiffany","10":"product_tag-tiffany-verre","11":"pa_bijou-collier","12":"pa_breloque-feuilles-arbre","14":"first","15":"instock","16":"purchasable","17":"product-type-simple"},"yoast_head":"<!-- This site is optimized with the Yoast SEO plugin v27.4 - https:\/\/yoast.com\/product\/yoast-seo-wordpress\/ -->\n<title>Branche et feuilles avec des feuilles dor\u00e9es - art-bijoux<\/title>\n<meta name=\"description\" content=\"Un grand collier en longueur avec 3 feuilles et une branche, surmont\u00e9es d&#039;une breloque dor\u00e9e en m\u00e9tal dor\u00e9. Mont\u00e9 en Tiffany.\" \/>\n<meta name=\"robots\" content=\"index, follow, max-snippet:-1, max-image-preview:large, max-video-preview:-1\" \/>\n<link rel=\"canonical\" href=\"https:\/\/art-bijoux.com\/en\/boutique\/branche-et-feuilles-avec-des-feuilles-dorees\/\" \/>\n<meta property=\"og:locale\" content=\"en_US\" \/>\n<meta property=\"og:type\" content=\"article\" \/>\n<meta property=\"og:title\" content=\"Branche et feuilles avec des feuilles dor\u00e9es - art-bijoux\" \/>\n<meta property=\"og:description\" content=\"Un grand collier en longueur avec 3 feuilles et une branche, surmont\u00e9es d&#039;une breloque dor\u00e9e en m\u00e9tal dor\u00e9. Mont\u00e9 en Tiffany.\" \/>\n<meta property=\"og:url\" content=\"https:\/\/art-bijoux.com\/en\/boutique\/branche-et-feuilles-avec-des-feuilles-dorees\/\" \/>\n<meta property=\"og:site_name\" content=\"art-bijoux\" \/>\n<meta property=\"article:modified_time\" content=\"2024-06-07T12:41:15+00:00\" \/>\n<meta property=\"og:image\" content=\"https:\/\/art-bijoux.com\/wp-content\/uploads\/2024\/06\/Branche-et-feuilles-dorees.webp\" \/>\n\t<meta property=\"og:image:width\" content=\"800\" \/>\n\t<meta property=\"og:image:height\" content=\"799\" \/>\n\t<meta property=\"og:image:type\" content=\"image\/webp\" \/>\n<meta name=\"twitter:card\" content=\"summary_large_image\" \/>\n<meta name=\"twitter:label1\" content=\"Est. reading time\" \/>\n\t<meta name=\"twitter:data1\" content=\"2 minutes\" \/>\n<script type=\"application\/ld+json\" class=\"yoast-schema-graph\">{\"@context\":\"https:\\\/\\\/schema.org\",\"@graph\":[{\"@type\":\"WebPage\",\"@id\":\"https:\\\/\\\/art-bijoux.com\\\/en\\\/boutique\\\/branche-et-feuilles-avec-des-feuilles-dorees\\\/\",\"url\":\"https:\\\/\\\/art-bijoux.com\\\/en\\\/boutique\\\/branche-et-feuilles-avec-des-feuilles-dorees\\\/\",\"name\":\"Branche et feuilles avec des feuilles dor\u00e9es - art-bijoux\",\"isPartOf\":{\"@id\":\"https:\\\/\\\/art-bijoux.com\\\/en\\\/#website\"},\"primaryImageOfPage\":{\"@id\":\"https:\\\/\\\/art-bijoux.com\\\/en\\\/boutique\\\/branche-et-feuilles-avec-des-feuilles-dorees\\\/#primaryimage\"},\"image\":{\"@id\":\"https:\\\/\\\/art-bijoux.com\\\/en\\\/boutique\\\/branche-et-feuilles-avec-des-feuilles-dorees\\\/#primaryimage\"},\"thumbnailUrl\":\"https:\\\/\\\/art-bijoux.com\\\/wp-content\\\/uploads\\\/2024\\\/06\\\/Branche-et-feuilles-dorees.webp\",\"datePublished\":\"2024-06-07T12:31:34+00:00\",\"dateModified\":\"2024-06-07T12:41:15+00:00\",\"description\":\"Un grand collier en longueur avec 3 feuilles et une branche, surmont\u00e9es d'une breloque dor\u00e9e en m\u00e9tal dor\u00e9. Mont\u00e9 en Tiffany.\",\"breadcrumb\":{\"@id\":\"https:\\\/\\\/art-bijoux.com\\\/en\\\/boutique\\\/branche-et-feuilles-avec-des-feuilles-dorees\\\/#breadcrumb\"},\"inLanguage\":\"en-US\",\"potentialAction\":[{\"@type\":\"ReadAction\",\"target\":[\"https:\\\/\\\/art-bijoux.com\\\/en\\\/boutique\\\/branche-et-feuilles-avec-des-feuilles-dorees\\\/\"]}]},{\"@type\":\"ImageObject\",\"inLanguage\":\"en-US\",\"@id\":\"https:\\\/\\\/art-bijoux.com\\\/en\\\/boutique\\\/branche-et-feuilles-avec-des-feuilles-dorees\\\/#primaryimage\",\"url\":\"https:\\\/\\\/art-bijoux.com\\\/wp-content\\\/uploads\\\/2024\\\/06\\\/Branche-et-feuilles-dorees.webp\",\"contentUrl\":\"https:\\\/\\\/art-bijoux.com\\\/wp-content\\\/uploads\\\/2024\\\/06\\\/Branche-et-feuilles-dorees.webp\",\"width\":800,\"height\":799,\"caption\":\"Branche et feuilles avec une breloque dor\u00e9e\"},{\"@type\":\"BreadcrumbList\",\"@id\":\"https:\\\/\\\/art-bijoux.com\\\/en\\\/boutique\\\/branche-et-feuilles-avec-des-feuilles-dorees\\\/#breadcrumb\",\"itemListElement\":[{\"@type\":\"ListItem\",\"position\":1,\"name\":\"Accueil\",\"item\":\"https:\\\/\\\/art-bijoux.com\\\/en\\\/home\\\/\"},{\"@type\":\"ListItem\",\"position\":2,\"name\":\"Shop\",\"item\":\"https:\\\/\\\/art-bijoux.com\\\/en\\\/shop\\\/\"},{\"@type\":\"ListItem\",\"position\":3,\"name\":\"Branche et feuilles avec des feuilles dor\u00e9es\"}]},{\"@type\":\"WebSite\",\"@id\":\"https:\\\/\\\/art-bijoux.com\\\/en\\\/#website\",\"url\":\"https:\\\/\\\/art-bijoux.com\\\/en\\\/\",\"name\":\"art-bijoux\",\"description\":\"Osez porter \\\/ offrir un vitrail unique \u00e0 prix abordable\",\"publisher\":{\"@id\":\"https:\\\/\\\/art-bijoux.com\\\/en\\\/#organization\"},\"potentialAction\":[{\"@type\":\"SearchAction\",\"target\":{\"@type\":\"EntryPoint\",\"urlTemplate\":\"https:\\\/\\\/art-bijoux.com\\\/en\\\/?s={search_term_string}\"},\"query-input\":{\"@type\":\"PropertyValueSpecification\",\"valueRequired\":true,\"valueName\":\"search_term_string\"}}],\"inLanguage\":\"en-US\"},{\"@type\":\"Organization\",\"@id\":\"https:\\\/\\\/art-bijoux.com\\\/en\\\/#organization\",\"name\":\"art-bijoux\",\"url\":\"https:\\\/\\\/art-bijoux.com\\\/en\\\/\",\"logo\":{\"@type\":\"ImageObject\",\"inLanguage\":\"en-US\",\"@id\":\"https:\\\/\\\/art-bijoux.com\\\/en\\\/#\\\/schema\\\/logo\\\/image\\\/\",\"url\":\"https:\\\/\\\/art-bijoux.com\\\/wp-content\\\/uploads\\\/2024\\\/06\\\/Art-Bijoux-Logo-Small.png\",\"contentUrl\":\"https:\\\/\\\/art-bijoux.com\\\/wp-content\\\/uploads\\\/2024\\\/06\\\/Art-Bijoux-Logo-Small.png\",\"width\":722,\"height\":137,\"caption\":\"art-bijoux\"},\"image\":{\"@id\":\"https:\\\/\\\/art-bijoux.com\\\/en\\\/#\\\/schema\\\/logo\\\/image\\\/\"}}]}<\/script>\n<!-- \/ Yoast SEO plugin. -->","yoast_head_json":{"title":"Branche et feuilles avec des feuilles dor\u00e9es - art-bijoux","description":"Un grand collier en longueur avec 3 feuilles et une branche, surmont\u00e9es d'une breloque dor\u00e9e en m\u00e9tal dor\u00e9. Mont\u00e9 en Tiffany.","robots":{"index":"index","follow":"follow","max-snippet":"max-snippet:-1","max-image-preview":"max-image-preview:large","max-video-preview":"max-video-preview:-1"},"canonical":"https:\/\/art-bijoux.com\/en\/boutique\/branche-et-feuilles-avec-des-feuilles-dorees\/","og_locale":"en_US","og_type":"article","og_title":"Branche et feuilles avec des feuilles dor\u00e9es - art-bijoux","og_description":"Un grand collier en longueur avec 3 feuilles et une branche, surmont\u00e9es d'une breloque dor\u00e9e en m\u00e9tal dor\u00e9. Mont\u00e9 en Tiffany.","og_url":"https:\/\/art-bijoux.com\/en\/boutique\/branche-et-feuilles-avec-des-feuilles-dorees\/","og_site_name":"art-bijoux","article_modified_time":"2024-06-07T12:41:15+00:00","og_image":[{"width":800,"height":799,"url":"https:\/\/art-bijoux.com\/wp-content\/uploads\/2024\/06\/Branche-et-feuilles-dorees.webp","type":"image\/webp"}],"twitter_card":"summary_large_image","twitter_misc":{"Est. reading time":"2 minutes"},"schema":{"@context":"https:\/\/schema.org","@graph":[{"@type":"WebPage","@id":"https:\/\/art-bijoux.com\/en\/boutique\/branche-et-feuilles-avec-des-feuilles-dorees\/","url":"https:\/\/art-bijoux.com\/en\/boutique\/branche-et-feuilles-avec-des-feuilles-dorees\/","name":"Branche et feuilles avec des feuilles dor\u00e9es - art-bijoux","isPartOf":{"@id":"https:\/\/art-bijoux.com\/en\/#website"},"primaryImageOfPage":{"@id":"https:\/\/art-bijoux.com\/en\/boutique\/branche-et-feuilles-avec-des-feuilles-dorees\/#primaryimage"},"image":{"@id":"https:\/\/art-bijoux.com\/en\/boutique\/branche-et-feuilles-avec-des-feuilles-dorees\/#primaryimage"},"thumbnailUrl":"https:\/\/art-bijoux.com\/wp-content\/uploads\/2024\/06\/Branche-et-feuilles-dorees.webp","datePublished":"2024-06-07T12:31:34+00:00","dateModified":"2024-06-07T12:41:15+00:00","description":"Un grand collier en longueur avec 3 feuilles et une branche, surmont\u00e9es d'une breloque dor\u00e9e en m\u00e9tal dor\u00e9. Mont\u00e9 en Tiffany.","breadcrumb":{"@id":"https:\/\/art-bijoux.com\/en\/boutique\/branche-et-feuilles-avec-des-feuilles-dorees\/#breadcrumb"},"inLanguage":"en-US","potentialAction":[{"@type":"ReadAction","target":["https:\/\/art-bijoux.com\/en\/boutique\/branche-et-feuilles-avec-des-feuilles-dorees\/"]}]},{"@type":"ImageObject","inLanguage":"en-US","@id":"https:\/\/art-bijoux.com\/en\/boutique\/branche-et-feuilles-avec-des-feuilles-dorees\/#primaryimage","url":"https:\/\/art-bijoux.com\/wp-content\/uploads\/2024\/06\/Branche-et-feuilles-dorees.webp","contentUrl":"https:\/\/art-bijoux.com\/wp-content\/uploads\/2024\/06\/Branche-et-feuilles-dorees.webp","width":800,"height":799,"caption":"Branche et feuilles avec une breloque dor\u00e9e"},{"@type":"BreadcrumbList","@id":"https:\/\/art-bijoux.com\/en\/boutique\/branche-et-feuilles-avec-des-feuilles-dorees\/#breadcrumb","itemListElement":[{"@type":"ListItem","position":1,"name":"Accueil","item":"https:\/\/art-bijoux.com\/en\/home\/"},{"@type":"ListItem","position":2,"name":"Shop","item":"https:\/\/art-bijoux.com\/en\/shop\/"},{"@type":"ListItem","position":3,"name":"Branche et feuilles avec des feuilles dor\u00e9es"}]},{"@type":"WebSite","@id":"https:\/\/art-bijoux.com\/en\/#website","url":"https:\/\/art-bijoux.com\/en\/","name":"art-bijoux","description":"Osez porter \/ offrir un vitrail unique \u00e0 prix abordable","publisher":{"@id":"https:\/\/art-bijoux.com\/en\/#organization"},"potentialAction":[{"@type":"SearchAction","target":{"@type":"EntryPoint","urlTemplate":"https:\/\/art-bijoux.com\/en\/?s={search_term_string}"},"query-input":{"@type":"PropertyValueSpecification","valueRequired":true,"valueName":"search_term_string"}}],"inLanguage":"en-US"},{"@type":"Organization","@id":"https:\/\/art-bijoux.com\/en\/#organization","name":"art-bijoux","url":"https:\/\/art-bijoux.com\/en\/","logo":{"@type":"ImageObject","inLanguage":"en-US","@id":"https:\/\/art-bijoux.com\/en\/#\/schema\/logo\/image\/","url":"https:\/\/art-bijoux.com\/wp-content\/uploads\/2024\/06\/Art-Bijoux-Logo-Small.png","contentUrl":"https:\/\/art-bijoux.com\/wp-content\/uploads\/2024\/06\/Art-Bijoux-Logo-Small.png","width":722,"height":137,"caption":"art-bijoux"},"image":{"@id":"https:\/\/art-bijoux.com\/en\/#\/schema\/logo\/image\/"}}]}},"_links":{"self":[{"href":"https:\/\/art-bijoux.com\/en\/wp-json\/wp\/v2\/product\/2601","targetHints":{"allow":["GET"]}}],"collection":[{"href":"https:\/\/art-bijoux.com\/en\/wp-json\/wp\/v2\/product"}],"about":[{"href":"https:\/\/art-bijoux.com\/en\/wp-json\/wp\/v2\/types\/product"}],"replies":[{"embeddable":true,"href":"https:\/\/art-bijoux.com\/en\/wp-json\/wp\/v2\/comments?post=2601"}],"version-history":[{"count":1,"href":"https:\/\/art-bijoux.com\/en\/wp-json\/wp\/v2\/product\/2601\/revisions"}],"predecessor-version":[{"id":2603,"href":"https:\/\/art-bijoux.com\/en\/wp-json\/wp\/v2\/product\/2601\/revisions\/2603"}],"wp:featuredmedia":[{"embeddable":true,"href":"https:\/\/art-bijoux.com\/en\/wp-json\/wp\/v2\/media\/2602"}],"wp:attachment":[{"href":"https:\/\/art-bijoux.com\/en\/wp-json\/wp\/v2\/media?parent=2601"}],"wp:term":[{"taxonomy":"product_brand","embeddable":true,"href":"https:\/\/art-bijoux.com\/en\/wp-json\/wp\/v2\/product_brand?post=2601"},{"taxonomy":"product_cat","embeddable":true,"href":"https:\/\/art-bijoux.com\/en\/wp-json\/wp\/v2\/product_cat?post=2601"},{"taxonomy":"product_tag","embeddable":true,"href":"https:\/\/art-bijoux.com\/en\/wp-json\/wp\/v2\/product_tag?post=2601"}],"curies":[{"name":"wp","href":"https:\/\/api.w.org\/{rel}","templated":true}]}}