{"id":2771,"date":"2024-07-01T20:59:58","date_gmt":"2024-07-01T18:59:58","guid":{"rendered":"https:\/\/art-bijoux.com\/?post_type=product&#038;p=2771"},"modified":"2024-07-02T17:51:53","modified_gmt":"2024-07-02T15:51:53","slug":"pendentif-rectangle-blanc-et-gris-avec-millefiori-jaune","status":"publish","type":"product","link":"https:\/\/art-bijoux.com\/en\/boutique\/pendentif-rectangle-blanc-et-gris-avec-millefiori-jaune\/","title":{"rendered":"Pendentif Rectangle Blanc et gris avec Millefiori jaune"},"content":{"rendered":"<figure id=\"attachment_2772\" aria-describedby=\"caption-attachment-2772\" style=\"width: 300px\" class=\"wp-caption alignleft\"><img fetchpriority=\"high\" decoding=\"async\" class=\"size-medium wp-image-2772\" src=\"https:\/\/art-bijoux.com\/wp-content\/uploads\/2024\/07\/Pendentif-millefiori-orange-carre-blanc-strie-gris-300x300.webp\" alt=\"Pendentif rectangulaire gis et blanc avec un millefiori jaune\" width=\"300\" height=\"300\" srcset=\"https:\/\/art-bijoux.com\/wp-content\/uploads\/2024\/07\/Pendentif-millefiori-orange-carre-blanc-strie-gris-300x300.webp 300w, https:\/\/art-bijoux.com\/wp-content\/uploads\/2024\/07\/Pendentif-millefiori-orange-carre-blanc-strie-gris-1024x1024.webp 1024w, https:\/\/art-bijoux.com\/wp-content\/uploads\/2024\/07\/Pendentif-millefiori-orange-carre-blanc-strie-gris-150x150.webp 150w, https:\/\/art-bijoux.com\/wp-content\/uploads\/2024\/07\/Pendentif-millefiori-orange-carre-blanc-strie-gris-768x768.webp 768w, https:\/\/art-bijoux.com\/wp-content\/uploads\/2024\/07\/Pendentif-millefiori-orange-carre-blanc-strie-gris-600x600.webp 600w, https:\/\/art-bijoux.com\/wp-content\/uploads\/2024\/07\/Pendentif-millefiori-orange-carre-blanc-strie-gris-100x100.webp 100w, https:\/\/art-bijoux.com\/wp-content\/uploads\/2024\/07\/Pendentif-millefiori-orange-carre-blanc-strie-gris.webp 1194w\" sizes=\"(max-width: 300px) 100vw, 300px\" \/><figcaption id=\"caption-attachment-2772\" class=\"wp-caption-text\">Pendentif rectangulaire gis et blanc avec un millefiori jaune<\/figcaption><\/figure>\n<p>Ce pendentif raffin\u00e9 en forme de rectangle est confectionn\u00e9 en verre blanc orn\u00e9 de d\u00e9licates stries grises. Un millefiori jaune d&#8217;or, inspir\u00e9 par les c\u00e9l\u00e8bres verriers de Murano en Italie, est fondu \u00e0 la surface dans la partie basse, ajoutant une touche vive et color\u00e9e \u00e0 cette pi\u00e8ce \u00e9l\u00e9gante.<\/p>\n<p>Un petit orifice perc\u00e9 au sommet permet d&#8217;ins\u00e9rer un anneau argent\u00e9, facilitant la suspension de ce pendentif unique.<\/p>\n<p><strong>Caract\u00e9ristiques :<\/strong><\/p>\n<ul>\n<li>Forme : Rectangle<\/li>\n<li>Fond : Verre blanc avec des stries grises<\/li>\n<li>Millefiori : Un millefiori jaune, situ\u00e9 dans la partie basse<\/li>\n<li>Technique : Fusion de verre<\/li>\n<li>Mat\u00e9riaux : Verre<\/li>\n<li>Fixation : Anneau en m\u00e9tal argent\u00e9 ins\u00e9r\u00e9 \u00e0 travers un orifice au sommet<\/li>\n<li>Dimensions : Largeur : 3cm, hauteur : 3,6cm<\/li>\n<\/ul>\n<p>Ce pendentif rectangulaire, orn\u00e9 d&#8217;un millefiori jaune vibrant, est une pi\u00e8ce unique qui allie simplicit\u00e9 et \u00e9l\u00e9gance. Parfait pour les amateurs de bijoux artisanaux et de l&#8217;art du verre, il repr\u00e9sente le savoir-faire et la cr\u00e9ativit\u00e9 inspir\u00e9s par les ma\u00eetres verriers de Murano.<\/p>\n<p>&nbsp;<\/p>\n","protected":false},"excerpt":{"rendered":"<p>Pendentif en verre blanc stri\u00e9 de gris avec un millefiori jaune fondu \u00e0 sa surface et un anneau argent\u00e9 pour la fixation<\/p>\n","protected":false},"featured_media":2772,"comment_status":"open","ping_status":"closed","template":"","meta":[],"product_brand":[],"product_cat":[182,181],"product_tag":[38,49,65,26],"class_list":{"0":"post-2771","1":"product","2":"type-product","3":"status-publish","4":"has-post-thumbnail","6":"product_cat-pendentif-fusing","7":"product_cat-pendentif-millefioris","8":"product_tag-fleur-soie-metal","9":"product_tag-fusing-verre","10":"product_tag-millefiori-verre","11":"product_tag-pendentif-verre","12":"pa_bijou-pendentif","14":"first","15":"instock","16":"purchasable","17":"product-type-simple"},"_links":{"self":[{"href":"https:\/\/art-bijoux.com\/en\/wp-json\/wp\/v2\/product\/2771","targetHints":{"allow":["GET"]}}],"collection":[{"href":"https:\/\/art-bijoux.com\/en\/wp-json\/wp\/v2\/product"}],"about":[{"href":"https:\/\/art-bijoux.com\/en\/wp-json\/wp\/v2\/types\/product"}],"replies":[{"embeddable":true,"href":"https:\/\/art-bijoux.com\/en\/wp-json\/wp\/v2\/comments?post=2771"}],"version-history":[{"count":1,"href":"https:\/\/art-bijoux.com\/en\/wp-json\/wp\/v2\/product\/2771\/revisions"}],"predecessor-version":[{"id":2774,"href":"https:\/\/art-bijoux.com\/en\/wp-json\/wp\/v2\/product\/2771\/revisions\/2774"}],"wp:featuredmedia":[{"embeddable":true,"href":"https:\/\/art-bijoux.com\/en\/wp-json\/wp\/v2\/media\/2772"}],"wp:attachment":[{"href":"https:\/\/art-bijoux.com\/en\/wp-json\/wp\/v2\/media?parent=2771"}],"wp:term":[{"taxonomy":"product_brand","embeddable":true,"href":"https:\/\/art-bijoux.com\/en\/wp-json\/wp\/v2\/product_brand?post=2771"},{"taxonomy":"product_cat","embeddable":true,"href":"https:\/\/art-bijoux.com\/en\/wp-json\/wp\/v2\/product_cat?post=2771"},{"taxonomy":"product_tag","embeddable":true,"href":"https:\/\/art-bijoux.com\/en\/wp-json\/wp\/v2\/product_tag?post=2771"}],"curies":[{"name":"wp","href":"https:\/\/api.w.org\/{rel}","templated":true}]}}