{"id":2811,"date":"2024-07-04T20:47:36","date_gmt":"2024-07-04T18:47:36","guid":{"rendered":"https:\/\/art-bijoux.com\/?post_type=product&#038;p=2811"},"modified":"2024-08-08T15:46:42","modified_gmt":"2024-08-08T13:46:42","slug":"petit-chef-doeuvre-en-verre-recupere-avec-millefiori","status":"publish","type":"product","link":"https:\/\/art-bijoux.com\/en\/boutique\/petit-chef-doeuvre-en-verre-recupere-avec-millefiori\/","title":{"rendered":"Petit Chef-d&#8217;\u0152uvre en Verre R\u00e9cup\u00e9r\u00e9 avec Millefiori"},"content":{"rendered":"<figure id=\"attachment_2804\" aria-describedby=\"caption-attachment-2804\" style=\"width: 300px\" class=\"wp-caption alignleft\"><img fetchpriority=\"high\" decoding=\"async\" class=\"size-medium wp-image-2804\" src=\"https:\/\/art-bijoux.com\/wp-content\/uploads\/2024\/07\/Grand-medaillon-millefiori-bleu-300x300.webp\" alt=\"Grand m\u00e9daillon avec un millefiori bleu\" width=\"300\" height=\"300\" srcset=\"https:\/\/art-bijoux.com\/wp-content\/uploads\/2024\/07\/Grand-medaillon-millefiori-bleu-300x300.webp 300w, https:\/\/art-bijoux.com\/wp-content\/uploads\/2024\/07\/Grand-medaillon-millefiori-bleu-150x150.webp 150w, https:\/\/art-bijoux.com\/wp-content\/uploads\/2024\/07\/Grand-medaillon-millefiori-bleu-600x597.webp 600w, https:\/\/art-bijoux.com\/wp-content\/uploads\/2024\/07\/Grand-medaillon-millefiori-bleu-100x100.webp 100w, https:\/\/art-bijoux.com\/wp-content\/uploads\/2024\/07\/Grand-medaillon-millefiori-bleu.webp 800w\" sizes=\"(max-width: 300px) 100vw, 300px\" \/><figcaption id=\"caption-attachment-2804\" class=\"wp-caption-text\">Grand m\u00e9daillon avec un millefiori bleu<\/figcaption><\/figure>\n<p>Ce m\u00e9daillon est une c\u00e9l\u00e9bration de l&#8217;art de la r\u00e9cup\u00e9ration et de l&#8217;artisanat minutieux. Chaque \u00e9tape de sa cr\u00e9ation t\u00e9moigne de l&#8217;attention port\u00e9e aux d\u00e9tails et du charme unique des pi\u00e8ces faites \u00e0 la main.<\/p>\n<h4>D\u00e9tails du M\u00e9daillon<\/h4>\n<ul>\n<li><strong>Mat\u00e9riaux:<\/strong> Verre r\u00e9cup\u00e9r\u00e9, millefiori, monture m\u00e9tallique couleur vieux bronze<\/li>\n<li><strong>Forme:<\/strong> Petit ovale, l\u00e9g\u00e8rement d\u00e9form\u00e9 par la fusion, lui donnant une allure unique et artisanale<\/li>\n<li><strong>D\u00e9coration:<\/strong> Un petit millefiori, fusionn\u00e9 avec l&#8217;\u00e9clat de verre, ajoutant une touche color\u00e9e et d\u00e9licate, ajust\u00e9e avec soin pour \u00e9pouser parfaitement la forme du verre<\/li>\n<li><strong>Monture:<\/strong> M\u00e9tallique, couleur vieux bronze<\/li>\n<\/ul>\n<h4>Caract\u00e9ristiques<\/h4>\n<ul>\n<li><strong>Originalit\u00e9:<\/strong> La fusion a d\u00e9form\u00e9 le verre en un petit ovale irr\u00e9gulier, ajoutant un charme distinctif et authentique<\/li>\n<li><strong>Couleurs:<\/strong> \u00c9clat de verre blanc stri\u00e9 gris-beige qui offre une palette de couleurs vari\u00e9e, rehauss\u00e9e par le millefiori central bleu, jaune et blanc<\/li>\n<li><strong>Fixation:<\/strong> La monture en m\u00e9tal couleur vieux bronze encadre le verre, accentuant son caract\u00e8re vintage et artisanal<\/li>\n<\/ul>\n<h4>Processus de Cr\u00e9ation<\/h4>\n<p>Le processus de cr\u00e9ation de ce m\u00e9daillon a \u00e9t\u00e9 une aventure en soi. L&#8217;ajustement du verre d\u00e9form\u00e9 par la fusion dans sa monture m\u00e9tallique a n\u00e9cessit\u00e9 une grande pr\u00e9cision et beaucoup de patience. Ce travail minutieux a permis de conserver l&#8217;irr\u00e9gularit\u00e9 du verre, ajoutant ainsi \u00e0 son authenticit\u00e9 et \u00e0 son charme unique.<\/p>\n<h4>Entretien<\/h4>\n<p>Pour pr\u00e9server la beaut\u00e9 de ce m\u00e9daillon, nettoyez-le d\u00e9licatement avec un chiffon doux et sec. \u00c9vitez l&#8217;exposition \u00e0 l&#8217;humidit\u00e9 et aux produits chimiques agressifs. Rangez-le dans un endroit s\u00fbr pour \u00e9viter tout dommage.<\/p>\n<p>Ce m\u00e9daillon est parfait pour ceux qui appr\u00e9cient les bijoux uniques et faits \u00e0 la main. Son allure irr\u00e9guli\u00e8re et son millefiori color\u00e9 en font une pi\u00e8ce charmante et originale, id\u00e9ale pour ajouter une touche d&#8217;authenticit\u00e9 et de couleur \u00e0 n&#8217;importe quelle tenue.<\/p>\n","protected":false},"excerpt":{"rendered":"<p>M\u00e9daillons fabriqu\u00e9 avec des \u00e9clats de verre r\u00e9cup\u00e9r\u00e9s, sur lesquels un petit millefiori a \u00e9t\u00e9 fondu. Il a \u00e9t\u00e9 coll\u00e9 sur une monture vieux bronze.<\/p>\n","protected":false},"featured_media":2804,"comment_status":"open","ping_status":"closed","template":"","meta":[],"product_brand":[],"product_cat":[214,182,181],"product_tag":[38,49,65,26],"class_list":{"0":"post-2811","1":"product","2":"type-product","3":"status-publish","4":"has-post-thumbnail","6":"product_cat-medaillon","7":"product_cat-pendentif-fusing","8":"product_cat-pendentif-millefioris","9":"product_tag-fleur-soie-metal","10":"product_tag-fusing-verre","11":"product_tag-millefiori-verre","12":"product_tag-pendentif-verre","13":"pa_bijou-medaillon","15":"first","16":"outofstock","17":"purchasable","18":"product-type-simple"},"_links":{"self":[{"href":"https:\/\/art-bijoux.com\/en\/wp-json\/wp\/v2\/product\/2811","targetHints":{"allow":["GET"]}}],"collection":[{"href":"https:\/\/art-bijoux.com\/en\/wp-json\/wp\/v2\/product"}],"about":[{"href":"https:\/\/art-bijoux.com\/en\/wp-json\/wp\/v2\/types\/product"}],"replies":[{"embeddable":true,"href":"https:\/\/art-bijoux.com\/en\/wp-json\/wp\/v2\/comments?post=2811"}],"version-history":[{"count":0,"href":"https:\/\/art-bijoux.com\/en\/wp-json\/wp\/v2\/product\/2811\/revisions"}],"wp:featuredmedia":[{"embeddable":true,"href":"https:\/\/art-bijoux.com\/en\/wp-json\/wp\/v2\/media\/2804"}],"wp:attachment":[{"href":"https:\/\/art-bijoux.com\/en\/wp-json\/wp\/v2\/media?parent=2811"}],"wp:term":[{"taxonomy":"product_brand","embeddable":true,"href":"https:\/\/art-bijoux.com\/en\/wp-json\/wp\/v2\/product_brand?post=2811"},{"taxonomy":"product_cat","embeddable":true,"href":"https:\/\/art-bijoux.com\/en\/wp-json\/wp\/v2\/product_cat?post=2811"},{"taxonomy":"product_tag","embeddable":true,"href":"https:\/\/art-bijoux.com\/en\/wp-json\/wp\/v2\/product_tag?post=2811"}],"curies":[{"name":"wp","href":"https:\/\/api.w.org\/{rel}","templated":true}]}}