{"id":2820,"date":"2024-07-05T15:12:19","date_gmt":"2024-07-05T13:12:19","guid":{"rendered":"https:\/\/art-bijoux.com\/?post_type=product&#038;p=2820"},"modified":"2024-12-22T11:21:53","modified_gmt":"2024-12-22T10:21:53","slug":"pendentif-verre-fusing","status":"publish","type":"product","link":"https:\/\/art-bijoux.com\/en\/boutique\/pendentif-verre-fusing\/","title":{"rendered":"Pendentif en Verre Transparent avec des \u00e9clats bleu rouge et blanc fondus"},"content":{"rendered":"<figure id=\"attachment_241\" aria-describedby=\"caption-attachment-241\" style=\"width: 263px\" class=\"wp-caption alignleft\"><img fetchpriority=\"high\" decoding=\"async\" class=\"size-medium wp-image-241\" src=\"https:\/\/art-bijoux.com\/wp-content\/uploads\/2024\/04\/carre-bleu-sous-rectangle-rouge-263x300.webp\" alt=\"Pendentif en verre transparent avec des \u00e9clats bleu, rouge et blanc fondus\" width=\"263\" height=\"300\" srcset=\"https:\/\/art-bijoux.com\/wp-content\/uploads\/2024\/04\/carre-bleu-sous-rectangle-rouge-263x300.webp 263w, https:\/\/art-bijoux.com\/wp-content\/uploads\/2024\/04\/carre-bleu-sous-rectangle-rouge-600x684.webp 600w, https:\/\/art-bijoux.com\/wp-content\/uploads\/2024\/04\/carre-bleu-sous-rectangle-rouge-898x1024.webp 898w, https:\/\/art-bijoux.com\/wp-content\/uploads\/2024\/04\/carre-bleu-sous-rectangle-rouge-768x876.webp 768w, https:\/\/art-bijoux.com\/wp-content\/uploads\/2024\/04\/carre-bleu-sous-rectangle-rouge-1347x1536.webp 1347w, https:\/\/art-bijoux.com\/wp-content\/uploads\/2024\/04\/carre-bleu-sous-rectangle-rouge.webp 1684w\" sizes=\"(max-width: 263px) 100vw, 263px\" \/><figcaption id=\"caption-attachment-241\" class=\"wp-caption-text\">Pendentif en verre transparent avec des \u00e9clats bleu, rouge et blanc fondus<\/figcaption><\/figure>\n<p>Ce pendentif rectangulaire est r\u00e9alis\u00e9 en verre l\u00e9ger et transparent, offrant une vue subtile des v\u00eatements port\u00e9s en dessous, cr\u00e9ant un effet de superposition unique. Trois \u00e9clats, r\u00e9cup\u00e9r\u00e9s des chutes de verre d&#8217;un grand vitrail, ont \u00e9t\u00e9 habilement fondus dans le pendentif. Les \u00e9clats sont de tailles et couleurs vari\u00e9es : un rouge plus long, un bleu et un petit \u00e9clat blanc, formant un motif g\u00e9om\u00e9trique attrayant.<\/p>\n<p>Une b\u00e9li\u00e8re argent\u00e9e, coll\u00e9e \u00e0 l&#8217;arri\u00e8re, permet de porter ce bijou avec une cha\u00eene ou un lacet, ajoutant une touche d&#8217;\u00e9l\u00e9gance discr\u00e8te \u00e0 votre look.<\/p>\n<p><strong>Caract\u00e9ristiques :<\/strong><\/p>\n<ul>\n<li>Forme : Rectangulaire<\/li>\n<li>Mat\u00e9riau principal : Verre l\u00e9ger et transparent<\/li>\n<li>D\u00e9corations : Trois \u00e9clats triangulaires fondus (rouge, bleu, et transparent)<\/li>\n<li>Technique : Fusing<\/li>\n<li>B\u00e9li\u00e8re : M\u00e9tal argent\u00e9, coll\u00e9e \u00e0 l&#8217;arri\u00e8re<\/li>\n<li>Dimensions : largeur : 3cm, hauteur : 3,6cm<\/li>\n<\/ul>\n<p>Ce pendentif rectangulaire, avec ses \u00e9clats color\u00e9s et son design transparent, est une pi\u00e8ce unique qui met en valeur l&#8217;art de la r\u00e9cup\u00e9ration et du recyclage des mat\u00e9riaux de verrerie. Parfait pour ceux qui appr\u00e9cient les bijoux artisanaux et \u00e9cologiques, il apporte une touche moderne et \u00e9l\u00e9gante \u00e0 toute tenue.<\/p>\n","protected":false},"excerpt":{"rendered":"<p>Pendentif en Verre Transparent avec des \u00e9clats bleu rouge et blanc fondus<\/p>\n","protected":false},"featured_media":241,"comment_status":"open","ping_status":"closed","template":"","meta":[],"product_brand":[],"product_cat":[269,182],"product_tag":[36,49,26],"class_list":{"0":"post-2820","1":"product","2":"type-product","3":"status-publish","4":"has-post-thumbnail","6":"product_cat-bijoux-verre-recyclage","7":"product_cat-pendentif-fusing","8":"product_tag-verre-abstrait","9":"product_tag-fusing-verre","10":"product_tag-pendentif-verre","11":"pa_bijou-pendentif","13":"first","14":"instock","15":"purchasable","16":"product-type-simple"},"_links":{"self":[{"href":"https:\/\/art-bijoux.com\/en\/wp-json\/wp\/v2\/product\/2820","targetHints":{"allow":["GET"]}}],"collection":[{"href":"https:\/\/art-bijoux.com\/en\/wp-json\/wp\/v2\/product"}],"about":[{"href":"https:\/\/art-bijoux.com\/en\/wp-json\/wp\/v2\/types\/product"}],"replies":[{"embeddable":true,"href":"https:\/\/art-bijoux.com\/en\/wp-json\/wp\/v2\/comments?post=2820"}],"version-history":[{"count":0,"href":"https:\/\/art-bijoux.com\/en\/wp-json\/wp\/v2\/product\/2820\/revisions"}],"wp:featuredmedia":[{"embeddable":true,"href":"https:\/\/art-bijoux.com\/en\/wp-json\/wp\/v2\/media\/241"}],"wp:attachment":[{"href":"https:\/\/art-bijoux.com\/en\/wp-json\/wp\/v2\/media?parent=2820"}],"wp:term":[{"taxonomy":"product_brand","embeddable":true,"href":"https:\/\/art-bijoux.com\/en\/wp-json\/wp\/v2\/product_brand?post=2820"},{"taxonomy":"product_cat","embeddable":true,"href":"https:\/\/art-bijoux.com\/en\/wp-json\/wp\/v2\/product_cat?post=2820"},{"taxonomy":"product_tag","embeddable":true,"href":"https:\/\/art-bijoux.com\/en\/wp-json\/wp\/v2\/product_tag?post=2820"}],"curies":[{"name":"wp","href":"https:\/\/api.w.org\/{rel}","templated":true}]}}