{"id":2824,"date":"2024-07-06T17:03:56","date_gmt":"2024-07-06T15:03:56","guid":{"rendered":"https:\/\/art-bijoux.com\/?post_type=product&#038;p=2824"},"modified":"2026-03-19T07:33:43","modified_gmt":"2026-03-19T06:33:43","slug":"2824-pendentif-verre-fusing-tiffany","status":"publish","type":"product","link":"https:\/\/art-bijoux.com\/en\/boutique\/2824-pendentif-verre-fusing-tiffany\/","title":{"rendered":""},"content":{"rendered":"<figure id=\"attachment_2825\" aria-describedby=\"caption-attachment-2825\" style=\"width: 300px\" class=\"wp-caption alignleft\"><img fetchpriority=\"high\" decoding=\"async\" class=\"size-medium wp-image-2825\" src=\"https:\/\/art-bijoux.com\/wp-content\/uploads\/2024\/07\/Verre-transparent-eclats-rouge-et-bleu-fusing-Tiffany-300x300.webp\" alt=\"Carr\u00e9 verre transparent avec un \u00e9clat rouge et un bleu. Mont\u00e9 en Tiffany.\" width=\"300\" height=\"300\" srcset=\"https:\/\/art-bijoux.com\/wp-content\/uploads\/2024\/07\/Verre-transparent-eclats-rouge-et-bleu-fusing-Tiffany-300x300.webp 300w, https:\/\/art-bijoux.com\/wp-content\/uploads\/2024\/07\/Verre-transparent-eclats-rouge-et-bleu-fusing-Tiffany-150x150.webp 150w, https:\/\/art-bijoux.com\/wp-content\/uploads\/2024\/07\/Verre-transparent-eclats-rouge-et-bleu-fusing-Tiffany-768x768.webp 768w, https:\/\/art-bijoux.com\/wp-content\/uploads\/2024\/07\/Verre-transparent-eclats-rouge-et-bleu-fusing-Tiffany-600x600.webp 600w, https:\/\/art-bijoux.com\/wp-content\/uploads\/2024\/07\/Verre-transparent-eclats-rouge-et-bleu-fusing-Tiffany-100x100.webp 100w, https:\/\/art-bijoux.com\/wp-content\/uploads\/2024\/07\/Verre-transparent-eclats-rouge-et-bleu-fusing-Tiffany.webp 800w\" sizes=\"(max-width: 300px) 100vw, 300px\" \/><figcaption id=\"caption-attachment-2825\" class=\"wp-caption-text\">Carr\u00e9 verre transparent avec un \u00e9clat rouge et un bleu. Mont\u00e9 en Tiffany.<\/figcaption><\/figure>\n<p>Ce pendentif carr\u00e9 est une fusion parfaite de modernit\u00e9 et de tradition, offrant un bijou unique et artisanal.<\/p>\n<p><strong>Caract\u00e9ristiques :<\/strong><\/p>\n<ul>\n<li>Forme : carr\u00e9<\/li>\n<li>Mat\u00e9riau principal : Verre transparent<\/li>\n<li>D\u00e9coration : \u00c9clats de verre bleu et rouge fondus dans le verre transparent<\/li>\n<li>Technique : Fusing et montage selon la technique Tiffany<\/li>\n<\/ul>\n<ul>\n<li style=\"list-style-type: none;\">\n<ul>\n<li>Bords meul\u00e9s<\/li>\n<li>Sertis de cuivre<\/li>\n<li>Soud\u00e9s \u00e0 l&#8217;\u00e9tain<\/li>\n<li>Patine cuivr\u00e9e chaude<\/li>\n<\/ul>\n<\/li>\n<\/ul>\n<ul>\n<li>B\u00e9li\u00e8re : Argent\u00e9e, soud\u00e9e \u00e0 l&#8217;arri\u00e8re<\/li>\n<li>Finition : Patine cuivr\u00e9e<\/li>\n<li>Dimensions : largeur: 3cm, hauteur: 4,2cm<\/li>\n<\/ul>\n<p><strong>Description Compl\u00e9mentaire :<\/strong> Ce pendentif incarne la rencontre entre la modernit\u00e9 et la tradition. Le verre transparent, parsem\u00e9 d&#8217;\u00e9clats color\u00e9s, cr\u00e9e un effet visuel captivant, tandis que le montage Tiffany traditionnel apporte une touche d&#8217;authenticit\u00e9 et d&#8217;\u00e9l\u00e9gance.<\/p>\n<p>Ce pendentif est id\u00e9al pour ceux qui appr\u00e9cient l&#8217;artisanat et souhaitent porter une pi\u00e8ce de bijouterie \u00e0 la fois contemporaine et riche en histoire.<\/p>\n<p>&nbsp;<\/p>\n","protected":false},"excerpt":{"rendered":"<p>Pendentif carr\u00e9 en verre transparent avec un \u00e9clat rouge et un bleu. Pour plus de solidit\u00e9, ce pendentif a \u00e9t\u00e9 mont\u00e9 en Tiffany.<\/p>\n","protected":false},"featured_media":2825,"comment_status":"open","ping_status":"closed","template":"","meta":[],"product_brand":[],"product_cat":[182,186,28],"product_tag":[36,49,26,27],"class_list":{"0":"post-2824","1":"product","2":"type-product","3":"status-publish","4":"has-post-thumbnail","6":"product_cat-pendentif-fusing","7":"product_cat-bijou-pendentif-fusing-tiffany","8":"product_cat-pendentif-tiffany","9":"product_tag-verre-abstrait","10":"product_tag-fusing-verre","11":"product_tag-pendentif-verre","12":"product_tag-tiffany-verre","13":"pa_bijou-pendentif","15":"first","16":"outofstock","17":"purchasable","18":"product-type-simple"},"_links":{"self":[{"href":"https:\/\/art-bijoux.com\/en\/wp-json\/wp\/v2\/product\/2824","targetHints":{"allow":["GET"]}}],"collection":[{"href":"https:\/\/art-bijoux.com\/en\/wp-json\/wp\/v2\/product"}],"about":[{"href":"https:\/\/art-bijoux.com\/en\/wp-json\/wp\/v2\/types\/product"}],"replies":[{"embeddable":true,"href":"https:\/\/art-bijoux.com\/en\/wp-json\/wp\/v2\/comments?post=2824"}],"version-history":[{"count":1,"href":"https:\/\/art-bijoux.com\/en\/wp-json\/wp\/v2\/product\/2824\/revisions"}],"predecessor-version":[{"id":2827,"href":"https:\/\/art-bijoux.com\/en\/wp-json\/wp\/v2\/product\/2824\/revisions\/2827"}],"wp:featuredmedia":[{"embeddable":true,"href":"https:\/\/art-bijoux.com\/en\/wp-json\/wp\/v2\/media\/2825"}],"wp:attachment":[{"href":"https:\/\/art-bijoux.com\/en\/wp-json\/wp\/v2\/media?parent=2824"}],"wp:term":[{"taxonomy":"product_brand","embeddable":true,"href":"https:\/\/art-bijoux.com\/en\/wp-json\/wp\/v2\/product_brand?post=2824"},{"taxonomy":"product_cat","embeddable":true,"href":"https:\/\/art-bijoux.com\/en\/wp-json\/wp\/v2\/product_cat?post=2824"},{"taxonomy":"product_tag","embeddable":true,"href":"https:\/\/art-bijoux.com\/en\/wp-json\/wp\/v2\/product_tag?post=2824"}],"curies":[{"name":"wp","href":"https:\/\/api.w.org\/{rel}","templated":true}]}}