{"id":2892,"date":"2024-07-16T18:27:39","date_gmt":"2024-07-16T16:27:39","guid":{"rendered":"https:\/\/art-bijoux.com\/?post_type=product&#038;p=2892"},"modified":"2024-07-16T18:27:39","modified_gmt":"2024-07-16T16:27:39","slug":"2892-pendentif-mauve-13-millefioris","status":"publish","type":"product","link":"https:\/\/art-bijoux.com\/en\/boutique\/2892-pendentif-mauve-13-millefioris\/","title":{"rendered":"Pendentif en verre mauve avec 13 Millefioris Vert et Blanc"},"content":{"rendered":"<figure id=\"attachment_2893\" aria-describedby=\"caption-attachment-2893\" style=\"width: 300px\" class=\"wp-caption alignleft\"><img fetchpriority=\"high\" decoding=\"async\" class=\"size-medium wp-image-2893\" src=\"https:\/\/art-bijoux.com\/wp-content\/uploads\/2024\/07\/Pendentif-13-millefioris-blanc-vert-sur-mauve-300x300.webp\" alt=\"Pendentif en verre mauve semi-transparent sur lequel 13 millefioris verts et blancs ont \u00e9t\u00e9 fondus.\" width=\"300\" height=\"300\" srcset=\"https:\/\/art-bijoux.com\/wp-content\/uploads\/2024\/07\/Pendentif-13-millefioris-blanc-vert-sur-mauve-300x300.webp 300w, https:\/\/art-bijoux.com\/wp-content\/uploads\/2024\/07\/Pendentif-13-millefioris-blanc-vert-sur-mauve-150x150.webp 150w, https:\/\/art-bijoux.com\/wp-content\/uploads\/2024\/07\/Pendentif-13-millefioris-blanc-vert-sur-mauve-768x768.webp 768w, https:\/\/art-bijoux.com\/wp-content\/uploads\/2024\/07\/Pendentif-13-millefioris-blanc-vert-sur-mauve-600x600.webp 600w, https:\/\/art-bijoux.com\/wp-content\/uploads\/2024\/07\/Pendentif-13-millefioris-blanc-vert-sur-mauve-100x100.webp 100w, https:\/\/art-bijoux.com\/wp-content\/uploads\/2024\/07\/Pendentif-13-millefioris-blanc-vert-sur-mauve.webp 800w\" sizes=\"(max-width: 300px) 100vw, 300px\" \/><figcaption id=\"caption-attachment-2893\" class=\"wp-caption-text\">Pendentif en verre mauve semi-transparent sur lequel 13 millefioris verts et blancs ont \u00e9t\u00e9 fondus.<\/figcaption><\/figure>\n<p>Le pendentif suivant est un carr\u00e9 en verre mauve semi-transparent, mesurant environ 3,3 cm de c\u00f4t\u00e9. Sur ce fond d\u00e9licat, treize millefioris vert et blancs, serr\u00e9s les uns contre les autres, ont \u00e9t\u00e9 fondus. Ces millefioris occupent presque toute la surface du pendentif et d\u00e9passent l\u00e9g\u00e8rement en relief, cr\u00e9ant un effet visuel captivant et textur\u00e9. Un arceau en m\u00e9tal a \u00e9t\u00e9 fix\u00e9 lors de la cuisson, permettant de passer une cha\u00eene pour le porter \u00e9l\u00e9gamment.<\/p>\n<p>Caract\u00e9ristiques :<\/p>\n<ul>\n<li>Dimensions : environ 3,3 cm de c\u00f4t\u00e9<\/li>\n<li>Verre mauve semi-transparent<\/li>\n<li>Treize millefioris vert et blancs en relief<\/li>\n<li>Arceau en m\u00e9tal pour suspension<\/li>\n<\/ul>\n<p>Ce pendentif carr\u00e9 en verre mauve, avec ses millefioris artistiquement dispos\u00e9s, est parfait pour ceux qui recherchent un bijou unique et raffin\u00e9, alliant d\u00e9licatesse et originalit\u00e9.<\/p>\n<p>&nbsp;<\/p>\n<p>&nbsp;<\/p>\n","protected":false},"excerpt":{"rendered":"<p>Pendentif en verre mauve semi-transparent sur lequel 13 millefioris verts et blancs ont \u00e9t\u00e9 fondus.<\/p>\n","protected":false},"featured_media":2893,"comment_status":"open","ping_status":"closed","template":"","meta":[],"product_brand":[],"product_cat":[182,181],"product_tag":[38,49,65,26],"class_list":{"0":"post-2892","1":"product","2":"type-product","3":"status-publish","4":"has-post-thumbnail","6":"product_cat-pendentif-fusing","7":"product_cat-pendentif-millefioris","8":"product_tag-fleur-soie-metal","9":"product_tag-fusing-verre","10":"product_tag-millefiori-verre","11":"product_tag-pendentif-verre","12":"pa_bijou-pendentif","14":"first","15":"instock","16":"purchasable","17":"product-type-simple"},"_links":{"self":[{"href":"https:\/\/art-bijoux.com\/en\/wp-json\/wp\/v2\/product\/2892","targetHints":{"allow":["GET"]}}],"collection":[{"href":"https:\/\/art-bijoux.com\/en\/wp-json\/wp\/v2\/product"}],"about":[{"href":"https:\/\/art-bijoux.com\/en\/wp-json\/wp\/v2\/types\/product"}],"replies":[{"embeddable":true,"href":"https:\/\/art-bijoux.com\/en\/wp-json\/wp\/v2\/comments?post=2892"}],"version-history":[{"count":0,"href":"https:\/\/art-bijoux.com\/en\/wp-json\/wp\/v2\/product\/2892\/revisions"}],"wp:featuredmedia":[{"embeddable":true,"href":"https:\/\/art-bijoux.com\/en\/wp-json\/wp\/v2\/media\/2893"}],"wp:attachment":[{"href":"https:\/\/art-bijoux.com\/en\/wp-json\/wp\/v2\/media?parent=2892"}],"wp:term":[{"taxonomy":"product_brand","embeddable":true,"href":"https:\/\/art-bijoux.com\/en\/wp-json\/wp\/v2\/product_brand?post=2892"},{"taxonomy":"product_cat","embeddable":true,"href":"https:\/\/art-bijoux.com\/en\/wp-json\/wp\/v2\/product_cat?post=2892"},{"taxonomy":"product_tag","embeddable":true,"href":"https:\/\/art-bijoux.com\/en\/wp-json\/wp\/v2\/product_tag?post=2892"}],"curies":[{"name":"wp","href":"https:\/\/api.w.org\/{rel}","templated":true}]}}