{"id":2938,"date":"2024-07-21T20:09:37","date_gmt":"2024-07-21T18:09:37","guid":{"rendered":"https:\/\/art-bijoux.com\/?post_type=product&#038;p=2938"},"modified":"2024-12-08T23:41:17","modified_gmt":"2024-12-08T22:41:17","slug":"pendentif-rectangulaire-verre","status":"publish","type":"product","link":"https:\/\/art-bijoux.com\/en\/boutique\/pendentif-rectangulaire-verre\/","title":{"rendered":"Pendentif Rectangulaire en Verre Transparent avec \u00c9clats Orange et Bleu mont\u00e9 en Tiffany"},"content":{"rendered":"<figure id=\"attachment_2939\" aria-describedby=\"caption-attachment-2939\" style=\"width: 300px\" class=\"wp-caption alignleft\"><img fetchpriority=\"high\" decoding=\"async\" class=\"size-medium wp-image-2939\" src=\"https:\/\/art-bijoux.com\/wp-content\/uploads\/2024\/07\/Pendentif-rectangle-eclat-bleu-et-orange-Tiffany-300x300.webp\" alt=\"Pendentif rectangulaire en verre transparent avec un \u00e9clat orange et un bleu fondus, mont\u00e9 en Tiffany\" width=\"300\" height=\"300\" srcset=\"https:\/\/art-bijoux.com\/wp-content\/uploads\/2024\/07\/Pendentif-rectangle-eclat-bleu-et-orange-Tiffany-300x300.webp 300w, https:\/\/art-bijoux.com\/wp-content\/uploads\/2024\/07\/Pendentif-rectangle-eclat-bleu-et-orange-Tiffany-150x150.webp 150w, https:\/\/art-bijoux.com\/wp-content\/uploads\/2024\/07\/Pendentif-rectangle-eclat-bleu-et-orange-Tiffany-768x768.webp 768w, https:\/\/art-bijoux.com\/wp-content\/uploads\/2024\/07\/Pendentif-rectangle-eclat-bleu-et-orange-Tiffany-600x600.webp 600w, https:\/\/art-bijoux.com\/wp-content\/uploads\/2024\/07\/Pendentif-rectangle-eclat-bleu-et-orange-Tiffany-100x100.webp 100w, https:\/\/art-bijoux.com\/wp-content\/uploads\/2024\/07\/Pendentif-rectangle-eclat-bleu-et-orange-Tiffany.webp 800w\" sizes=\"(max-width: 300px) 100vw, 300px\" \/><figcaption id=\"caption-attachment-2939\" class=\"wp-caption-text\">Pendentif rectangulaire en verre transparent avec un \u00e9clat orange et un bleu fondus, mont\u00e9 en Tiffany<\/figcaption><\/figure>\n<p><strong>Pendentif Rectangulaire en Verre Transparent avec \u00c9clats Orange et Bleu<br \/>\n<\/strong><\/p>\n<p><strong>Description :<\/strong> Ce pendentif rectangulaire est une fusion parfaite de modernit\u00e9 et de tradition, offrant un bijou unique et artisanal.<\/p>\n<p><strong>Caract\u00e9ristiques :<\/strong><\/p>\n<ul>\n<li>Forme : Rectangulaire<\/li>\n<li>Mat\u00e9riau principal : Verre transparent<\/li>\n<li>Dimensions : Largeur : 3,4cm, hauteur : 3,6cm<\/li>\n<li>D\u00e9coration : \u00c9clats de verre orange et bleu fondus dans le verre transparent<\/li>\n<li>Technique : Fusing et montage selon la technique Tiffany<\/li>\n<\/ul>\n<ul>\n<li style=\"list-style-type: none;\">\n<ul>\n<li>Bords meul\u00e9s<\/li>\n<li>Sertis de cuivre<\/li>\n<li>Soud\u00e9s \u00e0 l&#8217;\u00e9tain<\/li>\n<li>Patine cuivr\u00e9e chaude, aspect rouille, irr\u00e9gulier et ancien<\/li>\n<\/ul>\n<\/li>\n<\/ul>\n<ul>\n<li>B\u00e9li\u00e8re : Cuivr\u00e9e, soud\u00e9e \u00e0 l&#8217;arri\u00e8re<\/li>\n<\/ul>\n<p>Ce pendentif incarne la rencontre entre la modernit\u00e9 et la tradition. Le verre transparent, parsem\u00e9 d&#8217;\u00e9clats color\u00e9s, cr\u00e9e un effet visuel captivant, tandis que le montage Tiffany traditionnel apporte une touche d&#8217;authenticit\u00e9 et d&#8217;\u00e9l\u00e9gance. L&#8217;apparence &#8220;rouille&#8221; de la patine cuivr\u00e9e t\u00e9moigne du travail minutieux et fait main, ajoutant une valeur unique \u00e0 ce bijou.<\/p>\n<p>Ce pendentif est id\u00e9al pour ceux qui appr\u00e9cient l&#8217;artisanat et souhaitent porter une pi\u00e8ce de bijouterie \u00e0 la fois contemporaine et riche en histoire.<\/p>\n","protected":false},"excerpt":{"rendered":"<p>Pendentif en verre transparent avec des \u00e9clats bleu et orange fondus. Mont\u00e9 selon la technique de Tiffany<\/p>\n","protected":false},"featured_media":2939,"comment_status":"open","ping_status":"closed","template":"","meta":[],"product_brand":[],"product_cat":[182,186,28],"product_tag":[36,49,26,27],"class_list":{"0":"post-2938","1":"product","2":"type-product","3":"status-publish","4":"has-post-thumbnail","6":"product_cat-pendentif-fusing","7":"product_cat-bijou-pendentif-fusing-tiffany","8":"product_cat-pendentif-tiffany","9":"product_tag-verre-abstrait","10":"product_tag-fusing-verre","11":"product_tag-pendentif-verre","12":"product_tag-tiffany-verre","13":"pa_bijou-pendentif","15":"first","16":"outofstock","17":"purchasable","18":"product-type-simple"},"_links":{"self":[{"href":"https:\/\/art-bijoux.com\/en\/wp-json\/wp\/v2\/product\/2938","targetHints":{"allow":["GET"]}}],"collection":[{"href":"https:\/\/art-bijoux.com\/en\/wp-json\/wp\/v2\/product"}],"about":[{"href":"https:\/\/art-bijoux.com\/en\/wp-json\/wp\/v2\/types\/product"}],"replies":[{"embeddable":true,"href":"https:\/\/art-bijoux.com\/en\/wp-json\/wp\/v2\/comments?post=2938"}],"version-history":[{"count":0,"href":"https:\/\/art-bijoux.com\/en\/wp-json\/wp\/v2\/product\/2938\/revisions"}],"wp:featuredmedia":[{"embeddable":true,"href":"https:\/\/art-bijoux.com\/en\/wp-json\/wp\/v2\/media\/2939"}],"wp:attachment":[{"href":"https:\/\/art-bijoux.com\/en\/wp-json\/wp\/v2\/media?parent=2938"}],"wp:term":[{"taxonomy":"product_brand","embeddable":true,"href":"https:\/\/art-bijoux.com\/en\/wp-json\/wp\/v2\/product_brand?post=2938"},{"taxonomy":"product_cat","embeddable":true,"href":"https:\/\/art-bijoux.com\/en\/wp-json\/wp\/v2\/product_cat?post=2938"},{"taxonomy":"product_tag","embeddable":true,"href":"https:\/\/art-bijoux.com\/en\/wp-json\/wp\/v2\/product_tag?post=2938"}],"curies":[{"name":"wp","href":"https:\/\/api.w.org\/{rel}","templated":true}]}}