{"id":2940,"date":"2024-07-21T20:16:54","date_gmt":"2024-07-21T18:16:54","guid":{"rendered":"https:\/\/art-bijoux.com\/?post_type=product&#038;p=2940"},"modified":"2024-07-21T20:22:32","modified_gmt":"2024-07-21T18:22:32","slug":"pendentif-triangulaire-mauve-avec-2-millefioris-blancs","status":"publish","type":"product","link":"https:\/\/art-bijoux.com\/en\/boutique\/pendentif-triangulaire-mauve-avec-2-millefioris-blancs\/","title":{"rendered":"Pendentif Triangulaire Mauve avec 2 Millefioris blancs"},"content":{"rendered":"<figure id=\"attachment_2941\" aria-describedby=\"caption-attachment-2941\" style=\"width: 300px\" class=\"wp-caption alignleft\"><img fetchpriority=\"high\" decoding=\"async\" class=\"size-medium wp-image-2941\" src=\"https:\/\/art-bijoux.com\/wp-content\/uploads\/2024\/07\/Triangle-mauve-2-millefioris-blancs-300x300.webp\" alt=\"Pendentif triangulaire mauve avec 2 millefioris blancs\" width=\"300\" height=\"300\" srcset=\"https:\/\/art-bijoux.com\/wp-content\/uploads\/2024\/07\/Triangle-mauve-2-millefioris-blancs-300x300.webp 300w, https:\/\/art-bijoux.com\/wp-content\/uploads\/2024\/07\/Triangle-mauve-2-millefioris-blancs-150x150.webp 150w, https:\/\/art-bijoux.com\/wp-content\/uploads\/2024\/07\/Triangle-mauve-2-millefioris-blancs-768x768.webp 768w, https:\/\/art-bijoux.com\/wp-content\/uploads\/2024\/07\/Triangle-mauve-2-millefioris-blancs-600x600.webp 600w, https:\/\/art-bijoux.com\/wp-content\/uploads\/2024\/07\/Triangle-mauve-2-millefioris-blancs-100x100.webp 100w, https:\/\/art-bijoux.com\/wp-content\/uploads\/2024\/07\/Triangle-mauve-2-millefioris-blancs.webp 800w\" sizes=\"(max-width: 300px) 100vw, 300px\" \/><figcaption id=\"caption-attachment-2941\" class=\"wp-caption-text\">Pendentif triangulaire mauve avec 2 millefioris blancs<\/figcaption><\/figure>\n<p>Ce pendentif triangulaire est une pi\u00e8ce d&#8217;une grande d\u00e9licatesse, r\u00e9unissant harmonieusement l&#8217;\u00e9clat du verre mauve transparent et la douceur de 2 millefioris blanc \u00e9tir\u00e9s par la cuisson. Nich\u00e9 au c\u0153ur du verre, les millefioris semblent \u00e9clore tel des fleurs pr\u00e9cieuses, capturant l&#8217;essence de la beaut\u00e9 naturelle. Inspir\u00e9s par les techniques traditionnelles des ma\u00eetres verriers de Murano en Italie, ces millefioris apportent une touche de po\u00e9sie \u00e0 ce bijou unique. Un anneau discret en couleur argent\u00e9 est pass\u00e9 dans un orifice perc\u00e9 au sommet, offrant une fixation fiable tout en pr\u00e9servant l&#8217;esth\u00e9tique d\u00e9licate du pendentif, soulignant l&#8217;\u00e9l\u00e9gance intemporelle de cette cr\u00e9ation.<\/p>\n<p>Caract\u00e9ristiques :<\/p>\n<ul>\n<li>Forme : Triangulaire<\/li>\n<li>Motif : 2 millefioris blanc<\/li>\n<li>Couleurs : Mauve, blanc<\/li>\n<li>Techniques : Fusing<\/li>\n<li>Mat\u00e9riaux : Verre, m\u00e9tal argent\u00e9<\/li>\n<li>Dimensions : 3,5cm, 3,1cm<\/li>\n<\/ul>\n","protected":false},"excerpt":{"rendered":"<p>Pendentif triangulaire mauve avec un millefiori rose<\/p>\n","protected":false},"featured_media":2941,"comment_status":"open","ping_status":"closed","template":"","meta":[],"product_brand":[],"product_cat":[182,186,181,28],"product_tag":[38,49,65,26,27],"class_list":{"0":"post-2940","1":"product","2":"type-product","3":"status-publish","4":"has-post-thumbnail","6":"product_cat-pendentif-fusing","7":"product_cat-bijou-pendentif-fusing-tiffany","8":"product_cat-pendentif-millefioris","9":"product_cat-pendentif-tiffany","10":"product_tag-fleur-soie-metal","11":"product_tag-fusing-verre","12":"product_tag-millefiori-verre","13":"product_tag-pendentif-verre","14":"product_tag-tiffany-verre","15":"pa_bijou-pendentif","17":"first","18":"instock","19":"purchasable","20":"product-type-simple"},"_links":{"self":[{"href":"https:\/\/art-bijoux.com\/en\/wp-json\/wp\/v2\/product\/2940","targetHints":{"allow":["GET"]}}],"collection":[{"href":"https:\/\/art-bijoux.com\/en\/wp-json\/wp\/v2\/product"}],"about":[{"href":"https:\/\/art-bijoux.com\/en\/wp-json\/wp\/v2\/types\/product"}],"replies":[{"embeddable":true,"href":"https:\/\/art-bijoux.com\/en\/wp-json\/wp\/v2\/comments?post=2940"}],"version-history":[{"count":0,"href":"https:\/\/art-bijoux.com\/en\/wp-json\/wp\/v2\/product\/2940\/revisions"}],"wp:featuredmedia":[{"embeddable":true,"href":"https:\/\/art-bijoux.com\/en\/wp-json\/wp\/v2\/media\/2941"}],"wp:attachment":[{"href":"https:\/\/art-bijoux.com\/en\/wp-json\/wp\/v2\/media?parent=2940"}],"wp:term":[{"taxonomy":"product_brand","embeddable":true,"href":"https:\/\/art-bijoux.com\/en\/wp-json\/wp\/v2\/product_brand?post=2940"},{"taxonomy":"product_cat","embeddable":true,"href":"https:\/\/art-bijoux.com\/en\/wp-json\/wp\/v2\/product_cat?post=2940"},{"taxonomy":"product_tag","embeddable":true,"href":"https:\/\/art-bijoux.com\/en\/wp-json\/wp\/v2\/product_tag?post=2940"}],"curies":[{"name":"wp","href":"https:\/\/api.w.org\/{rel}","templated":true}]}}