{"id":2942,"date":"2024-07-21T20:37:45","date_gmt":"2024-07-21T18:37:45","guid":{"rendered":"https:\/\/art-bijoux.com\/?post_type=product&#038;p=2942"},"modified":"2024-12-23T11:19:19","modified_gmt":"2024-12-23T10:19:19","slug":"2942-pendentif-bleu-dichroique-tiffany-ange","status":"publish","type":"product","link":"https:\/\/art-bijoux.com\/en\/boutique\/2942-pendentif-bleu-dichroique-tiffany-ange\/","title":{"rendered":"Pendentif carr\u00e9 en Verre Bleu Nuit avec des \u00e9clats dichro\u00efque et une Breloque Ange"},"content":{"rendered":"<figure id=\"attachment_2943\" aria-describedby=\"caption-attachment-2943\" style=\"width: 300px\" class=\"wp-caption alignleft\"><img fetchpriority=\"high\" decoding=\"async\" class=\"size-medium wp-image-2943\" src=\"https:\/\/art-bijoux.com\/wp-content\/uploads\/2024\/07\/Pendentif-dichroide-sur-bleu-petit-ange-300x300.webp\" alt=\"Pendentif bleu nuit carr\u00e9 aux angles arrondis avec es \u00e9clats dichro\u00efques. Mont\u00e9 en Tiffany, une breloque ange.\" width=\"300\" height=\"300\" srcset=\"https:\/\/art-bijoux.com\/wp-content\/uploads\/2024\/07\/Pendentif-dichroide-sur-bleu-petit-ange-300x300.webp 300w, https:\/\/art-bijoux.com\/wp-content\/uploads\/2024\/07\/Pendentif-dichroide-sur-bleu-petit-ange-150x150.webp 150w, https:\/\/art-bijoux.com\/wp-content\/uploads\/2024\/07\/Pendentif-dichroide-sur-bleu-petit-ange-768x768.webp 768w, https:\/\/art-bijoux.com\/wp-content\/uploads\/2024\/07\/Pendentif-dichroide-sur-bleu-petit-ange-600x600.webp 600w, https:\/\/art-bijoux.com\/wp-content\/uploads\/2024\/07\/Pendentif-dichroide-sur-bleu-petit-ange-100x100.webp 100w, https:\/\/art-bijoux.com\/wp-content\/uploads\/2024\/07\/Pendentif-dichroide-sur-bleu-petit-ange.webp 800w\" sizes=\"(max-width: 300px) 100vw, 300px\" \/><figcaption id=\"caption-attachment-2943\" class=\"wp-caption-text\">Pendentif bleu nuit carr\u00e9 aux angles arrondis avec es \u00e9clats dichro\u00efques. Mont\u00e9 en Tiffany, une breloque ange.<\/figcaption><\/figure>\n<p>Ce pendentif unique arbore une forme de carr\u00e9 irr\u00e9gulier aux bords arrondis, fabriqu\u00e9 en verre bleu fonc\u00e9. Sur la surface, deux \u00e9clats de verre bleu m\u00e9tallique sont fondus, cr\u00e9ant un contraste moderne et captivant.<\/p>\n<p><strong>Caract\u00e9ristiques :<\/strong><\/p>\n<ul>\n<li><strong>Type :<\/strong> Pendentif<\/li>\n<li><strong>Forme :<\/strong> Carr\u00e9 irr\u00e9gulier aux bords galb\u00e9s<\/li>\n<li><strong>Mat\u00e9riau principal :<\/strong> Verre bleu fonc\u00e9<\/li>\n<li><strong>D\u00e9tails :<\/strong> Deux \u00e9clats de verre bleu dichro\u00efque fondus sur la surface<\/li>\n<li><strong>Montage :<\/strong> Technique Tiffany<\/li>\n<li>Breloque: ange en m\u00e9tal argent\u00e9 avec les ailes d\u00e9ploy\u00e9es<\/li>\n<\/ul>\n<ul>\n<li style=\"list-style-type: none;\">\n<ul>\n<li><strong>Bords :<\/strong> Meul\u00e9s, sertis au cuivre, soud\u00e9s \u00e0 l\u2019\u00e9tain<\/li>\n<li><strong>Patine :<\/strong> Nuances cuivr\u00e9es chaleureuses, donnant un aspect ancien<\/li>\n<\/ul>\n<\/li>\n<\/ul>\n<ul>\n<li><strong>B\u00e9li\u00e8re :<\/strong> Cuivr\u00e9e, solidement soud\u00e9e \u00e0 l&#8217;arri\u00e8re<\/li>\n<li><strong>Suspension :<\/strong> Permet de passer une cha\u00eene ou un lacet<\/li>\n<\/ul>\n<p><strong>Description Compl\u00e9mentaire :<\/strong> Ce pendentif se distingue par la combinaison de modernit\u00e9 et de tradition, avec des \u00e9clats de verre bleu m\u00e9tallique sur une base de verre bleu fonc\u00e9. La technique Tiffany a \u00e9t\u00e9 utilis\u00e9e pour monter cette pi\u00e8ce, garantissant des finitions de haute qualit\u00e9. Les bords ont \u00e9t\u00e9 soigneusement meul\u00e9s, sertis au cuivre et soud\u00e9s \u00e0 l&#8217;\u00e9tain, puis patin\u00e9s dans des nuances cuivr\u00e9es qui conf\u00e8rent \u00e0 l&#8217;ensemble un aspect ancien et chaleureux.<\/p>\n<p>La b\u00e9li\u00e8re argent\u00e9e, solidement soud\u00e9e \u00e0 l&#8217;arri\u00e8re, a permis de suspendre une breloque en forme d&#8217;ange, les ailes d\u00e9ploy\u00e9es, une chevelure en forme de c\u0153ur et une robe dentel\u00e9e. Ce bijou allie l&#8217;esth\u00e9tique moderne de la fusion \u00e0 la riche tradition du vitrail, faisant de lui une pi\u00e8ce \u00e0 la fois contemporaine et intemporelle.<\/p>\n","protected":false},"excerpt":{"rendered":"<p>Pendentif bleu nuit carr\u00e9 aux angles arrondis avec es \u00e9clats dichro\u00efques. Mont\u00e9 en Tiffany, une breloque ange.<\/p>\n","protected":false},"featured_media":2943,"comment_status":"open","ping_status":"closed","template":"","meta":[],"product_brand":[],"product_cat":[176,182,186,28],"product_tag":[29,49,26,34,27],"class_list":{"0":"post-2942","1":"product","2":"type-product","3":"status-publish","4":"has-post-thumbnail","6":"product_cat-breloque-bijou-verre","7":"product_cat-pendentif-fusing","8":"product_cat-bijou-pendentif-fusing-tiffany","9":"product_cat-pendentif-tiffany","10":"product_tag-breloque-metal-pierre","11":"product_tag-fusing-verre","12":"product_tag-pendentif-verre","13":"product_tag-spiritualite-croix-anges","14":"product_tag-tiffany-verre","15":"pa_bijou-pendentif","16":"pa_breloque-ange","18":"first","19":"outofstock","20":"purchasable","21":"product-type-simple"},"_links":{"self":[{"href":"https:\/\/art-bijoux.com\/en\/wp-json\/wp\/v2\/product\/2942","targetHints":{"allow":["GET"]}}],"collection":[{"href":"https:\/\/art-bijoux.com\/en\/wp-json\/wp\/v2\/product"}],"about":[{"href":"https:\/\/art-bijoux.com\/en\/wp-json\/wp\/v2\/types\/product"}],"replies":[{"embeddable":true,"href":"https:\/\/art-bijoux.com\/en\/wp-json\/wp\/v2\/comments?post=2942"}],"version-history":[{"count":0,"href":"https:\/\/art-bijoux.com\/en\/wp-json\/wp\/v2\/product\/2942\/revisions"}],"wp:featuredmedia":[{"embeddable":true,"href":"https:\/\/art-bijoux.com\/en\/wp-json\/wp\/v2\/media\/2943"}],"wp:attachment":[{"href":"https:\/\/art-bijoux.com\/en\/wp-json\/wp\/v2\/media?parent=2942"}],"wp:term":[{"taxonomy":"product_brand","embeddable":true,"href":"https:\/\/art-bijoux.com\/en\/wp-json\/wp\/v2\/product_brand?post=2942"},{"taxonomy":"product_cat","embeddable":true,"href":"https:\/\/art-bijoux.com\/en\/wp-json\/wp\/v2\/product_cat?post=2942"},{"taxonomy":"product_tag","embeddable":true,"href":"https:\/\/art-bijoux.com\/en\/wp-json\/wp\/v2\/product_tag?post=2942"}],"curies":[{"name":"wp","href":"https:\/\/api.w.org\/{rel}","templated":true}]}}