{"id":2946,"date":"2024-07-23T12:57:48","date_gmt":"2024-07-23T10:57:48","guid":{"rendered":"https:\/\/art-bijoux.com\/?post_type=product&#038;p=2946"},"modified":"2024-07-23T13:04:48","modified_gmt":"2024-07-23T11:04:48","slug":"pendentif-millefioris-blanc-bleu","status":"publish","type":"product","link":"https:\/\/art-bijoux.com\/en\/boutique\/pendentif-millefioris-blanc-bleu\/","title":{"rendered":"Pendentif en Verre Carr\u00e9 Mauve avec  Millefioris Blancs et une Breloque Avion"},"content":{"rendered":"<figure id=\"attachment_2898\" aria-describedby=\"caption-attachment-2898\" style=\"width: 300px\" class=\"wp-caption alignleft\"><img fetchpriority=\"high\" decoding=\"async\" class=\"size-medium wp-image-2898\" src=\"https:\/\/art-bijoux.com\/wp-content\/uploads\/2024\/07\/Pendentif-6-millefioris-blanc-bleu-sur-mauve-avion-300x300.webp\" alt=\"Pendentif rectangulaire en verre semi transparent mauve avec 6 millefioris blancs au c\u0153ur bleu p\u00e2le fondus. Une breloque en forme d'avion.\" width=\"300\" height=\"300\" srcset=\"https:\/\/art-bijoux.com\/wp-content\/uploads\/2024\/07\/Pendentif-6-millefioris-blanc-bleu-sur-mauve-avion-300x300.webp 300w, https:\/\/art-bijoux.com\/wp-content\/uploads\/2024\/07\/Pendentif-6-millefioris-blanc-bleu-sur-mauve-avion-150x150.webp 150w, https:\/\/art-bijoux.com\/wp-content\/uploads\/2024\/07\/Pendentif-6-millefioris-blanc-bleu-sur-mauve-avion-768x768.webp 768w, https:\/\/art-bijoux.com\/wp-content\/uploads\/2024\/07\/Pendentif-6-millefioris-blanc-bleu-sur-mauve-avion-600x600.webp 600w, https:\/\/art-bijoux.com\/wp-content\/uploads\/2024\/07\/Pendentif-6-millefioris-blanc-bleu-sur-mauve-avion-100x100.webp 100w, https:\/\/art-bijoux.com\/wp-content\/uploads\/2024\/07\/Pendentif-6-millefioris-blanc-bleu-sur-mauve-avion.webp 800w\" sizes=\"(max-width: 300px) 100vw, 300px\" \/><figcaption id=\"caption-attachment-2898\" class=\"wp-caption-text\">Pendentif rectangulaire en verre semi transparent mauve avec 6 millefioris blancs au c\u0153ur bleu p\u00e2le fondus. Une breloque en forme d&#8217;avion.<\/figcaption><\/figure>\n<p>Ce pendentif est un rectangle en verre mauve semi-transparent. Sur ce fond d\u00e9licat, six millefioris blancs avec un c\u0153ur bleu p\u00e2le, ont \u00e9t\u00e9 fondus avec un effet de perspective, cr\u00e9ant un effet visuel captivant et textur\u00e9. Un arceau en m\u00e9tal a \u00e9t\u00e9 fix\u00e9 lors de la cuisson. Il a permis d&#8217;accrocher une breloque en m\u00e9tal argent\u00e9 repr\u00e9sentant un avion, en train de se poser sur cette prairie fleurie de passer une cha\u00eene pour le porter \u00e9l\u00e9gamment.<\/p>\n<p>Caract\u00e9ristiques :<\/p>\n<ul>\n<li>Dimensions :\u00a0 3 cmx3,9cm<\/li>\n<li>Verre mauve semi-transparent<\/li>\n<li>Six millefioris blanc avec c\u0153urs bleu p\u00e2le<\/li>\n<li>Arceau en m\u00e9tal pour suspension<\/li>\n<li>Breloque en m\u00e9tal argent\u00e9<\/li>\n<\/ul>\n<p>Ce pendentif carr\u00e9 en verre mauve, avec ses millefioris artistiquement dispos\u00e9s et sa breloque avion, est parfait pour ceux qui recherchent un bijou unique et raffin\u00e9, alliant d\u00e9licatesse et originalit\u00e9.<\/p>\n","protected":false},"excerpt":{"rendered":"<p>Pendentif carr\u00e9 en verre mauve semi transparent avec 6 millefioris blancs au c\u0153ur bleu et une breloque avion.<\/p>\n","protected":false},"featured_media":2898,"comment_status":"open","ping_status":"closed","template":"","meta":[],"product_brand":[],"product_cat":[182,186,181],"product_tag":[29,38,49,65,26],"class_list":{"0":"post-2946","1":"product","2":"type-product","3":"status-publish","4":"has-post-thumbnail","6":"product_cat-pendentif-fusing","7":"product_cat-bijou-pendentif-fusing-tiffany","8":"product_cat-pendentif-millefioris","9":"product_tag-breloque-metal-pierre","10":"product_tag-fleur-soie-metal","11":"product_tag-fusing-verre","12":"product_tag-millefiori-verre","13":"product_tag-pendentif-verre","14":"pa_bijou-pendentif","15":"pa_breloque-avion","17":"first","18":"instock","19":"purchasable","20":"product-type-simple"},"_links":{"self":[{"href":"https:\/\/art-bijoux.com\/en\/wp-json\/wp\/v2\/product\/2946","targetHints":{"allow":["GET"]}}],"collection":[{"href":"https:\/\/art-bijoux.com\/en\/wp-json\/wp\/v2\/product"}],"about":[{"href":"https:\/\/art-bijoux.com\/en\/wp-json\/wp\/v2\/types\/product"}],"replies":[{"embeddable":true,"href":"https:\/\/art-bijoux.com\/en\/wp-json\/wp\/v2\/comments?post=2946"}],"version-history":[{"count":0,"href":"https:\/\/art-bijoux.com\/en\/wp-json\/wp\/v2\/product\/2946\/revisions"}],"wp:featuredmedia":[{"embeddable":true,"href":"https:\/\/art-bijoux.com\/en\/wp-json\/wp\/v2\/media\/2898"}],"wp:attachment":[{"href":"https:\/\/art-bijoux.com\/en\/wp-json\/wp\/v2\/media?parent=2946"}],"wp:term":[{"taxonomy":"product_brand","embeddable":true,"href":"https:\/\/art-bijoux.com\/en\/wp-json\/wp\/v2\/product_brand?post=2946"},{"taxonomy":"product_cat","embeddable":true,"href":"https:\/\/art-bijoux.com\/en\/wp-json\/wp\/v2\/product_cat?post=2946"},{"taxonomy":"product_tag","embeddable":true,"href":"https:\/\/art-bijoux.com\/en\/wp-json\/wp\/v2\/product_tag?post=2946"}],"curies":[{"name":"wp","href":"https:\/\/api.w.org\/{rel}","templated":true}]}}