{"id":2952,"date":"2024-07-23T17:33:32","date_gmt":"2024-07-23T15:33:32","guid":{"rendered":"https:\/\/art-bijoux.com\/?post_type=product&#038;p=2952"},"modified":"2024-07-23T17:38:41","modified_gmt":"2024-07-23T15:38:41","slug":"pendentif-en-verre-carre-mauve-avec-millefioris-orange","status":"publish","type":"product","link":"https:\/\/art-bijoux.com\/en\/boutique\/pendentif-en-verre-carre-mauve-avec-millefioris-orange\/","title":{"rendered":"Pendentif en Verre Carr\u00e9 Mauve avec  Millefioris Jaune et Orange"},"content":{"rendered":"<figure id=\"attachment_2896\" aria-describedby=\"caption-attachment-2896\" style=\"width: 300px\" class=\"wp-caption alignleft\"><img fetchpriority=\"high\" decoding=\"async\" class=\"size-medium wp-image-2896\" src=\"https:\/\/art-bijoux.com\/wp-content\/uploads\/2024\/07\/Pendentif-5-millefioris-orange-sur-orange-300x300.webp\" alt=\"Pendentif en verre mauve semi transparent avec 5 millefioris jaune et orang\u00e9.\" width=\"300\" height=\"300\" srcset=\"https:\/\/art-bijoux.com\/wp-content\/uploads\/2024\/07\/Pendentif-5-millefioris-orange-sur-orange-300x300.webp 300w, https:\/\/art-bijoux.com\/wp-content\/uploads\/2024\/07\/Pendentif-5-millefioris-orange-sur-orange-150x150.webp 150w, https:\/\/art-bijoux.com\/wp-content\/uploads\/2024\/07\/Pendentif-5-millefioris-orange-sur-orange-768x768.webp 768w, https:\/\/art-bijoux.com\/wp-content\/uploads\/2024\/07\/Pendentif-5-millefioris-orange-sur-orange-600x600.webp 600w, https:\/\/art-bijoux.com\/wp-content\/uploads\/2024\/07\/Pendentif-5-millefioris-orange-sur-orange-100x100.webp 100w, https:\/\/art-bijoux.com\/wp-content\/uploads\/2024\/07\/Pendentif-5-millefioris-orange-sur-orange.webp 800w\" sizes=\"(max-width: 300px) 100vw, 300px\" \/><figcaption id=\"caption-attachment-2896\" class=\"wp-caption-text\">Pendentif en verre mauve semi transparent avec 5 millefioris jaune et orang\u00e9.<\/figcaption><\/figure>\n<p>Ce pendentif est un carr\u00e9 en verre mauve semi-transparent, mesurant environ 3 cm de c\u00f4t\u00e9. Sur ce fond d\u00e9licat, six millefioris jaune et orange, resplendiscents, serr\u00e9s les uns contre les autres, ont \u00e9t\u00e9 fondus. Ils occupent presque toute la surface du pendentif, cr\u00e9ant un effet visuel captivant et textur\u00e9. Un arceau en m\u00e9tal a \u00e9t\u00e9 fix\u00e9 lors de la cuisson, permettant de passer une cha\u00eene pour le porter \u00e9l\u00e9gamment.<\/p>\n<p>Caract\u00e9ristiques :<\/p>\n<ul>\n<li>Dimensions : environ 3 cm de c\u00f4t\u00e9<\/li>\n<li>Verre mauve semi-transparent<\/li>\n<li>Six millefioris orange et vermillon<\/li>\n<li>Arceau en m\u00e9tal pour suspension<\/li>\n<\/ul>\n<p>Ce pendentif carr\u00e9 en verre mauve, avec ses millefioris artistiquement dispos\u00e9s, est parfait pour ceux qui recherchent un bijou unique et raffin\u00e9, alliant d\u00e9licatesse et originalit\u00e9.<\/p>\n","protected":false},"excerpt":{"rendered":"<p>Pendentif en verre mauve semi transparent avec 5 millefioris jaune et orang\u00e9.<\/p>\n","protected":false},"featured_media":2896,"comment_status":"open","ping_status":"closed","template":"","meta":[],"product_brand":[],"product_cat":[182,186,181],"product_tag":[29,38,49,65,26],"class_list":{"0":"post-2952","1":"product","2":"type-product","3":"status-publish","4":"has-post-thumbnail","6":"product_cat-pendentif-fusing","7":"product_cat-bijou-pendentif-fusing-tiffany","8":"product_cat-pendentif-millefioris","9":"product_tag-breloque-metal-pierre","10":"product_tag-fleur-soie-metal","11":"product_tag-fusing-verre","12":"product_tag-millefiori-verre","13":"product_tag-pendentif-verre","14":"pa_bijou-pendentif","16":"first","17":"instock","18":"purchasable","19":"product-type-simple"},"_links":{"self":[{"href":"https:\/\/art-bijoux.com\/en\/wp-json\/wp\/v2\/product\/2952","targetHints":{"allow":["GET"]}}],"collection":[{"href":"https:\/\/art-bijoux.com\/en\/wp-json\/wp\/v2\/product"}],"about":[{"href":"https:\/\/art-bijoux.com\/en\/wp-json\/wp\/v2\/types\/product"}],"replies":[{"embeddable":true,"href":"https:\/\/art-bijoux.com\/en\/wp-json\/wp\/v2\/comments?post=2952"}],"version-history":[{"count":0,"href":"https:\/\/art-bijoux.com\/en\/wp-json\/wp\/v2\/product\/2952\/revisions"}],"wp:featuredmedia":[{"embeddable":true,"href":"https:\/\/art-bijoux.com\/en\/wp-json\/wp\/v2\/media\/2896"}],"wp:attachment":[{"href":"https:\/\/art-bijoux.com\/en\/wp-json\/wp\/v2\/media?parent=2952"}],"wp:term":[{"taxonomy":"product_brand","embeddable":true,"href":"https:\/\/art-bijoux.com\/en\/wp-json\/wp\/v2\/product_brand?post=2952"},{"taxonomy":"product_cat","embeddable":true,"href":"https:\/\/art-bijoux.com\/en\/wp-json\/wp\/v2\/product_cat?post=2952"},{"taxonomy":"product_tag","embeddable":true,"href":"https:\/\/art-bijoux.com\/en\/wp-json\/wp\/v2\/product_tag?post=2952"}],"curies":[{"name":"wp","href":"https:\/\/api.w.org\/{rel}","templated":true}]}}