{"id":2953,"date":"2024-07-23T17:39:36","date_gmt":"2024-07-23T15:39:36","guid":{"rendered":"https:\/\/art-bijoux.com\/?post_type=product&#038;p=2953"},"modified":"2024-08-17T11:20:22","modified_gmt":"2024-08-17T09:20:22","slug":"pendentif-millefioris-bleu-blanc-hache","status":"publish","type":"product","link":"https:\/\/art-bijoux.com\/en\/boutique\/pendentif-millefioris-bleu-blanc-hache\/","title":{"rendered":"Pendentif en Verre Rectangulaire Mauve avec  Millefioris Bleu et Blanc et une Breloque Hache"},"content":{"rendered":"<figure id=\"attachment_2906\" aria-describedby=\"caption-attachment-2906\" style=\"width: 300px\" class=\"wp-caption alignleft\"><img fetchpriority=\"high\" decoding=\"async\" class=\"size-medium wp-image-2906\" src=\"https:\/\/art-bijoux.com\/wp-content\/uploads\/2024\/07\/Pendentif-8-millefioris-blanc-turquoise-sur-mauve-hache-300x300.webp\" alt=\"Pendentif en verre mauve semi transparent avec 8 millefioris bleu et blanc et une breloque hache\" width=\"300\" height=\"300\" srcset=\"https:\/\/art-bijoux.com\/wp-content\/uploads\/2024\/07\/Pendentif-8-millefioris-blanc-turquoise-sur-mauve-hache-300x300.webp 300w, https:\/\/art-bijoux.com\/wp-content\/uploads\/2024\/07\/Pendentif-8-millefioris-blanc-turquoise-sur-mauve-hache-150x150.webp 150w, https:\/\/art-bijoux.com\/wp-content\/uploads\/2024\/07\/Pendentif-8-millefioris-blanc-turquoise-sur-mauve-hache-768x769.webp 768w, https:\/\/art-bijoux.com\/wp-content\/uploads\/2024\/07\/Pendentif-8-millefioris-blanc-turquoise-sur-mauve-hache-600x601.webp 600w, https:\/\/art-bijoux.com\/wp-content\/uploads\/2024\/07\/Pendentif-8-millefioris-blanc-turquoise-sur-mauve-hache-100x100.webp 100w, https:\/\/art-bijoux.com\/wp-content\/uploads\/2024\/07\/Pendentif-8-millefioris-blanc-turquoise-sur-mauve-hache.webp 800w\" sizes=\"(max-width: 300px) 100vw, 300px\" \/><figcaption id=\"caption-attachment-2906\" class=\"wp-caption-text\">Pendentif en verre mauve semi transparent avec 8 millefioris bleu et blanc et une breloque hache<\/figcaption><\/figure>\n<p>Ce pendentif est un rectangle en verre mauve semi-transparent. Sur ce fond d\u00e9licat, huit millefioris de plusieurs nuances de bleu avec des c\u0153urs blanc ont \u00e9t\u00e9 fondus, avec un effet de perspective, cr\u00e9ant un effet visuel captivant et textur\u00e9. Un arceau en m\u00e9tal a \u00e9t\u00e9 fix\u00e9 lors de la cuisson. Il a permis d&#8217;accrocher une breloque en m\u00e9tal argent\u00e9 repr\u00e9sentant une hache assembl\u00e9e \u00e0 la main avec des cordes, pos\u00e9e sur cette prairie fleurie, appelant la nature sauvage. Il permet de passer une cha\u00eene pour le porter \u00e9l\u00e9gamment.<\/p>\n<p>Caract\u00e9ristiques :<\/p>\n<ul>\n<li>Dimensions :\u00a0 3 cmx3,9cm<\/li>\n<li>Verre mauve semi-transparent<\/li>\n<li>Huit millefioris bleu et blanc<\/li>\n<li>Arceau en m\u00e9tal pour suspension<\/li>\n<li>Breloque en m\u00e9tal argent\u00e9<\/li>\n<\/ul>\n<p>Ce pendentif carr\u00e9 en verre mauve, avec ses millefioris artistiquement dispos\u00e9s et sa breloque hache, est parfait pour ceux qui recherchent un bijou unique et raffin\u00e9, alliant d\u00e9licatesse et originalit\u00e9.<\/p>\n","protected":false},"excerpt":{"rendered":"<p>Pendentif en verre mauve semi transparent avec 8 millefioris bleu et blanc et une breloque hache.<\/p>\n","protected":false},"featured_media":2906,"comment_status":"open","ping_status":"closed","template":"","meta":[],"product_brand":[],"product_cat":[182,186,181],"product_tag":[29,38,49,65,26],"class_list":{"0":"post-2953","1":"product","2":"type-product","3":"status-publish","4":"has-post-thumbnail","6":"product_cat-pendentif-fusing","7":"product_cat-bijou-pendentif-fusing-tiffany","8":"product_cat-pendentif-millefioris","9":"product_tag-breloque-metal-pierre","10":"product_tag-fleur-soie-metal","11":"product_tag-fusing-verre","12":"product_tag-millefiori-verre","13":"product_tag-pendentif-verre","14":"pa_bijou-pendentif","15":"pa_breloque-outils","17":"first","18":"instock","19":"purchasable","20":"product-type-simple"},"_links":{"self":[{"href":"https:\/\/art-bijoux.com\/en\/wp-json\/wp\/v2\/product\/2953","targetHints":{"allow":["GET"]}}],"collection":[{"href":"https:\/\/art-bijoux.com\/en\/wp-json\/wp\/v2\/product"}],"about":[{"href":"https:\/\/art-bijoux.com\/en\/wp-json\/wp\/v2\/types\/product"}],"replies":[{"embeddable":true,"href":"https:\/\/art-bijoux.com\/en\/wp-json\/wp\/v2\/comments?post=2953"}],"version-history":[{"count":0,"href":"https:\/\/art-bijoux.com\/en\/wp-json\/wp\/v2\/product\/2953\/revisions"}],"wp:featuredmedia":[{"embeddable":true,"href":"https:\/\/art-bijoux.com\/en\/wp-json\/wp\/v2\/media\/2906"}],"wp:attachment":[{"href":"https:\/\/art-bijoux.com\/en\/wp-json\/wp\/v2\/media?parent=2953"}],"wp:term":[{"taxonomy":"product_brand","embeddable":true,"href":"https:\/\/art-bijoux.com\/en\/wp-json\/wp\/v2\/product_brand?post=2953"},{"taxonomy":"product_cat","embeddable":true,"href":"https:\/\/art-bijoux.com\/en\/wp-json\/wp\/v2\/product_cat?post=2953"},{"taxonomy":"product_tag","embeddable":true,"href":"https:\/\/art-bijoux.com\/en\/wp-json\/wp\/v2\/product_tag?post=2953"}],"curies":[{"name":"wp","href":"https:\/\/api.w.org\/{rel}","templated":true}]}}