{"id":2957,"date":"2024-07-23T18:08:59","date_gmt":"2024-07-23T16:08:59","guid":{"rendered":"https:\/\/art-bijoux.com\/?post_type=product&#038;p=2957"},"modified":"2024-07-23T18:13:40","modified_gmt":"2024-07-23T16:13:40","slug":"pendentif-en-verre-carre-mauve-avec-millefioris-blanc-et-bleu-turquoise","status":"publish","type":"product","link":"https:\/\/art-bijoux.com\/en\/boutique\/pendentif-en-verre-carre-mauve-avec-millefioris-blanc-et-bleu-turquoise\/","title":{"rendered":"Pendentif en Verre Carr\u00e9 Mauve avec  Millefioris Blanc et Bleu Turquoise"},"content":{"rendered":"<figure id=\"attachment_2907\" aria-describedby=\"caption-attachment-2907\" style=\"width: 300px\" class=\"wp-caption alignleft\"><img fetchpriority=\"high\" decoding=\"async\" class=\"size-medium wp-image-2907\" src=\"https:\/\/art-bijoux.com\/wp-content\/uploads\/2024\/07\/Pendentif-8-millefioris-bleu-blanc-sur-rose-300x300.webp\" alt=\"Pendentif en verre mauve semi transparent avec 8 millefioris bleu turquoise et blanc.\" width=\"300\" height=\"300\" srcset=\"https:\/\/art-bijoux.com\/wp-content\/uploads\/2024\/07\/Pendentif-8-millefioris-bleu-blanc-sur-rose-300x300.webp 300w, https:\/\/art-bijoux.com\/wp-content\/uploads\/2024\/07\/Pendentif-8-millefioris-bleu-blanc-sur-rose-150x150.webp 150w, https:\/\/art-bijoux.com\/wp-content\/uploads\/2024\/07\/Pendentif-8-millefioris-bleu-blanc-sur-rose-768x768.webp 768w, https:\/\/art-bijoux.com\/wp-content\/uploads\/2024\/07\/Pendentif-8-millefioris-bleu-blanc-sur-rose-600x600.webp 600w, https:\/\/art-bijoux.com\/wp-content\/uploads\/2024\/07\/Pendentif-8-millefioris-bleu-blanc-sur-rose-100x100.webp 100w, https:\/\/art-bijoux.com\/wp-content\/uploads\/2024\/07\/Pendentif-8-millefioris-bleu-blanc-sur-rose.webp 800w\" sizes=\"(max-width: 300px) 100vw, 300px\" \/><figcaption id=\"caption-attachment-2907\" class=\"wp-caption-text\">Pendentif en verre mauve semi transparent avec 8 millefioris bleu turquoise et blanc.<\/figcaption><\/figure>\n<p>Ce pendentif est un carr\u00e9 en verre mauve semi-transparent, mesurant environ 3,2 cm de c\u00f4t\u00e9. Sur ce fond d\u00e9licat, huit millefioris blanc et bleu turquoise, serr\u00e9s les uns contre les autres et occupant presque la totalit\u00e9 de la surface, ont \u00e9t\u00e9 fondus en perspective et cr\u00e9ent un effet visuel captivant et textur\u00e9. Un arceau en m\u00e9tal a \u00e9t\u00e9 fix\u00e9 lors de la cuisson, permettant de passer une cha\u00eene ou un lacet pour le porter \u00e9l\u00e9gamment.<\/p>\n<p>Caract\u00e9ristiques :<\/p>\n<ul>\n<li>Dimensions : environ 3,2 cm de c\u00f4t\u00e9<\/li>\n<li>Verre mauve semi-transparent<\/li>\n<li>Huit millefioris blanc et bleu turquoise<\/li>\n<li>Arceau en m\u00e9tal pour suspension<\/li>\n<\/ul>\n<p>Ce pendentif carr\u00e9 en verre mauve, avec ses millefioris artistiquement dispos\u00e9s, est parfait pour ceux qui recherchent un bijou unique et raffin\u00e9, alliant d\u00e9licatesse et originalit\u00e9.<\/p>\n","protected":false},"excerpt":{"rendered":"<p>Pendentif en verre semi transparent mauve avec 8 millefioris blanc et bleu turquoise. Un anneau a \u00e9t\u00e9 fondu lors de la cuisson et permet de passer une cha\u00eene.<\/p>\n","protected":false},"featured_media":2907,"comment_status":"open","ping_status":"closed","template":"","meta":[],"product_brand":[],"product_cat":[182,186,181],"product_tag":[29,38,49,65,26],"class_list":{"0":"post-2957","1":"product","2":"type-product","3":"status-publish","4":"has-post-thumbnail","6":"product_cat-pendentif-fusing","7":"product_cat-bijou-pendentif-fusing-tiffany","8":"product_cat-pendentif-millefioris","9":"product_tag-breloque-metal-pierre","10":"product_tag-fleur-soie-metal","11":"product_tag-fusing-verre","12":"product_tag-millefiori-verre","13":"product_tag-pendentif-verre","14":"pa_bijou-pendentif","16":"first","17":"instock","18":"purchasable","19":"product-type-simple"},"_links":{"self":[{"href":"https:\/\/art-bijoux.com\/en\/wp-json\/wp\/v2\/product\/2957","targetHints":{"allow":["GET"]}}],"collection":[{"href":"https:\/\/art-bijoux.com\/en\/wp-json\/wp\/v2\/product"}],"about":[{"href":"https:\/\/art-bijoux.com\/en\/wp-json\/wp\/v2\/types\/product"}],"replies":[{"embeddable":true,"href":"https:\/\/art-bijoux.com\/en\/wp-json\/wp\/v2\/comments?post=2957"}],"version-history":[{"count":0,"href":"https:\/\/art-bijoux.com\/en\/wp-json\/wp\/v2\/product\/2957\/revisions"}],"wp:featuredmedia":[{"embeddable":true,"href":"https:\/\/art-bijoux.com\/en\/wp-json\/wp\/v2\/media\/2907"}],"wp:attachment":[{"href":"https:\/\/art-bijoux.com\/en\/wp-json\/wp\/v2\/media?parent=2957"}],"wp:term":[{"taxonomy":"product_brand","embeddable":true,"href":"https:\/\/art-bijoux.com\/en\/wp-json\/wp\/v2\/product_brand?post=2957"},{"taxonomy":"product_cat","embeddable":true,"href":"https:\/\/art-bijoux.com\/en\/wp-json\/wp\/v2\/product_cat?post=2957"},{"taxonomy":"product_tag","embeddable":true,"href":"https:\/\/art-bijoux.com\/en\/wp-json\/wp\/v2\/product_tag?post=2957"}],"curies":[{"name":"wp","href":"https:\/\/api.w.org\/{rel}","templated":true}]}}