{"id":2959,"date":"2024-07-23T18:20:13","date_gmt":"2024-07-23T16:20:13","guid":{"rendered":"https:\/\/art-bijoux.com\/?post_type=product&#038;p=2959"},"modified":"2024-08-17T11:20:22","modified_gmt":"2024-08-17T09:20:22","slug":"pendentif-millefioris-blanc-bleu-chat-coeur","status":"publish","type":"product","link":"https:\/\/art-bijoux.com\/en\/boutique\/pendentif-millefioris-blanc-bleu-chat-coeur\/","title":{"rendered":"Pendentif en Verre Carr\u00e9 Mauve avec  Millefioris Blanc et bleu et une Breloque Chats dans un C\u0153ur"},"content":{"rendered":"<figure id=\"attachment_2905\" aria-describedby=\"caption-attachment-2905\" style=\"width: 300px\" class=\"wp-caption alignleft\"><img fetchpriority=\"high\" decoding=\"async\" class=\"size-medium wp-image-2905\" src=\"https:\/\/art-bijoux.com\/wp-content\/uploads\/2024\/07\/Pendentif-8-millefioris-blanc-sur-bleu-chats-dans-coeur-300x300.webp\" alt=\"Pendentif en verre mauve semi_transparent avec 9 millefioris blanc et bleu fonc\u00e9 fondus. Une breloque repr\u00e9sentant un couple de chat dans un c\u0153ur, avec des brillants, a \u00e9t\u00e9 accroch\u00e9e.\" width=\"300\" height=\"300\" srcset=\"https:\/\/art-bijoux.com\/wp-content\/uploads\/2024\/07\/Pendentif-8-millefioris-blanc-sur-bleu-chats-dans-coeur-300x300.webp 300w, https:\/\/art-bijoux.com\/wp-content\/uploads\/2024\/07\/Pendentif-8-millefioris-blanc-sur-bleu-chats-dans-coeur-150x150.webp 150w, https:\/\/art-bijoux.com\/wp-content\/uploads\/2024\/07\/Pendentif-8-millefioris-blanc-sur-bleu-chats-dans-coeur-768x768.webp 768w, https:\/\/art-bijoux.com\/wp-content\/uploads\/2024\/07\/Pendentif-8-millefioris-blanc-sur-bleu-chats-dans-coeur-600x600.webp 600w, https:\/\/art-bijoux.com\/wp-content\/uploads\/2024\/07\/Pendentif-8-millefioris-blanc-sur-bleu-chats-dans-coeur-100x100.webp 100w, https:\/\/art-bijoux.com\/wp-content\/uploads\/2024\/07\/Pendentif-8-millefioris-blanc-sur-bleu-chats-dans-coeur.webp 800w\" sizes=\"(max-width: 300px) 100vw, 300px\" \/><figcaption id=\"caption-attachment-2905\" class=\"wp-caption-text\">Pendentif en verre mauve semi_transparent avec 9 millefioris blanc et bleu fonc\u00e9 fondus. Une breloque repr\u00e9sentant un couple de chat dans un c\u0153ur, avec des brillants, a \u00e9t\u00e9 accroch\u00e9e.<\/figcaption><\/figure>\n<p>Ce pendentif est r\u00e9alis\u00e9 en verre mauve semi-transparent. Sur ce fond d\u00e9licat,neuf millefioris blanc et bleu fonc\u00e9 ont \u00e9t\u00e9 fondus avec un effet de perspective, cr\u00e9ant un effet visuel captivant et textur\u00e9. Un arceau en m\u00e9tal a \u00e9t\u00e9 fix\u00e9 lors de la cuisson. Il a permis d&#8217;accrocher une breloque en m\u00e9tal argent\u00e9 repr\u00e9sentant un couple de chat, un argent\u00e9 et un noir, assis dans un c\u0153ur entourr\u00e9 de brillants noir et argent\u00e9s. Pos\u00e9 sur cette prairie fleurie, ils symbolisent l&#8217;amour et la bonne entente.<\/p>\n<p>Caract\u00e9ristiques :<\/p>\n<ul>\n<li>Dimensions :\u00a0 3,2 cmx3,2cm<\/li>\n<li>Verre mauve semi-transparent<\/li>\n<li>Neuf millefioris blanc et bleu fonc\u00e9<\/li>\n<li>Arceau en m\u00e9tal pour suspension<\/li>\n<li>Breloque en m\u00e9tal argent\u00e9 et brillants<\/li>\n<\/ul>\n<p>Ce pendentif carr\u00e9 en verre mauve, avec ses millefioris artistiquement dispos\u00e9s et sa breloque chats et c\u0153ur, est parfait pour les amoureux qui recherchent un bijou unique et raffin\u00e9, alliant d\u00e9licatesse et originalit\u00e9.<\/p>\n","protected":false},"excerpt":{"rendered":"<p>Pendentif en verre mauve semi-transparent avec 9 millefioris blanc et bleu fonc\u00e9 fondus. Une breloque repr\u00e9sentant un couple de chat dans un c\u0153ur, avec des brillants, a \u00e9t\u00e9 accroch\u00e9e.<\/p>\n","protected":false},"featured_media":2905,"comment_status":"open","ping_status":"closed","template":"","meta":[],"product_brand":[],"product_cat":[182,186,181],"product_tag":[29,38,49,65,26],"class_list":{"0":"post-2959","1":"product","2":"type-product","3":"status-publish","4":"has-post-thumbnail","6":"product_cat-pendentif-fusing","7":"product_cat-bijou-pendentif-fusing-tiffany","8":"product_cat-pendentif-millefioris","9":"product_tag-breloque-metal-pierre","10":"product_tag-fleur-soie-metal","11":"product_tag-fusing-verre","12":"product_tag-millefiori-verre","13":"product_tag-pendentif-verre","14":"pa_bijou-pendentif","15":"pa_breloque-chat","16":"pa_breloque-coeur","18":"first","19":"instock","20":"purchasable","21":"product-type-simple"},"_links":{"self":[{"href":"https:\/\/art-bijoux.com\/en\/wp-json\/wp\/v2\/product\/2959","targetHints":{"allow":["GET"]}}],"collection":[{"href":"https:\/\/art-bijoux.com\/en\/wp-json\/wp\/v2\/product"}],"about":[{"href":"https:\/\/art-bijoux.com\/en\/wp-json\/wp\/v2\/types\/product"}],"replies":[{"embeddable":true,"href":"https:\/\/art-bijoux.com\/en\/wp-json\/wp\/v2\/comments?post=2959"}],"version-history":[{"count":0,"href":"https:\/\/art-bijoux.com\/en\/wp-json\/wp\/v2\/product\/2959\/revisions"}],"wp:featuredmedia":[{"embeddable":true,"href":"https:\/\/art-bijoux.com\/en\/wp-json\/wp\/v2\/media\/2905"}],"wp:attachment":[{"href":"https:\/\/art-bijoux.com\/en\/wp-json\/wp\/v2\/media?parent=2959"}],"wp:term":[{"taxonomy":"product_brand","embeddable":true,"href":"https:\/\/art-bijoux.com\/en\/wp-json\/wp\/v2\/product_brand?post=2959"},{"taxonomy":"product_cat","embeddable":true,"href":"https:\/\/art-bijoux.com\/en\/wp-json\/wp\/v2\/product_cat?post=2959"},{"taxonomy":"product_tag","embeddable":true,"href":"https:\/\/art-bijoux.com\/en\/wp-json\/wp\/v2\/product_tag?post=2959"}],"curies":[{"name":"wp","href":"https:\/\/api.w.org\/{rel}","templated":true}]}}