{"id":2960,"date":"2024-07-23T18:27:37","date_gmt":"2024-07-23T16:27:37","guid":{"rendered":"https:\/\/art-bijoux.com\/?post_type=product&#038;p=2960"},"modified":"2024-08-17T11:20:23","modified_gmt":"2024-08-17T09:20:23","slug":"pendentif-millefioris-blanc-bleu-micro","status":"publish","type":"product","link":"https:\/\/art-bijoux.com\/en\/boutique\/pendentif-millefioris-blanc-bleu-micro\/","title":{"rendered":"Pendentif en Verre Rectangulaire Mauve avec  Millefioris bleu et blanc et une Breloque Micro"},"content":{"rendered":"<figure id=\"attachment_2899\" aria-describedby=\"caption-attachment-2899\" style=\"width: 300px\" class=\"wp-caption alignleft\"><img fetchpriority=\"high\" decoding=\"async\" class=\"size-medium wp-image-2899\" src=\"https:\/\/art-bijoux.com\/wp-content\/uploads\/2024\/07\/Pendentif-6-millefioris-blanc-sur-mauve-micro-300x300.webp\" alt=\"Pendentif en verre mauve semi-transparent avec 6 millefioris blanc et bleu et une breloque micro.\" width=\"300\" height=\"300\" srcset=\"https:\/\/art-bijoux.com\/wp-content\/uploads\/2024\/07\/Pendentif-6-millefioris-blanc-sur-mauve-micro-300x300.webp 300w, https:\/\/art-bijoux.com\/wp-content\/uploads\/2024\/07\/Pendentif-6-millefioris-blanc-sur-mauve-micro-150x150.webp 150w, https:\/\/art-bijoux.com\/wp-content\/uploads\/2024\/07\/Pendentif-6-millefioris-blanc-sur-mauve-micro-768x768.webp 768w, https:\/\/art-bijoux.com\/wp-content\/uploads\/2024\/07\/Pendentif-6-millefioris-blanc-sur-mauve-micro-600x600.webp 600w, https:\/\/art-bijoux.com\/wp-content\/uploads\/2024\/07\/Pendentif-6-millefioris-blanc-sur-mauve-micro-100x100.webp 100w, https:\/\/art-bijoux.com\/wp-content\/uploads\/2024\/07\/Pendentif-6-millefioris-blanc-sur-mauve-micro.webp 800w\" sizes=\"(max-width: 300px) 100vw, 300px\" \/><figcaption id=\"caption-attachment-2899\" class=\"wp-caption-text\">Pendentif en verre mauve semi-transparent avec 6 millefioris blanc et bleu et une breloque micro.<\/figcaption><\/figure>\n<p>Ce pendentif est un rectangle en verre mauve semi-transparent, dont les bords ont \u00e9t\u00e9 distordus par la cuisson. Sur ce fond d\u00e9licat, six millefioris blanc et bleu ont \u00e9t\u00e9 fondus avec un effet de perspective, cr\u00e9ant un effet visuel captivant et textur\u00e9. Un arceau en m\u00e9tal a \u00e9t\u00e9 fix\u00e9 lors de la cuisson. Il a permis d&#8217;accrocher une breloque en m\u00e9tal dor\u00e9 repr\u00e9sentant un micro, pos\u00e9e sur cette prairie fleurie, afin de c\u00e9l\u00e9brer tous ceux qui ont de la voix. Il permet de passer une cha\u00eene pour le porter \u00e9l\u00e9gamment.<\/p>\n<p>Caract\u00e9ristiques :<\/p>\n<ul>\n<li>Dimensions :\u00a0 3,2 cmx3,9cm<\/li>\n<li>Verre mauve semi-transparent<\/li>\n<li>Six millefioris blanc et bleu<\/li>\n<li>Arceau en m\u00e9tal pour suspension<\/li>\n<li>Breloque en m\u00e9tal argent\u00e9<\/li>\n<\/ul>\n<p>Ce pendentif carr\u00e9 en verre mauve, avec ses millefioris artistiquement dispos\u00e9s et sa breloque guitare, est parfait pour ceux qui recherchent un bijou unique et raffin\u00e9, alliant d\u00e9licatesse et originalit\u00e9. Il est destin\u00e9 \u00e0 tous les passionn\u00e9s de chanson.<\/p>\n","protected":false},"excerpt":{"rendered":"<p>Pendentif en verre mauve semi transparent avec 6 millefioris jaune fondus. Une breloque en m\u00e9tal dor\u00e9 en forme de micro.<\/p>\n","protected":false},"featured_media":2899,"comment_status":"open","ping_status":"closed","template":"","meta":[],"product_brand":[],"product_cat":[182,186,181],"product_tag":[29,38,49,65,26],"class_list":{"0":"post-2960","1":"product","2":"type-product","3":"status-publish","4":"has-post-thumbnail","6":"product_cat-pendentif-fusing","7":"product_cat-bijou-pendentif-fusing-tiffany","8":"product_cat-pendentif-millefioris","9":"product_tag-breloque-metal-pierre","10":"product_tag-fleur-soie-metal","11":"product_tag-fusing-verre","12":"product_tag-millefiori-verre","13":"product_tag-pendentif-verre","14":"pa_bijou-pendentif","15":"pa_breloque-instrument-musique","17":"first","18":"instock","19":"purchasable","20":"product-type-simple"},"_links":{"self":[{"href":"https:\/\/art-bijoux.com\/en\/wp-json\/wp\/v2\/product\/2960","targetHints":{"allow":["GET"]}}],"collection":[{"href":"https:\/\/art-bijoux.com\/en\/wp-json\/wp\/v2\/product"}],"about":[{"href":"https:\/\/art-bijoux.com\/en\/wp-json\/wp\/v2\/types\/product"}],"replies":[{"embeddable":true,"href":"https:\/\/art-bijoux.com\/en\/wp-json\/wp\/v2\/comments?post=2960"}],"version-history":[{"count":0,"href":"https:\/\/art-bijoux.com\/en\/wp-json\/wp\/v2\/product\/2960\/revisions"}],"wp:featuredmedia":[{"embeddable":true,"href":"https:\/\/art-bijoux.com\/en\/wp-json\/wp\/v2\/media\/2899"}],"wp:attachment":[{"href":"https:\/\/art-bijoux.com\/en\/wp-json\/wp\/v2\/media?parent=2960"}],"wp:term":[{"taxonomy":"product_brand","embeddable":true,"href":"https:\/\/art-bijoux.com\/en\/wp-json\/wp\/v2\/product_brand?post=2960"},{"taxonomy":"product_cat","embeddable":true,"href":"https:\/\/art-bijoux.com\/en\/wp-json\/wp\/v2\/product_cat?post=2960"},{"taxonomy":"product_tag","embeddable":true,"href":"https:\/\/art-bijoux.com\/en\/wp-json\/wp\/v2\/product_tag?post=2960"}],"curies":[{"name":"wp","href":"https:\/\/api.w.org\/{rel}","templated":true}]}}