{"id":2970,"date":"2024-07-24T10:56:37","date_gmt":"2024-07-24T08:56:37","guid":{"rendered":"https:\/\/art-bijoux.com\/?post_type=product&#038;p=2970"},"modified":"2024-07-24T10:56:38","modified_gmt":"2024-07-24T08:56:38","slug":"pendentif-verre-carre-cuivre-xixe","status":"publish","type":"product","link":"https:\/\/art-bijoux.com\/en\/boutique\/pendentif-verre-carre-cuivre-xixe\/","title":{"rendered":"Pendentif carr\u00e9 en Verre Colorescent Beige avec un Carr\u00e9 cisel\u00e9 de cuivre du XIXe si\u00e8cle"},"content":{"rendered":"<figure id=\"attachment_2971\" aria-describedby=\"caption-attachment-2971\" style=\"width: 300px\" class=\"wp-caption alignleft\"><img fetchpriority=\"high\" decoding=\"async\" class=\"size-medium wp-image-2971\" src=\"https:\/\/art-bijoux.com\/wp-content\/uploads\/2024\/07\/Pendentif-carre-en-verre-colorescent-avec-connecteur-de-cuivre-du-XIXe-300x300.webp\" alt=\"Pendentif carr\u00e9 en Verre Colorescent Beige avec un Carr\u00e9 cisel\u00e9 de cuivre du XIXe si\u00e8cle\" width=\"300\" height=\"300\" srcset=\"https:\/\/art-bijoux.com\/wp-content\/uploads\/2024\/07\/Pendentif-carre-en-verre-colorescent-avec-connecteur-de-cuivre-du-XIXe-300x300.webp 300w, https:\/\/art-bijoux.com\/wp-content\/uploads\/2024\/07\/Pendentif-carre-en-verre-colorescent-avec-connecteur-de-cuivre-du-XIXe-150x150.webp 150w, https:\/\/art-bijoux.com\/wp-content\/uploads\/2024\/07\/Pendentif-carre-en-verre-colorescent-avec-connecteur-de-cuivre-du-XIXe-768x768.webp 768w, https:\/\/art-bijoux.com\/wp-content\/uploads\/2024\/07\/Pendentif-carre-en-verre-colorescent-avec-connecteur-de-cuivre-du-XIXe-600x600.webp 600w, https:\/\/art-bijoux.com\/wp-content\/uploads\/2024\/07\/Pendentif-carre-en-verre-colorescent-avec-connecteur-de-cuivre-du-XIXe-100x100.webp 100w, https:\/\/art-bijoux.com\/wp-content\/uploads\/2024\/07\/Pendentif-carre-en-verre-colorescent-avec-connecteur-de-cuivre-du-XIXe.webp 800w\" sizes=\"(max-width: 300px) 100vw, 300px\" \/><figcaption id=\"caption-attachment-2971\" class=\"wp-caption-text\">Pendentif carr\u00e9 en Verre Colorescent Beige avec un Carr\u00e9 cisel\u00e9 de cuivre du XIXe si\u00e8cle<\/figcaption><\/figure>\n<p>Ce bijou est une pi\u00e8ce unique. Il s&#8217;agit d&#8217;un carr\u00e9 de verre colorescent beige, mesurant environ 5 cm de c\u00f4t\u00e9, taill\u00e9 dans un morceau r\u00e9cup\u00e9r\u00e9 de mon vitrail intitul\u00e9 &#8220;Lagune&#8221;. Sur ce carr\u00e9 de verre, j&#8217;ai fix\u00e9 un connecteur de cuivre ancien, un carr\u00e9 d\u00e9licatement cisel\u00e9 dans un savant entrelacs de fleurs.<\/p>\n<p>\u00c0 l&#8217;origine, ce connecteur faisait partie des quatre coins de l&#8217;encadrement d&#8217;une peinture \u00e0 l&#8217;huile du XIXe si\u00e8cle que je restaurais. Un de ces connecteurs ayant disparu, j&#8217;ai r\u00e9cup\u00e9r\u00e9 les trois autres. J&#8217;ai soigneusement nettoy\u00e9 ce connecteur pour lui redonner son brillant dor\u00e9, l&#8217;ai redress\u00e9, et fix\u00e9 de mani\u00e8re quasi invisible en soudant un fil de cuivre tr\u00e8s fin au pourtour.<\/p>\n<p>Le pendentif a \u00e9t\u00e9 mont\u00e9 selon la technique Tiffany : les bords ont \u00e9t\u00e9 meul\u00e9s, sertis au cuivre, soud\u00e9s \u00e0 l&#8217;\u00e9tain, et patin\u00e9s dans des nuances cuivr\u00e9es qui lui conf\u00e8rent une apparence ancienne. Pour terminer, j&#8217;ai solidement soud\u00e9 un anneau dor\u00e9 au sommet, permettant de le suspendre \u00e0 une cha\u00eene ou \u00e0 un lacet.<\/p>\n<p>Caract\u00e9ristiques :<\/p>\n<ul>\n<li>Dimensions : environ 5 cm de c\u00f4t\u00e9<\/li>\n<li>Verre colorescent beige<\/li>\n<li>Connecteur de cuivre ancien cisel\u00e9 (XIXe si\u00e8cle)<\/li>\n<li>Montage Tiffany : bords meul\u00e9s, sertis au cuivre, soud\u00e9s \u00e0 l&#8217;\u00e9tain<\/li>\n<li>Patine cuivr\u00e9e avec une apparence ancienne<\/li>\n<li>Anneau dor\u00e9 solidement soud\u00e9 au sommet<\/li>\n<\/ul>\n<p>Ce pendentif unique, m\u00ealant verre r\u00e9cup\u00e9r\u00e9 et cuivre ancien, est un hommage \u00e0 l&#8217;artisanat traditionnel et \u00e0 la restauration d&#8217;objets historiques, cr\u00e9ant ainsi un bijou d&#8217;une grande valeur sentimentale et esth\u00e9tique.<\/p>\n","protected":false},"excerpt":{"rendered":"<p>Pendentif carr\u00e9 en Verre Colorescent Beige avec un Carr\u00e9 cisel\u00e9 de cuivre du XIXe si\u00e8cle<\/p>\n","protected":false},"featured_media":2971,"comment_status":"open","ping_status":"closed","template":"","meta":[],"product_brand":[],"product_cat":[176,28],"product_tag":[218,26,27],"class_list":{"0":"post-2970","1":"product","2":"type-product","3":"status-publish","4":"has-post-thumbnail","6":"product_cat-breloque-bijou-verre","7":"product_cat-pendentif-tiffany","8":"product_tag-connecteur","9":"product_tag-pendentif-verre","10":"product_tag-tiffany-verre","11":"pa_bijou-pendentif","12":"pa_breloque-connecteur","14":"first","15":"instock","16":"purchasable","17":"product-type-simple"},"_links":{"self":[{"href":"https:\/\/art-bijoux.com\/en\/wp-json\/wp\/v2\/product\/2970","targetHints":{"allow":["GET"]}}],"collection":[{"href":"https:\/\/art-bijoux.com\/en\/wp-json\/wp\/v2\/product"}],"about":[{"href":"https:\/\/art-bijoux.com\/en\/wp-json\/wp\/v2\/types\/product"}],"replies":[{"embeddable":true,"href":"https:\/\/art-bijoux.com\/en\/wp-json\/wp\/v2\/comments?post=2970"}],"version-history":[{"count":0,"href":"https:\/\/art-bijoux.com\/en\/wp-json\/wp\/v2\/product\/2970\/revisions"}],"wp:featuredmedia":[{"embeddable":true,"href":"https:\/\/art-bijoux.com\/en\/wp-json\/wp\/v2\/media\/2971"}],"wp:attachment":[{"href":"https:\/\/art-bijoux.com\/en\/wp-json\/wp\/v2\/media?parent=2970"}],"wp:term":[{"taxonomy":"product_brand","embeddable":true,"href":"https:\/\/art-bijoux.com\/en\/wp-json\/wp\/v2\/product_brand?post=2970"},{"taxonomy":"product_cat","embeddable":true,"href":"https:\/\/art-bijoux.com\/en\/wp-json\/wp\/v2\/product_cat?post=2970"},{"taxonomy":"product_tag","embeddable":true,"href":"https:\/\/art-bijoux.com\/en\/wp-json\/wp\/v2\/product_tag?post=2970"}],"curies":[{"name":"wp","href":"https:\/\/api.w.org\/{rel}","templated":true}]}}