{"id":2985,"date":"2024-07-28T11:47:46","date_gmt":"2024-07-28T09:47:46","guid":{"rendered":"https:\/\/art-bijoux.com\/?post_type=product&#038;p=2985"},"modified":"2026-04-13T19:57:39","modified_gmt":"2026-04-13T17:57:39","slug":"pendentif-verre-vert-feuilles","status":"publish","type":"product","link":"https:\/\/art-bijoux.com\/en\/boutique\/pendentif-verre-vert-feuilles\/","title":{"rendered":"Pendentif en forme de Feuille Dentel\u00e9e avec deux Breloques Feuilles"},"content":{"rendered":"<figure id=\"attachment_2986\" aria-describedby=\"caption-attachment-2986\" style=\"width: 300px\" class=\"wp-caption alignleft\"><img fetchpriority=\"high\" decoding=\"async\" class=\"size-medium wp-image-2986\" src=\"https:\/\/art-bijoux.com\/wp-content\/uploads\/2024\/07\/Pendentif-feuille-avec-2-breloques-300x300.webp\" alt=\"Pendentif feuille avec 2 breloques\" width=\"300\" height=\"300\" srcset=\"https:\/\/art-bijoux.com\/wp-content\/uploads\/2024\/07\/Pendentif-feuille-avec-2-breloques-300x300.webp 300w, https:\/\/art-bijoux.com\/wp-content\/uploads\/2024\/07\/Pendentif-feuille-avec-2-breloques-150x150.webp 150w, https:\/\/art-bijoux.com\/wp-content\/uploads\/2024\/07\/Pendentif-feuille-avec-2-breloques-768x768.webp 768w, https:\/\/art-bijoux.com\/wp-content\/uploads\/2024\/07\/Pendentif-feuille-avec-2-breloques-600x600.webp 600w, https:\/\/art-bijoux.com\/wp-content\/uploads\/2024\/07\/Pendentif-feuille-avec-2-breloques-100x100.webp 100w, https:\/\/art-bijoux.com\/wp-content\/uploads\/2024\/07\/Pendentif-feuille-avec-2-breloques.webp 800w\" sizes=\"(max-width: 300px) 100vw, 300px\" \/><figcaption id=\"caption-attachment-2986\" class=\"wp-caption-text\">Pendentif feuille avec 2 breloques<\/figcaption><\/figure>\n<p>Ce bijou est une pi\u00e8ce unique. Il s&#8217;agit d&#8217;un pendentif tout en longueur, mesurant environ 7 cm de long, en verre lisse de couleur vert iris\u00e9, fa\u00e7onn\u00e9 en forme de feuille dentel\u00e9e.<\/p>\n<p>Deux breloques en m\u00e9tal argent\u00e9, repr\u00e9sentant des feuilles d\u00e9licates, sont suspendues \u00e0 des cha\u00eenettes de diff\u00e9rentes longueurs, ajoutant une touche de mouvement et d&#8217;\u00e9l\u00e9gance \u00e0 l&#8217;ensemble. Ces cha\u00eenettes sont fix\u00e9es \u00e0 deux anneaux solidement soud\u00e9.<\/p>\n<p>Le pendentif a \u00e9t\u00e9 mont\u00e9 selon la technique Tiffany : les bords ont \u00e9t\u00e9 meul\u00e9s, sertis au cuivre, soud\u00e9s \u00e0 l&#8217;\u00e9tain,\u00a0 ce qui donne au bijou une apparence riche et ancienne.<\/p>\n<p>Caract\u00e9ristiques :<\/p>\n<ul>\n<li>Dimensions : environ 7 cm de long<\/li>\n<li>Verre vert iris\u00e9 en forme de feuille dentel\u00e9e<\/li>\n<li>Deux breloques en m\u00e9tal argent\u00e9 en forme de feuilles, suspendues \u00e0 des cha\u00eenettes de diff\u00e9rentes longueurs<\/li>\n<li>Montage Tiffany : bords meul\u00e9s, sertis au cuivre, soud\u00e9s \u00e0 l&#8217;\u00e9tain<\/li>\n<li>Anneau solidement soud\u00e9 au sommet pour permettre la suspension \u00e0 une cha\u00eene ou \u00e0 un lacet<\/li>\n<\/ul>\n<p>Ce pendentif unique, avec sa forme organique et ses d\u00e9tails m\u00e9talliques d\u00e9licats, est une c\u00e9l\u00e9bration de la nature et de l&#8217;artisanat traditionnel.<\/p>\n","protected":false},"excerpt":{"rendered":"<p>Pendentif en longueur, en verre lisse vert iris\u00e9, fa\u00e7onn\u00e9 en forme de feuille dentel\u00e9e.Deux breloques en m\u00e9tal argent\u00e9 repr\u00e9sentent des feuilles.<\/p>\n","protected":false},"featured_media":2986,"comment_status":"open","ping_status":"closed","template":"","meta":[],"product_brand":[],"product_cat":[176,28],"product_tag":[29,35,26,27],"class_list":{"0":"post-2985","1":"product","2":"type-product","3":"status-publish","4":"has-post-thumbnail","6":"product_cat-breloque-bijou-verre","7":"product_cat-pendentif-tiffany","8":"product_tag-breloque-metal-pierre","9":"product_tag-feuille-breloque-metal","10":"product_tag-pendentif-verre","11":"product_tag-tiffany-verre","12":"pa_bijou-pendentif","13":"pa_breloque-feuilles-arbre","15":"first","16":"outofstock","17":"purchasable","18":"product-type-simple"},"_links":{"self":[{"href":"https:\/\/art-bijoux.com\/en\/wp-json\/wp\/v2\/product\/2985","targetHints":{"allow":["GET"]}}],"collection":[{"href":"https:\/\/art-bijoux.com\/en\/wp-json\/wp\/v2\/product"}],"about":[{"href":"https:\/\/art-bijoux.com\/en\/wp-json\/wp\/v2\/types\/product"}],"replies":[{"embeddable":true,"href":"https:\/\/art-bijoux.com\/en\/wp-json\/wp\/v2\/comments?post=2985"}],"version-history":[{"count":2,"href":"https:\/\/art-bijoux.com\/en\/wp-json\/wp\/v2\/product\/2985\/revisions"}],"predecessor-version":[{"id":6439,"href":"https:\/\/art-bijoux.com\/en\/wp-json\/wp\/v2\/product\/2985\/revisions\/6439"}],"wp:featuredmedia":[{"embeddable":true,"href":"https:\/\/art-bijoux.com\/en\/wp-json\/wp\/v2\/media\/2986"}],"wp:attachment":[{"href":"https:\/\/art-bijoux.com\/en\/wp-json\/wp\/v2\/media?parent=2985"}],"wp:term":[{"taxonomy":"product_brand","embeddable":true,"href":"https:\/\/art-bijoux.com\/en\/wp-json\/wp\/v2\/product_brand?post=2985"},{"taxonomy":"product_cat","embeddable":true,"href":"https:\/\/art-bijoux.com\/en\/wp-json\/wp\/v2\/product_cat?post=2985"},{"taxonomy":"product_tag","embeddable":true,"href":"https:\/\/art-bijoux.com\/en\/wp-json\/wp\/v2\/product_tag?post=2985"}],"curies":[{"name":"wp","href":"https:\/\/api.w.org\/{rel}","templated":true}]}}