{"id":3027,"date":"2024-08-02T19:03:27","date_gmt":"2024-08-02T17:03:27","guid":{"rendered":"https:\/\/art-bijoux.com\/?post_type=product&#038;p=3027"},"modified":"2024-12-31T11:19:31","modified_gmt":"2024-12-31T10:19:31","slug":"pendentif-en-verre-metallise-bleu-avec-un-papillon-en-pierre","status":"publish","type":"product","link":"https:\/\/art-bijoux.com\/en\/boutique\/pendentif-en-verre-metallise-bleu-avec-un-papillon-en-pierre\/","title":{"rendered":"Pendentif en Verre M\u00e9tallis\u00e9 Bleu avec un Papillon en Pierre"},"content":{"rendered":"<figure id=\"attachment_3028\" aria-describedby=\"caption-attachment-3028\" style=\"width: 300px\" class=\"wp-caption alignleft\"><img fetchpriority=\"high\" decoding=\"async\" class=\"size-medium wp-image-3028\" src=\"https:\/\/art-bijoux.com\/wp-content\/uploads\/2024\/08\/Pendentif-carre-dichroique-papillon-brun-1-300x300.webp\" alt=\"Pendentif en verre m\u00e9tallique bleu avec une breloque papillon en \u0153il de tigre\" width=\"300\" height=\"300\" srcset=\"https:\/\/art-bijoux.com\/wp-content\/uploads\/2024\/08\/Pendentif-carre-dichroique-papillon-brun-1-300x300.webp 300w, https:\/\/art-bijoux.com\/wp-content\/uploads\/2024\/08\/Pendentif-carre-dichroique-papillon-brun-1-150x150.webp 150w, https:\/\/art-bijoux.com\/wp-content\/uploads\/2024\/08\/Pendentif-carre-dichroique-papillon-brun-1-768x768.webp 768w, https:\/\/art-bijoux.com\/wp-content\/uploads\/2024\/08\/Pendentif-carre-dichroique-papillon-brun-1-600x600.webp 600w, https:\/\/art-bijoux.com\/wp-content\/uploads\/2024\/08\/Pendentif-carre-dichroique-papillon-brun-1-100x100.webp 100w, https:\/\/art-bijoux.com\/wp-content\/uploads\/2024\/08\/Pendentif-carre-dichroique-papillon-brun-1.webp 800w\" sizes=\"(max-width: 300px) 100vw, 300px\" \/><figcaption id=\"caption-attachment-3028\" class=\"wp-caption-text\">Pendentif en verre m\u00e9tallique bleu avec une breloque papillon en \u0153il de tigre<\/figcaption><\/figure>\n<p>Ce pendentif est un rectangle en verre dichro\u00efque bleu m\u00e9tallique, fondu sur un carr\u00e9 l\u00e9g\u00e8rement plus grand de verre orange semi-transparent. La surface est brillante, m\u00e9tallique, change de reflets selon l&#8217;\u00e9clairage, et est pliss\u00e9e, ajoutant de la texture et un int\u00e9r\u00eat visuel captivant.<\/p>\n<p>Un anneau en U a \u00e9t\u00e9 fondu entre les deux couches de verre et y est solidement maintenu, permettant de passer une cha\u00eene ou un lacet pour porter le pendentif.<\/p>\n<p>Pour une touche de d\u00e9licatesse et de nature, une breloque repr\u00e9sentant un papillon \u00e0 quatre ailes en \u0153il de tigre, dont la symbolique est <span class=\"BxUVEf ILfuVd\" lang=\"fr\"><span class=\"hgKElc\">protectrice, <\/span><\/span>a \u00e9t\u00e9 solidement fix\u00e9e \u00e0 un anneau soud\u00e9, ajoutant une dimension \u00e9l\u00e9gante et po\u00e9tique \u00e0 ce bijou unique.<\/p>\n<p>Caract\u00e9ristiques :<\/p>\n<ul>\n<li>Dimensions : largeur: 3,5cmx hauteur: 4,2cm<\/li>\n<li>Verre dichro\u00efque bleu m\u00e9tallique, brillant et pliss\u00e9<\/li>\n<li>Anneau en U fondu entre les couches de verre pour la suspension<\/li>\n<li>Breloque en pierre repr\u00e9sentant un papillon \u00e0 quatre ailes en m\u00e9tal, fix\u00e9e \u00e0 un anneau soud\u00e9<\/li>\n<li>Surface changeante avec des reflets m\u00e9talliques en fonction de l&#8217;\u00e9clairage<\/li>\n<\/ul>\n<p>Ce pendentif unique marie l&#8217;\u00e9l\u00e9gance du verre dichro\u00efque et la l\u00e9g\u00e8ret\u00e9 d&#8217;un motif naturel, offrant un bijou qui est \u00e0 la fois sophistiqu\u00e9 et enchanteur, parfait pour ceux qui aiment les pi\u00e8ces originales et raffin\u00e9es.<\/p>\n","protected":false},"excerpt":{"rendered":"<p>Pendentif rectangulaire en verre dichro\u00efque bleu m\u00e9tallique, sur un carr\u00e9 orange semi transparent. Une breloque papillon \u00e0 4 ailes.<\/p>\n","protected":false},"featured_media":3016,"comment_status":"open","ping_status":"closed","template":"","meta":[],"product_brand":[],"product_cat":[176,182],"product_tag":[29,49,26],"class_list":{"0":"post-3027","1":"product","2":"type-product","3":"status-publish","4":"has-post-thumbnail","6":"product_cat-breloque-bijou-verre","7":"product_cat-pendentif-fusing","8":"product_tag-breloque-metal-pierre","9":"product_tag-fusing-verre","10":"product_tag-pendentif-verre","11":"pa_bijou-pendentif","12":"pa_breloque-papillon-en-pierre","14":"first","15":"outofstock","16":"purchasable","17":"product-type-simple"},"_links":{"self":[{"href":"https:\/\/art-bijoux.com\/en\/wp-json\/wp\/v2\/product\/3027","targetHints":{"allow":["GET"]}}],"collection":[{"href":"https:\/\/art-bijoux.com\/en\/wp-json\/wp\/v2\/product"}],"about":[{"href":"https:\/\/art-bijoux.com\/en\/wp-json\/wp\/v2\/types\/product"}],"replies":[{"embeddable":true,"href":"https:\/\/art-bijoux.com\/en\/wp-json\/wp\/v2\/comments?post=3027"}],"version-history":[{"count":0,"href":"https:\/\/art-bijoux.com\/en\/wp-json\/wp\/v2\/product\/3027\/revisions"}],"wp:featuredmedia":[{"embeddable":true,"href":"https:\/\/art-bijoux.com\/en\/wp-json\/wp\/v2\/media\/3016"}],"wp:attachment":[{"href":"https:\/\/art-bijoux.com\/en\/wp-json\/wp\/v2\/media?parent=3027"}],"wp:term":[{"taxonomy":"product_brand","embeddable":true,"href":"https:\/\/art-bijoux.com\/en\/wp-json\/wp\/v2\/product_brand?post=3027"},{"taxonomy":"product_cat","embeddable":true,"href":"https:\/\/art-bijoux.com\/en\/wp-json\/wp\/v2\/product_cat?post=3027"},{"taxonomy":"product_tag","embeddable":true,"href":"https:\/\/art-bijoux.com\/en\/wp-json\/wp\/v2\/product_tag?post=3027"}],"curies":[{"name":"wp","href":"https:\/\/api.w.org\/{rel}","templated":true}]}}